{"id":9370,"date":"2022-10-25T12:47:11","date_gmt":"2022-10-25T12:47:11","guid":{"rendered":"https:\/\/www.choretime.com\/contacta-con-nosotros\/"},"modified":"2025-07-11T16:49:33","modified_gmt":"2025-07-11T16:49:33","slug":"contacta-con-nosotros","status":"publish","type":"page","link":"https:\/\/www.choretime.com\/es\/contacta-con-nosotros\/","title":{"rendered":"Contacta con nosotros"},"content":{"rendered":"\n<h1 class=\"wp-block-heading\" id=\"h-contacta-con-nosotros\">Contacta con nosotros<\/h1>\n\n\n\n<div class=\"wp-block-columns contact-columns is-layout-flex wp-container-core-columns-is-layout-9d6595d7 wp-block-columns-is-layout-flex\">\n<div class=\"wp-block-column is-layout-flow wp-block-column-is-layout-flow\">\n<div class=\"wp-block-group is-vertical is-layout-flex wp-container-core-group-is-layout-8cf370e7 wp-block-group-is-layout-flex\">\n<h2 class=\"has-text-color\">Estados Unidos<\/h2>\n<p><span style=\"font-size: revert; color: initial;\"><strong>Chore-Time<\/strong><br \/>410 North Higbee Street<br \/><\/span><span style=\"font-size: revert; color: initial;\">Apartado de correos 2000<br \/><\/span><span style=\"font-size: revert; color: initial;\">Milford, IN 46542-2000 EE.UU.<br \/><\/span><span style=\"font-size: revert; color: initial;\">Tel. <\/span><a style=\"font-size: revert;\" href=\"tel:+1%20574-658-4101\">+1 574-658-4101<\/a><br \/><a style=\"font-size: revert;\" href=\"mailto:choretime@choretime.com\">choretime@choretime.com<\/a><\/p>\n<\/p>\n\n\n\n<h2 class=\"has-text-color\">Polonia<\/h2>\n<p><span style=\"font-size: revert; color: initial;\"><strong>Chore-Time Europe SP Z o.o.<\/strong><br \/>Ul. Poznanska 1 <br \/><\/span><span style=\"font-size: revert; color: initial;\">62-060 Strykowo<br \/><\/span><span style=\"font-size: revert; color: initial;\">Polonia<br \/><\/span><span style=\"font-size: revert; color: initial;\">Tel. <\/span><a href=\"tel:48%20%280%29%2061%2081%2097%20690\">+48 (0) 61 81 97 690<\/a><br \/><a href=\"mailto:info@choretime.pl\">info@choretime.pl<\/a><\/p>\n<\/div>\n<\/div>\n\n\n\n<div class=\"wp-block-column is-layout-flow wp-block-column-is-layout-flow\">\n<div class=\"wp-block-group is-vertical is-layout-flex wp-container-core-group-is-layout-8cf370e7 wp-block-group-is-layout-flex\">\n<h2 class=\"has-text-color\">Pa\u00edses Bajos<\/h2>\n<p><span style=\"font-size: revert; color: initial;\"><strong>Chore-Time Europa B.V.<\/strong><br \/><\/span><span style=\"font-size: revert; color: initial;\">Industrieterrein 34 <br \/><\/span><span style=\"font-size: revert; color: initial;\">5981 NK Panningen <br \/>Pa\u00edses Bajos<br \/><\/span><span style=\"font-size: revert; color: initial;\">Tel. <\/span><a href=\"tel:31%20077%20324%201070\">+31 (0)77 324 1070<\/a><br \/><a href=\"mailto:info@choretime.nl\">info@choretime.nl<\/a><\/p>\n<\/p>\n\n\n\n<h2 class=\"has-text-color\">Pa\u00edses Bajos<\/h2>\n<p><span style=\"font-size: revert; color: initial;\"><strong>Chore-Time Ede B.V. <\/strong><br \/>Bonnetstraat 38<br \/><\/span><span style=\"font-size: revert; color: initial;\">6718XN Ede<br \/><\/span><span style=\"font-size: revert; color: initial;\">Pa\u00edses Bajos<br \/><\/span><span style=\"font-size: revert; color: initial;\">Tel. <\/span><a href=\"tel:31%200318%2057%2059%2011\">+31 (0)318 57 59 11<\/a><br \/><a href=\"mailto:info@choretime.nl\">info@choretime.nl<\/a><\/p>\n<\/div>\n<\/div>\n<\/div>\n\n\n<p>[sales_team]<\/p>\n","protected":false},"excerpt":{"rendered":"<p>Contacta con nosotros Estados Unidos Chore-Time410 North Higbee StreetApartado de correos 2000Milford, IN 46542-2000 EE.UU.Tel. +1 574-658-4101choretime@choretime.com Polonia Chore-Time Europe SP Z o.o.Ul. Poznanska 1 62-060 StrykowoPoloniaTel. +48 (0) 61 81 97 690info@choretime.pl Pa\u00edses Bajos Chore-Time Europa B.V.Industrieterrein 34 5981 NK Panningen Pa\u00edses BajosTel. +31 (0)77 324 1070info@choretime.nl Pa\u00edses Bajos Chore-Time Ede B.V. Bonnetstraat 386718XN [&hellip;]<\/p>\n","protected":false},"author":1,"featured_media":7674,"parent":0,"menu_order":0,"comment_status":"closed","ping_status":"closed","template":"","meta":{"_acf_changed":false,"_monsterinsights_skip_tracking":false,"_monsterinsights_sitenote_active":false,"_monsterinsights_sitenote_note":"","_monsterinsights_sitenote_category":0,"footnotes":""},"class_list":["post-9370","page","type-page","status-publish","has-post-thumbnail","hentry"],"acf":[],"yoast_head":"<!-- This site is optimized with the Yoast SEO Premium plugin v27.3 (Yoast SEO v27.3) - https:\/\/yoast.com\/product\/yoast-seo-premium-wordpress\/ -->\n<title>Contacta con nosotros - Chore-Time<\/title>\n<meta name=\"robots\" content=\"index, follow, max-snippet:-1, max-image-preview:large, max-video-preview:-1\" \/>\n<link rel=\"canonical\" href=\"https:\/\/www.choretime.com\/es\/contacta-con-nosotros\/\" \/>\n<meta property=\"og:locale\" content=\"es_ES\" \/>\n<meta property=\"og:type\" content=\"article\" \/>\n<meta property=\"og:title\" content=\"Contacta con nosotros - Chore-Time\" \/>\n<meta property=\"og:description\" content=\"Contacta con nosotros Estados Unidos Chore-Time410 North Higbee StreetApartado de correos 2000Milford, IN 46542-2000 EE.UU.Tel. +1 574-658-4101choretime@choretime.com Polonia Chore-Time Europe SP Z o.o.Ul. Poznanska 1 62-060 StrykowoPoloniaTel. +48 (0) 61 81 97 690info@choretime.pl Pa\u00edses Bajos Chore-Time Europa B.V.Industrieterrein 34 5981 NK Panningen Pa\u00edses BajosTel. +31 (0)77 324 1070info@choretime.nl Pa\u00edses Bajos Chore-Time Ede B.V. Bonnetstraat 386718XN [&hellip;]\" \/>\n<meta property=\"og:url\" content=\"https:\/\/www.choretime.com\/es\/contacta-con-nosotros\/\" \/>\n<meta property=\"og:site_name\" content=\"Chore-Time\" \/>\n<meta property=\"article:publisher\" content=\"https:\/\/www.facebook.com\/choretime1952\" \/>\n<meta property=\"article:modified_time\" content=\"2025-07-11T16:49:33+00:00\" \/>\n<meta property=\"og:image\" content=\"https:\/\/www.choretime.com\/wp-content\/uploads\/2022\/12\/home-1024x538.jpg\" \/>\n<meta name=\"twitter:card\" content=\"summary_large_image\" \/>\n<meta name=\"twitter:title\" content=\"Contacta con nosotros - Chore-Time\" \/>\n<meta name=\"twitter:image\" content=\"https:\/\/www.choretime.com\/wp-content\/uploads\/2022\/12\/home-1024x538.jpg\" \/>\n<meta name=\"twitter:site\" content=\"@choretime\" \/>\n<meta name=\"twitter:label1\" content=\"Tiempo de lectura\" \/>\n\t<meta name=\"twitter:data1\" content=\"1 minuto\" \/>\n<script type=\"application\/ld+json\" class=\"yoast-schema-graph\">{\"@context\":\"https:\\\/\\\/schema.org\",\"@graph\":[{\"@type\":\"WebPage\",\"@id\":\"https:\\\/\\\/www.choretime.com\\\/es\\\/contacta-con-nosotros\\\/\",\"url\":\"https:\\\/\\\/www.choretime.com\\\/es\\\/contacta-con-nosotros\\\/\",\"name\":\"Contacta con nosotros - Chore-Time\",\"isPartOf\":{\"@id\":\"https:\\\/\\\/www.choretime.com\\\/es\\\/#website\"},\"primaryImageOfPage\":{\"@id\":\"https:\\\/\\\/www.choretime.com\\\/es\\\/contacta-con-nosotros\\\/#primaryimage\"},\"image\":{\"@id\":\"https:\\\/\\\/www.choretime.com\\\/es\\\/contacta-con-nosotros\\\/#primaryimage\"},\"thumbnailUrl\":\"https:\\\/\\\/www.choretime.com\\\/wp-content\\\/uploads\\\/2022\\\/12\\\/home.jpg\",\"datePublished\":\"2022-10-25T12:47:11+00:00\",\"dateModified\":\"2025-07-11T16:49:33+00:00\",\"breadcrumb\":{\"@id\":\"https:\\\/\\\/www.choretime.com\\\/es\\\/contacta-con-nosotros\\\/#breadcrumb\"},\"inLanguage\":\"es\",\"potentialAction\":[{\"@type\":\"ReadAction\",\"target\":[\"https:\\\/\\\/www.choretime.com\\\/es\\\/contacta-con-nosotros\\\/\"]}]},{\"@type\":\"ImageObject\",\"inLanguage\":\"es\",\"@id\":\"https:\\\/\\\/www.choretime.com\\\/es\\\/contacta-con-nosotros\\\/#primaryimage\",\"url\":\"https:\\\/\\\/www.choretime.com\\\/wp-content\\\/uploads\\\/2022\\\/12\\\/home.jpg\",\"contentUrl\":\"https:\\\/\\\/www.choretime.com\\\/wp-content\\\/uploads\\\/2022\\\/12\\\/home.jpg\",\"width\":1200,\"height\":630},{\"@type\":\"BreadcrumbList\",\"@id\":\"https:\\\/\\\/www.choretime.com\\\/es\\\/contacta-con-nosotros\\\/#breadcrumb\",\"itemListElement\":[{\"@type\":\"ListItem\",\"position\":1,\"name\":\"Inicio\",\"item\":\"https:\\\/\\\/www.choretime.com\\\/es\\\/\"},{\"@type\":\"ListItem\",\"position\":2,\"name\":\"Contacta con nosotros\"}]},{\"@type\":\"WebSite\",\"@id\":\"https:\\\/\\\/www.choretime.com\\\/es\\\/#website\",\"url\":\"https:\\\/\\\/www.choretime.com\\\/es\\\/\",\"name\":\"Chore-Time\",\"description\":\"Every. Day. PERFORMANCE.\u2122\",\"publisher\":{\"@id\":\"https:\\\/\\\/www.choretime.com\\\/es\\\/#organization\"},\"potentialAction\":[{\"@type\":\"SearchAction\",\"target\":{\"@type\":\"EntryPoint\",\"urlTemplate\":\"https:\\\/\\\/www.choretime.com\\\/es\\\/?s={search_term_string}\"},\"query-input\":{\"@type\":\"PropertyValueSpecification\",\"valueRequired\":true,\"valueName\":\"search_term_string\"}}],\"inLanguage\":\"es\"},{\"@type\":\"Organization\",\"@id\":\"https:\\\/\\\/www.choretime.com\\\/es\\\/#organization\",\"name\":\"Chore-Time\",\"url\":\"https:\\\/\\\/www.choretime.com\\\/es\\\/\",\"logo\":{\"@type\":\"ImageObject\",\"inLanguage\":\"es\",\"@id\":\"https:\\\/\\\/www.choretime.com\\\/es\\\/#\\\/schema\\\/logo\\\/image\\\/\",\"url\":\"https:\\\/\\\/www.choretime.com\\\/wp-content\\\/uploads\\\/2023\\\/02\\\/Chore-TimeCMYKoutline.png\",\"contentUrl\":\"https:\\\/\\\/www.choretime.com\\\/wp-content\\\/uploads\\\/2023\\\/02\\\/Chore-TimeCMYKoutline.png\",\"width\":1860,\"height\":703,\"caption\":\"Chore-Time\"},\"image\":{\"@id\":\"https:\\\/\\\/www.choretime.com\\\/es\\\/#\\\/schema\\\/logo\\\/image\\\/\"},\"sameAs\":[\"https:\\\/\\\/www.facebook.com\\\/choretime1952\",\"https:\\\/\\\/x.com\\\/choretime\",\"https:\\\/\\\/www.youtube.com\\\/choretime\",\"https:\\\/\\\/www.instagram.com\\\/choretime1952\\\/\",\"https:\\\/\\\/www.linkedin.com\\\/company\\\/choretime\\\/\"]}]}<\/script>\n<!-- \/ Yoast SEO Premium plugin. -->","yoast_head_json":{"title":"Contacta con nosotros - Chore-Time","robots":{"index":"index","follow":"follow","max-snippet":"max-snippet:-1","max-image-preview":"max-image-preview:large","max-video-preview":"max-video-preview:-1"},"canonical":"https:\/\/www.choretime.com\/es\/contacta-con-nosotros\/","og_locale":"es_ES","og_type":"article","og_title":"Contacta con nosotros - Chore-Time","og_description":"Contacta con nosotros Estados Unidos Chore-Time410 North Higbee StreetApartado de correos 2000Milford, IN 46542-2000 EE.UU.Tel. +1 574-658-4101choretime@choretime.com Polonia Chore-Time Europe SP Z o.o.Ul. Poznanska 1 62-060 StrykowoPoloniaTel. +48 (0) 61 81 97 690info@choretime.pl Pa\u00edses Bajos Chore-Time Europa B.V.Industrieterrein 34 5981 NK Panningen Pa\u00edses BajosTel. +31 (0)77 324 1070info@choretime.nl Pa\u00edses Bajos Chore-Time Ede B.V. Bonnetstraat 386718XN [&hellip;]","og_url":"https:\/\/www.choretime.com\/es\/contacta-con-nosotros\/","og_site_name":"Chore-Time","article_publisher":"https:\/\/www.facebook.com\/choretime1952","article_modified_time":"2025-07-11T16:49:33+00:00","og_image":[{"url":"https:\/\/www.choretime.com\/wp-content\/uploads\/2022\/12\/home-1024x538.jpg","type":"","width":"","height":""}],"twitter_card":"summary_large_image","twitter_title":"Contacta con nosotros - Chore-Time","twitter_image":"https:\/\/www.choretime.com\/wp-content\/uploads\/2022\/12\/home-1024x538.jpg","twitter_site":"@choretime","twitter_misc":{"Tiempo de lectura":"1 minuto"},"schema":{"@context":"https:\/\/schema.org","@graph":[{"@type":"WebPage","@id":"https:\/\/www.choretime.com\/es\/contacta-con-nosotros\/","url":"https:\/\/www.choretime.com\/es\/contacta-con-nosotros\/","name":"Contacta con nosotros - Chore-Time","isPartOf":{"@id":"https:\/\/www.choretime.com\/es\/#website"},"primaryImageOfPage":{"@id":"https:\/\/www.choretime.com\/es\/contacta-con-nosotros\/#primaryimage"},"image":{"@id":"https:\/\/www.choretime.com\/es\/contacta-con-nosotros\/#primaryimage"},"thumbnailUrl":"https:\/\/www.choretime.com\/wp-content\/uploads\/2022\/12\/home.jpg","datePublished":"2022-10-25T12:47:11+00:00","dateModified":"2025-07-11T16:49:33+00:00","breadcrumb":{"@id":"https:\/\/www.choretime.com\/es\/contacta-con-nosotros\/#breadcrumb"},"inLanguage":"es","potentialAction":[{"@type":"ReadAction","target":["https:\/\/www.choretime.com\/es\/contacta-con-nosotros\/"]}]},{"@type":"ImageObject","inLanguage":"es","@id":"https:\/\/www.choretime.com\/es\/contacta-con-nosotros\/#primaryimage","url":"https:\/\/www.choretime.com\/wp-content\/uploads\/2022\/12\/home.jpg","contentUrl":"https:\/\/www.choretime.com\/wp-content\/uploads\/2022\/12\/home.jpg","width":1200,"height":630},{"@type":"BreadcrumbList","@id":"https:\/\/www.choretime.com\/es\/contacta-con-nosotros\/#breadcrumb","itemListElement":[{"@type":"ListItem","position":1,"name":"Inicio","item":"https:\/\/www.choretime.com\/es\/"},{"@type":"ListItem","position":2,"name":"Contacta con nosotros"}]},{"@type":"WebSite","@id":"https:\/\/www.choretime.com\/es\/#website","url":"https:\/\/www.choretime.com\/es\/","name":"Chore-Time","description":"Every. Day. PERFORMANCE.\u2122","publisher":{"@id":"https:\/\/www.choretime.com\/es\/#organization"},"potentialAction":[{"@type":"SearchAction","target":{"@type":"EntryPoint","urlTemplate":"https:\/\/www.choretime.com\/es\/?s={search_term_string}"},"query-input":{"@type":"PropertyValueSpecification","valueRequired":true,"valueName":"search_term_string"}}],"inLanguage":"es"},{"@type":"Organization","@id":"https:\/\/www.choretime.com\/es\/#organization","name":"Chore-Time","url":"https:\/\/www.choretime.com\/es\/","logo":{"@type":"ImageObject","inLanguage":"es","@id":"https:\/\/www.choretime.com\/es\/#\/schema\/logo\/image\/","url":"https:\/\/www.choretime.com\/wp-content\/uploads\/2023\/02\/Chore-TimeCMYKoutline.png","contentUrl":"https:\/\/www.choretime.com\/wp-content\/uploads\/2023\/02\/Chore-TimeCMYKoutline.png","width":1860,"height":703,"caption":"Chore-Time"},"image":{"@id":"https:\/\/www.choretime.com\/es\/#\/schema\/logo\/image\/"},"sameAs":["https:\/\/www.facebook.com\/choretime1952","https:\/\/x.com\/choretime","https:\/\/www.youtube.com\/choretime","https:\/\/www.instagram.com\/choretime1952\/","https:\/\/www.linkedin.com\/company\/choretime\/"]}]}},"_links":{"self":[{"href":"https:\/\/www.choretime.com\/es\/wp-json\/wp\/v2\/pages\/9370","targetHints":{"allow":["GET"]}}],"collection":[{"href":"https:\/\/www.choretime.com\/es\/wp-json\/wp\/v2\/pages"}],"about":[{"href":"https:\/\/www.choretime.com\/es\/wp-json\/wp\/v2\/types\/page"}],"author":[{"embeddable":true,"href":"https:\/\/www.choretime.com\/es\/wp-json\/wp\/v2\/users\/1"}],"replies":[{"embeddable":true,"href":"https:\/\/www.choretime.com\/es\/wp-json\/wp\/v2\/comments?post=9370"}],"version-history":[{"count":7,"href":"https:\/\/www.choretime.com\/es\/wp-json\/wp\/v2\/pages\/9370\/revisions"}],"predecessor-version":[{"id":11568,"href":"https:\/\/www.choretime.com\/es\/wp-json\/wp\/v2\/pages\/9370\/revisions\/11568"}],"wp:featuredmedia":[{"embeddable":true,"href":"https:\/\/www.choretime.com\/es\/wp-json\/wp\/v2\/media\/7674"}],"wp:attachment":[{"href":"https:\/\/www.choretime.com\/es\/wp-json\/wp\/v2\/media?parent=9370"}],"curies":[{"name":"wp","href":"https:\/\/api.w.org\/{rel}","templated":true}]}}