{"id":9374,"date":"2022-10-20T19:28:37","date_gmt":"2022-10-20T19:28:37","guid":{"rendered":"https:\/\/www.choretime.com\/inicio\/"},"modified":"2024-10-16T16:12:48","modified_gmt":"2024-10-16T16:12:48","slug":"inicio","status":"publish","type":"page","link":"https:\/\/www.choretime.com\/es\/","title":{"rendered":"Inicio"},"content":{"rendered":"\n\n\n<div class='choretime-explore'><div class='choretime-explore-header'>Select your Industry:<\/div><div class='choretime-explore-container'><a class='choretime-explore-item' href='https:\/\/www.choretime.com\/product\/broilers\/'><div class=\"preview-image\" style=\"background-image:url(https:\/\/www.choretime.com\/wp-content\/uploads\/2022\/12\/Chore_Time_Konavi_Feeder_2_17_21001.jpg);\"><div class=\"choretime-diamonds\"><\/div><\/div><div><span class='choretime-explore-title'>Broilers<\/span><\/div><\/a><a class='choretime-explore-item' href='https:\/\/www.choretime.com\/product\/breeders\/'><div class=\"preview-image\" style=\"background-image:url(https:\/\/www.choretime.com\/wp-content\/uploads\/2022\/12\/Chore_Times_GENESIS_Breeder_55013_size600.jpg);\"><div class=\"choretime-diamonds\"><\/div><\/div><div><span class='choretime-explore-title'>Breeders<\/span><\/div><\/a><a class='choretime-explore-item' href='https:\/\/www.choretime.com\/product\/turkeys\/'><div class=\"preview-image\" style=\"background-image:url(https:\/\/www.choretime.com\/wp-content\/uploads\/2022\/12\/Chore_Time_ATF_Plus_Turkey_Feeder_IMG_95161.jpg);\"><div class=\"choretime-diamonds\"><\/div><\/div><div><span class='choretime-explore-title'>Turkeys<\/span><\/div><\/a><a class='choretime-explore-item' href='https:\/\/www.choretime.com\/product\/eggs\/'><div class=\"preview-image\" style=\"background-image:url(https:\/\/www.choretime.com\/wp-content\/uploads\/2022\/12\/Chore_Time_VOLITO_Vike_100233.jpg);\"><div class=\"choretime-diamonds\"><\/div><\/div><div><span class='choretime-explore-title'>Eggs<\/span><\/div><\/a><\/div><\/div>\n\n\n<div class=\"wp-block-columns is-layout-flex wp-container-core-columns-is-layout-9d6595d7 wp-block-columns-is-layout-flex\">\n<div class=\"wp-block-column is-layout-flow wp-block-column-is-layout-flow\">\n<div class=\"wp-block-buttons is-layout-flex wp-block-buttons-is-layout-flex\">\n<div class=\"wp-block-button has-custom-width wp-block-button__width-100 has-custom-font-size\" style=\"font-size:26px\"><a class=\"wp-block-button__link has-background wp-element-button\" href=\"https:\/\/www.choretime.com\/es\/ferias-y-eventos\/\" style=\"background-color:#db293a\" rel=\"\">FERIAS Y EVENTOS<\/a><\/div>\n<\/div>\n<\/div>\n\n\n\n<div class=\"wp-block-column is-layout-flow wp-block-column-is-layout-flow\">\n<div class=\"wp-block-buttons is-layout-flex wp-block-buttons-is-layout-flex\">\n<div class=\"wp-block-button has-custom-width wp-block-button__width-100 has-custom-font-size\" style=\"font-size:26px\"><a class=\"wp-block-button__link has-background wp-element-button\" href=\"https:\/\/www.choretime.com\/es\/noticias\/\" style=\"background-color:#db293a\">NOTICIAS<\/a><\/div>\n<\/div>\n<\/div>\n<\/div>\n\n\n<div class='choretime-callout-gallery' id='choretime-callout-gallery-0'><div class='choretime-callout-gallery-container'><div style='background-image:url(https:\/\/www.choretime.com\/wp-content\/uploads\/2022\/10\/background-example.jpg)'><div><div class='choretime-callout-gallery-item' style='background-image:url(https:\/\/www.choretime.com\/wp-content\/uploads\/2022\/10\/image-example.png);left:0%;'><\/div><div class='choretime-callout-gallery-item' style='background-image:url(https:\/\/www.choretime.com\/wp-content\/uploads\/2022\/12\/endura-fan.png);left:100%;'><\/div><div class='choretime-callout-gallery-item' style='background-image:url(https:\/\/www.choretime.com\/wp-content\/uploads\/2022\/12\/broiler-drinker.png);left:200%;'><\/div><\/div><\/div><div><div class='choretime-callout-gallery-heading'>Soluciones para pollos de engorde<\/div><div class='choretime-callout-gallery-content'><p>Durante 70 a\u00f1os, los avicultores han confiado en Chore-Time para obtener soluciones fiables y l\u00edderes del sector para la producci\u00f3n de pollos de engorde. Inf\u00f3rmate sobre nuestros completos sistemas integrados, respaldados por <a href=\"https:\/\/www.choretime.com\/es\/localizador-de-distribuidores\/\">distribuidores<\/a> regionales expertos. <\/p>\n<\/div><div class='choretime-callout-gallery-link'><a href='https:\/\/www.choretime.com\/product\/broilers\/' target='' class='choretime-button'>SABER M\u00c1S<\/a><\/div><\/div><\/div><\/div><script>jQuery(document).ready(function() { setupCalloutGallery('choretime-callout-gallery-0'); });<\/script>\n\n<div class='choretime-callout'><div class='choretime-callout-background' style='background-image:url(https:\/\/www.choretime.com\/wp-content\/uploads\/2022\/12\/IMG-20180226-WA0015.jpg);'><div class='choretime-callout-overlay'><div class='choretime-callout-heading'>Productos para criadores<\/div><div class='choretime-callout-content'><p>Chore-Time ofrece un paquete totalmente integrado para criadores con las soluciones m\u00e1s innovadoras del sector.<\/p>\n<\/div><div class='choretime-callout-link'><a href='https:\/\/www.choretime.com\/product\/breeders\/' target='' class='choretime-button'>SABER M\u00c1S<\/a><\/div><\/div><\/div><\/div>\n\n<div class='choretime-callout-gallery' id='choretime-callout-gallery-1'><div class='choretime-callout-gallery-container'><div style='background-image:url(https:\/\/www.choretime.com\/wp-content\/uploads\/2022\/12\/background-2.jpg)'><div><div class='choretime-callout-gallery-item' style='background-image:url(https:\/\/www.choretime.com\/wp-content\/uploads\/2022\/12\/turkey-feeder.png);left:0%;'><\/div><div class='choretime-callout-gallery-item' style='background-image:url(https:\/\/www.choretime.com\/wp-content\/uploads\/2022\/12\/turkey-drinker.png);left:100%;'><\/div><div class='choretime-callout-gallery-item' style='background-image:url(https:\/\/www.choretime.com\/wp-content\/uploads\/2022\/12\/heater.png);left:200%;'><\/div><\/div><\/div><div><div class='choretime-callout-gallery-heading'>Sistemas para pavos<\/div><div class='choretime-callout-gallery-content'><p>Los productos \u00abresistentes como pavos\u00bb de Chore-Time est\u00e1n dise\u00f1ados para ofrecerte un rendimiento probado y una gran eficacia.<\/p>\n<\/div><div class='choretime-callout-gallery-link'><a href='https:\/\/www.choretime.com\/product\/turkeys\/' target='' class='choretime-button'>SABER M\u00c1S<\/a><\/div><\/div><\/div><\/div><script>jQuery(document).ready(function() { setupCalloutGallery('choretime-callout-gallery-1'); });<\/script>\n\n<div class='choretime-callout'><div class='choretime-callout-background' style='background-image:url(https:\/\/www.choretime.com\/wp-content\/uploads\/2022\/12\/20190410_151851-web.jpg);'><div class='choretime-callout-overlay'><div class='choretime-callout-heading'>Producci\u00f3n de huevos<\/div><div class='choretime-callout-content'><p>Desde 1952, Chore-Time es l\u00edder mundial en sistemas de producci\u00f3n de huevos. Tambi\u00e9n hemos a\u00f1adido d\u00e9cadas de experiencia de la industria holandesa en <a href=\"https:\/\/www.choretime.com\/product\/aviaries-for-eggs\/\">productos sin jaulas<\/a> para satisfacer las demandas de los consumidores y las tendencias actuales en la producci\u00f3n de huevos. <\/p>\n<\/div><div class='choretime-callout-link'><a href='https:\/\/www.choretime.com\/product\/eggs\/' target='' class='choretime-button'>SABER M\u00c1S<\/a><\/div><\/div><\/div><\/div>\n\n<div class='home-page-callout'><div><span>Hecho para trabajar.<\/span><\/div><div><span>Construido para durar<sup>.\u00ae<\/sup><\/span><\/div><div><p>Chore-Time desarrolla y fabrica soluciones completas para maximizar la producci\u00f3n de aves de corral y huevos. Ofrecemos una gama completa de sistemas de alimentaci\u00f3n y bebida, soluciones inteligentes para la manipulaci\u00f3n del pienso y la automatizaci\u00f3n del clima, y controles y software de gesti\u00f3n inteligentes. Estas herramientas de eficacia probada optimizan el entorno av\u00edcola para que puedas obtener el mejor rendimiento de tus aves.  <\/p>\n<\/div><div><a class='button-red' href='\/about'>SOBRE EL TIEMPO DE LAS TAREAS<\/a><\/div><\/div>","protected":false},"excerpt":{"rendered":"","protected":false},"author":1,"featured_media":7674,"parent":0,"menu_order":0,"comment_status":"closed","ping_status":"closed","template":"","meta":{"_acf_changed":false,"_monsterinsights_skip_tracking":false,"_monsterinsights_sitenote_active":false,"_monsterinsights_sitenote_note":"","_monsterinsights_sitenote_category":0,"footnotes":""},"class_list":["post-9374","page","type-page","status-publish","has-post-thumbnail","hentry"],"acf":[],"yoast_head":"<!-- This site is optimized with the Yoast SEO Premium plugin v27.3 (Yoast SEO v27.3) - https:\/\/yoast.com\/product\/yoast-seo-premium-wordpress\/ -->\n<title>Inicio - Chore-Time<\/title>\n<meta name=\"robots\" content=\"index, follow, max-snippet:-1, max-image-preview:large, max-video-preview:-1\" \/>\n<link rel=\"canonical\" href=\"https:\/\/www.choretime.com\/es\/\" \/>\n<meta property=\"og:locale\" content=\"es_ES\" \/>\n<meta property=\"og:type\" content=\"article\" \/>\n<meta property=\"og:title\" content=\"Inicio\" \/>\n<meta property=\"og:url\" content=\"https:\/\/www.choretime.com\/es\/\" \/>\n<meta property=\"og:site_name\" content=\"Chore-Time\" \/>\n<meta property=\"article:publisher\" content=\"https:\/\/www.facebook.com\/choretime1952\" \/>\n<meta property=\"article:modified_time\" content=\"2024-10-16T16:12:48+00:00\" \/>\n<meta property=\"og:image\" content=\"https:\/\/www.choretime.com\/wp-content\/uploads\/2022\/12\/home-1024x538.jpg\" \/>\n\t<meta property=\"og:image:width\" content=\"1024\" \/>\n\t<meta property=\"og:image:height\" content=\"538\" \/>\n\t<meta property=\"og:image:type\" content=\"image\/jpeg\" \/>\n<meta name=\"twitter:card\" content=\"summary_large_image\" \/>\n<meta name=\"twitter:site\" content=\"@choretime\" \/>\n<script type=\"application\/ld+json\" class=\"yoast-schema-graph\">{\"@context\":\"https:\\\/\\\/schema.org\",\"@graph\":[{\"@type\":\"WebPage\",\"@id\":\"https:\\\/\\\/www.choretime.com\\\/es\\\/\",\"url\":\"https:\\\/\\\/www.choretime.com\\\/es\\\/\",\"name\":\"Inicio - Chore-Time\",\"isPartOf\":{\"@id\":\"https:\\\/\\\/www.choretime.com\\\/es\\\/#website\"},\"primaryImageOfPage\":{\"@id\":\"https:\\\/\\\/www.choretime.com\\\/es\\\/#primaryimage\"},\"image\":{\"@id\":\"https:\\\/\\\/www.choretime.com\\\/es\\\/#primaryimage\"},\"thumbnailUrl\":\"https:\\\/\\\/www.choretime.com\\\/wp-content\\\/uploads\\\/2022\\\/12\\\/home.jpg\",\"datePublished\":\"2022-10-20T19:28:37+00:00\",\"dateModified\":\"2024-10-16T16:12:48+00:00\",\"breadcrumb\":{\"@id\":\"https:\\\/\\\/www.choretime.com\\\/es\\\/#breadcrumb\"},\"inLanguage\":\"es\",\"potentialAction\":[{\"@type\":\"ReadAction\",\"target\":[\"https:\\\/\\\/www.choretime.com\\\/es\\\/\"]}]},{\"@type\":\"ImageObject\",\"inLanguage\":\"es\",\"@id\":\"https:\\\/\\\/www.choretime.com\\\/es\\\/#primaryimage\",\"url\":\"https:\\\/\\\/www.choretime.com\\\/wp-content\\\/uploads\\\/2022\\\/12\\\/home.jpg\",\"contentUrl\":\"https:\\\/\\\/www.choretime.com\\\/wp-content\\\/uploads\\\/2022\\\/12\\\/home.jpg\",\"width\":1200,\"height\":630},{\"@type\":\"BreadcrumbList\",\"@id\":\"https:\\\/\\\/www.choretime.com\\\/es\\\/#breadcrumb\",\"itemListElement\":[{\"@type\":\"ListItem\",\"position\":1,\"name\":\"Inicio\",\"item\":\"https:\\\/\\\/www.choretime.com\\\/es\\\/\"},{\"@type\":\"ListItem\",\"position\":2,\"name\":\"Inicio\"}]},{\"@type\":\"WebSite\",\"@id\":\"https:\\\/\\\/www.choretime.com\\\/es\\\/#website\",\"url\":\"https:\\\/\\\/www.choretime.com\\\/es\\\/\",\"name\":\"Chore-Time\",\"description\":\"Every. Day. PERFORMANCE.\u2122\",\"publisher\":{\"@id\":\"https:\\\/\\\/www.choretime.com\\\/es\\\/#organization\"},\"potentialAction\":[{\"@type\":\"SearchAction\",\"target\":{\"@type\":\"EntryPoint\",\"urlTemplate\":\"https:\\\/\\\/www.choretime.com\\\/es\\\/?s={search_term_string}\"},\"query-input\":{\"@type\":\"PropertyValueSpecification\",\"valueRequired\":true,\"valueName\":\"search_term_string\"}}],\"inLanguage\":\"es\"},{\"@type\":\"Organization\",\"@id\":\"https:\\\/\\\/www.choretime.com\\\/es\\\/#organization\",\"name\":\"Chore-Time\",\"url\":\"https:\\\/\\\/www.choretime.com\\\/es\\\/\",\"logo\":{\"@type\":\"ImageObject\",\"inLanguage\":\"es\",\"@id\":\"https:\\\/\\\/www.choretime.com\\\/es\\\/#\\\/schema\\\/logo\\\/image\\\/\",\"url\":\"https:\\\/\\\/www.choretime.com\\\/wp-content\\\/uploads\\\/2023\\\/02\\\/Chore-TimeCMYKoutline.png\",\"contentUrl\":\"https:\\\/\\\/www.choretime.com\\\/wp-content\\\/uploads\\\/2023\\\/02\\\/Chore-TimeCMYKoutline.png\",\"width\":1860,\"height\":703,\"caption\":\"Chore-Time\"},\"image\":{\"@id\":\"https:\\\/\\\/www.choretime.com\\\/es\\\/#\\\/schema\\\/logo\\\/image\\\/\"},\"sameAs\":[\"https:\\\/\\\/www.facebook.com\\\/choretime1952\",\"https:\\\/\\\/x.com\\\/choretime\",\"https:\\\/\\\/www.youtube.com\\\/choretime\",\"https:\\\/\\\/www.instagram.com\\\/choretime1952\\\/\",\"https:\\\/\\\/www.linkedin.com\\\/company\\\/choretime\\\/\"]}]}<\/script>\n<!-- \/ Yoast SEO Premium plugin. -->","yoast_head_json":{"title":"Inicio - Chore-Time","robots":{"index":"index","follow":"follow","max-snippet":"max-snippet:-1","max-image-preview":"max-image-preview:large","max-video-preview":"max-video-preview:-1"},"canonical":"https:\/\/www.choretime.com\/es\/","og_locale":"es_ES","og_type":"article","og_title":"Inicio","og_url":"https:\/\/www.choretime.com\/es\/","og_site_name":"Chore-Time","article_publisher":"https:\/\/www.facebook.com\/choretime1952","article_modified_time":"2024-10-16T16:12:48+00:00","og_image":[{"width":1024,"height":538,"url":"https:\/\/www.choretime.com\/wp-content\/uploads\/2022\/12\/home-1024x538.jpg","type":"image\/jpeg"}],"twitter_card":"summary_large_image","twitter_site":"@choretime","schema":{"@context":"https:\/\/schema.org","@graph":[{"@type":"WebPage","@id":"https:\/\/www.choretime.com\/es\/","url":"https:\/\/www.choretime.com\/es\/","name":"Inicio - Chore-Time","isPartOf":{"@id":"https:\/\/www.choretime.com\/es\/#website"},"primaryImageOfPage":{"@id":"https:\/\/www.choretime.com\/es\/#primaryimage"},"image":{"@id":"https:\/\/www.choretime.com\/es\/#primaryimage"},"thumbnailUrl":"https:\/\/www.choretime.com\/wp-content\/uploads\/2022\/12\/home.jpg","datePublished":"2022-10-20T19:28:37+00:00","dateModified":"2024-10-16T16:12:48+00:00","breadcrumb":{"@id":"https:\/\/www.choretime.com\/es\/#breadcrumb"},"inLanguage":"es","potentialAction":[{"@type":"ReadAction","target":["https:\/\/www.choretime.com\/es\/"]}]},{"@type":"ImageObject","inLanguage":"es","@id":"https:\/\/www.choretime.com\/es\/#primaryimage","url":"https:\/\/www.choretime.com\/wp-content\/uploads\/2022\/12\/home.jpg","contentUrl":"https:\/\/www.choretime.com\/wp-content\/uploads\/2022\/12\/home.jpg","width":1200,"height":630},{"@type":"BreadcrumbList","@id":"https:\/\/www.choretime.com\/es\/#breadcrumb","itemListElement":[{"@type":"ListItem","position":1,"name":"Inicio","item":"https:\/\/www.choretime.com\/es\/"},{"@type":"ListItem","position":2,"name":"Inicio"}]},{"@type":"WebSite","@id":"https:\/\/www.choretime.com\/es\/#website","url":"https:\/\/www.choretime.com\/es\/","name":"Chore-Time","description":"Every. Day. PERFORMANCE.\u2122","publisher":{"@id":"https:\/\/www.choretime.com\/es\/#organization"},"potentialAction":[{"@type":"SearchAction","target":{"@type":"EntryPoint","urlTemplate":"https:\/\/www.choretime.com\/es\/?s={search_term_string}"},"query-input":{"@type":"PropertyValueSpecification","valueRequired":true,"valueName":"search_term_string"}}],"inLanguage":"es"},{"@type":"Organization","@id":"https:\/\/www.choretime.com\/es\/#organization","name":"Chore-Time","url":"https:\/\/www.choretime.com\/es\/","logo":{"@type":"ImageObject","inLanguage":"es","@id":"https:\/\/www.choretime.com\/es\/#\/schema\/logo\/image\/","url":"https:\/\/www.choretime.com\/wp-content\/uploads\/2023\/02\/Chore-TimeCMYKoutline.png","contentUrl":"https:\/\/www.choretime.com\/wp-content\/uploads\/2023\/02\/Chore-TimeCMYKoutline.png","width":1860,"height":703,"caption":"Chore-Time"},"image":{"@id":"https:\/\/www.choretime.com\/es\/#\/schema\/logo\/image\/"},"sameAs":["https:\/\/www.facebook.com\/choretime1952","https:\/\/x.com\/choretime","https:\/\/www.youtube.com\/choretime","https:\/\/www.instagram.com\/choretime1952\/","https:\/\/www.linkedin.com\/company\/choretime\/"]}]}},"_links":{"self":[{"href":"https:\/\/www.choretime.com\/es\/wp-json\/wp\/v2\/pages\/9374","targetHints":{"allow":["GET"]}}],"collection":[{"href":"https:\/\/www.choretime.com\/es\/wp-json\/wp\/v2\/pages"}],"about":[{"href":"https:\/\/www.choretime.com\/es\/wp-json\/wp\/v2\/types\/page"}],"author":[{"embeddable":true,"href":"https:\/\/www.choretime.com\/es\/wp-json\/wp\/v2\/users\/1"}],"replies":[{"embeddable":true,"href":"https:\/\/www.choretime.com\/es\/wp-json\/wp\/v2\/comments?post=9374"}],"version-history":[{"count":3,"href":"https:\/\/www.choretime.com\/es\/wp-json\/wp\/v2\/pages\/9374\/revisions"}],"predecessor-version":[{"id":10373,"href":"https:\/\/www.choretime.com\/es\/wp-json\/wp\/v2\/pages\/9374\/revisions\/10373"}],"wp:featuredmedia":[{"embeddable":true,"href":"https:\/\/www.choretime.com\/es\/wp-json\/wp\/v2\/media\/7674"}],"wp:attachment":[{"href":"https:\/\/www.choretime.com\/es\/wp-json\/wp\/v2\/media?parent=9374"}],"curies":[{"name":"wp","href":"https:\/\/api.w.org\/{rel}","templated":true}]}}