{"id":9375,"date":"2023-03-08T21:01:06","date_gmt":"2023-03-08T21:01:06","guid":{"rendered":"https:\/\/www.choretime.com\/nos-movemos-en-una-nueva-direccion\/"},"modified":"2024-10-27T14:52:34","modified_gmt":"2024-10-27T14:52:34","slug":"nos-movemos-en-una-nueva-direccion","status":"publish","type":"page","link":"https:\/\/www.choretime.com\/es\/nos-movemos-en-una-nueva-direccion\/","title":{"rendered":"Nos movemos en una nueva direcci\u00f3n"},"content":{"rendered":"\n<h1 class=\"wp-block-heading\" id=\"h-the-enduramax-direct-drive-fan\">El ventilador de accionamiento directo ENDURAMAX<\/h1>\n<div class=\"wp-block-image\">\n<figure class=\"aligncenter size-large\"><img loading=\"lazy\" decoding=\"async\" width=\"1024\" height=\"866\" src=\"https:\/\/www.choretime.com\/wp-content\/uploads\/2023\/03\/Chore-Time-Chickens-1024x866.jpeg\" alt=\"Nos movemos en una nueva direcci&#xF3;n\" class=\"wp-image-4035\" srcset=\"https:\/\/www.choretime.com\/wp-content\/uploads\/2023\/03\/Chore-Time-Chickens-1024x866.jpeg 1024w, https:\/\/www.choretime.com\/wp-content\/uploads\/2023\/03\/Chore-Time-Chickens-300x254.jpeg 300w, https:\/\/www.choretime.com\/wp-content\/uploads\/2023\/03\/Chore-Time-Chickens-768x649.jpeg 768w, https:\/\/www.choretime.com\/wp-content\/uploads\/2023\/03\/Chore-Time-Chickens.jpeg 1190w\" sizes=\"auto, (max-width: 1024px) 100vw, 1024px\" \/><\/figure>\n<\/div>\n<p>Ya conoces los ventiladores ENDURA de Chore-Time por su reputaci\u00f3n de fiabilidad y durabilidad. Ahora tomamos este dise\u00f1o probado y lo llevamos m\u00e1s all\u00e1, a\u00f1adiendo a\u00fan m\u00e1s fiabilidad y una eficiencia energ\u00e9tica superior con un dise\u00f1o asequible de motor de transmisi\u00f3n directa. <\/p>\n\n<p>\u00bb Uno de los caudales de aire m\u00e1s altos del sector: hasta 32.100 CFM.<br\/>\u00bb La funci\u00f3n de velocidad variable minimiza los costes de funcionamiento.<br\/>\u00bb Bajo mantenimiento: sin correas, poleas ni cojinetes.<\/p>\n<div class='choretime-links'><a class='choretime-button' href='https:\/\/www.choretime.com\/es\/product\/ventilador-enduramax-de-transmision-directa-de-145-cm-57-pulgadas-para-criadoras\/'>Ventilador de transmisi\u00f3n directa EnduraMax\u00ae de 57 pulgadas (145 cm) para reproductores<\/a><a class='choretime-button' href='https:\/\/www.choretime.com\/es\/product\/ventilador-enduramax-de-accionamiento-directo-de-145-cm-para-asadores\/'>Ventilador de accionamiento directo EnduraMax\u00ae de 57 pulgadas (145 cm) para pollos de engorde<\/a><a class='choretime-button' href='https:\/\/www.choretime.com\/es\/product\/enduramax-ventilador-de-accionamiento-directo-de-145-cm-57-pulgadas-para-huevos\/'>Ventilador de accionamiento directo EnduraMax\u00ae de 57 pulgadas (145 cm) para huevos<\/a><a class='choretime-button' href='https:\/\/www.choretime.com\/es\/product\/ventilador-enduramax-de-accionamiento-directo-de-145-cm-para-pavos\/'>Ventilador de accionamiento directo EnduraMax\u00ae de 57 pulgadas (145 cm) para pavos<\/a><\/div>\n<div style=\"height:57px\" aria-hidden=\"true\" class=\"wp-block-spacer\"><\/div>\n<div class=\"wp-block-image\">\n<figure class=\"aligncenter size-full\"><img loading=\"lazy\" decoding=\"async\" width=\"700\" height=\"369\" src=\"https:\/\/www.choretime.com\/wp-content\/uploads\/2023\/03\/Chore-Time-Direct-Drive-Fans-2.jpeg\" alt=\"\" class=\"wp-image-4037\" srcset=\"https:\/\/www.choretime.com\/wp-content\/uploads\/2023\/03\/Chore-Time-Direct-Drive-Fans-2.jpeg 700w, https:\/\/www.choretime.com\/wp-content\/uploads\/2023\/03\/Chore-Time-Direct-Drive-Fans-2-300x158.jpeg 300w\" sizes=\"auto, (max-width: 700px) 100vw, 700px\" \/><\/figure>\n<\/div>\n<div style=\"height:57px\" aria-hidden=\"true\" class=\"wp-block-spacer\"><\/div>\n\n<div class=\"wp-block-buttons is-content-justification-center is-layout-flex wp-container-core-buttons-is-layout-16018d1d wp-block-buttons-is-layout-flex\">\n<div class=\"wp-block-button has-custom-width wp-block-button__width-50 has-custom-font-size\" style=\"font-size:26px;letter-spacing:0px\"><a class=\"wp-block-button__link has-background wp-element-button\" href=\"https:\/\/www.choretime.com\/es\/localizador-de-distribuidores\/\" style=\"background-color:#db293a\">Encuentra tu distribuidor<\/a><\/div>\n<\/div>\n\n<div style=\"height:100px\" aria-hidden=\"true\" class=\"wp-block-spacer\"><\/div>\n","protected":false},"excerpt":{"rendered":"<p>El ventilador de accionamiento directo ENDURAMAX Ya conoces los ventiladores ENDURA de Chore-Time por su reputaci\u00f3n de fiabilidad y durabilidad. Ahora tomamos este dise\u00f1o probado y lo llevamos m\u00e1s all\u00e1, a\u00f1adiendo a\u00fan m\u00e1s fiabilidad y una eficiencia energ\u00e9tica superior con un dise\u00f1o asequible de motor de transmisi\u00f3n directa. \u00bb Uno de los caudales de aire [&hellip;]<\/p>\n","protected":false},"author":3,"featured_media":8759,"parent":0,"menu_order":0,"comment_status":"closed","ping_status":"closed","template":"","meta":{"_acf_changed":false,"_monsterinsights_skip_tracking":false,"_monsterinsights_sitenote_active":false,"_monsterinsights_sitenote_note":"","_monsterinsights_sitenote_category":0,"footnotes":""},"class_list":["post-9375","page","type-page","status-publish","has-post-thumbnail","hentry"],"acf":[],"yoast_head":"<!-- This site is optimized with the Yoast SEO Premium plugin v27.2 (Yoast SEO v27.2) - https:\/\/yoast.com\/product\/yoast-seo-premium-wordpress\/ -->\n<title>Nos movemos en una nueva direcci\u00f3n - Chore-Time<\/title>\n<meta name=\"description\" content=\"Chore-Time agrega a\u00fan mayor confiabilidad y eficiencia energ\u00e9tica superior con un dise\u00f1o de motor de accionamiento directo asequible.\" \/>\n<meta name=\"robots\" content=\"index, follow, max-snippet:-1, max-image-preview:large, max-video-preview:-1\" \/>\n<link rel=\"canonical\" href=\"https:\/\/www.choretime.com\/es\/nos-movemos-en-una-nueva-direccion\/\" \/>\n<meta property=\"og:locale\" content=\"es_ES\" \/>\n<meta property=\"og:type\" content=\"article\" \/>\n<meta property=\"og:title\" content=\"Nos movemos en una nueva direcci\u00f3n - Chore-Time\" \/>\n<meta property=\"og:description\" content=\"Chore-Time agrega a\u00fan mayor confiabilidad y eficiencia energ\u00e9tica superior con un dise\u00f1o de motor de accionamiento directo asequible.\" \/>\n<meta property=\"og:url\" content=\"https:\/\/www.choretime.com\/es\/nos-movemos-en-una-nueva-direccion\/\" \/>\n<meta property=\"og:site_name\" content=\"Chore-Time\" \/>\n<meta property=\"article:publisher\" content=\"https:\/\/www.facebook.com\/choretime1952\" \/>\n<meta property=\"article:modified_time\" content=\"2024-10-27T14:52:34+00:00\" \/>\n<meta property=\"og:image\" content=\"https:\/\/www.choretime.com\/wp-content\/uploads\/2023\/03\/Chore-Time-Chickens-1024x866.jpeg\" \/>\n<meta name=\"twitter:card\" content=\"summary_large_image\" \/>\n<meta name=\"twitter:title\" content=\"Nos movemos en una nueva direcci\u00f3n - Chore-Time\" \/>\n<meta name=\"twitter:image\" content=\"https:\/\/www.choretime.com\/wp-content\/uploads\/2023\/03\/Chore-Time-Chickens-1024x866.jpeg\" \/>\n<meta name=\"twitter:site\" content=\"@choretime\" \/>\n<script type=\"application\/ld+json\" class=\"yoast-schema-graph\">{\"@context\":\"https:\/\/schema.org\",\"@graph\":[{\"@type\":\"WebPage\",\"@id\":\"https:\/\/www.choretime.com\/es\/nos-movemos-en-una-nueva-direccion\/\",\"url\":\"https:\/\/www.choretime.com\/es\/nos-movemos-en-una-nueva-direccion\/\",\"name\":\"Nos movemos en una nueva direcci\u00f3n - Chore-Time\",\"isPartOf\":{\"@id\":\"https:\/\/www.choretime.com\/es\/#website\"},\"primaryImageOfPage\":{\"@id\":\"https:\/\/www.choretime.com\/es\/nos-movemos-en-una-nueva-direccion\/#primaryimage\"},\"image\":{\"@id\":\"https:\/\/www.choretime.com\/es\/nos-movemos-en-una-nueva-direccion\/#primaryimage\"},\"thumbnailUrl\":\"https:\/\/www.choretime.com\/wp-content\/uploads\/2023\/03\/Chore-Time-Chickens.jpeg\",\"datePublished\":\"2023-03-08T21:01:06+00:00\",\"dateModified\":\"2024-10-27T14:52:34+00:00\",\"description\":\"Chore-Time agrega a\u00fan mayor confiabilidad y eficiencia energ\u00e9tica superior con un dise\u00f1o de motor de accionamiento directo asequible.\",\"breadcrumb\":{\"@id\":\"https:\/\/www.choretime.com\/es\/nos-movemos-en-una-nueva-direccion\/#breadcrumb\"},\"inLanguage\":\"es\",\"potentialAction\":[{\"@type\":\"ReadAction\",\"target\":[\"https:\/\/www.choretime.com\/es\/nos-movemos-en-una-nueva-direccion\/\"]}]},{\"@type\":\"ImageObject\",\"inLanguage\":\"es\",\"@id\":\"https:\/\/www.choretime.com\/es\/nos-movemos-en-una-nueva-direccion\/#primaryimage\",\"url\":\"https:\/\/www.choretime.com\/wp-content\/uploads\/2023\/03\/Chore-Time-Chickens.jpeg\",\"contentUrl\":\"https:\/\/www.choretime.com\/wp-content\/uploads\/2023\/03\/Chore-Time-Chickens.jpeg\",\"width\":1190,\"height\":1006},{\"@type\":\"BreadcrumbList\",\"@id\":\"https:\/\/www.choretime.com\/es\/nos-movemos-en-una-nueva-direccion\/#breadcrumb\",\"itemListElement\":[{\"@type\":\"ListItem\",\"position\":1,\"name\":\"Inicio\",\"item\":\"https:\/\/www.choretime.com\/es\/\"},{\"@type\":\"ListItem\",\"position\":2,\"name\":\"Nos movemos en una nueva direcci\u00f3n\"}]},{\"@type\":\"WebSite\",\"@id\":\"https:\/\/www.choretime.com\/es\/#website\",\"url\":\"https:\/\/www.choretime.com\/es\/\",\"name\":\"Chore-Time\",\"description\":\"Every. Day. PERFORMANCE.\u2122\",\"publisher\":{\"@id\":\"https:\/\/www.choretime.com\/es\/#organization\"},\"potentialAction\":[{\"@type\":\"SearchAction\",\"target\":{\"@type\":\"EntryPoint\",\"urlTemplate\":\"https:\/\/www.choretime.com\/es\/?s={search_term_string}\"},\"query-input\":{\"@type\":\"PropertyValueSpecification\",\"valueRequired\":true,\"valueName\":\"search_term_string\"}}],\"inLanguage\":\"es\"},{\"@type\":\"Organization\",\"@id\":\"https:\/\/www.choretime.com\/es\/#organization\",\"name\":\"Chore-Time\",\"url\":\"https:\/\/www.choretime.com\/es\/\",\"logo\":{\"@type\":\"ImageObject\",\"inLanguage\":\"es\",\"@id\":\"https:\/\/www.choretime.com\/es\/#\/schema\/logo\/image\/\",\"url\":\"https:\/\/www.choretime.com\/wp-content\/uploads\/2023\/02\/Chore-TimeCMYKoutline.png\",\"contentUrl\":\"https:\/\/www.choretime.com\/wp-content\/uploads\/2023\/02\/Chore-TimeCMYKoutline.png\",\"width\":1860,\"height\":703,\"caption\":\"Chore-Time\"},\"image\":{\"@id\":\"https:\/\/www.choretime.com\/es\/#\/schema\/logo\/image\/\"},\"sameAs\":[\"https:\/\/www.facebook.com\/choretime1952\",\"https:\/\/x.com\/choretime\",\"https:\/\/www.youtube.com\/choretime\",\"https:\/\/www.instagram.com\/choretime1952\/\",\"https:\/\/www.linkedin.com\/company\/choretime\/\"]}]}<\/script>\n<!-- \/ Yoast SEO Premium plugin. -->","yoast_head_json":{"title":"Nos movemos en una nueva direcci\u00f3n - Chore-Time","description":"Chore-Time agrega a\u00fan mayor confiabilidad y eficiencia energ\u00e9tica superior con un dise\u00f1o de motor de accionamiento directo asequible.","robots":{"index":"index","follow":"follow","max-snippet":"max-snippet:-1","max-image-preview":"max-image-preview:large","max-video-preview":"max-video-preview:-1"},"canonical":"https:\/\/www.choretime.com\/es\/nos-movemos-en-una-nueva-direccion\/","og_locale":"es_ES","og_type":"article","og_title":"Nos movemos en una nueva direcci\u00f3n - Chore-Time","og_description":"Chore-Time agrega a\u00fan mayor confiabilidad y eficiencia energ\u00e9tica superior con un dise\u00f1o de motor de accionamiento directo asequible.","og_url":"https:\/\/www.choretime.com\/es\/nos-movemos-en-una-nueva-direccion\/","og_site_name":"Chore-Time","article_publisher":"https:\/\/www.facebook.com\/choretime1952","article_modified_time":"2024-10-27T14:52:34+00:00","og_image":[{"url":"https:\/\/www.choretime.com\/wp-content\/uploads\/2023\/03\/Chore-Time-Chickens-1024x866.jpeg","type":"","width":"","height":""}],"twitter_card":"summary_large_image","twitter_title":"Nos movemos en una nueva direcci\u00f3n - Chore-Time","twitter_image":"https:\/\/www.choretime.com\/wp-content\/uploads\/2023\/03\/Chore-Time-Chickens-1024x866.jpeg","twitter_site":"@choretime","schema":{"@context":"https:\/\/schema.org","@graph":[{"@type":"WebPage","@id":"https:\/\/www.choretime.com\/es\/nos-movemos-en-una-nueva-direccion\/","url":"https:\/\/www.choretime.com\/es\/nos-movemos-en-una-nueva-direccion\/","name":"Nos movemos en una nueva direcci\u00f3n - Chore-Time","isPartOf":{"@id":"https:\/\/www.choretime.com\/es\/#website"},"primaryImageOfPage":{"@id":"https:\/\/www.choretime.com\/es\/nos-movemos-en-una-nueva-direccion\/#primaryimage"},"image":{"@id":"https:\/\/www.choretime.com\/es\/nos-movemos-en-una-nueva-direccion\/#primaryimage"},"thumbnailUrl":"https:\/\/www.choretime.com\/wp-content\/uploads\/2023\/03\/Chore-Time-Chickens.jpeg","datePublished":"2023-03-08T21:01:06+00:00","dateModified":"2024-10-27T14:52:34+00:00","description":"Chore-Time agrega a\u00fan mayor confiabilidad y eficiencia energ\u00e9tica superior con un dise\u00f1o de motor de accionamiento directo asequible.","breadcrumb":{"@id":"https:\/\/www.choretime.com\/es\/nos-movemos-en-una-nueva-direccion\/#breadcrumb"},"inLanguage":"es","potentialAction":[{"@type":"ReadAction","target":["https:\/\/www.choretime.com\/es\/nos-movemos-en-una-nueva-direccion\/"]}]},{"@type":"ImageObject","inLanguage":"es","@id":"https:\/\/www.choretime.com\/es\/nos-movemos-en-una-nueva-direccion\/#primaryimage","url":"https:\/\/www.choretime.com\/wp-content\/uploads\/2023\/03\/Chore-Time-Chickens.jpeg","contentUrl":"https:\/\/www.choretime.com\/wp-content\/uploads\/2023\/03\/Chore-Time-Chickens.jpeg","width":1190,"height":1006},{"@type":"BreadcrumbList","@id":"https:\/\/www.choretime.com\/es\/nos-movemos-en-una-nueva-direccion\/#breadcrumb","itemListElement":[{"@type":"ListItem","position":1,"name":"Inicio","item":"https:\/\/www.choretime.com\/es\/"},{"@type":"ListItem","position":2,"name":"Nos movemos en una nueva direcci\u00f3n"}]},{"@type":"WebSite","@id":"https:\/\/www.choretime.com\/es\/#website","url":"https:\/\/www.choretime.com\/es\/","name":"Chore-Time","description":"Every. Day. PERFORMANCE.\u2122","publisher":{"@id":"https:\/\/www.choretime.com\/es\/#organization"},"potentialAction":[{"@type":"SearchAction","target":{"@type":"EntryPoint","urlTemplate":"https:\/\/www.choretime.com\/es\/?s={search_term_string}"},"query-input":{"@type":"PropertyValueSpecification","valueRequired":true,"valueName":"search_term_string"}}],"inLanguage":"es"},{"@type":"Organization","@id":"https:\/\/www.choretime.com\/es\/#organization","name":"Chore-Time","url":"https:\/\/www.choretime.com\/es\/","logo":{"@type":"ImageObject","inLanguage":"es","@id":"https:\/\/www.choretime.com\/es\/#\/schema\/logo\/image\/","url":"https:\/\/www.choretime.com\/wp-content\/uploads\/2023\/02\/Chore-TimeCMYKoutline.png","contentUrl":"https:\/\/www.choretime.com\/wp-content\/uploads\/2023\/02\/Chore-TimeCMYKoutline.png","width":1860,"height":703,"caption":"Chore-Time"},"image":{"@id":"https:\/\/www.choretime.com\/es\/#\/schema\/logo\/image\/"},"sameAs":["https:\/\/www.facebook.com\/choretime1952","https:\/\/x.com\/choretime","https:\/\/www.youtube.com\/choretime","https:\/\/www.instagram.com\/choretime1952\/","https:\/\/www.linkedin.com\/company\/choretime\/"]}]}},"_links":{"self":[{"href":"https:\/\/www.choretime.com\/es\/wp-json\/wp\/v2\/pages\/9375","targetHints":{"allow":["GET"]}}],"collection":[{"href":"https:\/\/www.choretime.com\/es\/wp-json\/wp\/v2\/pages"}],"about":[{"href":"https:\/\/www.choretime.com\/es\/wp-json\/wp\/v2\/types\/page"}],"author":[{"embeddable":true,"href":"https:\/\/www.choretime.com\/es\/wp-json\/wp\/v2\/users\/3"}],"replies":[{"embeddable":true,"href":"https:\/\/www.choretime.com\/es\/wp-json\/wp\/v2\/comments?post=9375"}],"version-history":[{"count":2,"href":"https:\/\/www.choretime.com\/es\/wp-json\/wp\/v2\/pages\/9375\/revisions"}],"predecessor-version":[{"id":9851,"href":"https:\/\/www.choretime.com\/es\/wp-json\/wp\/v2\/pages\/9375\/revisions\/9851"}],"wp:featuredmedia":[{"embeddable":true,"href":"https:\/\/www.choretime.com\/es\/wp-json\/wp\/v2\/media\/8759"}],"wp:attachment":[{"href":"https:\/\/www.choretime.com\/es\/wp-json\/wp\/v2\/media?parent=9375"}],"curies":[{"name":"wp","href":"https:\/\/api.w.org\/{rel}","templated":true}]}}