{"id":9376,"date":"2022-10-25T13:03:25","date_gmt":"2022-10-25T13:03:25","guid":{"rendered":"https:\/\/www.choretime.com\/acerca-de\/"},"modified":"2026-03-16T20:12:25","modified_gmt":"2026-03-16T20:12:25","slug":"acerca-de","status":"publish","type":"page","link":"https:\/\/www.choretime.com\/es\/acerca-de\/","title":{"rendered":"Acerca de"},"content":{"rendered":"\n<h1 class=\"wp-block-heading has-text-align-center\" id=\"h-about-chore-time\">Acerca de Chore-Time<\/h1>\n\n<p class=\"has-text-align-center\"><strong>Alimentar al mundo con sistemas probados de producci\u00f3n de aves de corral y huevos.<\/strong><br\/><strong>Los productos de Chore-Time son  <em>Hecho para trabajar. Construido para durar.<\/em><sup>\u00ae<\/sup><\/strong><br\/><\/p>\n<div class='choretime-callout-gallery video single' id='choretime-callout-gallery-0'><div class='choretime-callout-gallery-container'><div style=''><div><div class='choretime-callout-gallery-item' style='background-image:url(https:\/\/img.youtube.com\/vi\/aAT24AXK1nY\/maxresdefault.jpg);left:0%;' onmousedown='stop(event);' onclick='stop(event);embedYouTube(this, \"aAT24AXK1nY\");'><\/div><\/div><\/div><div><div class='choretime-callout-gallery-heading'>Soluciones completas para la avicultura y la producci\u00f3n de huevos<\/div><div class='choretime-callout-gallery-content'><p>Un resultado \u00f3ptimo al menor coste es un objetivo que s\u00f3lo puede alcanzarse utilizando las mejores herramientas y tecnolog\u00eda disponibles. Chore-Time desarrolla y fabrica soluciones completas para maximizar la producci\u00f3n de aves de corral y huevos. Ofrecemos una gama completa de sistemas de alimentaci\u00f3n y bebida, soluciones inteligentes para la manipulaci\u00f3n del pienso y la automatizaci\u00f3n del clima, y controles y software de gesti\u00f3n inteligentes. Estas herramientas de eficacia probada optimizan el entorno av\u00edcola para que puedas obtener el mejor rendimiento de tus aves.   <\/p>\n<\/div><\/div><\/div><\/div><script>jQuery(document).ready(function() { setupCalloutGallery('choretime-callout-gallery-0'); });<\/script><div class='choretime-callout-gallery single' id='choretime-callout-gallery-1'><div class='choretime-callout-gallery-container'><div style=''><div><div class='choretime-callout-gallery-item' style='background-image:url(https:\/\/www.choretime.com\/wp-content\/uploads\/2022\/12\/Chore_Time_VersaColonySystem_IMG_1663_AC.jpg);left:0%;'><\/div><\/div><\/div><div><div class='choretime-callout-gallery-heading'>Maximiza el potencial natural de tus aves minimizando tus costes<\/div><div class='choretime-callout-gallery-content'><p>El mundo sigue experimentando un crecimiento demogr\u00e1fico sin precedentes y un aumento de la riqueza global, lo que impulsa una demanda mundial de m\u00e1s carne y alimentos ricos en prote\u00ednas. La misi\u00f3n de Chore-Time es optimizar la salud y la productividad de las aves de corral mediante sistemas que permitan un uso m\u00e1s eficiente de recursos finitos como el pienso, el agua y la energ\u00eda. Lo conseguimos invirtiendo continuamente en tecnolog\u00eda nueva y mejorada que mejora el clima de la nave av\u00edcola, mejora la conversi\u00f3n del pienso, minimiza el desperdicio de pienso y agua, y preserva la calidad del pienso. Emplear la tecnolog\u00eda m\u00e1s avanzada capitaliza el potencial gen\u00e9tico de tus aves, reduce tus costes y maximiza la rentabilidad de tu empresa.   <\/p>\n<\/div><\/div><\/div><\/div><script>jQuery(document).ready(function() { setupCalloutGallery('choretime-callout-gallery-1'); });<\/script><div class='choretime-callout red'><div class='choretime-callout-background'><div class='choretime-callout-image' style='background-image:url(https:\/\/www.choretime.com\/wp-content\/uploads\/2022\/12\/Chore-Time_V2V4186a.jpeg);'><\/div><div class='choretime-callout-overlay'><div class='choretime-callout-heading'>Liderazgo mundial gracias a nuestra tradici\u00f3n de innovaci\u00f3n<\/div><div class='choretime-callout-content'><p>Fundada en 1952, Chore-Time ha evolucionado hasta convertirse en una organizaci\u00f3n l\u00edder mundial basada en nuestro compromiso de aportar una mayor productividad a la industria av\u00edcola. Respaldada por nuestro historial de innovaci\u00f3n de productos, nuestra apasionante visi\u00f3n de una producci\u00f3n av\u00edcola y de huevos mejorada nos inspira a comprometernos en el desarrollo continuo de conocimientos, habilidades y productos. Nuestro pasado, presente y futuro convergen en un enfoque singular para introducir avances tecnol\u00f3gicos que satisfagan las necesidades siempre cambiantes de los principales productores de aves de corral y huevos en su af\u00e1n por alimentar a un mundo en crecimiento.  <\/p>\n<\/div><\/div><\/div><\/div><div class='choretime-callout-gallery single' id='choretime-callout-gallery-2'><div class='choretime-callout-gallery-container'><div style=''><div><div class='choretime-callout-gallery-item' style='background-image:url(https:\/\/www.choretime.com\/wp-content\/uploads\/2022\/12\/Chore-Time_TechnicalServiceFans.jpeg);left:0%;'><\/div><\/div><\/div><div><div class='choretime-callout-gallery-heading'>El servicio y la garant\u00eda son parte integrante de nuestros productos<\/div><div class='choretime-callout-gallery-content'><p>En cualquier consideraci\u00f3n de compra, el factor m\u00e1s importante no es el precio inicial, sino el \u00abvalor precio\u00bb. Si el producto m\u00e1s barato no funciona, se rompe con facilidad o se desgasta prematuramente, entonces el precio es demasiado alto, por muy bajo que pareciera en un principio. Chore-Time ofrece una excelente relaci\u00f3n calidad-precio tratando a nuestros clientes exactamente como nos gustar\u00eda que nos trataran a nosotros. Proporcionamos una asistencia excepcional, conocimientos expertos y garant\u00edas extraordinarias. La producci\u00f3n interna de nuestros sistemas nos ayuda a salvaguardar la calidad e integridad de nuestros dise\u00f1os patentados. Adem\u00e1s, nuestros equipos t\u00e9cnicos, de ventas y de desarrollo de productos conceden gran importancia a las opiniones de los clientes y las utilizan habitualmente para mejorar a\u00fan m\u00e1s nuestros productos y servicios.     <\/p>\n<\/div><\/div><\/div><\/div><script>jQuery(document).ready(function() { setupCalloutGallery('choretime-callout-gallery-2'); });<\/script><div class='choretime-callout red'><div class='choretime-callout-background'><div class='choretime-callout-image' style='background-image:url(https:\/\/www.choretime.com\/wp-content\/uploads\/2022\/12\/Chore-Time_Distributor.jpeg);'><\/div><div class='choretime-callout-overlay'><div class='choretime-callout-heading'>Los distribuidores profesionales a\u00f1aden un valor sin igual<\/div><div class='choretime-callout-content'><p>Nuestra red mundial de <a href=\"https:\/\/www.choretime.com\/es\/localizador-de-distribuidores\/\" rel=\"noopener\">distribuidores independientes<\/a>, cuidadosamente seleccionada, es una parte crucial de nuestra oferta de productos. Los distribuidores de Chore-Time conocen el entorno local de tu empresa, est\u00e1n equipados para instalar nuestros productos y siempre dispuestos a ofrecer excelentes soluciones y servicio in situ. A su vez, Chore-Time proporciona a nuestros distribuidores una amplia asistencia, informaci\u00f3n sobre los productos y formaci\u00f3n. Como resultado, puedes confiar en un servicio cualificado y una asistencia profesional, todo ello adaptado a tus necesidades regionales e individuales.   <\/p>\n<\/div><\/div><\/div><\/div><div class='choretime-about-callout'><div><div><img src='https:\/\/www.choretime.com\/wp-content\/uploads\/2022\/10\/CTB-Inc_Logo.svg' alt='logo'><\/div><div>Parte de las respetadas familias CTB y Berkshire Hathaway<\/div><div><p>Chore-Time es una divisi\u00f3n de <a href=\"https:\/\/www.ctbinc.com\/\" target=\"_blank\" rel=\"noopener\">CTB, Inc.<\/a> , l\u00edder mundial en el desarrollo y producci\u00f3n de sistemas y soluciones para el sector de la ganader\u00eda intensiva y la industria de los cereales. Con marcas de renombre mundial como Chore-Time <sup>\u00ae<\/sup> , Brock <sup>\u00ae<\/sup> , Meyn <sup>\u00ae<\/sup> y otras, CTB es el proveedor de sistemas con el paquete completo. CTB forma parte de la prestigiosa empresa Berkshire Hathaway desde 2002.  <\/p>\n<\/div><div><span>Cada d\u00eda.  RENDIMIENTO.\u2122<\/span><\/div><\/div><\/div>","protected":false},"excerpt":{"rendered":"<p>Acerca de Chore-Time Alimentar al mundo con sistemas probados de producci\u00f3n de aves de corral y huevos.Los productos de Chore-Time son Hecho para trabajar. Construido para durar.\u00ae<\/p>\n","protected":false},"author":1,"featured_media":7678,"parent":0,"menu_order":0,"comment_status":"closed","ping_status":"closed","template":"","meta":{"_acf_changed":false,"_monsterinsights_skip_tracking":false,"_monsterinsights_sitenote_active":false,"_monsterinsights_sitenote_note":"","_monsterinsights_sitenote_category":0,"footnotes":""},"class_list":["post-9376","page","type-page","status-publish","has-post-thumbnail","hentry"],"acf":[],"yoast_head":"<!-- This site is optimized with the Yoast SEO Premium plugin v27.3 (Yoast SEO v27.3) - https:\/\/yoast.com\/product\/yoast-seo-premium-wordpress\/ -->\n<title>Acerca de - Chore-Time<\/title>\n<meta name=\"description\" content=\"Chore-Time es un proveedor l\u00edder mundial de sistemas completos de principio a fin para la producci\u00f3n av\u00edcola y de huevos. Es conocido por el rendimiento de sus productos, sus soluciones personalizadas y su red de distribuci\u00f3n independiente de eficacia probada.\" \/>\n<meta name=\"robots\" content=\"index, follow, max-snippet:-1, max-image-preview:large, max-video-preview:-1\" \/>\n<link rel=\"canonical\" href=\"https:\/\/www.choretime.com\/es\/acerca-de\/\" \/>\n<meta property=\"og:locale\" content=\"es_ES\" \/>\n<meta property=\"og:type\" content=\"article\" \/>\n<meta property=\"og:title\" content=\"Acerca de - Chore-Time\" \/>\n<meta property=\"og:description\" content=\"Chore-Time es un proveedor l\u00edder mundial de sistemas completos de principio a fin para la producci\u00f3n av\u00edcola y de huevos. Es conocido por el rendimiento de sus productos, sus soluciones personalizadas y su red de distribuci\u00f3n independiente de eficacia probada.\" \/>\n<meta property=\"og:url\" content=\"https:\/\/www.choretime.com\/es\/acerca-de\/\" \/>\n<meta property=\"og:site_name\" content=\"Chore-Time\" \/>\n<meta property=\"article:publisher\" content=\"https:\/\/www.facebook.com\/choretime1952\" \/>\n<meta property=\"article:modified_time\" content=\"2026-03-16T20:12:25+00:00\" \/>\n<meta property=\"og:image\" content=\"https:\/\/www.choretime.com\/wp-content\/uploads\/2022\/12\/Chore-Time_Distributor.jpeg\" \/>\n<meta name=\"twitter:card\" content=\"summary_large_image\" \/>\n<meta name=\"twitter:title\" content=\"Acerca de - Chore-Time\" \/>\n<meta name=\"twitter:image\" content=\"https:\/\/www.choretime.com\/wp-content\/uploads\/2022\/12\/Chore-Time_Distributor.jpeg\" \/>\n<meta name=\"twitter:site\" content=\"@choretime\" \/>\n<script type=\"application\/ld+json\" class=\"yoast-schema-graph\">{\"@context\":\"https:\\\/\\\/schema.org\",\"@graph\":[{\"@type\":\"WebPage\",\"@id\":\"https:\\\/\\\/www.choretime.com\\\/es\\\/acerca-de\\\/\",\"url\":\"https:\\\/\\\/www.choretime.com\\\/es\\\/acerca-de\\\/\",\"name\":\"Acerca de - Chore-Time\",\"isPartOf\":{\"@id\":\"https:\\\/\\\/www.choretime.com\\\/es\\\/#website\"},\"primaryImageOfPage\":{\"@id\":\"https:\\\/\\\/www.choretime.com\\\/es\\\/acerca-de\\\/#primaryimage\"},\"image\":{\"@id\":\"https:\\\/\\\/www.choretime.com\\\/es\\\/acerca-de\\\/#primaryimage\"},\"thumbnailUrl\":\"https:\\\/\\\/www.choretime.com\\\/wp-content\\\/uploads\\\/2022\\\/12\\\/Chore-Time_Distributor.jpeg\",\"datePublished\":\"2022-10-25T13:03:25+00:00\",\"dateModified\":\"2026-03-16T20:12:25+00:00\",\"description\":\"Chore-Time es un proveedor l\u00edder mundial de sistemas completos de principio a fin para la producci\u00f3n av\u00edcola y de huevos. Es conocido por el rendimiento de sus productos, sus soluciones personalizadas y su red de distribuci\u00f3n independiente de eficacia probada.\",\"breadcrumb\":{\"@id\":\"https:\\\/\\\/www.choretime.com\\\/es\\\/acerca-de\\\/#breadcrumb\"},\"inLanguage\":\"es\",\"potentialAction\":[{\"@type\":\"ReadAction\",\"target\":[\"https:\\\/\\\/www.choretime.com\\\/es\\\/acerca-de\\\/\"]}]},{\"@type\":\"ImageObject\",\"inLanguage\":\"es\",\"@id\":\"https:\\\/\\\/www.choretime.com\\\/es\\\/acerca-de\\\/#primaryimage\",\"url\":\"https:\\\/\\\/www.choretime.com\\\/wp-content\\\/uploads\\\/2022\\\/12\\\/Chore-Time_Distributor.jpeg\",\"contentUrl\":\"https:\\\/\\\/www.choretime.com\\\/wp-content\\\/uploads\\\/2022\\\/12\\\/Chore-Time_Distributor.jpeg\",\"width\":885,\"height\":667},{\"@type\":\"BreadcrumbList\",\"@id\":\"https:\\\/\\\/www.choretime.com\\\/es\\\/acerca-de\\\/#breadcrumb\",\"itemListElement\":[{\"@type\":\"ListItem\",\"position\":1,\"name\":\"Inicio\",\"item\":\"https:\\\/\\\/www.choretime.com\\\/es\\\/\"},{\"@type\":\"ListItem\",\"position\":2,\"name\":\"Acerca de\"}]},{\"@type\":\"WebSite\",\"@id\":\"https:\\\/\\\/www.choretime.com\\\/es\\\/#website\",\"url\":\"https:\\\/\\\/www.choretime.com\\\/es\\\/\",\"name\":\"Chore-Time\",\"description\":\"Every. Day. PERFORMANCE.\u2122\",\"publisher\":{\"@id\":\"https:\\\/\\\/www.choretime.com\\\/es\\\/#organization\"},\"potentialAction\":[{\"@type\":\"SearchAction\",\"target\":{\"@type\":\"EntryPoint\",\"urlTemplate\":\"https:\\\/\\\/www.choretime.com\\\/es\\\/?s={search_term_string}\"},\"query-input\":{\"@type\":\"PropertyValueSpecification\",\"valueRequired\":true,\"valueName\":\"search_term_string\"}}],\"inLanguage\":\"es\"},{\"@type\":\"Organization\",\"@id\":\"https:\\\/\\\/www.choretime.com\\\/es\\\/#organization\",\"name\":\"Chore-Time\",\"url\":\"https:\\\/\\\/www.choretime.com\\\/es\\\/\",\"logo\":{\"@type\":\"ImageObject\",\"inLanguage\":\"es\",\"@id\":\"https:\\\/\\\/www.choretime.com\\\/es\\\/#\\\/schema\\\/logo\\\/image\\\/\",\"url\":\"https:\\\/\\\/www.choretime.com\\\/wp-content\\\/uploads\\\/2023\\\/02\\\/Chore-TimeCMYKoutline.png\",\"contentUrl\":\"https:\\\/\\\/www.choretime.com\\\/wp-content\\\/uploads\\\/2023\\\/02\\\/Chore-TimeCMYKoutline.png\",\"width\":1860,\"height\":703,\"caption\":\"Chore-Time\"},\"image\":{\"@id\":\"https:\\\/\\\/www.choretime.com\\\/es\\\/#\\\/schema\\\/logo\\\/image\\\/\"},\"sameAs\":[\"https:\\\/\\\/www.facebook.com\\\/choretime1952\",\"https:\\\/\\\/x.com\\\/choretime\",\"https:\\\/\\\/www.youtube.com\\\/choretime\",\"https:\\\/\\\/www.instagram.com\\\/choretime1952\\\/\",\"https:\\\/\\\/www.linkedin.com\\\/company\\\/choretime\\\/\"]}]}<\/script>\n<!-- \/ Yoast SEO Premium plugin. -->","yoast_head_json":{"title":"Acerca de - Chore-Time","description":"Chore-Time es un proveedor l\u00edder mundial de sistemas completos de principio a fin para la producci\u00f3n av\u00edcola y de huevos. Es conocido por el rendimiento de sus productos, sus soluciones personalizadas y su red de distribuci\u00f3n independiente de eficacia probada.","robots":{"index":"index","follow":"follow","max-snippet":"max-snippet:-1","max-image-preview":"max-image-preview:large","max-video-preview":"max-video-preview:-1"},"canonical":"https:\/\/www.choretime.com\/es\/acerca-de\/","og_locale":"es_ES","og_type":"article","og_title":"Acerca de - Chore-Time","og_description":"Chore-Time es un proveedor l\u00edder mundial de sistemas completos de principio a fin para la producci\u00f3n av\u00edcola y de huevos. Es conocido por el rendimiento de sus productos, sus soluciones personalizadas y su red de distribuci\u00f3n independiente de eficacia probada.","og_url":"https:\/\/www.choretime.com\/es\/acerca-de\/","og_site_name":"Chore-Time","article_publisher":"https:\/\/www.facebook.com\/choretime1952","article_modified_time":"2026-03-16T20:12:25+00:00","og_image":[{"url":"https:\/\/www.choretime.com\/wp-content\/uploads\/2022\/12\/Chore-Time_Distributor.jpeg","type":"","width":"","height":""}],"twitter_card":"summary_large_image","twitter_title":"Acerca de - Chore-Time","twitter_image":"https:\/\/www.choretime.com\/wp-content\/uploads\/2022\/12\/Chore-Time_Distributor.jpeg","twitter_site":"@choretime","schema":{"@context":"https:\/\/schema.org","@graph":[{"@type":"WebPage","@id":"https:\/\/www.choretime.com\/es\/acerca-de\/","url":"https:\/\/www.choretime.com\/es\/acerca-de\/","name":"Acerca de - Chore-Time","isPartOf":{"@id":"https:\/\/www.choretime.com\/es\/#website"},"primaryImageOfPage":{"@id":"https:\/\/www.choretime.com\/es\/acerca-de\/#primaryimage"},"image":{"@id":"https:\/\/www.choretime.com\/es\/acerca-de\/#primaryimage"},"thumbnailUrl":"https:\/\/www.choretime.com\/wp-content\/uploads\/2022\/12\/Chore-Time_Distributor.jpeg","datePublished":"2022-10-25T13:03:25+00:00","dateModified":"2026-03-16T20:12:25+00:00","description":"Chore-Time es un proveedor l\u00edder mundial de sistemas completos de principio a fin para la producci\u00f3n av\u00edcola y de huevos. Es conocido por el rendimiento de sus productos, sus soluciones personalizadas y su red de distribuci\u00f3n independiente de eficacia probada.","breadcrumb":{"@id":"https:\/\/www.choretime.com\/es\/acerca-de\/#breadcrumb"},"inLanguage":"es","potentialAction":[{"@type":"ReadAction","target":["https:\/\/www.choretime.com\/es\/acerca-de\/"]}]},{"@type":"ImageObject","inLanguage":"es","@id":"https:\/\/www.choretime.com\/es\/acerca-de\/#primaryimage","url":"https:\/\/www.choretime.com\/wp-content\/uploads\/2022\/12\/Chore-Time_Distributor.jpeg","contentUrl":"https:\/\/www.choretime.com\/wp-content\/uploads\/2022\/12\/Chore-Time_Distributor.jpeg","width":885,"height":667},{"@type":"BreadcrumbList","@id":"https:\/\/www.choretime.com\/es\/acerca-de\/#breadcrumb","itemListElement":[{"@type":"ListItem","position":1,"name":"Inicio","item":"https:\/\/www.choretime.com\/es\/"},{"@type":"ListItem","position":2,"name":"Acerca de"}]},{"@type":"WebSite","@id":"https:\/\/www.choretime.com\/es\/#website","url":"https:\/\/www.choretime.com\/es\/","name":"Chore-Time","description":"Every. Day. PERFORMANCE.\u2122","publisher":{"@id":"https:\/\/www.choretime.com\/es\/#organization"},"potentialAction":[{"@type":"SearchAction","target":{"@type":"EntryPoint","urlTemplate":"https:\/\/www.choretime.com\/es\/?s={search_term_string}"},"query-input":{"@type":"PropertyValueSpecification","valueRequired":true,"valueName":"search_term_string"}}],"inLanguage":"es"},{"@type":"Organization","@id":"https:\/\/www.choretime.com\/es\/#organization","name":"Chore-Time","url":"https:\/\/www.choretime.com\/es\/","logo":{"@type":"ImageObject","inLanguage":"es","@id":"https:\/\/www.choretime.com\/es\/#\/schema\/logo\/image\/","url":"https:\/\/www.choretime.com\/wp-content\/uploads\/2023\/02\/Chore-TimeCMYKoutline.png","contentUrl":"https:\/\/www.choretime.com\/wp-content\/uploads\/2023\/02\/Chore-TimeCMYKoutline.png","width":1860,"height":703,"caption":"Chore-Time"},"image":{"@id":"https:\/\/www.choretime.com\/es\/#\/schema\/logo\/image\/"},"sameAs":["https:\/\/www.facebook.com\/choretime1952","https:\/\/x.com\/choretime","https:\/\/www.youtube.com\/choretime","https:\/\/www.instagram.com\/choretime1952\/","https:\/\/www.linkedin.com\/company\/choretime\/"]}]}},"_links":{"self":[{"href":"https:\/\/www.choretime.com\/es\/wp-json\/wp\/v2\/pages\/9376","targetHints":{"allow":["GET"]}}],"collection":[{"href":"https:\/\/www.choretime.com\/es\/wp-json\/wp\/v2\/pages"}],"about":[{"href":"https:\/\/www.choretime.com\/es\/wp-json\/wp\/v2\/types\/page"}],"author":[{"embeddable":true,"href":"https:\/\/www.choretime.com\/es\/wp-json\/wp\/v2\/users\/1"}],"replies":[{"embeddable":true,"href":"https:\/\/www.choretime.com\/es\/wp-json\/wp\/v2\/comments?post=9376"}],"version-history":[{"count":3,"href":"https:\/\/www.choretime.com\/es\/wp-json\/wp\/v2\/pages\/9376\/revisions"}],"predecessor-version":[{"id":12465,"href":"https:\/\/www.choretime.com\/es\/wp-json\/wp\/v2\/pages\/9376\/revisions\/12465"}],"wp:featuredmedia":[{"embeddable":true,"href":"https:\/\/www.choretime.com\/es\/wp-json\/wp\/v2\/media\/7678"}],"wp:attachment":[{"href":"https:\/\/www.choretime.com\/es\/wp-json\/wp\/v2\/media?parent=9376"}],"curies":[{"name":"wp","href":"https:\/\/api.w.org\/{rel}","templated":true}]}}