{"id":9377,"date":"2023-03-09T16:03:17","date_gmt":"2023-03-09T16:03:17","guid":{"rendered":"https:\/\/www.choretime.com\/libro-blanco-evolucion-del-diseno-de-las-pajareras\/"},"modified":"2024-10-27T14:52:34","modified_gmt":"2024-10-27T14:52:34","slug":"libro-blanco-evolucion-del-diseno-de-las-pajareras","status":"publish","type":"page","link":"https:\/\/www.choretime.com\/es\/libro-blanco-evolucion-del-diseno-de-las-pajareras\/","title":{"rendered":"Libro Blanco: Evoluci\u00f3n del dise\u00f1o de las pajareras"},"content":{"rendered":"\n<h5 class=\"has-text-align-center wp-block-heading\"><strong>Libro Blanco:<\/strong><\/h5>\n\n<h1 class=\"has-text-align-center wp-block-heading\" id=\"h-evolution-of-aviary-design\">Evoluci\u00f3n del dise\u00f1o de las pajareras<\/h1>\n\n<p class=\"has-text-align-center\"><strong>La evoluci\u00f3n del dise\u00f1o de las pajareras para conseguir el m\u00e1ximo bienestar y beneficio de las aves<br\/><\/strong><\/p>\n<div class=\"wp-block-image\">\n<figure class=\"aligncenter size-full\"><img loading=\"lazy\" decoding=\"async\" width=\"700\" height=\"312\" src=\"https:\/\/www.choretime.com\/wp-content\/uploads\/2023\/03\/Chore-Time_Aviary_165453-RCsm..jpg\" alt=\"\" class=\"wp-image-3914\" srcset=\"https:\/\/www.choretime.com\/wp-content\/uploads\/2023\/03\/Chore-Time_Aviary_165453-RCsm..jpg 700w, https:\/\/www.choretime.com\/wp-content\/uploads\/2023\/03\/Chore-Time_Aviary_165453-RCsm.-300x134.jpg 300w\" sizes=\"auto, (max-width: 700px) 100vw, 700px\" \/><\/figure>\n<\/div>\n<p>La tendencia a utilizar aviarios en la producci\u00f3n comercial de huevos sin jaulas es todav\u00eda bastante nueva en Norteam\u00e9rica. Sin embargo, estos sistemas se han utilizado con \u00e9xito en Europa durante muchos a\u00f1os y, gracias a la experiencia, los dise\u00f1os se han ido perfeccionando con el tiempo para promover el comportamiento natural de las aves y maximizar la productividad. Exploremos los or\u00edgenes de los aviarios modernos y c\u00f3mo los criadores norteamericanos pueden beneficiarse de los sistemas de que disponen hoy en d\u00eda, que fueron posibles gracias a los ensayos y errores de los pioneros del sector durante las \u00faltimas d\u00e9cadas.  <\/p>\n\n<div style=\"height:48px\" aria-hidden=\"true\" class=\"wp-block-spacer\"><\/div>\n\n<div class=\"wp-block-columns product-heading is-layout-flex wp-container-core-columns-is-layout-9d6595d7 wp-block-columns-is-layout-flex\">\n<div class=\"wp-block-column is-layout-flow wp-block-column-is-layout-flow\">\n<div class=\"wp-block-group white-background\"><div class=\"wp-block-group__inner-container is-layout-constrained wp-block-group-is-layout-constrained\">\n<h2 class=\"wp-block-heading\" id=\"h-the-progression-of-aviary-design\">La evoluci\u00f3n del dise\u00f1o de las pajareras<\/h2>\n\n\n\n<p>El dise\u00f1o de las pajareras comerciales se remonta a la Suiza de los a\u00f1os ochenta. All\u00ed, los cultivadores empezaron a utilizar naves con nidos separados colocados contra la pared, con una zona en la que las aves pod\u00edan saltar al interior. Este tipo de sistema experimentaba una tasa bastante alta de huevos en el suelo (alrededor del cuatro por ciento), pero la densidad de aves era lo bastante baja como para que los trabajadores pudieran recoger los huevos r\u00e1pida y f\u00e1cilmente. De hecho, cada gallinero albergaba normalmente s\u00f3lo entre 600 y 6.000 aves.   <\/p>\n\n\n\n<p>Con el tiempo, en la d\u00e9cada de 1990, los criadores de los Pa\u00edses Bajos empezaron a probar estos sistemas a mayor escala, colocando entre 20.000 y 25.000 aves en cada gallinero, lo que dio lugar a una mayor densidad de aves. Por desgracia, tener m\u00e1s aves en el gallinero tambi\u00e9n dio lugar a m\u00e1s huevos de suelo: entre un 6% y un 10%. No s\u00f3lo hab\u00eda que dedicar m\u00e1s tiempo a recoger manualmente los huevos del suelo, sino que la mayor densidad de aves tambi\u00e9n dificultaba que los trabajadores recorrieran la nave para recoger los huevos. Este planteamiento no result\u00f3 muy viable, debido al descontento de los trabajadores, a la enorme cantidad de mano de obra necesaria y al reducido porcentaje de huevos de grado A.   <\/p>\n\n\n\n<figure class=\"wp-block-image alignfull size-full\"><img loading=\"lazy\" decoding=\"async\" width=\"700\" height=\"332\" src=\"https:\/\/www.choretime.com\/wp-content\/uploads\/2023\/03\/Chore-Time_Vike-2_20180906_113710-RC..jpg\" alt=\"\" class=\"wp-image-3912\" srcset=\"https:\/\/www.choretime.com\/wp-content\/uploads\/2023\/03\/Chore-Time_Vike-2_20180906_113710-RC..jpg 700w, https:\/\/www.choretime.com\/wp-content\/uploads\/2023\/03\/Chore-Time_Vike-2_20180906_113710-RC.-300x142.jpg 300w\" sizes=\"auto, (max-width: 700px) 100vw, 700px\" \/><\/figure>\n\n\n\n<h4 class=\"wp-block-heading\" id=\"h-one-industry-pioneer-named-peter-van-agt-found-that-placing-water-in-front-of-the-nests-dramatically-improved-performance-because-this-allowed-birds-to-find-the-nests-more-easily\"><em>Un pionero del sector llamado Peter van Agt descubri\u00f3 que colocar agua delante de los nidos mejoraba espectacularmente el rendimiento, porque permit\u00eda a las aves encontrarlos m\u00e1s f\u00e1cilmente.<\/em><\/h4>\n\n\n\n<p>Estos primeros intentos de producci\u00f3n comercial de huevos sin jaulas estimularon la innovaci\u00f3n para crear un sistema mejor que pudiera mejorar el bienestar y la producci\u00f3n de las aves, minimizando al mismo tiempo la mano de obra necesaria para hacer funcionar los gallineros. Un pionero de la industria llamado Peter van Agt descubri\u00f3 que colocar agua delante de los nidos mejoraba dr\u00e1sticamente el rendimiento, porque permit\u00eda a las aves encontrarlos m\u00e1s f\u00e1cilmente. Como las aves tienden a beber justo despu\u00e9s de su \u00abdesayuno\u00bb, durante el mismo periodo de tiempo en que suelen poner los huevos, se redujo la tasa de huevos de suelo. A partir de ah\u00ed, se integraron otras caracter\u00edsticas en el sistema, permitiendo a las aves saltar f\u00e1cilmente hacia arriba y hacia abajo. Las aves prosperaron en este entorno, y as\u00ed empez\u00f3 la era de los modernos aviarios de varios pisos, tambi\u00e9n llamados aviarios de estilo europeo o abiertos.    <\/p>\n\n\n\n<p>Hoy en d\u00eda, las pajareras de varios niveles, como los sistemas de pajarera VIKE de Chore-Time, incluyen tres niveles principales. Un nivel inferior permite a las aves moverse, picotear y escarbar. Un nivel de nido separado con agua anima a las gallinas a poner huevos all\u00ed, y un nivel superior con perchas proporciona una zona ideal para dormir. En este tipo de sistema, las aves tienden a dispersarse de forma natural, lo que ayuda a eliminar los puntos calientes dentro de las naves. Hay varios estilos de pajarera disponibles, cada uno con niveles diferentes para adaptarse a las distintas necesidades de las aves, como comer, beber y poner huevos, as\u00ed como a comportamientos naturales de las aves como ba\u00f1arse en el polvo y descansar.    <\/p>\n\n\n\n<h4 class=\"wp-block-heading\" id=\"h-a-bottom-level-allows-birds-to-move-around-peck-and-scratch-a-separate-nest-level-with-water-encourages-hens-to-lay-eggs-there-and-a-top-level-with-perches-provides-an-ideal-sleeping-area\"><em>Un nivel inferior permite a las aves moverse, picotear y escarbar. Un nivel de nido separado con agua anima a las gallinas a poner huevos all\u00ed, y un nivel superior con perchas proporciona una zona ideal para dormir. <\/em><\/h4>\n\n\n\n<p>Estos aviarios tambi\u00e9n proporcionan un entorno muy higi\u00e9nico para ayudar a las aves a prosperar, y reducen al m\u00ednimo la mano de obra necesaria para limpiar los gallineros. Adem\u00e1s, la calidad de los huevos se optimiza porque los nidos y los huevos se mantienen m\u00e1s limpios en estos sistemas, por lo que los criadores suelen conseguir m\u00e1s huevos de grado A por gallina. <\/p>\n<\/div><\/div>\n<\/div>\n<\/div>\n\n<div style=\"height:50px\" aria-hidden=\"true\" class=\"wp-block-spacer\"><\/div>\n\n<h2 class=\"has-text-align-center wp-block-heading\">Sistemas combinados<\/h2>\n\n<p>Sin embargo, las pajareras multinivel no eran el final de la cadena evolutiva. A principios de la d\u00e9cada de 2000, un grupo se dedic\u00f3 a dise\u00f1ar un nuevo sistema para mejorar los aviarios de varios pisos. Imaginadas como una jaula enriquecida sin puertas, estas pajareras combinadas, o \u00abcombi\u00bb, se desarrollaron con varios objetivos en mente:    <\/p>\n\n<ul class=\"wp-block-list\">\n<li>Reducir la importancia del entrenamiento de las pollitas<\/li>\n\n\n\n<li>Encierra a las aves durante las primeras semanas tras entrar en la pajarera  <\/li>\n\n\n\n<li>Minimizar el movimiento para disminuir el consumo de pienso  <\/li>\n\n\n\n<li>Reducir las necesidades de gesti\u00f3n<\/li>\n<\/ul>\n\n<p>Por desgracia, la teor\u00eda en que se basaban los aviarios combinados no se sostuvo tan bien como se hab\u00eda previsto, y la capacidad de reducir el consumo de pienso en un 1% aproximadamente fue el \u00fanico objetivo alcanzado. Por lo dem\u00e1s, los criadores descubrieron que el entrenamiento de las pollitas es igual de importante en estos sistemas. Adem\u00e1s, encerrar a las aves hizo que olvidaran gran parte de su entrenamiento y tambi\u00e9n provoc\u00f3 problemas de ventilaci\u00f3n. Adem\u00e1s, los sistemas combinados aumentaban en realidad la cantidad de gesti\u00f3n necesaria en las naves, porque las aves no se distribuyen tan bien de forma natural en este tipo de sistemas.   <br\/><br\/>Aunque los aviarios combinados siguen estando disponibles hoy en d\u00eda, han perdido cuota de mercado en favor de los aviarios de varios pisos. De hecho, los cultivadores europeos han dejado de utilizarlos casi por completo, no s\u00f3lo por sus deficiencias de rendimiento, sino tambi\u00e9n porque el p\u00fablico sigue percibiendo en gran medida estas soluciones como sistemas enjaulados. <br\/><br\/>La tendencia a los sistemas sin jaulas continuar\u00e1, debido a la creciente demanda de los consumidores, y lo mismo ocurrir\u00e1 con la mejora del dise\u00f1o de los aviarios. Hasta ahora, sin embargo, los aviarios de varios niveles han demostrado ser el eslab\u00f3n m\u00e1s fuerte en la cadena evolutiva de los sistemas que cumplen los requisitos de los sistemas sin jaulas. Se han desarrollado gracias a a\u00f1os de experiencia en la observaci\u00f3n de los comportamientos naturales de las aves y se han demostrado mediante un fuerte rendimiento de la inversi\u00f3n y bandadas sanas.  <\/p>\n<div class=\"wp-block-image\">\n<figure class=\"aligncenter size-full is-resized\"><img loading=\"lazy\" decoding=\"async\" src=\"https:\/\/www.choretime.com\/wp-content\/uploads\/2023\/03\/Chore-Time_Vike_100233-CA.jpeg\" alt=\"\" class=\"wp-image-3913\" width=\"700\" height=\"422\" srcset=\"https:\/\/www.choretime.com\/wp-content\/uploads\/2023\/03\/Chore-Time_Vike_100233-CA.jpeg 700w, https:\/\/www.choretime.com\/wp-content\/uploads\/2023\/03\/Chore-Time_Vike_100233-CA-300x181.jpeg 300w\" sizes=\"auto, (max-width: 700px) 100vw, 700px\" \/><figcaption class=\"wp-element-caption\">Sistema de Aviario VIKE de Tiempo de Tareas para Capas<\/figcaption><\/figure>\n<\/div>\n<div style=\"height:67px\" aria-hidden=\"true\" class=\"wp-block-spacer\"><\/div>\n<div class='choretime-literature' id='choretime-literature-0'><div class='choretime-literature-tabs'><div>Literatura<\/div><div>Manuales<\/div><div>Presupuesto<\/div><div>Libros blancos<\/div><\/div><div class='choretime-literature-panels'><div class='choretime-literature-panel choretime-literature-literature'><\/div><div class='choretime-literature-panel choretime-literature-manuals'><\/div><div class='choretime-literature-panel choretime-literature-specifications'><\/div><div class='choretime-literature-panel choretime-literature-whitepapers'><div><div><img src='https:\/\/www.choretime.com\/wp-content\/uploads\/2022\/12\/CT_2671_202010_Evolution_of_Aviary_Design_EM-pdf-232x300.jpg' alt='thumbnail'><\/div><div><div>Evolution of Aviary Design<\/div><div>Oct 2020<\/div><div><a href='https:\/\/www.choretime.com\/wp-content\/uploads\/2022\/12\/CT_2671_202010_Evolution_of_Aviary_Design_EM.pdf' target='_blank'>Web \/ Correo electr\u00f3nico: 443.5 kB<\/strong><\/a><\/div><div><\/div><\/div><\/div><div><div><img src='https:\/\/www.choretime.com\/wp-content\/uploads\/2022\/12\/CT_2671_202010_PL_Evolution_of_Aviary_Design_POLISH_em-pdf-232x300.jpg' alt='thumbnail'><\/div><div><div>Ewolucja  projektowania wolier<\/div><div>Oct 2020<\/div><div><a href='https:\/\/www.choretime.com\/wp-content\/uploads\/2022\/12\/CT_2671_202010_PL_Evolution_of_Aviary_Design_POLISH_em.pdf' target='_blank'>Web \/ Correo electr\u00f3nico: 475.03 kB<\/strong><\/a><\/div><div><\/div><\/div><\/div><div><div><img src='https:\/\/www.choretime.com\/wp-content\/uploads\/2023\/03\/CT_2671_202010_ES_Evolution_of_Aviary_Design_Spanish_EM-pdf-232x300.jpg' alt='thumbnail'><\/div><div><div>Evoluci\u00f3n del dise\u00f1o aviario<\/div><div>Oct 2020<\/div><div><a href='https:\/\/www.choretime.com\/wp-content\/uploads\/2023\/03\/CT_2671_202010_ES_Evolution_of_Aviary_Design_Spanish_EM.pdf' target='_blank'>Web \/ Correo electr\u00f3nico: 438.23 kB<\/strong><\/a><\/div><div><\/div><\/div><\/div><\/div><\/div><script>window.addEventListener('DOMContentLoaded', () => { setupLiterature('choretime-literature-0'); });<\/script><\/div>\n<div style=\"height:65px\" aria-hidden=\"true\" class=\"wp-block-spacer\"><\/div>\n\n<div class=\"wp-block-buttons is-content-justification-center is-layout-flex wp-container-core-buttons-is-layout-16018d1d wp-block-buttons-is-layout-flex\">\n<div class=\"wp-block-button has-custom-width wp-block-button__width-50 has-custom-font-size\" style=\"font-size:26px;letter-spacing:0px\"><a class=\"wp-block-button__link has-background wp-element-button\" href=\"https:\/\/www.choretime.com\/es\/literatura-y-videos\/\" style=\"background-color:#db293a\">Ver nuestra biblioteca de libros blancos<\/a><\/div>\n<\/div>\n\n<div style=\"height:100px\" aria-hidden=\"true\" class=\"wp-block-spacer\"><\/div>\n","protected":false},"excerpt":{"rendered":"<p>Libro Blanco: Evoluci\u00f3n del dise\u00f1o de las pajareras La evoluci\u00f3n del dise\u00f1o de las pajareras para conseguir el m\u00e1ximo bienestar y beneficio de las aves La tendencia a utilizar aviarios en la producci\u00f3n comercial de huevos sin jaulas es todav\u00eda bastante nueva en Norteam\u00e9rica. Sin embargo, estos sistemas se han utilizado con \u00e9xito en Europa [&hellip;]<\/p>\n","protected":false},"author":3,"featured_media":8733,"parent":0,"menu_order":0,"comment_status":"closed","ping_status":"closed","template":"","meta":{"_acf_changed":false,"_monsterinsights_skip_tracking":false,"_monsterinsights_sitenote_active":false,"_monsterinsights_sitenote_note":"","_monsterinsights_sitenote_category":0,"footnotes":""},"class_list":["post-9377","page","type-page","status-publish","has-post-thumbnail","hentry"],"acf":[],"yoast_head":"<!-- This site is optimized with the Yoast SEO Premium plugin v27.3 (Yoast SEO v27.3) - https:\/\/yoast.com\/product\/yoast-seo-premium-wordpress\/ -->\n<title>Libro Blanco: Evoluci\u00f3n del dise\u00f1o de las pajareras - Chore-Time<\/title>\n<meta name=\"description\" content=\"La tendencia de utilizar aviarios para la producci\u00f3n comercial de huevos sin jaulas es todav\u00eda bastante nueva en Am\u00e9rica del Norte. Obtenga m\u00e1s informaci\u00f3n.\" \/>\n<meta name=\"robots\" content=\"index, follow, max-snippet:-1, max-image-preview:large, max-video-preview:-1\" \/>\n<link rel=\"canonical\" href=\"https:\/\/www.choretime.com\/es\/libro-blanco-evolucion-del-diseno-de-las-pajareras\/\" \/>\n<meta property=\"og:locale\" content=\"es_ES\" \/>\n<meta property=\"og:type\" content=\"article\" \/>\n<meta property=\"og:title\" content=\"Libro Blanco: Evoluci\u00f3n del dise\u00f1o de las pajareras - Chore-Time\" \/>\n<meta property=\"og:description\" content=\"La tendencia de utilizar aviarios para la producci\u00f3n comercial de huevos sin jaulas es todav\u00eda bastante nueva en Am\u00e9rica del Norte. Obtenga m\u00e1s informaci\u00f3n.\" \/>\n<meta property=\"og:url\" content=\"https:\/\/www.choretime.com\/es\/libro-blanco-evolucion-del-diseno-de-las-pajareras\/\" \/>\n<meta property=\"og:site_name\" content=\"Chore-Time\" \/>\n<meta property=\"article:publisher\" content=\"https:\/\/www.facebook.com\/choretime1952\" \/>\n<meta property=\"article:modified_time\" content=\"2024-10-27T14:52:34+00:00\" \/>\n<meta property=\"og:image\" content=\"https:\/\/www.choretime.com\/wp-content\/uploads\/2023\/03\/Chore-Time_Aviary_165453-RCsm..jpg\" \/>\n<meta name=\"twitter:card\" content=\"summary_large_image\" \/>\n<meta name=\"twitter:title\" content=\"Libro Blanco: Evoluci\u00f3n del dise\u00f1o de las pajareras - Chore-Time\" \/>\n<meta name=\"twitter:image\" content=\"https:\/\/www.choretime.com\/wp-content\/uploads\/2023\/03\/Chore-Time_Aviary_165453-RCsm..jpg\" \/>\n<meta name=\"twitter:site\" content=\"@choretime\" \/>\n<meta name=\"twitter:label1\" content=\"Tiempo de lectura\" \/>\n\t<meta name=\"twitter:data1\" content=\"6 minutos\" \/>\n<script type=\"application\/ld+json\" class=\"yoast-schema-graph\">{\"@context\":\"https:\\\/\\\/schema.org\",\"@graph\":[{\"@type\":\"WebPage\",\"@id\":\"https:\\\/\\\/www.choretime.com\\\/es\\\/libro-blanco-evolucion-del-diseno-de-las-pajareras\\\/\",\"url\":\"https:\\\/\\\/www.choretime.com\\\/es\\\/libro-blanco-evolucion-del-diseno-de-las-pajareras\\\/\",\"name\":\"Libro Blanco: Evoluci\u00f3n del dise\u00f1o de las pajareras - Chore-Time\",\"isPartOf\":{\"@id\":\"https:\\\/\\\/www.choretime.com\\\/es\\\/#website\"},\"primaryImageOfPage\":{\"@id\":\"https:\\\/\\\/www.choretime.com\\\/es\\\/libro-blanco-evolucion-del-diseno-de-las-pajareras\\\/#primaryimage\"},\"image\":{\"@id\":\"https:\\\/\\\/www.choretime.com\\\/es\\\/libro-blanco-evolucion-del-diseno-de-las-pajareras\\\/#primaryimage\"},\"thumbnailUrl\":\"https:\\\/\\\/www.choretime.com\\\/wp-content\\\/uploads\\\/2023\\\/03\\\/Chore-Time_Aviary_165453-RCsm..jpg\",\"datePublished\":\"2023-03-09T16:03:17+00:00\",\"dateModified\":\"2024-10-27T14:52:34+00:00\",\"description\":\"La tendencia de utilizar aviarios para la producci\u00f3n comercial de huevos sin jaulas es todav\u00eda bastante nueva en Am\u00e9rica del Norte. Obtenga m\u00e1s informaci\u00f3n.\",\"breadcrumb\":{\"@id\":\"https:\\\/\\\/www.choretime.com\\\/es\\\/libro-blanco-evolucion-del-diseno-de-las-pajareras\\\/#breadcrumb\"},\"inLanguage\":\"es\",\"potentialAction\":[{\"@type\":\"ReadAction\",\"target\":[\"https:\\\/\\\/www.choretime.com\\\/es\\\/libro-blanco-evolucion-del-diseno-de-las-pajareras\\\/\"]}]},{\"@type\":\"ImageObject\",\"inLanguage\":\"es\",\"@id\":\"https:\\\/\\\/www.choretime.com\\\/es\\\/libro-blanco-evolucion-del-diseno-de-las-pajareras\\\/#primaryimage\",\"url\":\"https:\\\/\\\/www.choretime.com\\\/wp-content\\\/uploads\\\/2023\\\/03\\\/Chore-Time_Aviary_165453-RCsm..jpg\",\"contentUrl\":\"https:\\\/\\\/www.choretime.com\\\/wp-content\\\/uploads\\\/2023\\\/03\\\/Chore-Time_Aviary_165453-RCsm..jpg\",\"width\":700,\"height\":312},{\"@type\":\"BreadcrumbList\",\"@id\":\"https:\\\/\\\/www.choretime.com\\\/es\\\/libro-blanco-evolucion-del-diseno-de-las-pajareras\\\/#breadcrumb\",\"itemListElement\":[{\"@type\":\"ListItem\",\"position\":1,\"name\":\"Inicio\",\"item\":\"https:\\\/\\\/www.choretime.com\\\/es\\\/\"},{\"@type\":\"ListItem\",\"position\":2,\"name\":\"Libro Blanco: Evoluci\u00f3n del dise\u00f1o de las pajareras\"}]},{\"@type\":\"WebSite\",\"@id\":\"https:\\\/\\\/www.choretime.com\\\/es\\\/#website\",\"url\":\"https:\\\/\\\/www.choretime.com\\\/es\\\/\",\"name\":\"Chore-Time\",\"description\":\"Every. Day. PERFORMANCE.\u2122\",\"publisher\":{\"@id\":\"https:\\\/\\\/www.choretime.com\\\/es\\\/#organization\"},\"potentialAction\":[{\"@type\":\"SearchAction\",\"target\":{\"@type\":\"EntryPoint\",\"urlTemplate\":\"https:\\\/\\\/www.choretime.com\\\/es\\\/?s={search_term_string}\"},\"query-input\":{\"@type\":\"PropertyValueSpecification\",\"valueRequired\":true,\"valueName\":\"search_term_string\"}}],\"inLanguage\":\"es\"},{\"@type\":\"Organization\",\"@id\":\"https:\\\/\\\/www.choretime.com\\\/es\\\/#organization\",\"name\":\"Chore-Time\",\"url\":\"https:\\\/\\\/www.choretime.com\\\/es\\\/\",\"logo\":{\"@type\":\"ImageObject\",\"inLanguage\":\"es\",\"@id\":\"https:\\\/\\\/www.choretime.com\\\/es\\\/#\\\/schema\\\/logo\\\/image\\\/\",\"url\":\"https:\\\/\\\/www.choretime.com\\\/wp-content\\\/uploads\\\/2023\\\/02\\\/Chore-TimeCMYKoutline.png\",\"contentUrl\":\"https:\\\/\\\/www.choretime.com\\\/wp-content\\\/uploads\\\/2023\\\/02\\\/Chore-TimeCMYKoutline.png\",\"width\":1860,\"height\":703,\"caption\":\"Chore-Time\"},\"image\":{\"@id\":\"https:\\\/\\\/www.choretime.com\\\/es\\\/#\\\/schema\\\/logo\\\/image\\\/\"},\"sameAs\":[\"https:\\\/\\\/www.facebook.com\\\/choretime1952\",\"https:\\\/\\\/x.com\\\/choretime\",\"https:\\\/\\\/www.youtube.com\\\/choretime\",\"https:\\\/\\\/www.instagram.com\\\/choretime1952\\\/\",\"https:\\\/\\\/www.linkedin.com\\\/company\\\/choretime\\\/\"]}]}<\/script>\n<!-- \/ Yoast SEO Premium plugin. -->","yoast_head_json":{"title":"Libro Blanco: Evoluci\u00f3n del dise\u00f1o de las pajareras - Chore-Time","description":"La tendencia de utilizar aviarios para la producci\u00f3n comercial de huevos sin jaulas es todav\u00eda bastante nueva en Am\u00e9rica del Norte. Obtenga m\u00e1s informaci\u00f3n.","robots":{"index":"index","follow":"follow","max-snippet":"max-snippet:-1","max-image-preview":"max-image-preview:large","max-video-preview":"max-video-preview:-1"},"canonical":"https:\/\/www.choretime.com\/es\/libro-blanco-evolucion-del-diseno-de-las-pajareras\/","og_locale":"es_ES","og_type":"article","og_title":"Libro Blanco: Evoluci\u00f3n del dise\u00f1o de las pajareras - Chore-Time","og_description":"La tendencia de utilizar aviarios para la producci\u00f3n comercial de huevos sin jaulas es todav\u00eda bastante nueva en Am\u00e9rica del Norte. Obtenga m\u00e1s informaci\u00f3n.","og_url":"https:\/\/www.choretime.com\/es\/libro-blanco-evolucion-del-diseno-de-las-pajareras\/","og_site_name":"Chore-Time","article_publisher":"https:\/\/www.facebook.com\/choretime1952","article_modified_time":"2024-10-27T14:52:34+00:00","og_image":[{"url":"https:\/\/www.choretime.com\/wp-content\/uploads\/2023\/03\/Chore-Time_Aviary_165453-RCsm..jpg","type":"","width":"","height":""}],"twitter_card":"summary_large_image","twitter_title":"Libro Blanco: Evoluci\u00f3n del dise\u00f1o de las pajareras - Chore-Time","twitter_image":"https:\/\/www.choretime.com\/wp-content\/uploads\/2023\/03\/Chore-Time_Aviary_165453-RCsm..jpg","twitter_site":"@choretime","twitter_misc":{"Tiempo de lectura":"6 minutos"},"schema":{"@context":"https:\/\/schema.org","@graph":[{"@type":"WebPage","@id":"https:\/\/www.choretime.com\/es\/libro-blanco-evolucion-del-diseno-de-las-pajareras\/","url":"https:\/\/www.choretime.com\/es\/libro-blanco-evolucion-del-diseno-de-las-pajareras\/","name":"Libro Blanco: Evoluci\u00f3n del dise\u00f1o de las pajareras - Chore-Time","isPartOf":{"@id":"https:\/\/www.choretime.com\/es\/#website"},"primaryImageOfPage":{"@id":"https:\/\/www.choretime.com\/es\/libro-blanco-evolucion-del-diseno-de-las-pajareras\/#primaryimage"},"image":{"@id":"https:\/\/www.choretime.com\/es\/libro-blanco-evolucion-del-diseno-de-las-pajareras\/#primaryimage"},"thumbnailUrl":"https:\/\/www.choretime.com\/wp-content\/uploads\/2023\/03\/Chore-Time_Aviary_165453-RCsm..jpg","datePublished":"2023-03-09T16:03:17+00:00","dateModified":"2024-10-27T14:52:34+00:00","description":"La tendencia de utilizar aviarios para la producci\u00f3n comercial de huevos sin jaulas es todav\u00eda bastante nueva en Am\u00e9rica del Norte. Obtenga m\u00e1s informaci\u00f3n.","breadcrumb":{"@id":"https:\/\/www.choretime.com\/es\/libro-blanco-evolucion-del-diseno-de-las-pajareras\/#breadcrumb"},"inLanguage":"es","potentialAction":[{"@type":"ReadAction","target":["https:\/\/www.choretime.com\/es\/libro-blanco-evolucion-del-diseno-de-las-pajareras\/"]}]},{"@type":"ImageObject","inLanguage":"es","@id":"https:\/\/www.choretime.com\/es\/libro-blanco-evolucion-del-diseno-de-las-pajareras\/#primaryimage","url":"https:\/\/www.choretime.com\/wp-content\/uploads\/2023\/03\/Chore-Time_Aviary_165453-RCsm..jpg","contentUrl":"https:\/\/www.choretime.com\/wp-content\/uploads\/2023\/03\/Chore-Time_Aviary_165453-RCsm..jpg","width":700,"height":312},{"@type":"BreadcrumbList","@id":"https:\/\/www.choretime.com\/es\/libro-blanco-evolucion-del-diseno-de-las-pajareras\/#breadcrumb","itemListElement":[{"@type":"ListItem","position":1,"name":"Inicio","item":"https:\/\/www.choretime.com\/es\/"},{"@type":"ListItem","position":2,"name":"Libro Blanco: Evoluci\u00f3n del dise\u00f1o de las pajareras"}]},{"@type":"WebSite","@id":"https:\/\/www.choretime.com\/es\/#website","url":"https:\/\/www.choretime.com\/es\/","name":"Chore-Time","description":"Every. Day. PERFORMANCE.\u2122","publisher":{"@id":"https:\/\/www.choretime.com\/es\/#organization"},"potentialAction":[{"@type":"SearchAction","target":{"@type":"EntryPoint","urlTemplate":"https:\/\/www.choretime.com\/es\/?s={search_term_string}"},"query-input":{"@type":"PropertyValueSpecification","valueRequired":true,"valueName":"search_term_string"}}],"inLanguage":"es"},{"@type":"Organization","@id":"https:\/\/www.choretime.com\/es\/#organization","name":"Chore-Time","url":"https:\/\/www.choretime.com\/es\/","logo":{"@type":"ImageObject","inLanguage":"es","@id":"https:\/\/www.choretime.com\/es\/#\/schema\/logo\/image\/","url":"https:\/\/www.choretime.com\/wp-content\/uploads\/2023\/02\/Chore-TimeCMYKoutline.png","contentUrl":"https:\/\/www.choretime.com\/wp-content\/uploads\/2023\/02\/Chore-TimeCMYKoutline.png","width":1860,"height":703,"caption":"Chore-Time"},"image":{"@id":"https:\/\/www.choretime.com\/es\/#\/schema\/logo\/image\/"},"sameAs":["https:\/\/www.facebook.com\/choretime1952","https:\/\/x.com\/choretime","https:\/\/www.youtube.com\/choretime","https:\/\/www.instagram.com\/choretime1952\/","https:\/\/www.linkedin.com\/company\/choretime\/"]}]}},"_links":{"self":[{"href":"https:\/\/www.choretime.com\/es\/wp-json\/wp\/v2\/pages\/9377","targetHints":{"allow":["GET"]}}],"collection":[{"href":"https:\/\/www.choretime.com\/es\/wp-json\/wp\/v2\/pages"}],"about":[{"href":"https:\/\/www.choretime.com\/es\/wp-json\/wp\/v2\/types\/page"}],"author":[{"embeddable":true,"href":"https:\/\/www.choretime.com\/es\/wp-json\/wp\/v2\/users\/3"}],"replies":[{"embeddable":true,"href":"https:\/\/www.choretime.com\/es\/wp-json\/wp\/v2\/comments?post=9377"}],"version-history":[{"count":2,"href":"https:\/\/www.choretime.com\/es\/wp-json\/wp\/v2\/pages\/9377\/revisions"}],"predecessor-version":[{"id":9858,"href":"https:\/\/www.choretime.com\/es\/wp-json\/wp\/v2\/pages\/9377\/revisions\/9858"}],"wp:featuredmedia":[{"embeddable":true,"href":"https:\/\/www.choretime.com\/es\/wp-json\/wp\/v2\/media\/8733"}],"wp:attachment":[{"href":"https:\/\/www.choretime.com\/es\/wp-json\/wp\/v2\/media?parent=9377"}],"curies":[{"name":"wp","href":"https:\/\/api.w.org\/{rel}","templated":true}]}}