{"id":9396,"date":"2023-03-09T19:55:49","date_gmt":"2023-03-09T19:55:49","guid":{"rendered":"https:\/\/www.choretime.com\/tirar-las-bandejas\/"},"modified":"2024-10-27T14:52:34","modified_gmt":"2024-10-27T14:52:34","slug":"tirar-las-bandejas","status":"publish","type":"page","link":"https:\/\/www.choretime.com\/es\/tirar-las-bandejas\/","title":{"rendered":"Tirar las bandejas"},"content":{"rendered":"\n<div class=\"wp-block-columns is-layout-flex wp-container-core-columns-is-layout-9d6595d7 wp-block-columns-is-layout-flex\">\n<div class=\"wp-block-column is-layout-flow wp-block-column-is-layout-flow\" style=\"flex-basis:20%\"><\/div>\n\n\n\n<div class=\"wp-block-column is-layout-flow wp-block-column-is-layout-flow\" style=\"flex-basis:60%\">\n<figure class=\"wp-block-image alignfull size-full\"><img loading=\"lazy\" decoding=\"async\" width=\"700\" height=\"419\" src=\"https:\/\/www.choretime.com\/wp-content\/uploads\/2023\/03\/Trash-the-Trays.jpg\" alt=\"Tirar las bandejas\" class=\"wp-image-4023\" srcset=\"https:\/\/www.choretime.com\/wp-content\/uploads\/2023\/03\/Trash-the-Trays.jpg 700w, https:\/\/www.choretime.com\/wp-content\/uploads\/2023\/03\/Trash-the-Trays-300x180.jpg 300w\" sizes=\"auto, (max-width: 700px) 100vw, 700px\" \/><\/figure>\n\n\n\n<h1 class=\"wp-block-heading\" id=\"h-pick-up-more-savings-with-a-konavi-feeding-system\" style=\"text-transform:uppercase\">Consigue m\u00e1s ahorros con un sistema de alimentaci\u00f3n Konavi<\/h1>\n\n\n\n<p>Pon en marcha toda la cr\u00eda de tu gallinero con un Sistema de Alimentaci\u00f3n <sup>KONAVI\u00ae<\/sup> y elimina la necesidad de bandejas de alimentaci\u00f3n suplementaria. Los comederos <sup>KONAVI\u00ae<\/sup> tienen una altura de plato baja que permite a los pollitos comer desde el exterior del plato desde el primer d\u00eda. Sin bandejas que recoger y limpiar, ahorras costes de mano de obra y reduces el desperdicio de pienso. Tus aves tienen f\u00e1cil acceso al pienso de libre elecci\u00f3n de principio a fin.   <\/p>\n<\/div>\n\n\n\n<div class=\"wp-block-column is-layout-flow wp-block-column-is-layout-flow\" style=\"flex-basis:20%\"><\/div>\n<\/div>\n\n<div class=\"wp-block-columns is-layout-flex wp-container-core-columns-is-layout-9d6595d7 wp-block-columns-is-layout-flex\">\n<div class=\"wp-block-column is-layout-flow wp-block-column-is-layout-flow\" style=\"flex-basis:20%\">\n<div style=\"height:40px\" aria-hidden=\"true\" class=\"wp-block-spacer\"><\/div>\n<\/div>\n\n\n\n<div class=\"wp-block-column is-layout-flow wp-block-column-is-layout-flow\" style=\"flex-basis:60%\">\n<figure class=\"wp-block-embed is-type-video is-provider-youtube wp-block-embed-youtube wp-embed-aspect-16-9 wp-has-aspect-ratio\"><div class=\"wp-block-embed__wrapper\">\n<iframe loading=\"lazy\" title=\"KONAVI\u00ae: Eliminating Supplemental Feeding\" width=\"500\" height=\"281\" src=\"https:\/\/www.youtube.com\/embed\/vELPK-8GI3Q?feature=oembed\" frameborder=\"0\" allow=\"accelerometer; autoplay; clipboard-write; encrypted-media; gyroscope; picture-in-picture; web-share\" referrerpolicy=\"strict-origin-when-cross-origin\" allowfullscreen><\/iframe>\n<\/div><\/figure>\n\n\n\n<div style=\"height:34px\" aria-hidden=\"true\" class=\"wp-block-spacer\"><\/div>\n\n\n\n<figure class=\"wp-block-image alignfull size-full\"><img loading=\"lazy\" decoding=\"async\" width=\"700\" height=\"201\" src=\"https:\/\/www.choretime.com\/wp-content\/uploads\/2023\/04\/Chore-Time-Konavi-Feeder.jpeg\" alt=\"Chore-Time&#xAE; Crezcamos juntos&#xAE; www.choretime.com\" class=\"wp-image-4533\" srcset=\"https:\/\/www.choretime.com\/wp-content\/uploads\/2023\/04\/Chore-Time-Konavi-Feeder.jpeg 700w, https:\/\/www.choretime.com\/wp-content\/uploads\/2023\/04\/Chore-Time-Konavi-Feeder-300x86.jpeg 300w\" sizes=\"auto, (max-width: 700px) 100vw, 700px\" \/><\/figure>\n<\/div>\n\n\n\n<div class=\"wp-block-column is-layout-flow wp-block-column-is-layout-flow\" style=\"flex-basis:20%\"><\/div>\n<\/div>\n\n<div class=\"wp-block-buttons is-vertical is-content-justification-center is-layout-flex wp-container-core-buttons-is-layout-9a7cdcfd wp-block-buttons-is-layout-flex\">\n<div class=\"wp-block-button has-custom-width wp-block-button__width-50 has-custom-font-size\" style=\"font-size:26px;letter-spacing:0px\"><a class=\"wp-block-button__link has-background wp-element-button\" href=\"https:\/\/www.choretime.com\/es\/localizador-de-distribuidores\/\" style=\"background-color:#db293a\" target=\"_blank\" rel=\"noreferrer noopener\">Encuentra tu distribuidor<\/a><\/div>\n\n\n\n<div class=\"wp-block-button has-custom-width wp-block-button__width-50 has-custom-font-size\" style=\"font-size:26px;letter-spacing:0px\"><a class=\"wp-block-button__link has-background wp-element-button\" href=\"https:\/\/www.choretime.com\/product\/konavi-feeder-for-broilers\/\" style=\"background-color:#db293a\" target=\"_blank\" rel=\"noreferrer noopener\">M\u00e1s informaci\u00f3n sobre el Sistema de Alimentaci\u00f3n KONAVI<\/a><\/div>\n<\/div>\n\n<div style=\"height:36px\" aria-hidden=\"true\" class=\"wp-block-spacer\"><\/div>\n<div class='choretime-literature' id='choretime-literature-0'><div class='choretime-literature-tabs'><div>Literatura<\/div><div>Manuales<\/div><div>Presupuesto<\/div><div>Libros blancos<\/div><\/div><div class='choretime-literature-panels'><div class='choretime-literature-panel choretime-literature-literature'><\/div><div class='choretime-literature-panel choretime-literature-manuals'><\/div><div class='choretime-literature-panel choretime-literature-specifications'><\/div><div class='choretime-literature-panel choretime-literature-whitepapers'><div><div><img src='https:\/\/www.choretime.com\/wp-content\/uploads\/2023\/03\/CT-2671-202106-Eliminating-Supplemental-Chick-Feeders-em-pdf-232x300.jpg' alt='thumbnail'><\/div><div><div>Eliminating Supplemental Chick Feeders<\/div><div>Jun 2021<\/div><div><a href='https:\/\/www.choretime.com\/wp-content\/uploads\/2023\/03\/CT-2671-202106-Eliminating-Supplemental-Chick-Feeders-em.pdf' target='_blank'>Web \/ Correo electr\u00f3nico: 471.66 kB<\/strong><\/a><\/div><div><\/div><\/div><\/div><div><div><img src='https:\/\/www.choretime.com\/wp-content\/uploads\/2023\/03\/CT-2671-202106-ES-Eliminating-Supplemental-Chick-Feeders-Spanish-EM-pdf-232x300.jpg' alt='thumbnail'><\/div><div><div>Eliminaci\u00f3n de los comederos suplementarios para pollitos<\/div><div>Jun 2021<\/div><div><a href='https:\/\/www.choretime.com\/wp-content\/uploads\/2023\/03\/CT-2671-202106-ES-Eliminating-Supplemental-Chick-Feeders-Spanish-EM.pdf' target='_blank'>Web \/ Correo electr\u00f3nico: 442.43 kB<\/strong><\/a><\/div><div><\/div><\/div><\/div><\/div><\/div><script>window.addEventListener('DOMContentLoaded', () => { setupLiterature('choretime-literature-0'); });<\/script><\/div>\n<div style=\"height:100px\" aria-hidden=\"true\" class=\"wp-block-spacer\"><\/div>\n","protected":false},"excerpt":{"rendered":"<p>Consigue m\u00e1s ahorros con un sistema de alimentaci\u00f3n Konavi Pon en marcha toda la cr\u00eda de tu gallinero con un Sistema de Alimentaci\u00f3n KONAVI\u00ae y elimina la necesidad de bandejas de alimentaci\u00f3n suplementaria. Los comederos KONAVI\u00ae tienen una altura de plato baja que permite a los pollitos comer desde el exterior del plato desde el [&hellip;]<\/p>\n","protected":false},"author":3,"featured_media":8757,"parent":0,"menu_order":0,"comment_status":"closed","ping_status":"closed","template":"","meta":{"_acf_changed":false,"_monsterinsights_skip_tracking":false,"_monsterinsights_sitenote_active":false,"_monsterinsights_sitenote_note":"","_monsterinsights_sitenote_category":0,"footnotes":""},"class_list":["post-9396","page","type-page","status-publish","has-post-thumbnail","hentry"],"acf":[],"yoast_head":"<!-- This site is optimized with the Yoast SEO Premium plugin v27.3 (Yoast SEO v27.3) - https:\/\/yoast.com\/product\/yoast-seo-premium-wordpress\/ -->\n<title>Tirar las bandejas - Chore-Time<\/title>\n<meta name=\"description\" content=\"Comience la cr\u00eda de toda su casa con un sistema de alimentaci\u00f3n KONAVI\u00ae y elimine la necesidad de bandejas de alimentaci\u00f3n suplementarias.\" \/>\n<meta name=\"robots\" content=\"index, follow, max-snippet:-1, max-image-preview:large, max-video-preview:-1\" \/>\n<link rel=\"canonical\" href=\"https:\/\/www.choretime.com\/es\/tirar-las-bandejas\/\" \/>\n<meta property=\"og:locale\" content=\"es_ES\" \/>\n<meta property=\"og:type\" content=\"article\" \/>\n<meta property=\"og:title\" content=\"Tirar las bandejas - Chore-Time\" \/>\n<meta property=\"og:description\" content=\"Comience la cr\u00eda de toda su casa con un sistema de alimentaci\u00f3n KONAVI\u00ae y elimine la necesidad de bandejas de alimentaci\u00f3n suplementarias.\" \/>\n<meta property=\"og:url\" content=\"https:\/\/www.choretime.com\/es\/tirar-las-bandejas\/\" \/>\n<meta property=\"og:site_name\" content=\"Chore-Time\" \/>\n<meta property=\"article:publisher\" content=\"https:\/\/www.facebook.com\/choretime1952\" \/>\n<meta property=\"article:modified_time\" content=\"2024-10-27T14:52:34+00:00\" \/>\n<meta property=\"og:image\" content=\"https:\/\/www.choretime.com\/wp-content\/uploads\/2023\/03\/Trash-the-Trays.jpg\" \/>\n<meta name=\"twitter:card\" content=\"summary_large_image\" \/>\n<meta name=\"twitter:title\" content=\"Tirar las bandejas - Chore-Time\" \/>\n<meta name=\"twitter:image\" content=\"https:\/\/www.choretime.com\/wp-content\/uploads\/2023\/03\/Trash-the-Trays.jpg\" \/>\n<meta name=\"twitter:site\" content=\"@choretime\" \/>\n<meta name=\"twitter:label1\" content=\"Tiempo de lectura\" \/>\n\t<meta name=\"twitter:data1\" content=\"1 minuto\" \/>\n<script type=\"application\/ld+json\" class=\"yoast-schema-graph\">{\"@context\":\"https:\\\/\\\/schema.org\",\"@graph\":[{\"@type\":\"WebPage\",\"@id\":\"https:\\\/\\\/www.choretime.com\\\/es\\\/tirar-las-bandejas\\\/\",\"url\":\"https:\\\/\\\/www.choretime.com\\\/es\\\/tirar-las-bandejas\\\/\",\"name\":\"Tirar las bandejas - Chore-Time\",\"isPartOf\":{\"@id\":\"https:\\\/\\\/www.choretime.com\\\/es\\\/#website\"},\"primaryImageOfPage\":{\"@id\":\"https:\\\/\\\/www.choretime.com\\\/es\\\/tirar-las-bandejas\\\/#primaryimage\"},\"image\":{\"@id\":\"https:\\\/\\\/www.choretime.com\\\/es\\\/tirar-las-bandejas\\\/#primaryimage\"},\"thumbnailUrl\":\"https:\\\/\\\/www.choretime.com\\\/wp-content\\\/uploads\\\/2023\\\/03\\\/Trash-the-Trays.jpg\",\"datePublished\":\"2023-03-09T19:55:49+00:00\",\"dateModified\":\"2024-10-27T14:52:34+00:00\",\"description\":\"Comience la cr\u00eda de toda su casa con un sistema de alimentaci\u00f3n KONAVI\u00ae y elimine la necesidad de bandejas de alimentaci\u00f3n suplementarias.\",\"breadcrumb\":{\"@id\":\"https:\\\/\\\/www.choretime.com\\\/es\\\/tirar-las-bandejas\\\/#breadcrumb\"},\"inLanguage\":\"es\",\"potentialAction\":[{\"@type\":\"ReadAction\",\"target\":[\"https:\\\/\\\/www.choretime.com\\\/es\\\/tirar-las-bandejas\\\/\"]}]},{\"@type\":\"ImageObject\",\"inLanguage\":\"es\",\"@id\":\"https:\\\/\\\/www.choretime.com\\\/es\\\/tirar-las-bandejas\\\/#primaryimage\",\"url\":\"https:\\\/\\\/www.choretime.com\\\/wp-content\\\/uploads\\\/2023\\\/03\\\/Trash-the-Trays.jpg\",\"contentUrl\":\"https:\\\/\\\/www.choretime.com\\\/wp-content\\\/uploads\\\/2023\\\/03\\\/Trash-the-Trays.jpg\",\"width\":700,\"height\":419},{\"@type\":\"BreadcrumbList\",\"@id\":\"https:\\\/\\\/www.choretime.com\\\/es\\\/tirar-las-bandejas\\\/#breadcrumb\",\"itemListElement\":[{\"@type\":\"ListItem\",\"position\":1,\"name\":\"Inicio\",\"item\":\"https:\\\/\\\/www.choretime.com\\\/es\\\/\"},{\"@type\":\"ListItem\",\"position\":2,\"name\":\"Tirar las bandejas\"}]},{\"@type\":\"WebSite\",\"@id\":\"https:\\\/\\\/www.choretime.com\\\/es\\\/#website\",\"url\":\"https:\\\/\\\/www.choretime.com\\\/es\\\/\",\"name\":\"Chore-Time\",\"description\":\"Every. Day. PERFORMANCE.\u2122\",\"publisher\":{\"@id\":\"https:\\\/\\\/www.choretime.com\\\/es\\\/#organization\"},\"potentialAction\":[{\"@type\":\"SearchAction\",\"target\":{\"@type\":\"EntryPoint\",\"urlTemplate\":\"https:\\\/\\\/www.choretime.com\\\/es\\\/?s={search_term_string}\"},\"query-input\":{\"@type\":\"PropertyValueSpecification\",\"valueRequired\":true,\"valueName\":\"search_term_string\"}}],\"inLanguage\":\"es\"},{\"@type\":\"Organization\",\"@id\":\"https:\\\/\\\/www.choretime.com\\\/es\\\/#organization\",\"name\":\"Chore-Time\",\"url\":\"https:\\\/\\\/www.choretime.com\\\/es\\\/\",\"logo\":{\"@type\":\"ImageObject\",\"inLanguage\":\"es\",\"@id\":\"https:\\\/\\\/www.choretime.com\\\/es\\\/#\\\/schema\\\/logo\\\/image\\\/\",\"url\":\"https:\\\/\\\/www.choretime.com\\\/wp-content\\\/uploads\\\/2023\\\/02\\\/Chore-TimeCMYKoutline.png\",\"contentUrl\":\"https:\\\/\\\/www.choretime.com\\\/wp-content\\\/uploads\\\/2023\\\/02\\\/Chore-TimeCMYKoutline.png\",\"width\":1860,\"height\":703,\"caption\":\"Chore-Time\"},\"image\":{\"@id\":\"https:\\\/\\\/www.choretime.com\\\/es\\\/#\\\/schema\\\/logo\\\/image\\\/\"},\"sameAs\":[\"https:\\\/\\\/www.facebook.com\\\/choretime1952\",\"https:\\\/\\\/x.com\\\/choretime\",\"https:\\\/\\\/www.youtube.com\\\/choretime\",\"https:\\\/\\\/www.instagram.com\\\/choretime1952\\\/\",\"https:\\\/\\\/www.linkedin.com\\\/company\\\/choretime\\\/\"]}]}<\/script>\n<!-- \/ Yoast SEO Premium plugin. -->","yoast_head_json":{"title":"Tirar las bandejas - Chore-Time","description":"Comience la cr\u00eda de toda su casa con un sistema de alimentaci\u00f3n KONAVI\u00ae y elimine la necesidad de bandejas de alimentaci\u00f3n suplementarias.","robots":{"index":"index","follow":"follow","max-snippet":"max-snippet:-1","max-image-preview":"max-image-preview:large","max-video-preview":"max-video-preview:-1"},"canonical":"https:\/\/www.choretime.com\/es\/tirar-las-bandejas\/","og_locale":"es_ES","og_type":"article","og_title":"Tirar las bandejas - Chore-Time","og_description":"Comience la cr\u00eda de toda su casa con un sistema de alimentaci\u00f3n KONAVI\u00ae y elimine la necesidad de bandejas de alimentaci\u00f3n suplementarias.","og_url":"https:\/\/www.choretime.com\/es\/tirar-las-bandejas\/","og_site_name":"Chore-Time","article_publisher":"https:\/\/www.facebook.com\/choretime1952","article_modified_time":"2024-10-27T14:52:34+00:00","og_image":[{"url":"https:\/\/www.choretime.com\/wp-content\/uploads\/2023\/03\/Trash-the-Trays.jpg","type":"","width":"","height":""}],"twitter_card":"summary_large_image","twitter_title":"Tirar las bandejas - Chore-Time","twitter_image":"https:\/\/www.choretime.com\/wp-content\/uploads\/2023\/03\/Trash-the-Trays.jpg","twitter_site":"@choretime","twitter_misc":{"Tiempo de lectura":"1 minuto"},"schema":{"@context":"https:\/\/schema.org","@graph":[{"@type":"WebPage","@id":"https:\/\/www.choretime.com\/es\/tirar-las-bandejas\/","url":"https:\/\/www.choretime.com\/es\/tirar-las-bandejas\/","name":"Tirar las bandejas - Chore-Time","isPartOf":{"@id":"https:\/\/www.choretime.com\/es\/#website"},"primaryImageOfPage":{"@id":"https:\/\/www.choretime.com\/es\/tirar-las-bandejas\/#primaryimage"},"image":{"@id":"https:\/\/www.choretime.com\/es\/tirar-las-bandejas\/#primaryimage"},"thumbnailUrl":"https:\/\/www.choretime.com\/wp-content\/uploads\/2023\/03\/Trash-the-Trays.jpg","datePublished":"2023-03-09T19:55:49+00:00","dateModified":"2024-10-27T14:52:34+00:00","description":"Comience la cr\u00eda de toda su casa con un sistema de alimentaci\u00f3n KONAVI\u00ae y elimine la necesidad de bandejas de alimentaci\u00f3n suplementarias.","breadcrumb":{"@id":"https:\/\/www.choretime.com\/es\/tirar-las-bandejas\/#breadcrumb"},"inLanguage":"es","potentialAction":[{"@type":"ReadAction","target":["https:\/\/www.choretime.com\/es\/tirar-las-bandejas\/"]}]},{"@type":"ImageObject","inLanguage":"es","@id":"https:\/\/www.choretime.com\/es\/tirar-las-bandejas\/#primaryimage","url":"https:\/\/www.choretime.com\/wp-content\/uploads\/2023\/03\/Trash-the-Trays.jpg","contentUrl":"https:\/\/www.choretime.com\/wp-content\/uploads\/2023\/03\/Trash-the-Trays.jpg","width":700,"height":419},{"@type":"BreadcrumbList","@id":"https:\/\/www.choretime.com\/es\/tirar-las-bandejas\/#breadcrumb","itemListElement":[{"@type":"ListItem","position":1,"name":"Inicio","item":"https:\/\/www.choretime.com\/es\/"},{"@type":"ListItem","position":2,"name":"Tirar las bandejas"}]},{"@type":"WebSite","@id":"https:\/\/www.choretime.com\/es\/#website","url":"https:\/\/www.choretime.com\/es\/","name":"Chore-Time","description":"Every. Day. PERFORMANCE.\u2122","publisher":{"@id":"https:\/\/www.choretime.com\/es\/#organization"},"potentialAction":[{"@type":"SearchAction","target":{"@type":"EntryPoint","urlTemplate":"https:\/\/www.choretime.com\/es\/?s={search_term_string}"},"query-input":{"@type":"PropertyValueSpecification","valueRequired":true,"valueName":"search_term_string"}}],"inLanguage":"es"},{"@type":"Organization","@id":"https:\/\/www.choretime.com\/es\/#organization","name":"Chore-Time","url":"https:\/\/www.choretime.com\/es\/","logo":{"@type":"ImageObject","inLanguage":"es","@id":"https:\/\/www.choretime.com\/es\/#\/schema\/logo\/image\/","url":"https:\/\/www.choretime.com\/wp-content\/uploads\/2023\/02\/Chore-TimeCMYKoutline.png","contentUrl":"https:\/\/www.choretime.com\/wp-content\/uploads\/2023\/02\/Chore-TimeCMYKoutline.png","width":1860,"height":703,"caption":"Chore-Time"},"image":{"@id":"https:\/\/www.choretime.com\/es\/#\/schema\/logo\/image\/"},"sameAs":["https:\/\/www.facebook.com\/choretime1952","https:\/\/x.com\/choretime","https:\/\/www.youtube.com\/choretime","https:\/\/www.instagram.com\/choretime1952\/","https:\/\/www.linkedin.com\/company\/choretime\/"]}]}},"_links":{"self":[{"href":"https:\/\/www.choretime.com\/es\/wp-json\/wp\/v2\/pages\/9396","targetHints":{"allow":["GET"]}}],"collection":[{"href":"https:\/\/www.choretime.com\/es\/wp-json\/wp\/v2\/pages"}],"about":[{"href":"https:\/\/www.choretime.com\/es\/wp-json\/wp\/v2\/types\/page"}],"author":[{"embeddable":true,"href":"https:\/\/www.choretime.com\/es\/wp-json\/wp\/v2\/users\/3"}],"replies":[{"embeddable":true,"href":"https:\/\/www.choretime.com\/es\/wp-json\/wp\/v2\/comments?post=9396"}],"version-history":[{"count":1,"href":"https:\/\/www.choretime.com\/es\/wp-json\/wp\/v2\/pages\/9396\/revisions"}],"predecessor-version":[{"id":9400,"href":"https:\/\/www.choretime.com\/es\/wp-json\/wp\/v2\/pages\/9396\/revisions\/9400"}],"wp:featuredmedia":[{"embeddable":true,"href":"https:\/\/www.choretime.com\/es\/wp-json\/wp\/v2\/media\/8757"}],"wp:attachment":[{"href":"https:\/\/www.choretime.com\/es\/wp-json\/wp\/v2\/media?parent=9396"}],"curies":[{"name":"wp","href":"https:\/\/api.w.org\/{rel}","templated":true}]}}