{"id":9398,"date":"2023-03-09T20:02:37","date_gmt":"2023-03-09T20:02:37","guid":{"rendered":"https:\/\/www.choretime.com\/entrenalos-como-un-profesional\/"},"modified":"2026-04-30T14:45:06","modified_gmt":"2026-04-30T14:45:06","slug":"entrenalos-como-un-profesional","status":"publish","type":"page","link":"https:\/\/www.choretime.com\/es\/entrenalos-como-un-profesional\/","title":{"rendered":"Entr\u00e9nalos como un profesional"},"content":{"rendered":"\n<h1 class=\"wp-block-heading\" id=\"h-train-them-like-a-pro\">Entr\u00e9nalos como un <sup>profesional<\/sup><\/h1>\n\n<h2 class=\"wp-block-heading\" id=\"h-transition-time\">Tiempo de transici\u00f3n<\/h2>\n\n<p>Cuando nace un ave, tiene unas 17 semanas antes de que se produzca la transici\u00f3n a un aviario de ponedoras. Y cuanto antes pueda aclimatarse el ave a esta nueva instalaci\u00f3n, mejor ser\u00e1 su rendimiento. <\/p>\n\n<p>Imagina una pollita criada en un sistema de cr\u00eda en el suelo. Durante 17 semanas se adapta a un entorno de un solo nivel con m\u00ednimas zonas de posado. Tiene pocos motivos para saltar o moverse verticalmente para encontrar lo que necesita. Luego, cuando se traslada a un aviario de ponedoras, se encuentra con suelos de listones, y necesita saltar y moverse verticalmente para alcanzar comederos, bebederos y nidos.   <\/p>\n\n<p>\u00bfTe parece \u00e9ste el momento adecuado para empezar a entrenar a una gallina?<\/p>\n\n<p>Para garantizar el m\u00e1ximo rendimiento de las aves, debes empezar a entrenarlas para la vida en aviario desde el primer d\u00eda.<\/p>\n\n<h2 class=\"wp-block-heading\" id=\"h-the-chore-time-evolution-rearing-system-helps-you-train-them-like-a-pro\">El sistema de crianza Chore-Time eVOLUTION\u2122 te ayuda <em>a entrenarlos como un profesional<\/em> <sup>\u00ae<\/sup><\/h2>\n\n<p>Nuestro <a href=\"https:\/\/www.choretime.com\/es\/product\/sistema-de-cria-de-huevos-volution\/\" type=\"choretime-product\" id=\"1872\">sistema de cr\u00eda eVOLUTION\u2122<\/a> se adapta al comportamiento natural de las aves, entrenando a las pollitas para saltar, moverse y posarse desde el principio, prepar\u00e1ndolas de forma \u00f3ptima tanto para sistemas de aviario como para la producci\u00f3n de huevos en suelo. Adem\u00e1s, facilita el manejo de las aves y requiere menos mano de obra que los sistemas de suelo o de suelo con plataforma. <\/p>\n\n<ul class=\"wp-block-list\">\n<li>Las alturas de las l\u00edneas de bebederos y las plataformas del interior del sistema son ajustables para fomentar los saltos, ayudando a desarrollar la fuerza muscular y \u00f3sea de las pollitas.<\/li>\n\n\n\n<li>Las perchas extensibles ayudan a las aves a acceder al nivel superior, anim\u00e1ndolas a explorar el espacio vertical y prepar\u00e1ndolas para su futuro entorno de aviario de ponedoras.<\/li>\n\n\n\n<li>Las puertas correderas dobles, las vallas de malla met\u00e1lica plegables bajo las filas y los tabiques a lo largo y ancho en el interior del sistema permiten la m\u00e1xima gesti\u00f3n de las aves, al tiempo que requieren muy poca mano de obra o experiencia en aviarios.<\/li>\n\n\n\n<li>Dado que todo el sistema se asemeja a un aviario de gallinas ponedoras, el sistema de cr\u00eda eVOLUTION prepara a las pollitas para un rendimiento \u00f3ptimo una vez que se realiza la transici\u00f3n.<\/li>\n<\/ul>\n<div class=\"wp-block-image\">\n<figure class=\"aligncenter size-full\"><img loading=\"lazy\" decoding=\"async\" width=\"700\" height=\"523\" src=\"https:\/\/www.choretime.com\/wp-content\/uploads\/2023\/03\/Diagram2.jpeg\" alt=\"\" class=\"wp-image-4044\" srcset=\"https:\/\/www.choretime.com\/wp-content\/uploads\/2023\/03\/Diagram2.jpeg 700w, https:\/\/www.choretime.com\/wp-content\/uploads\/2023\/03\/Diagram2-300x224.jpeg 300w\" sizes=\"auto, (max-width: 700px) 100vw, 700px\" \/><\/figure>\n<\/div>\n<p>Este v\u00eddeo ilustra el importante papel de las perchas extensibles para ayudar a las aves a aprender a saltar de un nivel a otro.<\/p>\n\n<figure class=\"wp-block-embed is-type-video is-provider-youtube wp-block-embed-youtube wp-embed-aspect-16-9 wp-has-aspect-ratio\"><div class=\"wp-block-embed__wrapper\">\n<iframe loading=\"lazy\" title=\"Chore-Time eVOLUTION\u2122 Perches\" width=\"500\" height=\"281\" src=\"https:\/\/www.youtube.com\/embed\/KEnHFIQnYzA?feature=oembed\" frameborder=\"0\" allow=\"accelerometer; autoplay; clipboard-write; encrypted-media; gyroscope; picture-in-picture; web-share\" referrerpolicy=\"strict-origin-when-cross-origin\" allowfullscreen><\/iframe>\n<\/div><\/figure>\n\n<div style=\"height:32px\" aria-hidden=\"true\" class=\"wp-block-spacer\"><\/div>\n\n<div style=\"height:32px\" aria-hidden=\"true\" class=\"wp-block-spacer\"><\/div>\n\n<div class=\"wp-block-buttons is-vertical is-content-justification-center is-layout-flex wp-container-core-buttons-is-layout-9a7cdcfd wp-block-buttons-is-layout-flex\">\n<div class=\"wp-block-button has-custom-width wp-block-button__width-50\"><a class=\"wp-block-button__link has-background has-custom-font-size wp-element-button\" href=\"https:\/\/www.choretime.com\/es\/product\/sistema-de-cria-de-huevos-volution\/\" style=\"background-color:#db293a;font-size:26px;letter-spacing:0px\" target=\"_blank\" rel=\"noreferrer noopener\">Obt\u00e9n m\u00e1s informaci\u00f3n sobre eVOLUTION\u2122<\/a><\/div>\n\n\n\n<div class=\"wp-block-button has-custom-width wp-block-button__width-50\"><a class=\"wp-block-button__link has-background has-custom-font-size wp-element-button\" href=\"https:\/\/www.choretime.com\/es\/localizador-de-distribuidores\/\" style=\"background-color:#db293a;font-size:26px;letter-spacing:0px\" target=\"_blank\" rel=\"noreferrer noopener\">Encuentra tu distribuidor<\/a><\/div>\n<\/div>\n\n<div style=\"height:100px\" aria-hidden=\"true\" class=\"wp-block-spacer\"><\/div>\n","protected":false},"excerpt":{"rendered":"<p>Entr\u00e9nalos como un profesional Tiempo de transici\u00f3n Cuando nace un ave, tiene unas 17 semanas antes de que se produzca la transici\u00f3n a un aviario de ponedoras. Y cuanto antes pueda aclimatarse el ave a esta nueva instalaci\u00f3n, mejor ser\u00e1 su rendimiento. Imagina una pollita criada en un sistema de cr\u00eda en el suelo. Durante [&hellip;]<\/p>\n","protected":false},"author":3,"featured_media":8761,"parent":0,"menu_order":0,"comment_status":"closed","ping_status":"closed","template":"","meta":{"_acf_changed":false,"_monsterinsights_skip_tracking":false,"_monsterinsights_sitenote_active":false,"_monsterinsights_sitenote_note":"","_monsterinsights_sitenote_category":0,"footnotes":""},"class_list":["post-9398","page","type-page","status-publish","has-post-thumbnail","hentry"],"acf":[],"yoast_head":"<!-- This site is optimized with the Yoast SEO Premium plugin v27.3 (Yoast SEO v27.3) - https:\/\/yoast.com\/product\/yoast-seo-premium-wordpress\/ -->\n<title>Entr\u00e9nalos como un profesional - Chore-Time<\/title>\n<meta name=\"description\" content=\"Nuestro sistema de cr\u00eda eVOLUTION se adapta al comportamiento natural de las aves, entrenando a las pollitas para que salten, se muevan y se posen desde el principio.\" \/>\n<meta name=\"robots\" content=\"index, follow, max-snippet:-1, max-image-preview:large, max-video-preview:-1\" \/>\n<link rel=\"canonical\" href=\"https:\/\/www.choretime.com\/es\/entrenalos-como-un-profesional\/\" \/>\n<meta property=\"og:locale\" content=\"es_ES\" \/>\n<meta property=\"og:type\" content=\"article\" \/>\n<meta property=\"og:title\" content=\"Entr\u00e9nalos como un profesional - Chore-Time\" \/>\n<meta property=\"og:description\" content=\"Nuestro sistema de cr\u00eda eVOLUTION se adapta al comportamiento natural de las aves, entrenando a las pollitas para que salten, se muevan y se posen desde el principio.\" \/>\n<meta property=\"og:url\" content=\"https:\/\/www.choretime.com\/es\/entrenalos-como-un-profesional\/\" \/>\n<meta property=\"og:site_name\" content=\"Chore-Time\" \/>\n<meta property=\"article:publisher\" content=\"https:\/\/www.facebook.com\/choretime1952\" \/>\n<meta property=\"article:modified_time\" content=\"2026-04-30T14:45:06+00:00\" \/>\n<meta property=\"og:image\" content=\"https:\/\/www.choretime.com\/wp-content\/uploads\/2023\/03\/Diagram2.jpeg\" \/>\n<meta name=\"twitter:card\" content=\"summary_large_image\" \/>\n<meta name=\"twitter:title\" content=\"Entr\u00e9nalos como un profesional - Chore-Time\" \/>\n<meta name=\"twitter:image\" content=\"https:\/\/www.choretime.com\/wp-content\/uploads\/2023\/03\/Diagram2.jpeg\" \/>\n<meta name=\"twitter:site\" content=\"@choretime\" \/>\n<meta name=\"twitter:label1\" content=\"Tiempo de lectura\" \/>\n\t<meta name=\"twitter:data1\" content=\"2 minutos\" \/>\n<script type=\"application\/ld+json\" class=\"yoast-schema-graph\">{\"@context\":\"https:\\\/\\\/schema.org\",\"@graph\":[{\"@type\":\"WebPage\",\"@id\":\"https:\\\/\\\/www.choretime.com\\\/es\\\/entrenalos-como-un-profesional\\\/\",\"url\":\"https:\\\/\\\/www.choretime.com\\\/es\\\/entrenalos-como-un-profesional\\\/\",\"name\":\"Entr\u00e9nalos como un profesional - Chore-Time\",\"isPartOf\":{\"@id\":\"https:\\\/\\\/www.choretime.com\\\/es\\\/#website\"},\"primaryImageOfPage\":{\"@id\":\"https:\\\/\\\/www.choretime.com\\\/es\\\/entrenalos-como-un-profesional\\\/#primaryimage\"},\"image\":{\"@id\":\"https:\\\/\\\/www.choretime.com\\\/es\\\/entrenalos-como-un-profesional\\\/#primaryimage\"},\"thumbnailUrl\":\"https:\\\/\\\/www.choretime.com\\\/wp-content\\\/uploads\\\/2023\\\/03\\\/Diagram2.jpeg\",\"datePublished\":\"2023-03-09T20:02:37+00:00\",\"dateModified\":\"2026-04-30T14:45:06+00:00\",\"description\":\"Nuestro sistema de cr\u00eda eVOLUTION se adapta al comportamiento natural de las aves, entrenando a las pollitas para que salten, se muevan y se posen desde el principio.\",\"breadcrumb\":{\"@id\":\"https:\\\/\\\/www.choretime.com\\\/es\\\/entrenalos-como-un-profesional\\\/#breadcrumb\"},\"inLanguage\":\"es\",\"potentialAction\":[{\"@type\":\"ReadAction\",\"target\":[\"https:\\\/\\\/www.choretime.com\\\/es\\\/entrenalos-como-un-profesional\\\/\"]}]},{\"@type\":\"ImageObject\",\"inLanguage\":\"es\",\"@id\":\"https:\\\/\\\/www.choretime.com\\\/es\\\/entrenalos-como-un-profesional\\\/#primaryimage\",\"url\":\"https:\\\/\\\/www.choretime.com\\\/wp-content\\\/uploads\\\/2023\\\/03\\\/Diagram2.jpeg\",\"contentUrl\":\"https:\\\/\\\/www.choretime.com\\\/wp-content\\\/uploads\\\/2023\\\/03\\\/Diagram2.jpeg\",\"width\":700,\"height\":523},{\"@type\":\"BreadcrumbList\",\"@id\":\"https:\\\/\\\/www.choretime.com\\\/es\\\/entrenalos-como-un-profesional\\\/#breadcrumb\",\"itemListElement\":[{\"@type\":\"ListItem\",\"position\":1,\"name\":\"Inicio\",\"item\":\"https:\\\/\\\/www.choretime.com\\\/es\\\/\"},{\"@type\":\"ListItem\",\"position\":2,\"name\":\"Entr\u00e9nalos como un profesional\"}]},{\"@type\":\"WebSite\",\"@id\":\"https:\\\/\\\/www.choretime.com\\\/es\\\/#website\",\"url\":\"https:\\\/\\\/www.choretime.com\\\/es\\\/\",\"name\":\"Chore-Time\",\"description\":\"Every. Day. PERFORMANCE.\u2122\",\"publisher\":{\"@id\":\"https:\\\/\\\/www.choretime.com\\\/es\\\/#organization\"},\"potentialAction\":[{\"@type\":\"SearchAction\",\"target\":{\"@type\":\"EntryPoint\",\"urlTemplate\":\"https:\\\/\\\/www.choretime.com\\\/es\\\/?s={search_term_string}\"},\"query-input\":{\"@type\":\"PropertyValueSpecification\",\"valueRequired\":true,\"valueName\":\"search_term_string\"}}],\"inLanguage\":\"es\"},{\"@type\":\"Organization\",\"@id\":\"https:\\\/\\\/www.choretime.com\\\/es\\\/#organization\",\"name\":\"Chore-Time\",\"url\":\"https:\\\/\\\/www.choretime.com\\\/es\\\/\",\"logo\":{\"@type\":\"ImageObject\",\"inLanguage\":\"es\",\"@id\":\"https:\\\/\\\/www.choretime.com\\\/es\\\/#\\\/schema\\\/logo\\\/image\\\/\",\"url\":\"https:\\\/\\\/www.choretime.com\\\/wp-content\\\/uploads\\\/2023\\\/02\\\/Chore-TimeCMYKoutline.png\",\"contentUrl\":\"https:\\\/\\\/www.choretime.com\\\/wp-content\\\/uploads\\\/2023\\\/02\\\/Chore-TimeCMYKoutline.png\",\"width\":1860,\"height\":703,\"caption\":\"Chore-Time\"},\"image\":{\"@id\":\"https:\\\/\\\/www.choretime.com\\\/es\\\/#\\\/schema\\\/logo\\\/image\\\/\"},\"sameAs\":[\"https:\\\/\\\/www.facebook.com\\\/choretime1952\",\"https:\\\/\\\/x.com\\\/choretime\",\"https:\\\/\\\/www.youtube.com\\\/choretime\",\"https:\\\/\\\/www.instagram.com\\\/choretime1952\\\/\",\"https:\\\/\\\/www.linkedin.com\\\/company\\\/choretime\\\/\"]}]}<\/script>\n<!-- \/ Yoast SEO Premium plugin. -->","yoast_head_json":{"title":"Entr\u00e9nalos como un profesional - Chore-Time","description":"Nuestro sistema de cr\u00eda eVOLUTION se adapta al comportamiento natural de las aves, entrenando a las pollitas para que salten, se muevan y se posen desde el principio.","robots":{"index":"index","follow":"follow","max-snippet":"max-snippet:-1","max-image-preview":"max-image-preview:large","max-video-preview":"max-video-preview:-1"},"canonical":"https:\/\/www.choretime.com\/es\/entrenalos-como-un-profesional\/","og_locale":"es_ES","og_type":"article","og_title":"Entr\u00e9nalos como un profesional - Chore-Time","og_description":"Nuestro sistema de cr\u00eda eVOLUTION se adapta al comportamiento natural de las aves, entrenando a las pollitas para que salten, se muevan y se posen desde el principio.","og_url":"https:\/\/www.choretime.com\/es\/entrenalos-como-un-profesional\/","og_site_name":"Chore-Time","article_publisher":"https:\/\/www.facebook.com\/choretime1952","article_modified_time":"2026-04-30T14:45:06+00:00","og_image":[{"url":"https:\/\/www.choretime.com\/wp-content\/uploads\/2023\/03\/Diagram2.jpeg","type":"","width":"","height":""}],"twitter_card":"summary_large_image","twitter_title":"Entr\u00e9nalos como un profesional - Chore-Time","twitter_image":"https:\/\/www.choretime.com\/wp-content\/uploads\/2023\/03\/Diagram2.jpeg","twitter_site":"@choretime","twitter_misc":{"Tiempo de lectura":"2 minutos"},"schema":{"@context":"https:\/\/schema.org","@graph":[{"@type":"WebPage","@id":"https:\/\/www.choretime.com\/es\/entrenalos-como-un-profesional\/","url":"https:\/\/www.choretime.com\/es\/entrenalos-como-un-profesional\/","name":"Entr\u00e9nalos como un profesional - Chore-Time","isPartOf":{"@id":"https:\/\/www.choretime.com\/es\/#website"},"primaryImageOfPage":{"@id":"https:\/\/www.choretime.com\/es\/entrenalos-como-un-profesional\/#primaryimage"},"image":{"@id":"https:\/\/www.choretime.com\/es\/entrenalos-como-un-profesional\/#primaryimage"},"thumbnailUrl":"https:\/\/www.choretime.com\/wp-content\/uploads\/2023\/03\/Diagram2.jpeg","datePublished":"2023-03-09T20:02:37+00:00","dateModified":"2026-04-30T14:45:06+00:00","description":"Nuestro sistema de cr\u00eda eVOLUTION se adapta al comportamiento natural de las aves, entrenando a las pollitas para que salten, se muevan y se posen desde el principio.","breadcrumb":{"@id":"https:\/\/www.choretime.com\/es\/entrenalos-como-un-profesional\/#breadcrumb"},"inLanguage":"es","potentialAction":[{"@type":"ReadAction","target":["https:\/\/www.choretime.com\/es\/entrenalos-como-un-profesional\/"]}]},{"@type":"ImageObject","inLanguage":"es","@id":"https:\/\/www.choretime.com\/es\/entrenalos-como-un-profesional\/#primaryimage","url":"https:\/\/www.choretime.com\/wp-content\/uploads\/2023\/03\/Diagram2.jpeg","contentUrl":"https:\/\/www.choretime.com\/wp-content\/uploads\/2023\/03\/Diagram2.jpeg","width":700,"height":523},{"@type":"BreadcrumbList","@id":"https:\/\/www.choretime.com\/es\/entrenalos-como-un-profesional\/#breadcrumb","itemListElement":[{"@type":"ListItem","position":1,"name":"Inicio","item":"https:\/\/www.choretime.com\/es\/"},{"@type":"ListItem","position":2,"name":"Entr\u00e9nalos como un profesional"}]},{"@type":"WebSite","@id":"https:\/\/www.choretime.com\/es\/#website","url":"https:\/\/www.choretime.com\/es\/","name":"Chore-Time","description":"Every. Day. PERFORMANCE.\u2122","publisher":{"@id":"https:\/\/www.choretime.com\/es\/#organization"},"potentialAction":[{"@type":"SearchAction","target":{"@type":"EntryPoint","urlTemplate":"https:\/\/www.choretime.com\/es\/?s={search_term_string}"},"query-input":{"@type":"PropertyValueSpecification","valueRequired":true,"valueName":"search_term_string"}}],"inLanguage":"es"},{"@type":"Organization","@id":"https:\/\/www.choretime.com\/es\/#organization","name":"Chore-Time","url":"https:\/\/www.choretime.com\/es\/","logo":{"@type":"ImageObject","inLanguage":"es","@id":"https:\/\/www.choretime.com\/es\/#\/schema\/logo\/image\/","url":"https:\/\/www.choretime.com\/wp-content\/uploads\/2023\/02\/Chore-TimeCMYKoutline.png","contentUrl":"https:\/\/www.choretime.com\/wp-content\/uploads\/2023\/02\/Chore-TimeCMYKoutline.png","width":1860,"height":703,"caption":"Chore-Time"},"image":{"@id":"https:\/\/www.choretime.com\/es\/#\/schema\/logo\/image\/"},"sameAs":["https:\/\/www.facebook.com\/choretime1952","https:\/\/x.com\/choretime","https:\/\/www.youtube.com\/choretime","https:\/\/www.instagram.com\/choretime1952\/","https:\/\/www.linkedin.com\/company\/choretime\/"]}]}},"_links":{"self":[{"href":"https:\/\/www.choretime.com\/es\/wp-json\/wp\/v2\/pages\/9398","targetHints":{"allow":["GET"]}}],"collection":[{"href":"https:\/\/www.choretime.com\/es\/wp-json\/wp\/v2\/pages"}],"about":[{"href":"https:\/\/www.choretime.com\/es\/wp-json\/wp\/v2\/types\/page"}],"author":[{"embeddable":true,"href":"https:\/\/www.choretime.com\/es\/wp-json\/wp\/v2\/users\/3"}],"replies":[{"embeddable":true,"href":"https:\/\/www.choretime.com\/es\/wp-json\/wp\/v2\/comments?post=9398"}],"version-history":[{"count":2,"href":"https:\/\/www.choretime.com\/es\/wp-json\/wp\/v2\/pages\/9398\/revisions"}],"predecessor-version":[{"id":12777,"href":"https:\/\/www.choretime.com\/es\/wp-json\/wp\/v2\/pages\/9398\/revisions\/12777"}],"wp:featuredmedia":[{"embeddable":true,"href":"https:\/\/www.choretime.com\/es\/wp-json\/wp\/v2\/media\/8761"}],"wp:attachment":[{"href":"https:\/\/www.choretime.com\/es\/wp-json\/wp\/v2\/media?parent=9398"}],"curies":[{"name":"wp","href":"https:\/\/api.w.org\/{rel}","templated":true}]}}