{"id":9409,"date":"2023-04-25T19:28:09","date_gmt":"2023-04-25T19:28:09","guid":{"rendered":"https:\/\/www.choretime.com\/toma-el-control-con-chore-tronics-3\/"},"modified":"2024-10-27T14:52:16","modified_gmt":"2024-10-27T14:52:16","slug":"toma-el-control-con-chore-tronics-3","status":"publish","type":"page","link":"https:\/\/www.choretime.com\/es\/toma-el-control-con-chore-tronics-3\/","title":{"rendered":"Toma el control con Chore-Tronics\u00ae 3"},"content":{"rendered":"\n<h1 class=\"wp-block-heading\" id=\"h-take-control-with-chore-tronics-3\">Toma el control con Chore-Tronics\u00ae 3<\/h1>\n\n<div class=\"wp-block-columns is-layout-flex wp-container-core-columns-is-layout-9d6595d7 wp-block-columns-is-layout-flex\">\n<div class=\"wp-block-column is-layout-flow wp-block-column-is-layout-flow\" style=\"flex-basis:15%\"><\/div>\n\n\n\n<div class=\"wp-block-column is-layout-flow wp-block-column-is-layout-flow\" style=\"flex-basis:70%\">\n<figure class=\"wp-block-embed is-type-video is-provider-youtube wp-block-embed-youtube wp-embed-aspect-16-9 wp-has-aspect-ratio\"><div class=\"wp-block-embed__wrapper\"> \n<iframe loading=\"lazy\" title=\"Chore-Time CHORE-TRONICS\u00ae 3 Control with Mobile App and BROADCASTER\u2122 Alert System\" width=\"500\" height=\"281\" src=\"https:\/\/www.youtube.com\/embed\/kYoR9pklyKc?feature=oembed\" frameborder=\"0\" allow=\"accelerometer; autoplay; clipboard-write; encrypted-media; gyroscope; picture-in-picture; web-share\" referrerpolicy=\"strict-origin-when-cross-origin\" allowfullscreen><\/iframe>\n <\/div><\/figure>\n<\/div>\n\n\n\n<div class=\"wp-block-column is-layout-flow wp-block-column-is-layout-flow\" style=\"flex-basis:15%\"><\/div>\n<\/div>\n\n<div style=\"height:62px\" aria-hidden=\"true\" class=\"wp-block-spacer\"><\/div>\n\n<div class=\"wp-block-columns product-heading is-layout-flex wp-container-core-columns-is-layout-9d6595d7 wp-block-columns-is-layout-flex\">\n<div class=\"wp-block-column is-layout-flow wp-block-column-is-layout-flow\" style=\"flex-basis:100%\">\n<div class=\"wp-block-group white-background\"><div class=\"wp-block-group__inner-container is-layout-constrained wp-block-group-is-layout-constrained\">\n<div class=\"wp-block-columns is-layout-flex wp-container-core-columns-is-layout-9d6595d7 wp-block-columns-is-layout-flex\">\n<div class=\"wp-block-column is-vertically-aligned-center is-layout-flow wp-block-column-is-layout-flow\" style=\"flex-basis:60%\">\n<h1 class=\"wp-block-heading\" id=\"h-the-standard-for-whole-house-control-1\">El est\u00e1ndar para el control de toda la casa.<\/h1>\n\n\n\n<p>El Control Chore-Tronics\u00ae 3 de Chore-Time es el \u00fanico con el que se miden todos los dem\u00e1s. S\u00f3lo Chore-Time re\u00fane tantas formas de mejorar la producci\u00f3n av\u00edcola en un controlador f\u00e1cil de usar. <\/p>\n\n\n\n<div style=\"height:66px\" aria-hidden=\"true\" class=\"wp-block-spacer\"><\/div>\n\n\n\n<div class=\"wp-block-buttons is-vertical is-content-justification-center is-layout-flex wp-container-core-buttons-is-layout-9a7cdcfd wp-block-buttons-is-layout-flex\">\n<div class=\"wp-block-button has-custom-width wp-block-button__width-100 has-custom-font-size\" style=\"font-size:26px;letter-spacing:0px\"><a class=\"wp-block-button__link has-background wp-element-button\" href=\"https:\/\/www.choretime.com\/product\/broilers\/controls-software-for-broilers\/communication-software-and-management-tools-for-broilers\/chore-tronics-mobile-app-for-broilers\/\" style=\"background-color:#db293a\" target=\"_blank\" rel=\"noreferrer noopener\">Toma el control en cualquier lugar con la aplicaci\u00f3n m\u00f3vil<\/a><\/div>\n<\/div>\n<\/div>\n\n\n\n<div class=\"wp-block-column is-vertically-aligned-center is-layout-flow wp-block-column-is-layout-flow\" style=\"flex-basis:40%\"><div class=\"wp-block-image\">\n<figure class=\"aligncenter size-full is-resized\"><img loading=\"lazy\" decoding=\"async\" src=\"https:\/\/www.choretime.com\/wp-content\/uploads\/2023\/04\/android.png\" alt=\"Aplicaci&#xF3;n m&#xF3;vil Chore-Tronics&#xAE; 3\" class=\"wp-image-4484\" width=\"241\" height=\"432\" srcset=\"https:\/\/www.choretime.com\/wp-content\/uploads\/2023\/04\/android.png 322w, https:\/\/www.choretime.com\/wp-content\/uploads\/2023\/04\/android-167x300.png 167w\" sizes=\"auto, (max-width: 241px) 100vw, 241px\" \/><\/figure>\n<\/div><\/div>\n<\/div>\n<\/div><\/div>\n<\/div>\n<\/div>\n\n<div style=\"height:41px\" aria-hidden=\"true\" class=\"wp-block-spacer\"><\/div>\n\n<h2 class=\"wp-block-heading\" id=\"h-the-newest-features-include\">Las funciones m\u00e1s nuevas incluyen:<\/h2>\n\n<ul class=\"wp-block-list\">\n<li>Ajusta la presi\u00f3n del agua desde el programador mediante la tecnolog\u00eda del Sistema Neum\u00e1tico de Bebederos (PDS\u2122), una exclusiva de Chore-Time.<\/li>\n\n\n\n<li>Controla autom\u00e1ticamente el nuevo sistema de rociadores de Chore-Time para una refrigeraci\u00f3n por zonas.<\/li>\n\n\n\n<li>Haz funcionar varios ventiladores de velocidad variable para una climatizaci\u00f3n m\u00e1s eficaz y precisa.<\/li>\n\n\n\n<li>Controla tus naves av\u00edcolas desde cualquier lugar con la NUEVA aplicaci\u00f3n m\u00f3vil Chore-Tronics\u00ae 3.<\/li>\n\n\n\n<li>Recibe alertas mediante notificaciones de llamadas o mensajes de texto del Sistema de Alerta Chore-Time Broadcaster\u2122 opcional.<\/li>\n<\/ul>\n\n<div style=\"height:41px\" aria-hidden=\"true\" class=\"wp-block-spacer\"><\/div>\n\n<p><strong>\u00bfYa tienes un mando Chore-Tronics\u00ae 2 \u00f3 3? No te preocupes. El sistema Chore-Tronics 3 es modular y actualizable para que puedas a\u00f1adir nuevas funciones y capacidades en cualquier momento.  <\/strong><\/p>\n\n<h3 class=\"wp-block-heading\"><strong>Productores de reproductoras: <\/strong><br\/><strong>Obt\u00e9n m\u00e1s informaci\u00f3n sobre las capacidades de control a\u00f1adidas especialmente para la producci\u00f3n de reproductoras <a href=\"https:\/\/www.choretime.com\/es\/product\/control-de-toda-la-casa-chore-tronics-3-para-reproductores\/\">aqu\u00ed<\/a>.<\/strong><\/h3>\n\n<div style=\"height:41px\" aria-hidden=\"true\" class=\"wp-block-spacer\"><\/div>\n\n<p class=\"has-text-align-center\"><strong>Ponte en contacto con tu distribuidor local para obtener m\u00e1s informaci\u00f3n.<\/strong> <br\/><strong>Tu Distribuidor independiente Chore-Time te ofrece soluciones a medida para la avicultura.<\/strong><\/p>\n\n<div class=\"wp-block-buttons is-vertical is-content-justification-center is-layout-flex wp-container-core-buttons-is-layout-9a7cdcfd wp-block-buttons-is-layout-flex\">\n<div class=\"wp-block-button has-custom-width wp-block-button__width-50 has-custom-font-size\" style=\"font-size:26px;letter-spacing:0px\"><a class=\"wp-block-button__link has-background wp-element-button\" href=\"https:\/\/www.choretime.com\/es\/localizador-de-distribuidores\/\" style=\"background-color:#db293a\" target=\"_blank\" rel=\"noreferrer noopener\">Encuentra tu distribuidor<\/a><\/div>\n<\/div>\n\n<div style=\"height:100px\" aria-hidden=\"true\" class=\"wp-block-spacer\"><\/div>\n","protected":false},"excerpt":{"rendered":"<p>Toma el control con Chore-Tronics\u00ae 3 El est\u00e1ndar para el control de toda la casa. El Control Chore-Tronics\u00ae 3 de Chore-Time es el \u00fanico con el que se miden todos los dem\u00e1s. S\u00f3lo Chore-Time re\u00fane tantas formas de mejorar la producci\u00f3n av\u00edcola en un controlador f\u00e1cil de usar. Las funciones m\u00e1s nuevas incluyen: \u00bfYa tienes [&hellip;]<\/p>\n","protected":false},"author":3,"featured_media":8873,"parent":0,"menu_order":0,"comment_status":"closed","ping_status":"closed","template":"","meta":{"_acf_changed":false,"_monsterinsights_skip_tracking":false,"_monsterinsights_sitenote_active":false,"_monsterinsights_sitenote_note":"","_monsterinsights_sitenote_category":0,"footnotes":""},"class_list":["post-9409","page","type-page","status-publish","has-post-thumbnail","hentry"],"acf":[],"yoast_head":"<!-- This site is optimized with the Yoast SEO Premium plugin v27.3 (Yoast SEO v27.3) - https:\/\/yoast.com\/product\/yoast-seo-premium-wordpress\/ -->\n<title>Toma el control con Chore-Tronics\u00ae 3 - Chore-Time<\/title>\n<meta name=\"description\" content=\"El Control Chore-Tronics\u00ae 3 de Chore-Time es el \u00fanico con el que se miden todos los dem\u00e1s. S\u00f3lo Chore-Time re\u00fane tantas formas de mejorar la producci\u00f3n av\u00edcola en un controlador f\u00e1cil de usar.\" \/>\n<meta name=\"robots\" content=\"index, follow, max-snippet:-1, max-image-preview:large, max-video-preview:-1\" \/>\n<link rel=\"canonical\" href=\"https:\/\/www.choretime.com\/es\/toma-el-control-con-chore-tronics-3\/\" \/>\n<meta property=\"og:locale\" content=\"es_ES\" \/>\n<meta property=\"og:type\" content=\"article\" \/>\n<meta property=\"og:title\" content=\"Toma el control con Chore-Tronics\u00ae 3 - Chore-Time\" \/>\n<meta property=\"og:description\" content=\"El Control Chore-Tronics\u00ae 3 de Chore-Time es el \u00fanico con el que se miden todos los dem\u00e1s. S\u00f3lo Chore-Time re\u00fane tantas formas de mejorar la producci\u00f3n av\u00edcola en un controlador f\u00e1cil de usar.\" \/>\n<meta property=\"og:url\" content=\"https:\/\/www.choretime.com\/es\/toma-el-control-con-chore-tronics-3\/\" \/>\n<meta property=\"og:site_name\" content=\"Chore-Time\" \/>\n<meta property=\"article:publisher\" content=\"https:\/\/www.facebook.com\/choretime1952\" \/>\n<meta property=\"article:modified_time\" content=\"2024-10-27T14:52:16+00:00\" \/>\n<meta property=\"og:image\" content=\"https:\/\/www.choretime.com\/wp-content\/uploads\/2023\/04\/android-167x300.png\" \/>\n<meta name=\"twitter:card\" content=\"summary_large_image\" \/>\n<meta name=\"twitter:title\" content=\"Toma el control con Chore-Tronics\u00ae 3 - Chore-Time\" \/>\n<meta name=\"twitter:image\" content=\"https:\/\/www.choretime.com\/wp-content\/uploads\/2023\/04\/android.png\" \/>\n<meta name=\"twitter:site\" content=\"@choretime\" \/>\n<meta name=\"twitter:label1\" content=\"Tiempo de lectura\" \/>\n\t<meta name=\"twitter:data1\" content=\"1 minuto\" \/>\n<script type=\"application\/ld+json\" class=\"yoast-schema-graph\">{\"@context\":\"https:\\\/\\\/schema.org\",\"@graph\":[{\"@type\":\"WebPage\",\"@id\":\"https:\\\/\\\/www.choretime.com\\\/es\\\/toma-el-control-con-chore-tronics-3\\\/\",\"url\":\"https:\\\/\\\/www.choretime.com\\\/es\\\/toma-el-control-con-chore-tronics-3\\\/\",\"name\":\"Toma el control con Chore-Tronics\u00ae 3 - Chore-Time\",\"isPartOf\":{\"@id\":\"https:\\\/\\\/www.choretime.com\\\/es\\\/#website\"},\"primaryImageOfPage\":{\"@id\":\"https:\\\/\\\/www.choretime.com\\\/es\\\/toma-el-control-con-chore-tronics-3\\\/#primaryimage\"},\"image\":{\"@id\":\"https:\\\/\\\/www.choretime.com\\\/es\\\/toma-el-control-con-chore-tronics-3\\\/#primaryimage\"},\"thumbnailUrl\":\"https:\\\/\\\/www.choretime.com\\\/wp-content\\\/uploads\\\/2023\\\/04\\\/android.png\",\"datePublished\":\"2023-04-25T19:28:09+00:00\",\"dateModified\":\"2024-10-27T14:52:16+00:00\",\"description\":\"El Control Chore-Tronics\u00ae 3 de Chore-Time es el \u00fanico con el que se miden todos los dem\u00e1s. S\u00f3lo Chore-Time re\u00fane tantas formas de mejorar la producci\u00f3n av\u00edcola en un controlador f\u00e1cil de usar.\",\"breadcrumb\":{\"@id\":\"https:\\\/\\\/www.choretime.com\\\/es\\\/toma-el-control-con-chore-tronics-3\\\/#breadcrumb\"},\"inLanguage\":\"es\",\"potentialAction\":[{\"@type\":\"ReadAction\",\"target\":[\"https:\\\/\\\/www.choretime.com\\\/es\\\/toma-el-control-con-chore-tronics-3\\\/\"]}]},{\"@type\":\"ImageObject\",\"inLanguage\":\"es\",\"@id\":\"https:\\\/\\\/www.choretime.com\\\/es\\\/toma-el-control-con-chore-tronics-3\\\/#primaryimage\",\"url\":\"https:\\\/\\\/www.choretime.com\\\/wp-content\\\/uploads\\\/2023\\\/04\\\/android.png\",\"contentUrl\":\"https:\\\/\\\/www.choretime.com\\\/wp-content\\\/uploads\\\/2023\\\/04\\\/android.png\",\"width\":322,\"height\":577},{\"@type\":\"BreadcrumbList\",\"@id\":\"https:\\\/\\\/www.choretime.com\\\/es\\\/toma-el-control-con-chore-tronics-3\\\/#breadcrumb\",\"itemListElement\":[{\"@type\":\"ListItem\",\"position\":1,\"name\":\"Inicio\",\"item\":\"https:\\\/\\\/www.choretime.com\\\/es\\\/\"},{\"@type\":\"ListItem\",\"position\":2,\"name\":\"Toma el control con Chore-Tronics\u00ae 3\"}]},{\"@type\":\"WebSite\",\"@id\":\"https:\\\/\\\/www.choretime.com\\\/es\\\/#website\",\"url\":\"https:\\\/\\\/www.choretime.com\\\/es\\\/\",\"name\":\"Chore-Time\",\"description\":\"Every. Day. PERFORMANCE.\u2122\",\"publisher\":{\"@id\":\"https:\\\/\\\/www.choretime.com\\\/es\\\/#organization\"},\"potentialAction\":[{\"@type\":\"SearchAction\",\"target\":{\"@type\":\"EntryPoint\",\"urlTemplate\":\"https:\\\/\\\/www.choretime.com\\\/es\\\/?s={search_term_string}\"},\"query-input\":{\"@type\":\"PropertyValueSpecification\",\"valueRequired\":true,\"valueName\":\"search_term_string\"}}],\"inLanguage\":\"es\"},{\"@type\":\"Organization\",\"@id\":\"https:\\\/\\\/www.choretime.com\\\/es\\\/#organization\",\"name\":\"Chore-Time\",\"url\":\"https:\\\/\\\/www.choretime.com\\\/es\\\/\",\"logo\":{\"@type\":\"ImageObject\",\"inLanguage\":\"es\",\"@id\":\"https:\\\/\\\/www.choretime.com\\\/es\\\/#\\\/schema\\\/logo\\\/image\\\/\",\"url\":\"https:\\\/\\\/www.choretime.com\\\/wp-content\\\/uploads\\\/2023\\\/02\\\/Chore-TimeCMYKoutline.png\",\"contentUrl\":\"https:\\\/\\\/www.choretime.com\\\/wp-content\\\/uploads\\\/2023\\\/02\\\/Chore-TimeCMYKoutline.png\",\"width\":1860,\"height\":703,\"caption\":\"Chore-Time\"},\"image\":{\"@id\":\"https:\\\/\\\/www.choretime.com\\\/es\\\/#\\\/schema\\\/logo\\\/image\\\/\"},\"sameAs\":[\"https:\\\/\\\/www.facebook.com\\\/choretime1952\",\"https:\\\/\\\/x.com\\\/choretime\",\"https:\\\/\\\/www.youtube.com\\\/choretime\",\"https:\\\/\\\/www.instagram.com\\\/choretime1952\\\/\",\"https:\\\/\\\/www.linkedin.com\\\/company\\\/choretime\\\/\"]}]}<\/script>\n<!-- \/ Yoast SEO Premium plugin. -->","yoast_head_json":{"title":"Toma el control con Chore-Tronics\u00ae 3 - Chore-Time","description":"El Control Chore-Tronics\u00ae 3 de Chore-Time es el \u00fanico con el que se miden todos los dem\u00e1s. S\u00f3lo Chore-Time re\u00fane tantas formas de mejorar la producci\u00f3n av\u00edcola en un controlador f\u00e1cil de usar.","robots":{"index":"index","follow":"follow","max-snippet":"max-snippet:-1","max-image-preview":"max-image-preview:large","max-video-preview":"max-video-preview:-1"},"canonical":"https:\/\/www.choretime.com\/es\/toma-el-control-con-chore-tronics-3\/","og_locale":"es_ES","og_type":"article","og_title":"Toma el control con Chore-Tronics\u00ae 3 - Chore-Time","og_description":"El Control Chore-Tronics\u00ae 3 de Chore-Time es el \u00fanico con el que se miden todos los dem\u00e1s. S\u00f3lo Chore-Time re\u00fane tantas formas de mejorar la producci\u00f3n av\u00edcola en un controlador f\u00e1cil de usar.","og_url":"https:\/\/www.choretime.com\/es\/toma-el-control-con-chore-tronics-3\/","og_site_name":"Chore-Time","article_publisher":"https:\/\/www.facebook.com\/choretime1952","article_modified_time":"2024-10-27T14:52:16+00:00","og_image":[{"url":"https:\/\/www.choretime.com\/wp-content\/uploads\/2023\/04\/android-167x300.png","type":"","width":"","height":""}],"twitter_card":"summary_large_image","twitter_title":"Toma el control con Chore-Tronics\u00ae 3 - Chore-Time","twitter_image":"https:\/\/www.choretime.com\/wp-content\/uploads\/2023\/04\/android.png","twitter_site":"@choretime","twitter_misc":{"Tiempo de lectura":"1 minuto"},"schema":{"@context":"https:\/\/schema.org","@graph":[{"@type":"WebPage","@id":"https:\/\/www.choretime.com\/es\/toma-el-control-con-chore-tronics-3\/","url":"https:\/\/www.choretime.com\/es\/toma-el-control-con-chore-tronics-3\/","name":"Toma el control con Chore-Tronics\u00ae 3 - Chore-Time","isPartOf":{"@id":"https:\/\/www.choretime.com\/es\/#website"},"primaryImageOfPage":{"@id":"https:\/\/www.choretime.com\/es\/toma-el-control-con-chore-tronics-3\/#primaryimage"},"image":{"@id":"https:\/\/www.choretime.com\/es\/toma-el-control-con-chore-tronics-3\/#primaryimage"},"thumbnailUrl":"https:\/\/www.choretime.com\/wp-content\/uploads\/2023\/04\/android.png","datePublished":"2023-04-25T19:28:09+00:00","dateModified":"2024-10-27T14:52:16+00:00","description":"El Control Chore-Tronics\u00ae 3 de Chore-Time es el \u00fanico con el que se miden todos los dem\u00e1s. S\u00f3lo Chore-Time re\u00fane tantas formas de mejorar la producci\u00f3n av\u00edcola en un controlador f\u00e1cil de usar.","breadcrumb":{"@id":"https:\/\/www.choretime.com\/es\/toma-el-control-con-chore-tronics-3\/#breadcrumb"},"inLanguage":"es","potentialAction":[{"@type":"ReadAction","target":["https:\/\/www.choretime.com\/es\/toma-el-control-con-chore-tronics-3\/"]}]},{"@type":"ImageObject","inLanguage":"es","@id":"https:\/\/www.choretime.com\/es\/toma-el-control-con-chore-tronics-3\/#primaryimage","url":"https:\/\/www.choretime.com\/wp-content\/uploads\/2023\/04\/android.png","contentUrl":"https:\/\/www.choretime.com\/wp-content\/uploads\/2023\/04\/android.png","width":322,"height":577},{"@type":"BreadcrumbList","@id":"https:\/\/www.choretime.com\/es\/toma-el-control-con-chore-tronics-3\/#breadcrumb","itemListElement":[{"@type":"ListItem","position":1,"name":"Inicio","item":"https:\/\/www.choretime.com\/es\/"},{"@type":"ListItem","position":2,"name":"Toma el control con Chore-Tronics\u00ae 3"}]},{"@type":"WebSite","@id":"https:\/\/www.choretime.com\/es\/#website","url":"https:\/\/www.choretime.com\/es\/","name":"Chore-Time","description":"Every. Day. PERFORMANCE.\u2122","publisher":{"@id":"https:\/\/www.choretime.com\/es\/#organization"},"potentialAction":[{"@type":"SearchAction","target":{"@type":"EntryPoint","urlTemplate":"https:\/\/www.choretime.com\/es\/?s={search_term_string}"},"query-input":{"@type":"PropertyValueSpecification","valueRequired":true,"valueName":"search_term_string"}}],"inLanguage":"es"},{"@type":"Organization","@id":"https:\/\/www.choretime.com\/es\/#organization","name":"Chore-Time","url":"https:\/\/www.choretime.com\/es\/","logo":{"@type":"ImageObject","inLanguage":"es","@id":"https:\/\/www.choretime.com\/es\/#\/schema\/logo\/image\/","url":"https:\/\/www.choretime.com\/wp-content\/uploads\/2023\/02\/Chore-TimeCMYKoutline.png","contentUrl":"https:\/\/www.choretime.com\/wp-content\/uploads\/2023\/02\/Chore-TimeCMYKoutline.png","width":1860,"height":703,"caption":"Chore-Time"},"image":{"@id":"https:\/\/www.choretime.com\/es\/#\/schema\/logo\/image\/"},"sameAs":["https:\/\/www.facebook.com\/choretime1952","https:\/\/x.com\/choretime","https:\/\/www.youtube.com\/choretime","https:\/\/www.instagram.com\/choretime1952\/","https:\/\/www.linkedin.com\/company\/choretime\/"]}]}},"_links":{"self":[{"href":"https:\/\/www.choretime.com\/es\/wp-json\/wp\/v2\/pages\/9409","targetHints":{"allow":["GET"]}}],"collection":[{"href":"https:\/\/www.choretime.com\/es\/wp-json\/wp\/v2\/pages"}],"about":[{"href":"https:\/\/www.choretime.com\/es\/wp-json\/wp\/v2\/types\/page"}],"author":[{"embeddable":true,"href":"https:\/\/www.choretime.com\/es\/wp-json\/wp\/v2\/users\/3"}],"replies":[{"embeddable":true,"href":"https:\/\/www.choretime.com\/es\/wp-json\/wp\/v2\/comments?post=9409"}],"version-history":[{"count":2,"href":"https:\/\/www.choretime.com\/es\/wp-json\/wp\/v2\/pages\/9409\/revisions"}],"predecessor-version":[{"id":10394,"href":"https:\/\/www.choretime.com\/es\/wp-json\/wp\/v2\/pages\/9409\/revisions\/10394"}],"wp:featuredmedia":[{"embeddable":true,"href":"https:\/\/www.choretime.com\/es\/wp-json\/wp\/v2\/media\/8873"}],"wp:attachment":[{"href":"https:\/\/www.choretime.com\/es\/wp-json\/wp\/v2\/media?parent=9409"}],"curies":[{"name":"wp","href":"https:\/\/api.w.org\/{rel}","templated":true}]}}