{"id":9413,"date":"2023-04-25T14:29:07","date_gmt":"2023-04-25T14:29:07","guid":{"rendered":"https:\/\/www.choretime.com\/konavi-deja-entrar-a-los-picos-mantiene-los-pies-fuera\/"},"modified":"2024-10-27T14:52:17","modified_gmt":"2024-10-27T14:52:17","slug":"konavi-deja-entrar-a-los-picos-mantiene-los-pies-fuera","status":"publish","type":"page","link":"https:\/\/www.choretime.com\/es\/konavi-deja-entrar-a-los-picos-mantiene-los-pies-fuera\/","title":{"rendered":"Konavi\u00ae Deja entrar a los picos. Mantiene los Pies fuera."},"content":{"rendered":"\n<div class=\"wp-block-columns is-layout-flex wp-container-core-columns-is-layout-9d6595d7 wp-block-columns-is-layout-flex\">\n<div class=\"wp-block-column is-layout-flow wp-block-column-is-layout-flow\" style=\"flex-basis:20%\"><\/div>\n\n\n\n<div class=\"wp-block-column is-layout-flow wp-block-column-is-layout-flow\" style=\"flex-basis:60%\">\n<figure class=\"wp-block-image alignfull size-full\"><img loading=\"lazy\" decoding=\"async\" width=\"700\" height=\"181\" src=\"https:\/\/www.choretime.com\/wp-content\/uploads\/2023\/04\/Konavi-top.jpeg\" alt=\"KONAVI&#xAE; Deja entrar los picos. Mantiene las patas fuera. \" class=\"wp-image-4404\" srcset=\"https:\/\/www.choretime.com\/wp-content\/uploads\/2023\/04\/Konavi-top.jpeg 700w, https:\/\/www.choretime.com\/wp-content\/uploads\/2023\/04\/Konavi-top-300x78.jpeg 300w\" sizes=\"auto, (max-width: 700px) 100vw, 700px\" \/><\/figure>\n\n\n\n<h3 class=\"wp-block-heading has-text-align-center\" id=\"h-to-give-your-birds-a-clean-plate-there-is-no-comparison-to-the-konavi-feeder\">Para dar a tus p\u00e1jaros un plato limpio, no hay comparaci\u00f3n con el Comedero Konavi\u00ae.<\/h3>\n\n\n\n<div style=\"height:70px\" aria-hidden=\"true\" class=\"wp-block-spacer\"><\/div>\n\n\n\n<p class=\"has-text-align-center\"><em>Toca o haz clic y arrastra el mando deslizante a izquierda y derecha para comparar el Alimentador Konavi (izquierda) y el alimentador a parrilla (derecha).<\/em><\/p>\n\n\n\n<div class=\"wp-block-columns is-layout-flex wp-container-core-columns-is-layout-9d6595d7 wp-block-columns-is-layout-flex\">\n<div class=\"wp-block-column is-layout-flow wp-block-column-is-layout-flow\" style=\"flex-basis:100%\">\n<div class=\"wp-block-columns is-layout-flex wp-container-core-columns-is-layout-9d6595d7 wp-block-columns-is-layout-flex\">\n<div class=\"wp-block-column is-layout-flow wp-block-column-is-layout-flow\" style=\"flex-basis:15%\"><\/div>\n\n\n\n<div class=\"wp-block-column is-layout-flow wp-block-column-is-layout-flow\" style=\"flex-basis:70%\">\n\t\t\t\n\t<style type=\"text\/css\">\n\t\t.slider-info-4715.bafg-slider-info .bafg-slider-title {\n\t\t\t\t\t\t\tfont-size:\n\t\t\t\t\t22px\t\t\t\t;\n\t\t\t\n\t\t\t\n\t\t\t\t\t}\n\n\t\t.slider-info-4715.bafg-slider-info .bafg-slider-description {\n\t\t\t\n\t\t\t\n\t\t\t\t\t}\n\t\t\n\t\t\n\t\t.slider-info-4715.bafg-slider-info .bafg_slider_readmore_button {\n\t\t\t\n\t\t\t\n\t\t\t\n\t\t\t\n\t\t\t\n\t\t\ttext-align: center;\n\n\t\t\t\n\t\t\t\n\t\t\t\n\t\t\t\n\t\t\t\t\t}\n\n\t\t.slider-info-4715.bafg-slider-info .bafg_slider_readmore_button:hover {\n\n\t\t\t\n\t\t\t\n\t\t\t\t\t}\n\t<\/style>\n\t\n\t\t\t<div class=\"bafg-twentytwenty-container slider-4715  \"\n\t\t\t\tbafg-orientation=\"horizontal\" bafg-default-offset=\"0.5\"\n\t\t\t\tbafg-before-label=\"KONAVI\u00ae Feeder\"\n\t\t\t\tbafg-after-label=\"Grilled Feeder\" bafg-overlay=\"1\"\n\t\t\t\tbafg-move-slider-on-hover=\"\"\n\t\t\t\tbafg-click-to-move=\"\">\n\n\t\t\t\t\t\t\t\t<img class=\"skip-lazy\" data-skip-lazy\t\t\t\t\tsrc=\"https:\/\/www.choretime.com\/wp-content\/uploads\/2023\/04\/sliderimage1.jpg\" alt=\"\">\n\t\t\t\t<img class=\"skip-lazy\" data-skip-lazy\t\t\t\t\tsrc=\"https:\/\/www.choretime.com\/wp-content\/uploads\/2023\/04\/sliderimage2.jpg\" alt=\"\">\n\n\t\t\t<\/div>\n\n\t\t\t\t<div class=\"bafg-slider-info-wraper\">\n\t\t<div style=\"\" class=\"slider-info-4715 bafg-slider-info\">\n\t\t\t\t\t<\/div>\n\t<\/div>\n\t\n\t\t\t<style type=\"text\/css\">\n\t\t\t\t\t\t\t\t\t\t\t<\/style>\n\t\t\t\n<\/div>\n\n\n\n<div class=\"wp-block-column is-layout-flow wp-block-column-is-layout-flow\" style=\"flex-basis:15%\"><\/div>\n<\/div>\n\n\n\n<p>Fotos sin retocar de aves a los 11 d\u00edas de vida. Los p\u00e1jaros comen desde fuera del Comedero <sup>Konavi\u00ae<\/sup> de estilo abierto, en lugar de trepar al interior del comedero de rejilla. <\/p>\n<\/div>\n<\/div>\n<\/div>\n\n\n\n<div class=\"wp-block-column is-layout-flow wp-block-column-is-layout-flow\" style=\"flex-basis:20%\"><\/div>\n<\/div>\n\n<div class=\"wp-block-columns is-layout-flex wp-container-core-columns-is-layout-9d6595d7 wp-block-columns-is-layout-flex\">\n<div class=\"wp-block-column is-layout-flow wp-block-column-is-layout-flow\" style=\"flex-basis:20%\">\n<div style=\"height:40px\" aria-hidden=\"true\" class=\"wp-block-spacer\"><\/div>\n<\/div>\n\n\n\n<div class=\"wp-block-column is-layout-flow wp-block-column-is-layout-flow\" style=\"flex-basis:60%\">\n<figure class=\"wp-block-image alignfull size-large\"><img loading=\"lazy\" decoding=\"async\" width=\"1024\" height=\"564\" src=\"https:\/\/www.choretime.com\/wp-content\/uploads\/2023\/04\/Screen-Captures-1024x564.jpeg\" alt=\"\" class=\"wp-image-4410\" srcset=\"https:\/\/www.choretime.com\/wp-content\/uploads\/2023\/04\/Screen-Captures-1024x564.jpeg 1024w, https:\/\/www.choretime.com\/wp-content\/uploads\/2023\/04\/Screen-Captures-300x165.jpeg 300w, https:\/\/www.choretime.com\/wp-content\/uploads\/2023\/04\/Screen-Captures-768x423.jpeg 768w, https:\/\/www.choretime.com\/wp-content\/uploads\/2023\/04\/Screen-Captures-1536x846.jpeg 1536w, https:\/\/www.choretime.com\/wp-content\/uploads\/2023\/04\/Screen-Captures.jpeg 1907w\" sizes=\"auto, (max-width: 1024px) 100vw, 1024px\" \/><\/figure>\n\n\n\n<p>El exclusivo cono en \u00e1ngulo con aletas antirretorno ayuda a mantener a las aves fuera del comedero, impidiendo que introduzcan esti\u00e9rcol y arena sucia en el pienso. La baja altura del comedero con borde festoneado patentado facilita el acceso de las aves al pienso. <\/p>\n\n\n\n<div style=\"height:41px\" aria-hidden=\"true\" class=\"wp-block-spacer\"><\/div>\n\n\n\n<figure class=\"wp-block-image size-full\"><img loading=\"lazy\" decoding=\"async\" width=\"700\" height=\"400\" src=\"https:\/\/www.choretime.com\/wp-content\/uploads\/2023\/04\/Konavi_Complete-Cleaning.jpeg\" alt=\"Limpieza completa\" class=\"wp-image-4411\" srcset=\"https:\/\/www.choretime.com\/wp-content\/uploads\/2023\/04\/Konavi_Complete-Cleaning.jpeg 700w, https:\/\/www.choretime.com\/wp-content\/uploads\/2023\/04\/Konavi_Complete-Cleaning-300x171.jpeg 300w\" sizes=\"auto, (max-width: 700px) 100vw, 700px\" \/><\/figure>\n\n\n\n<p>Su dise\u00f1o aerodin\u00e1mico permite una limpieza m\u00e1s completa entre bandadas para mejorar la salud de las aves.<\/p>\n<\/div>\n\n\n\n<div class=\"wp-block-column is-layout-flow wp-block-column-is-layout-flow\" style=\"flex-basis:20%\"><\/div>\n<\/div>\n\n<h2 class=\"wp-block-heading has-text-align-center\" id=\"h-clear-the-way-to-healthier-more-productive-feedingwith-the-konavi-feeding-system\"><strong>Despeja el camino hacia una alimentaci\u00f3n m\u00e1s sana y productiva<br\/>con el Sistema de Alimentaci\u00f3n <sup>Konavi\u00ae<\/sup>.<\/strong><\/h2>\n\n<div style=\"height:41px\" aria-hidden=\"true\" class=\"wp-block-spacer\"><\/div>\n\n<div class=\"wp-block-buttons is-vertical is-content-justification-center is-layout-flex wp-container-core-buttons-is-layout-9a7cdcfd wp-block-buttons-is-layout-flex\">\n<div class=\"wp-block-button has-custom-width wp-block-button__width-50 has-custom-font-size\" style=\"font-size:26px;letter-spacing:0px\"><a class=\"wp-block-button__link has-background wp-element-button\" href=\"https:\/\/www.choretime.com\/es\/localizador-de-distribuidores\/\" style=\"background-color:#db293a\" target=\"_blank\" rel=\"noreferrer noopener\">Encuentra tu distribuidor<\/a><\/div>\n\n\n\n<div class=\"wp-block-button has-custom-width wp-block-button__width-50 has-custom-font-size\" style=\"font-size:26px;letter-spacing:0px\"><a class=\"wp-block-button__link has-background wp-element-button\" href=\"https:\/\/www.choretime.com\/product\/konavi-feeder-for-broilers\/\" style=\"background-color:#db293a\" target=\"_blank\" rel=\"noreferrer noopener\">M\u00e1s informaci\u00f3n sobre el Sistema de Alimentaci\u00f3n KONAVI<\/a><\/div>\n<\/div>\n\n<div style=\"height:36px\" aria-hidden=\"true\" class=\"wp-block-spacer\"><\/div>\n\n<div style=\"height:100px\" aria-hidden=\"true\" class=\"wp-block-spacer\"><\/div>\n","protected":false},"excerpt":{"rendered":"<p>Para dar a tus p\u00e1jaros un plato limpio, no hay comparaci\u00f3n con el Comedero Konavi\u00ae. Toca o haz clic y arrastra el mando deslizante a izquierda y derecha para comparar el Alimentador Konavi (izquierda) y el alimentador a parrilla (derecha). Fotos sin retocar de aves a los 11 d\u00edas de vida. Los p\u00e1jaros comen desde [&hellip;]<\/p>\n","protected":false},"author":3,"featured_media":8858,"parent":0,"menu_order":0,"comment_status":"closed","ping_status":"closed","template":"","meta":{"_acf_changed":false,"_monsterinsights_skip_tracking":false,"_monsterinsights_sitenote_active":false,"_monsterinsights_sitenote_note":"","_monsterinsights_sitenote_category":0,"footnotes":""},"class_list":["post-9413","page","type-page","status-publish","has-post-thumbnail","hentry"],"acf":[],"yoast_head":"<!-- This site is optimized with the Yoast SEO Premium plugin v27.3 (Yoast SEO v27.3) - https:\/\/yoast.com\/product\/yoast-seo-premium-wordpress\/ -->\n<title>Konavi\u00ae Deja entrar a los picos. Mantiene los Pies fuera. - Chore-Time<\/title>\n<meta name=\"description\" content=\"Para dar a tus p\u00e1jaros un plato limpio, no hay comparaci\u00f3n con el Comedero Konavi\u00ae.\" \/>\n<meta name=\"robots\" content=\"index, follow, max-snippet:-1, max-image-preview:large, max-video-preview:-1\" \/>\n<link rel=\"canonical\" href=\"https:\/\/www.choretime.com\/es\/konavi-deja-entrar-a-los-picos-mantiene-los-pies-fuera\/\" \/>\n<meta property=\"og:locale\" content=\"es_ES\" \/>\n<meta property=\"og:type\" content=\"article\" \/>\n<meta property=\"og:title\" content=\"Konavi\u00ae Deja entrar a los picos. Mantiene los Pies fuera. - Chore-Time\" \/>\n<meta property=\"og:description\" content=\"Para dar a tus p\u00e1jaros un plato limpio, no hay comparaci\u00f3n con el Comedero Konavi\u00ae.\" \/>\n<meta property=\"og:url\" content=\"https:\/\/www.choretime.com\/es\/konavi-deja-entrar-a-los-picos-mantiene-los-pies-fuera\/\" \/>\n<meta property=\"og:site_name\" content=\"Chore-Time\" \/>\n<meta property=\"article:publisher\" content=\"https:\/\/www.facebook.com\/choretime1952\" \/>\n<meta property=\"article:modified_time\" content=\"2024-10-27T14:52:17+00:00\" \/>\n<meta property=\"og:image\" content=\"https:\/\/www.choretime.com\/wp-content\/uploads\/2023\/04\/Screen-Captures-1024x564.jpeg\" \/>\n<meta name=\"twitter:card\" content=\"summary_large_image\" \/>\n<meta name=\"twitter:title\" content=\"Konavi\u00ae Deja entrar a los picos. Mantiene los Pies fuera. - Chore-Time\" \/>\n<meta name=\"twitter:image\" content=\"https:\/\/www.choretime.com\/wp-content\/uploads\/2023\/04\/Screen-Captures-1024x564.jpeg\" \/>\n<meta name=\"twitter:site\" content=\"@choretime\" \/>\n<meta name=\"twitter:label1\" content=\"Tiempo de lectura\" \/>\n\t<meta name=\"twitter:data1\" content=\"1 minuto\" \/>\n<script type=\"application\/ld+json\" class=\"yoast-schema-graph\">{\"@context\":\"https:\\\/\\\/schema.org\",\"@graph\":[{\"@type\":\"WebPage\",\"@id\":\"https:\\\/\\\/www.choretime.com\\\/es\\\/konavi-deja-entrar-a-los-picos-mantiene-los-pies-fuera\\\/\",\"url\":\"https:\\\/\\\/www.choretime.com\\\/es\\\/konavi-deja-entrar-a-los-picos-mantiene-los-pies-fuera\\\/\",\"name\":\"Konavi\u00ae Deja entrar a los picos. Mantiene los Pies fuera. - Chore-Time\",\"isPartOf\":{\"@id\":\"https:\\\/\\\/www.choretime.com\\\/es\\\/#website\"},\"primaryImageOfPage\":{\"@id\":\"https:\\\/\\\/www.choretime.com\\\/es\\\/konavi-deja-entrar-a-los-picos-mantiene-los-pies-fuera\\\/#primaryimage\"},\"image\":{\"@id\":\"https:\\\/\\\/www.choretime.com\\\/es\\\/konavi-deja-entrar-a-los-picos-mantiene-los-pies-fuera\\\/#primaryimage\"},\"thumbnailUrl\":\"https:\\\/\\\/www.choretime.com\\\/wp-content\\\/uploads\\\/2023\\\/04\\\/Screen-Captures.jpeg\",\"datePublished\":\"2023-04-25T14:29:07+00:00\",\"dateModified\":\"2024-10-27T14:52:17+00:00\",\"description\":\"Para dar a tus p\u00e1jaros un plato limpio, no hay comparaci\u00f3n con el Comedero Konavi\u00ae.\",\"breadcrumb\":{\"@id\":\"https:\\\/\\\/www.choretime.com\\\/es\\\/konavi-deja-entrar-a-los-picos-mantiene-los-pies-fuera\\\/#breadcrumb\"},\"inLanguage\":\"es\",\"potentialAction\":[{\"@type\":\"ReadAction\",\"target\":[\"https:\\\/\\\/www.choretime.com\\\/es\\\/konavi-deja-entrar-a-los-picos-mantiene-los-pies-fuera\\\/\"]}]},{\"@type\":\"ImageObject\",\"inLanguage\":\"es\",\"@id\":\"https:\\\/\\\/www.choretime.com\\\/es\\\/konavi-deja-entrar-a-los-picos-mantiene-los-pies-fuera\\\/#primaryimage\",\"url\":\"https:\\\/\\\/www.choretime.com\\\/wp-content\\\/uploads\\\/2023\\\/04\\\/Screen-Captures.jpeg\",\"contentUrl\":\"https:\\\/\\\/www.choretime.com\\\/wp-content\\\/uploads\\\/2023\\\/04\\\/Screen-Captures.jpeg\",\"width\":1907,\"height\":1050,\"caption\":\"Unique angled cone with anti-rake fins helps keep birds out of the feeder, stopping them from introducing manure and soiled litter into the feed. Low pan height with patented scalloped edge gives birds easy access to feed.\"},{\"@type\":\"BreadcrumbList\",\"@id\":\"https:\\\/\\\/www.choretime.com\\\/es\\\/konavi-deja-entrar-a-los-picos-mantiene-los-pies-fuera\\\/#breadcrumb\",\"itemListElement\":[{\"@type\":\"ListItem\",\"position\":1,\"name\":\"Inicio\",\"item\":\"https:\\\/\\\/www.choretime.com\\\/es\\\/\"},{\"@type\":\"ListItem\",\"position\":2,\"name\":\"Konavi\u00ae Deja entrar a los picos. Mantiene los Pies fuera.\"}]},{\"@type\":\"WebSite\",\"@id\":\"https:\\\/\\\/www.choretime.com\\\/es\\\/#website\",\"url\":\"https:\\\/\\\/www.choretime.com\\\/es\\\/\",\"name\":\"Chore-Time\",\"description\":\"Every. Day. PERFORMANCE.\u2122\",\"publisher\":{\"@id\":\"https:\\\/\\\/www.choretime.com\\\/es\\\/#organization\"},\"potentialAction\":[{\"@type\":\"SearchAction\",\"target\":{\"@type\":\"EntryPoint\",\"urlTemplate\":\"https:\\\/\\\/www.choretime.com\\\/es\\\/?s={search_term_string}\"},\"query-input\":{\"@type\":\"PropertyValueSpecification\",\"valueRequired\":true,\"valueName\":\"search_term_string\"}}],\"inLanguage\":\"es\"},{\"@type\":\"Organization\",\"@id\":\"https:\\\/\\\/www.choretime.com\\\/es\\\/#organization\",\"name\":\"Chore-Time\",\"url\":\"https:\\\/\\\/www.choretime.com\\\/es\\\/\",\"logo\":{\"@type\":\"ImageObject\",\"inLanguage\":\"es\",\"@id\":\"https:\\\/\\\/www.choretime.com\\\/es\\\/#\\\/schema\\\/logo\\\/image\\\/\",\"url\":\"https:\\\/\\\/www.choretime.com\\\/wp-content\\\/uploads\\\/2023\\\/02\\\/Chore-TimeCMYKoutline.png\",\"contentUrl\":\"https:\\\/\\\/www.choretime.com\\\/wp-content\\\/uploads\\\/2023\\\/02\\\/Chore-TimeCMYKoutline.png\",\"width\":1860,\"height\":703,\"caption\":\"Chore-Time\"},\"image\":{\"@id\":\"https:\\\/\\\/www.choretime.com\\\/es\\\/#\\\/schema\\\/logo\\\/image\\\/\"},\"sameAs\":[\"https:\\\/\\\/www.facebook.com\\\/choretime1952\",\"https:\\\/\\\/x.com\\\/choretime\",\"https:\\\/\\\/www.youtube.com\\\/choretime\",\"https:\\\/\\\/www.instagram.com\\\/choretime1952\\\/\",\"https:\\\/\\\/www.linkedin.com\\\/company\\\/choretime\\\/\"]}]}<\/script>\n<!-- \/ Yoast SEO Premium plugin. -->","yoast_head_json":{"title":"Konavi\u00ae Deja entrar a los picos. Mantiene los Pies fuera. - Chore-Time","description":"Para dar a tus p\u00e1jaros un plato limpio, no hay comparaci\u00f3n con el Comedero Konavi\u00ae.","robots":{"index":"index","follow":"follow","max-snippet":"max-snippet:-1","max-image-preview":"max-image-preview:large","max-video-preview":"max-video-preview:-1"},"canonical":"https:\/\/www.choretime.com\/es\/konavi-deja-entrar-a-los-picos-mantiene-los-pies-fuera\/","og_locale":"es_ES","og_type":"article","og_title":"Konavi\u00ae Deja entrar a los picos. Mantiene los Pies fuera. - Chore-Time","og_description":"Para dar a tus p\u00e1jaros un plato limpio, no hay comparaci\u00f3n con el Comedero Konavi\u00ae.","og_url":"https:\/\/www.choretime.com\/es\/konavi-deja-entrar-a-los-picos-mantiene-los-pies-fuera\/","og_site_name":"Chore-Time","article_publisher":"https:\/\/www.facebook.com\/choretime1952","article_modified_time":"2024-10-27T14:52:17+00:00","og_image":[{"url":"https:\/\/www.choretime.com\/wp-content\/uploads\/2023\/04\/Screen-Captures-1024x564.jpeg","type":"","width":"","height":""}],"twitter_card":"summary_large_image","twitter_title":"Konavi\u00ae Deja entrar a los picos. Mantiene los Pies fuera. - Chore-Time","twitter_image":"https:\/\/www.choretime.com\/wp-content\/uploads\/2023\/04\/Screen-Captures-1024x564.jpeg","twitter_site":"@choretime","twitter_misc":{"Tiempo de lectura":"1 minuto"},"schema":{"@context":"https:\/\/schema.org","@graph":[{"@type":"WebPage","@id":"https:\/\/www.choretime.com\/es\/konavi-deja-entrar-a-los-picos-mantiene-los-pies-fuera\/","url":"https:\/\/www.choretime.com\/es\/konavi-deja-entrar-a-los-picos-mantiene-los-pies-fuera\/","name":"Konavi\u00ae Deja entrar a los picos. Mantiene los Pies fuera. - Chore-Time","isPartOf":{"@id":"https:\/\/www.choretime.com\/es\/#website"},"primaryImageOfPage":{"@id":"https:\/\/www.choretime.com\/es\/konavi-deja-entrar-a-los-picos-mantiene-los-pies-fuera\/#primaryimage"},"image":{"@id":"https:\/\/www.choretime.com\/es\/konavi-deja-entrar-a-los-picos-mantiene-los-pies-fuera\/#primaryimage"},"thumbnailUrl":"https:\/\/www.choretime.com\/wp-content\/uploads\/2023\/04\/Screen-Captures.jpeg","datePublished":"2023-04-25T14:29:07+00:00","dateModified":"2024-10-27T14:52:17+00:00","description":"Para dar a tus p\u00e1jaros un plato limpio, no hay comparaci\u00f3n con el Comedero Konavi\u00ae.","breadcrumb":{"@id":"https:\/\/www.choretime.com\/es\/konavi-deja-entrar-a-los-picos-mantiene-los-pies-fuera\/#breadcrumb"},"inLanguage":"es","potentialAction":[{"@type":"ReadAction","target":["https:\/\/www.choretime.com\/es\/konavi-deja-entrar-a-los-picos-mantiene-los-pies-fuera\/"]}]},{"@type":"ImageObject","inLanguage":"es","@id":"https:\/\/www.choretime.com\/es\/konavi-deja-entrar-a-los-picos-mantiene-los-pies-fuera\/#primaryimage","url":"https:\/\/www.choretime.com\/wp-content\/uploads\/2023\/04\/Screen-Captures.jpeg","contentUrl":"https:\/\/www.choretime.com\/wp-content\/uploads\/2023\/04\/Screen-Captures.jpeg","width":1907,"height":1050,"caption":"Unique angled cone with anti-rake fins helps keep birds out of the feeder, stopping them from introducing manure and soiled litter into the feed. Low pan height with patented scalloped edge gives birds easy access to feed."},{"@type":"BreadcrumbList","@id":"https:\/\/www.choretime.com\/es\/konavi-deja-entrar-a-los-picos-mantiene-los-pies-fuera\/#breadcrumb","itemListElement":[{"@type":"ListItem","position":1,"name":"Inicio","item":"https:\/\/www.choretime.com\/es\/"},{"@type":"ListItem","position":2,"name":"Konavi\u00ae Deja entrar a los picos. Mantiene los Pies fuera."}]},{"@type":"WebSite","@id":"https:\/\/www.choretime.com\/es\/#website","url":"https:\/\/www.choretime.com\/es\/","name":"Chore-Time","description":"Every. Day. PERFORMANCE.\u2122","publisher":{"@id":"https:\/\/www.choretime.com\/es\/#organization"},"potentialAction":[{"@type":"SearchAction","target":{"@type":"EntryPoint","urlTemplate":"https:\/\/www.choretime.com\/es\/?s={search_term_string}"},"query-input":{"@type":"PropertyValueSpecification","valueRequired":true,"valueName":"search_term_string"}}],"inLanguage":"es"},{"@type":"Organization","@id":"https:\/\/www.choretime.com\/es\/#organization","name":"Chore-Time","url":"https:\/\/www.choretime.com\/es\/","logo":{"@type":"ImageObject","inLanguage":"es","@id":"https:\/\/www.choretime.com\/es\/#\/schema\/logo\/image\/","url":"https:\/\/www.choretime.com\/wp-content\/uploads\/2023\/02\/Chore-TimeCMYKoutline.png","contentUrl":"https:\/\/www.choretime.com\/wp-content\/uploads\/2023\/02\/Chore-TimeCMYKoutline.png","width":1860,"height":703,"caption":"Chore-Time"},"image":{"@id":"https:\/\/www.choretime.com\/es\/#\/schema\/logo\/image\/"},"sameAs":["https:\/\/www.facebook.com\/choretime1952","https:\/\/x.com\/choretime","https:\/\/www.youtube.com\/choretime","https:\/\/www.instagram.com\/choretime1952\/","https:\/\/www.linkedin.com\/company\/choretime\/"]}]}},"_links":{"self":[{"href":"https:\/\/www.choretime.com\/es\/wp-json\/wp\/v2\/pages\/9413","targetHints":{"allow":["GET"]}}],"collection":[{"href":"https:\/\/www.choretime.com\/es\/wp-json\/wp\/v2\/pages"}],"about":[{"href":"https:\/\/www.choretime.com\/es\/wp-json\/wp\/v2\/types\/page"}],"author":[{"embeddable":true,"href":"https:\/\/www.choretime.com\/es\/wp-json\/wp\/v2\/users\/3"}],"replies":[{"embeddable":true,"href":"https:\/\/www.choretime.com\/es\/wp-json\/wp\/v2\/comments?post=9413"}],"version-history":[{"count":1,"href":"https:\/\/www.choretime.com\/es\/wp-json\/wp\/v2\/pages\/9413\/revisions"}],"predecessor-version":[{"id":9414,"href":"https:\/\/www.choretime.com\/es\/wp-json\/wp\/v2\/pages\/9413\/revisions\/9414"}],"wp:featuredmedia":[{"embeddable":true,"href":"https:\/\/www.choretime.com\/es\/wp-json\/wp\/v2\/media\/8858"}],"wp:attachment":[{"href":"https:\/\/www.choretime.com\/es\/wp-json\/wp\/v2\/media?parent=9413"}],"curies":[{"name":"wp","href":"https:\/\/api.w.org\/{rel}","templated":true}]}}