{"id":9425,"date":"2023-04-26T21:10:15","date_gmt":"2023-04-26T21:10:15","guid":{"rendered":"https:\/\/www.choretime.com\/visitanos-en-el-stand-c11323-de-la-ippe-de-atlanta\/"},"modified":"2024-10-27T14:51:49","modified_gmt":"2024-10-27T14:51:49","slug":"visitanos-en-el-stand-c11323-de-la-ippe-de-atlanta","status":"publish","type":"page","link":"https:\/\/www.choretime.com\/es\/visitanos-en-el-stand-c11323-de-la-ippe-de-atlanta\/","title":{"rendered":"Vis\u00edtanos en el stand C11323 de la IPPE de Atlanta"},"content":{"rendered":"\n<h1 class=\"wp-block-heading\" id=\"h-visit-us-at-atlanta-ippe-booth-c11323\">Vis\u00edtanos en el stand C11323 de la IPPE de Atlanta<\/h1>\n\n<p class=\"has-text-align-center\"><strong>\u00a1Descubre la nueva tecnolog\u00eda de pantalla t\u00e1ctil de un l\u00edder en controles electr\u00f3nicos!<\/strong><\/p>\n\n<div class=\"wp-block-columns is-layout-flex wp-container-core-columns-is-layout-9d6595d7 wp-block-columns-is-layout-flex\">\n<div class=\"wp-block-column is-layout-flow wp-block-column-is-layout-flow\" style=\"flex-basis:15%\"><\/div>\n\n\n\n<div class=\"wp-block-column is-layout-flow wp-block-column-is-layout-flow\" style=\"flex-basis:70%\"><div class=\"wp-block-image\">\n<figure class=\"aligncenter size-large\"><img loading=\"lazy\" decoding=\"async\" width=\"1024\" height=\"119\" src=\"https:\/\/www.choretime.com\/wp-content\/uploads\/2023\/04\/Chore-Tronics3-1024x119.png\" alt=\"Chore-Tronics&#xAE; 3\" class=\"wp-image-4633\" srcset=\"https:\/\/www.choretime.com\/wp-content\/uploads\/2023\/04\/Chore-Tronics3-1024x119.png 1024w, https:\/\/www.choretime.com\/wp-content\/uploads\/2023\/04\/Chore-Tronics3-300x35.png 300w, https:\/\/www.choretime.com\/wp-content\/uploads\/2023\/04\/Chore-Tronics3-768x90.png 768w, https:\/\/www.choretime.com\/wp-content\/uploads\/2023\/04\/Chore-Tronics3-1536x179.png 1536w, https:\/\/www.choretime.com\/wp-content\/uploads\/2023\/04\/Chore-Tronics3-2048x239.png 2048w\" sizes=\"auto, (max-width: 1024px) 100vw, 1024px\" \/><\/figure>\n<\/div>\n\n\n<div style=\"height:31px\" aria-hidden=\"true\" class=\"wp-block-spacer\"><\/div>\n\n\n<div class=\"wp-block-image\">\n<figure class=\"aligncenter size-large\"><img loading=\"lazy\" decoding=\"async\" width=\"1024\" height=\"689\" src=\"https:\/\/www.choretime.com\/wp-content\/uploads\/2023\/04\/canvas-1024x689.png\" alt=\"\" class=\"wp-image-4637\" srcset=\"https:\/\/www.choretime.com\/wp-content\/uploads\/2023\/04\/canvas-1024x689.png 1024w, https:\/\/www.choretime.com\/wp-content\/uploads\/2023\/04\/canvas-300x202.png 300w, https:\/\/www.choretime.com\/wp-content\/uploads\/2023\/04\/canvas-768x517.png 768w, https:\/\/www.choretime.com\/wp-content\/uploads\/2023\/04\/canvas-1536x1033.png 1536w, https:\/\/www.choretime.com\/wp-content\/uploads\/2023\/04\/canvas.png 1751w\" sizes=\"auto, (max-width: 1024px) 100vw, 1024px\" \/><\/figure>\n<\/div>\n\n\n<div style=\"height:33px\" aria-hidden=\"true\" class=\"wp-block-spacer\"><\/div>\n\n\n\n<p><strong>Visita Chore-Time en el stand C11323 de Atlanta para obtener una vista previa de la \u00faltima tecnolog\u00eda y funciones, incluidos los c\u00e1lculos de eliminaci\u00f3n de humedad y calor y la medici\u00f3n de la velocidad del viento.<\/strong><\/p>\n<\/div>\n\n\n\n<div class=\"wp-block-column is-layout-flow wp-block-column-is-layout-flow\" style=\"flex-basis:15%\"><\/div>\n<\/div>\n\n<div style=\"height:100px\" aria-hidden=\"true\" class=\"wp-block-spacer\"><\/div>\n","protected":false},"excerpt":{"rendered":"<p>Vis\u00edtanos en el stand C11323 de la IPPE de Atlanta \u00a1Descubre la nueva tecnolog\u00eda de pantalla t\u00e1ctil de un l\u00edder en controles electr\u00f3nicos! Visita Chore-Time en el stand C11323 de Atlanta para obtener una vista previa de la \u00faltima tecnolog\u00eda y funciones, incluidos los c\u00e1lculos de eliminaci\u00f3n de humedad y calor y la medici\u00f3n de [&hellip;]<\/p>\n","protected":false},"author":2,"featured_media":8902,"parent":0,"menu_order":0,"comment_status":"closed","ping_status":"closed","template":"","meta":{"_acf_changed":false,"_monsterinsights_skip_tracking":false,"_monsterinsights_sitenote_active":false,"_monsterinsights_sitenote_note":"","_monsterinsights_sitenote_category":0,"footnotes":""},"class_list":["post-9425","page","type-page","status-publish","has-post-thumbnail","hentry"],"acf":[],"yoast_head":"<!-- This site is optimized with the Yoast SEO Premium plugin v27.3 (Yoast SEO v27.3) - https:\/\/yoast.com\/product\/yoast-seo-premium-wordpress\/ -->\n<title>Vis\u00edtanos en el stand C11323 de la IPPE de Atlanta - Chore-Time<\/title>\n<meta name=\"description\" content=\"Visite Chore-Time en IPPE en Atlanta, stand C11323, para obtener una vista previa de la \u00faltima tecnolog\u00eda y caracter\u00edsticas, incluidos c\u00e1lculos de eliminaci\u00f3n de humedad y calor y medici\u00f3n de la velocidad del viento.\" \/>\n<meta name=\"robots\" content=\"index, follow, max-snippet:-1, max-image-preview:large, max-video-preview:-1\" \/>\n<link rel=\"canonical\" href=\"https:\/\/www.choretime.com\/es\/visitanos-en-el-stand-c11323-de-la-ippe-de-atlanta\/\" \/>\n<meta property=\"og:locale\" content=\"es_ES\" \/>\n<meta property=\"og:type\" content=\"article\" \/>\n<meta property=\"og:title\" content=\"Vis\u00edtanos en el stand C11323 de la IPPE de Atlanta - Chore-Time\" \/>\n<meta property=\"og:description\" content=\"Visite Chore-Time en IPPE en Atlanta, stand C11323, para obtener una vista previa de la \u00faltima tecnolog\u00eda y caracter\u00edsticas, incluidos c\u00e1lculos de eliminaci\u00f3n de humedad y calor y medici\u00f3n de la velocidad del viento.\" \/>\n<meta property=\"og:url\" content=\"https:\/\/www.choretime.com\/es\/visitanos-en-el-stand-c11323-de-la-ippe-de-atlanta\/\" \/>\n<meta property=\"og:site_name\" content=\"Chore-Time\" \/>\n<meta property=\"article:publisher\" content=\"https:\/\/www.facebook.com\/choretime1952\" \/>\n<meta property=\"article:modified_time\" content=\"2024-10-27T14:51:49+00:00\" \/>\n<meta property=\"og:image\" content=\"https:\/\/www.choretime.com\/wp-content\/uploads\/2023\/04\/canvas-1024x689.png\" \/>\n<meta name=\"twitter:card\" content=\"summary_large_image\" \/>\n<meta name=\"twitter:title\" content=\"Vis\u00edtanos en el stand C11323 de la IPPE de Atlanta - Chore-Time\" \/>\n<meta name=\"twitter:image\" content=\"https:\/\/www.choretime.com\/wp-content\/uploads\/2023\/04\/canvas-1024x689.png\" \/>\n<meta name=\"twitter:site\" content=\"@choretime\" \/>\n<script type=\"application\/ld+json\" class=\"yoast-schema-graph\">{\"@context\":\"https:\\\/\\\/schema.org\",\"@graph\":[{\"@type\":\"WebPage\",\"@id\":\"https:\\\/\\\/www.choretime.com\\\/es\\\/visitanos-en-el-stand-c11323-de-la-ippe-de-atlanta\\\/\",\"url\":\"https:\\\/\\\/www.choretime.com\\\/es\\\/visitanos-en-el-stand-c11323-de-la-ippe-de-atlanta\\\/\",\"name\":\"Vis\u00edtanos en el stand C11323 de la IPPE de Atlanta - Chore-Time\",\"isPartOf\":{\"@id\":\"https:\\\/\\\/www.choretime.com\\\/es\\\/#website\"},\"primaryImageOfPage\":{\"@id\":\"https:\\\/\\\/www.choretime.com\\\/es\\\/visitanos-en-el-stand-c11323-de-la-ippe-de-atlanta\\\/#primaryimage\"},\"image\":{\"@id\":\"https:\\\/\\\/www.choretime.com\\\/es\\\/visitanos-en-el-stand-c11323-de-la-ippe-de-atlanta\\\/#primaryimage\"},\"thumbnailUrl\":\"https:\\\/\\\/www.choretime.com\\\/wp-content\\\/uploads\\\/2023\\\/04\\\/canvas.png\",\"datePublished\":\"2023-04-26T21:10:15+00:00\",\"dateModified\":\"2024-10-27T14:51:49+00:00\",\"description\":\"Visite Chore-Time en IPPE en Atlanta, stand C11323, para obtener una vista previa de la \u00faltima tecnolog\u00eda y caracter\u00edsticas, incluidos c\u00e1lculos de eliminaci\u00f3n de humedad y calor y medici\u00f3n de la velocidad del viento.\",\"breadcrumb\":{\"@id\":\"https:\\\/\\\/www.choretime.com\\\/es\\\/visitanos-en-el-stand-c11323-de-la-ippe-de-atlanta\\\/#breadcrumb\"},\"inLanguage\":\"es\",\"potentialAction\":[{\"@type\":\"ReadAction\",\"target\":[\"https:\\\/\\\/www.choretime.com\\\/es\\\/visitanos-en-el-stand-c11323-de-la-ippe-de-atlanta\\\/\"]}]},{\"@type\":\"ImageObject\",\"inLanguage\":\"es\",\"@id\":\"https:\\\/\\\/www.choretime.com\\\/es\\\/visitanos-en-el-stand-c11323-de-la-ippe-de-atlanta\\\/#primaryimage\",\"url\":\"https:\\\/\\\/www.choretime.com\\\/wp-content\\\/uploads\\\/2023\\\/04\\\/canvas.png\",\"contentUrl\":\"https:\\\/\\\/www.choretime.com\\\/wp-content\\\/uploads\\\/2023\\\/04\\\/canvas.png\",\"width\":1751,\"height\":1178},{\"@type\":\"BreadcrumbList\",\"@id\":\"https:\\\/\\\/www.choretime.com\\\/es\\\/visitanos-en-el-stand-c11323-de-la-ippe-de-atlanta\\\/#breadcrumb\",\"itemListElement\":[{\"@type\":\"ListItem\",\"position\":1,\"name\":\"Inicio\",\"item\":\"https:\\\/\\\/www.choretime.com\\\/es\\\/\"},{\"@type\":\"ListItem\",\"position\":2,\"name\":\"Vis\u00edtanos en el stand C11323 de la IPPE de Atlanta\"}]},{\"@type\":\"WebSite\",\"@id\":\"https:\\\/\\\/www.choretime.com\\\/es\\\/#website\",\"url\":\"https:\\\/\\\/www.choretime.com\\\/es\\\/\",\"name\":\"Chore-Time\",\"description\":\"Every. Day. PERFORMANCE.\u2122\",\"publisher\":{\"@id\":\"https:\\\/\\\/www.choretime.com\\\/es\\\/#organization\"},\"potentialAction\":[{\"@type\":\"SearchAction\",\"target\":{\"@type\":\"EntryPoint\",\"urlTemplate\":\"https:\\\/\\\/www.choretime.com\\\/es\\\/?s={search_term_string}\"},\"query-input\":{\"@type\":\"PropertyValueSpecification\",\"valueRequired\":true,\"valueName\":\"search_term_string\"}}],\"inLanguage\":\"es\"},{\"@type\":\"Organization\",\"@id\":\"https:\\\/\\\/www.choretime.com\\\/es\\\/#organization\",\"name\":\"Chore-Time\",\"url\":\"https:\\\/\\\/www.choretime.com\\\/es\\\/\",\"logo\":{\"@type\":\"ImageObject\",\"inLanguage\":\"es\",\"@id\":\"https:\\\/\\\/www.choretime.com\\\/es\\\/#\\\/schema\\\/logo\\\/image\\\/\",\"url\":\"https:\\\/\\\/www.choretime.com\\\/wp-content\\\/uploads\\\/2023\\\/02\\\/Chore-TimeCMYKoutline.png\",\"contentUrl\":\"https:\\\/\\\/www.choretime.com\\\/wp-content\\\/uploads\\\/2023\\\/02\\\/Chore-TimeCMYKoutline.png\",\"width\":1860,\"height\":703,\"caption\":\"Chore-Time\"},\"image\":{\"@id\":\"https:\\\/\\\/www.choretime.com\\\/es\\\/#\\\/schema\\\/logo\\\/image\\\/\"},\"sameAs\":[\"https:\\\/\\\/www.facebook.com\\\/choretime1952\",\"https:\\\/\\\/x.com\\\/choretime\",\"https:\\\/\\\/www.youtube.com\\\/choretime\",\"https:\\\/\\\/www.instagram.com\\\/choretime1952\\\/\",\"https:\\\/\\\/www.linkedin.com\\\/company\\\/choretime\\\/\"]}]}<\/script>\n<!-- \/ Yoast SEO Premium plugin. -->","yoast_head_json":{"title":"Vis\u00edtanos en el stand C11323 de la IPPE de Atlanta - Chore-Time","description":"Visite Chore-Time en IPPE en Atlanta, stand C11323, para obtener una vista previa de la \u00faltima tecnolog\u00eda y caracter\u00edsticas, incluidos c\u00e1lculos de eliminaci\u00f3n de humedad y calor y medici\u00f3n de la velocidad del viento.","robots":{"index":"index","follow":"follow","max-snippet":"max-snippet:-1","max-image-preview":"max-image-preview:large","max-video-preview":"max-video-preview:-1"},"canonical":"https:\/\/www.choretime.com\/es\/visitanos-en-el-stand-c11323-de-la-ippe-de-atlanta\/","og_locale":"es_ES","og_type":"article","og_title":"Vis\u00edtanos en el stand C11323 de la IPPE de Atlanta - Chore-Time","og_description":"Visite Chore-Time en IPPE en Atlanta, stand C11323, para obtener una vista previa de la \u00faltima tecnolog\u00eda y caracter\u00edsticas, incluidos c\u00e1lculos de eliminaci\u00f3n de humedad y calor y medici\u00f3n de la velocidad del viento.","og_url":"https:\/\/www.choretime.com\/es\/visitanos-en-el-stand-c11323-de-la-ippe-de-atlanta\/","og_site_name":"Chore-Time","article_publisher":"https:\/\/www.facebook.com\/choretime1952","article_modified_time":"2024-10-27T14:51:49+00:00","og_image":[{"url":"https:\/\/www.choretime.com\/wp-content\/uploads\/2023\/04\/canvas-1024x689.png","type":"","width":"","height":""}],"twitter_card":"summary_large_image","twitter_title":"Vis\u00edtanos en el stand C11323 de la IPPE de Atlanta - Chore-Time","twitter_image":"https:\/\/www.choretime.com\/wp-content\/uploads\/2023\/04\/canvas-1024x689.png","twitter_site":"@choretime","schema":{"@context":"https:\/\/schema.org","@graph":[{"@type":"WebPage","@id":"https:\/\/www.choretime.com\/es\/visitanos-en-el-stand-c11323-de-la-ippe-de-atlanta\/","url":"https:\/\/www.choretime.com\/es\/visitanos-en-el-stand-c11323-de-la-ippe-de-atlanta\/","name":"Vis\u00edtanos en el stand C11323 de la IPPE de Atlanta - Chore-Time","isPartOf":{"@id":"https:\/\/www.choretime.com\/es\/#website"},"primaryImageOfPage":{"@id":"https:\/\/www.choretime.com\/es\/visitanos-en-el-stand-c11323-de-la-ippe-de-atlanta\/#primaryimage"},"image":{"@id":"https:\/\/www.choretime.com\/es\/visitanos-en-el-stand-c11323-de-la-ippe-de-atlanta\/#primaryimage"},"thumbnailUrl":"https:\/\/www.choretime.com\/wp-content\/uploads\/2023\/04\/canvas.png","datePublished":"2023-04-26T21:10:15+00:00","dateModified":"2024-10-27T14:51:49+00:00","description":"Visite Chore-Time en IPPE en Atlanta, stand C11323, para obtener una vista previa de la \u00faltima tecnolog\u00eda y caracter\u00edsticas, incluidos c\u00e1lculos de eliminaci\u00f3n de humedad y calor y medici\u00f3n de la velocidad del viento.","breadcrumb":{"@id":"https:\/\/www.choretime.com\/es\/visitanos-en-el-stand-c11323-de-la-ippe-de-atlanta\/#breadcrumb"},"inLanguage":"es","potentialAction":[{"@type":"ReadAction","target":["https:\/\/www.choretime.com\/es\/visitanos-en-el-stand-c11323-de-la-ippe-de-atlanta\/"]}]},{"@type":"ImageObject","inLanguage":"es","@id":"https:\/\/www.choretime.com\/es\/visitanos-en-el-stand-c11323-de-la-ippe-de-atlanta\/#primaryimage","url":"https:\/\/www.choretime.com\/wp-content\/uploads\/2023\/04\/canvas.png","contentUrl":"https:\/\/www.choretime.com\/wp-content\/uploads\/2023\/04\/canvas.png","width":1751,"height":1178},{"@type":"BreadcrumbList","@id":"https:\/\/www.choretime.com\/es\/visitanos-en-el-stand-c11323-de-la-ippe-de-atlanta\/#breadcrumb","itemListElement":[{"@type":"ListItem","position":1,"name":"Inicio","item":"https:\/\/www.choretime.com\/es\/"},{"@type":"ListItem","position":2,"name":"Vis\u00edtanos en el stand C11323 de la IPPE de Atlanta"}]},{"@type":"WebSite","@id":"https:\/\/www.choretime.com\/es\/#website","url":"https:\/\/www.choretime.com\/es\/","name":"Chore-Time","description":"Every. Day. PERFORMANCE.\u2122","publisher":{"@id":"https:\/\/www.choretime.com\/es\/#organization"},"potentialAction":[{"@type":"SearchAction","target":{"@type":"EntryPoint","urlTemplate":"https:\/\/www.choretime.com\/es\/?s={search_term_string}"},"query-input":{"@type":"PropertyValueSpecification","valueRequired":true,"valueName":"search_term_string"}}],"inLanguage":"es"},{"@type":"Organization","@id":"https:\/\/www.choretime.com\/es\/#organization","name":"Chore-Time","url":"https:\/\/www.choretime.com\/es\/","logo":{"@type":"ImageObject","inLanguage":"es","@id":"https:\/\/www.choretime.com\/es\/#\/schema\/logo\/image\/","url":"https:\/\/www.choretime.com\/wp-content\/uploads\/2023\/02\/Chore-TimeCMYKoutline.png","contentUrl":"https:\/\/www.choretime.com\/wp-content\/uploads\/2023\/02\/Chore-TimeCMYKoutline.png","width":1860,"height":703,"caption":"Chore-Time"},"image":{"@id":"https:\/\/www.choretime.com\/es\/#\/schema\/logo\/image\/"},"sameAs":["https:\/\/www.facebook.com\/choretime1952","https:\/\/x.com\/choretime","https:\/\/www.youtube.com\/choretime","https:\/\/www.instagram.com\/choretime1952\/","https:\/\/www.linkedin.com\/company\/choretime\/"]}]}},"_links":{"self":[{"href":"https:\/\/www.choretime.com\/es\/wp-json\/wp\/v2\/pages\/9425","targetHints":{"allow":["GET"]}}],"collection":[{"href":"https:\/\/www.choretime.com\/es\/wp-json\/wp\/v2\/pages"}],"about":[{"href":"https:\/\/www.choretime.com\/es\/wp-json\/wp\/v2\/types\/page"}],"author":[{"embeddable":true,"href":"https:\/\/www.choretime.com\/es\/wp-json\/wp\/v2\/users\/2"}],"replies":[{"embeddable":true,"href":"https:\/\/www.choretime.com\/es\/wp-json\/wp\/v2\/comments?post=9425"}],"version-history":[{"count":1,"href":"https:\/\/www.choretime.com\/es\/wp-json\/wp\/v2\/pages\/9425\/revisions"}],"predecessor-version":[{"id":9427,"href":"https:\/\/www.choretime.com\/es\/wp-json\/wp\/v2\/pages\/9425\/revisions\/9427"}],"wp:featuredmedia":[{"embeddable":true,"href":"https:\/\/www.choretime.com\/es\/wp-json\/wp\/v2\/media\/8902"}],"wp:attachment":[{"href":"https:\/\/www.choretime.com\/es\/wp-json\/wp\/v2\/media?parent=9425"}],"curies":[{"name":"wp","href":"https:\/\/api.w.org\/{rel}","templated":true}]}}