{"id":9429,"date":"2023-04-26T17:06:27","date_gmt":"2023-04-26T17:06:27","guid":{"rendered":"https:\/\/www.choretime.com\/toma-el-control-con-chore-tronics\/"},"modified":"2024-10-27T14:52:02","modified_gmt":"2024-10-27T14:52:02","slug":"toma-el-control-con-chore-tronics","status":"publish","type":"page","link":"https:\/\/www.choretime.com\/es\/toma-el-control-con-chore-tronics\/","title":{"rendered":"Toma el control con Chore-Tronics"},"content":{"rendered":"\n<h1 class=\"wp-block-heading\" id=\"h-tome-el-control-con-chore-tronics\">Toma el control con Chore-Tronics<\/h1>\n\n<div class=\"wp-block-columns is-layout-flex wp-container-core-columns-is-layout-9d6595d7 wp-block-columns-is-layout-flex\">\n<div class=\"wp-block-column is-layout-flow wp-block-column-is-layout-flow\" style=\"flex-basis:25%\"><\/div>\n\n\n\n<div class=\"wp-block-column is-layout-flow wp-block-column-is-layout-flow\" style=\"flex-basis:50%\"><div class=\"wp-block-image\">\n<figure class=\"aligncenter size-full\"><img loading=\"lazy\" decoding=\"async\" width=\"360\" height=\"101\" src=\"https:\/\/www.choretime.com\/wp-content\/uploads\/2023\/04\/icons-spanish-2.png\" alt=\"Climatizaci&#xF3;n Comederos Bebederos\" class=\"wp-image-4510\" srcset=\"https:\/\/www.choretime.com\/wp-content\/uploads\/2023\/04\/icons-spanish-2.png 360w, https:\/\/www.choretime.com\/wp-content\/uploads\/2023\/04\/icons-spanish-2-300x84.png 300w\" sizes=\"auto, (max-width: 360px) 100vw, 360px\" \/><\/figure>\n<\/div>\n\n\n<div style=\"height:37px\" aria-hidden=\"true\" class=\"wp-block-spacer\"><\/div>\n\n\n<div class=\"wp-block-image\">\n<figure class=\"aligncenter size-full\"><img loading=\"lazy\" decoding=\"async\" width=\"700\" height=\"467\" src=\"https:\/\/www.choretime.com\/wp-content\/uploads\/2023\/04\/2Sp-Chore-Time_Chore-Tronics_Mobile-App.jpeg\" alt=\"Aplicaci&#xF3;n M&#xF3;vil Chore-Tronics&#xAE; 3\" class=\"wp-image-4511\" srcset=\"https:\/\/www.choretime.com\/wp-content\/uploads\/2023\/04\/2Sp-Chore-Time_Chore-Tronics_Mobile-App.jpeg 700w, https:\/\/www.choretime.com\/wp-content\/uploads\/2023\/04\/2Sp-Chore-Time_Chore-Tronics_Mobile-App-300x200.jpeg 300w\" sizes=\"auto, (max-width: 700px) 100vw, 700px\" \/><\/figure>\n<\/div><\/div>\n\n\n\n<div class=\"wp-block-column is-layout-flow wp-block-column-is-layout-flow\" style=\"flex-basis:25%\"><\/div>\n<\/div>\n\n<h2 class=\"wp-block-heading has-text-align-center\" id=\"h-control-galpon-avicola-remoto\"><strong>CONTROL galp\u00f3n av\u00edcola REMOTO<\/strong><\/h2>\n\n<p class=\"has-text-align-center\"><strong>Monitoriza y ajusta con precisi\u00f3n los controles de tu galp\u00f3n con la aplicaci\u00f3n m\u00f3vil Chore-Tronics\u00ae.<\/strong><\/p>\n\n<p class=\"has-text-align-center\"><strong>Controla de forma remota la velocidad de los ventiladores, las zonas de aspersores, los niveles de agua de los bebederos y mucho m\u00e1s en su galp\u00f3n av\u00edcola con la aplicaci\u00f3n m\u00f3vil Chore-Tronics\u00ae.<\/strong><\/p>\n\n<div style=\"height:52px\" aria-hidden=\"true\" class=\"wp-block-spacer\"><\/div>\n\n<div class=\"wp-block-cover is-light\"><span aria-hidden=\"true\" class=\"wp-block-cover__background has-background-dim-30 has-background-dim\"><\/span><img loading=\"lazy\" decoding=\"async\" width=\"960\" height=\"539\" class=\"wp-block-cover__image-background wp-image-4505\" alt=\"\" src=\"https:\/\/www.choretime.com\/wp-content\/uploads\/2023\/04\/01day.jpeg\" style=\"object-position:50% 67%\" data-object-fit=\"cover\" data-object-position=\"50% 67%\" srcset=\"https:\/\/www.choretime.com\/wp-content\/uploads\/2023\/04\/01day.jpeg 960w, https:\/\/www.choretime.com\/wp-content\/uploads\/2023\/04\/01day-300x168.jpeg 300w, https:\/\/www.choretime.com\/wp-content\/uploads\/2023\/04\/01day-768x431.jpeg 768w\" sizes=\"auto, (max-width: 960px) 100vw, 960px\" \/><div class=\"wp-block-cover__inner-container is-layout-flow wp-block-cover-is-layout-flow\">\n<h2 class=\"wp-block-heading has-text-align-center has-white-color has-text-color\">Controla tus galpones av\u00edcolas a<br\/>cualquier hora, desde cualquier lugar<br\/>con la aplicaci\u00f3n m\u00f3vil Chore-Tronics\u00ae.<\/h2>\n<\/div><\/div>\n\n<div style=\"height:47px\" aria-hidden=\"true\" class=\"wp-block-spacer\"><\/div>\n\n<div style=\"height:32px\" aria-hidden=\"true\" class=\"wp-block-spacer\"><\/div>\n\n<div class=\"wp-block-buttons is-vertical is-content-justification-center is-layout-flex wp-container-core-buttons-is-layout-9a7cdcfd wp-block-buttons-is-layout-flex\">\n<div class=\"wp-block-button has-custom-width wp-block-button__width-50 has-custom-font-size\" style=\"font-size:26px;letter-spacing:0px\"><a class=\"wp-block-button__link has-background wp-element-button\" href=\"https:\/\/www.choretime.com\/product\/broilers\/controls-software-for-broilers\/communication-software-and-management-tools-for-broilers\/chore-tronics-mobile-app-for-broilers\/\" style=\"background-color:#db293a\" target=\"_blank\" rel=\"noreferrer noopener\">Obtenga m\u00e1s informaci\u00f3n acerca de la aplicaci\u00f3n m\u00f3vil chore-Tronics\u00ae.<\/a><\/div>\n\n\n\n<div class=\"wp-block-button has-custom-width wp-block-button__width-50 has-custom-font-size\" style=\"font-size:26px;letter-spacing:0px\"><a class=\"wp-block-button__link has-background wp-element-button\" href=\"https:\/\/www.choretime.com\/es\/localizador-de-distribuidores\/\" style=\"background-color:#db293a\" target=\"_blank\" rel=\"noreferrer noopener\">Busca a tu distribuidor<\/a><\/div>\n<\/div>\n\n<div style=\"height:100px\" aria-hidden=\"true\" class=\"wp-block-spacer\"><\/div>\n","protected":false},"excerpt":{"rendered":"<p>Toma el control con Chore-Tronics CONTROL galp\u00f3n av\u00edcola REMOTO Monitoriza y ajusta con precisi\u00f3n los controles de tu galp\u00f3n con la aplicaci\u00f3n m\u00f3vil Chore-Tronics\u00ae. Controla de forma remota la velocidad de los ventiladores, las zonas de aspersores, los niveles de agua de los bebederos y mucho m\u00e1s en su galp\u00f3n av\u00edcola con la aplicaci\u00f3n m\u00f3vil [&hellip;]<\/p>\n","protected":false},"author":2,"featured_media":8881,"parent":0,"menu_order":0,"comment_status":"closed","ping_status":"closed","template":"","meta":{"_acf_changed":false,"_monsterinsights_skip_tracking":false,"_monsterinsights_sitenote_active":false,"_monsterinsights_sitenote_note":"","_monsterinsights_sitenote_category":0,"footnotes":""},"class_list":["post-9429","page","type-page","status-publish","has-post-thumbnail","hentry"],"acf":[],"yoast_head":"<!-- This site is optimized with the Yoast SEO Premium plugin v27.2 (Yoast SEO v27.2) - https:\/\/yoast.com\/product\/yoast-seo-premium-wordpress\/ -->\n<title>Toma el control con Chore-Tronics - Chore-Time<\/title>\n<meta name=\"description\" content=\"Controla a distancia la velocidad de los ventiladores del gallinero, las zonas de riego, los niveles de agua potable y mucho m\u00e1s con la aplicaci\u00f3n m\u00f3vil Chore-Tronics\u00ae.\" \/>\n<meta name=\"robots\" content=\"index, follow, max-snippet:-1, max-image-preview:large, max-video-preview:-1\" \/>\n<link rel=\"canonical\" href=\"https:\/\/www.choretime.com\/es\/toma-el-control-con-chore-tronics\/\" \/>\n<meta property=\"og:locale\" content=\"es_ES\" \/>\n<meta property=\"og:type\" content=\"article\" \/>\n<meta property=\"og:title\" content=\"Toma el control con Chore-Tronics\" \/>\n<meta property=\"og:description\" content=\"Controla a distancia la velocidad de los ventiladores del gallinero, las zonas de riego, los niveles de agua potable y mucho m\u00e1s con la aplicaci\u00f3n m\u00f3vil Chore-Tronics\u00ae.\" \/>\n<meta property=\"og:url\" content=\"https:\/\/www.choretime.com\/es\/toma-el-control-con-chore-tronics\/\" \/>\n<meta property=\"og:site_name\" content=\"Chore-Time\" \/>\n<meta property=\"article:publisher\" content=\"https:\/\/www.facebook.com\/choretime1952\" \/>\n<meta property=\"article:modified_time\" content=\"2024-10-27T14:52:02+00:00\" \/>\n<meta property=\"og:image\" content=\"https:\/\/www.choretime.com\/wp-content\/uploads\/2023\/04\/2Sp-Chore-Time_Chore-Tronics_Mobile-App.jpeg\" \/>\n\t<meta property=\"og:image:width\" content=\"700\" \/>\n\t<meta property=\"og:image:height\" content=\"467\" \/>\n\t<meta property=\"og:image:type\" content=\"image\/jpeg\" \/>\n<meta name=\"twitter:card\" content=\"summary_large_image\" \/>\n<meta name=\"twitter:site\" content=\"@choretime\" \/>\n<meta name=\"twitter:label1\" content=\"Tiempo de lectura\" \/>\n\t<meta name=\"twitter:data1\" content=\"1 minuto\" \/>\n<script type=\"application\/ld+json\" class=\"yoast-schema-graph\">{\"@context\":\"https:\/\/schema.org\",\"@graph\":[{\"@type\":\"WebPage\",\"@id\":\"https:\/\/www.choretime.com\/es\/toma-el-control-con-chore-tronics\/\",\"url\":\"https:\/\/www.choretime.com\/es\/toma-el-control-con-chore-tronics\/\",\"name\":\"Toma el control con Chore-Tronics - Chore-Time\",\"isPartOf\":{\"@id\":\"https:\/\/www.choretime.com\/es\/#website\"},\"primaryImageOfPage\":{\"@id\":\"https:\/\/www.choretime.com\/es\/toma-el-control-con-chore-tronics\/#primaryimage\"},\"image\":{\"@id\":\"https:\/\/www.choretime.com\/es\/toma-el-control-con-chore-tronics\/#primaryimage\"},\"thumbnailUrl\":\"https:\/\/www.choretime.com\/wp-content\/uploads\/2023\/04\/2Sp-Chore-Time_Chore-Tronics_Mobile-App.jpeg\",\"datePublished\":\"2023-04-26T17:06:27+00:00\",\"dateModified\":\"2024-10-27T14:52:02+00:00\",\"description\":\"Controla a distancia la velocidad de los ventiladores del gallinero, las zonas de riego, los niveles de agua potable y mucho m\u00e1s con la aplicaci\u00f3n m\u00f3vil Chore-Tronics\u00ae.\",\"breadcrumb\":{\"@id\":\"https:\/\/www.choretime.com\/es\/toma-el-control-con-chore-tronics\/#breadcrumb\"},\"inLanguage\":\"es\",\"potentialAction\":[{\"@type\":\"ReadAction\",\"target\":[\"https:\/\/www.choretime.com\/es\/toma-el-control-con-chore-tronics\/\"]}]},{\"@type\":\"ImageObject\",\"inLanguage\":\"es\",\"@id\":\"https:\/\/www.choretime.com\/es\/toma-el-control-con-chore-tronics\/#primaryimage\",\"url\":\"https:\/\/www.choretime.com\/wp-content\/uploads\/2023\/04\/2Sp-Chore-Time_Chore-Tronics_Mobile-App.jpeg\",\"contentUrl\":\"https:\/\/www.choretime.com\/wp-content\/uploads\/2023\/04\/2Sp-Chore-Time_Chore-Tronics_Mobile-App.jpeg\",\"width\":700,\"height\":467,\"caption\":\"Aplicaci\u00f3n M\u00f3vil Chore-Tronics\u00ae 3\"},{\"@type\":\"BreadcrumbList\",\"@id\":\"https:\/\/www.choretime.com\/es\/toma-el-control-con-chore-tronics\/#breadcrumb\",\"itemListElement\":[{\"@type\":\"ListItem\",\"position\":1,\"name\":\"Inicio\",\"item\":\"https:\/\/www.choretime.com\/es\/\"},{\"@type\":\"ListItem\",\"position\":2,\"name\":\"Toma el control con Chore-Tronics\"}]},{\"@type\":\"WebSite\",\"@id\":\"https:\/\/www.choretime.com\/es\/#website\",\"url\":\"https:\/\/www.choretime.com\/es\/\",\"name\":\"Chore-Time\",\"description\":\"Every. Day. PERFORMANCE.\u2122\",\"publisher\":{\"@id\":\"https:\/\/www.choretime.com\/es\/#organization\"},\"potentialAction\":[{\"@type\":\"SearchAction\",\"target\":{\"@type\":\"EntryPoint\",\"urlTemplate\":\"https:\/\/www.choretime.com\/es\/?s={search_term_string}\"},\"query-input\":{\"@type\":\"PropertyValueSpecification\",\"valueRequired\":true,\"valueName\":\"search_term_string\"}}],\"inLanguage\":\"es\"},{\"@type\":\"Organization\",\"@id\":\"https:\/\/www.choretime.com\/es\/#organization\",\"name\":\"Chore-Time\",\"url\":\"https:\/\/www.choretime.com\/es\/\",\"logo\":{\"@type\":\"ImageObject\",\"inLanguage\":\"es\",\"@id\":\"https:\/\/www.choretime.com\/es\/#\/schema\/logo\/image\/\",\"url\":\"https:\/\/www.choretime.com\/wp-content\/uploads\/2023\/02\/Chore-TimeCMYKoutline.png\",\"contentUrl\":\"https:\/\/www.choretime.com\/wp-content\/uploads\/2023\/02\/Chore-TimeCMYKoutline.png\",\"width\":1860,\"height\":703,\"caption\":\"Chore-Time\"},\"image\":{\"@id\":\"https:\/\/www.choretime.com\/es\/#\/schema\/logo\/image\/\"},\"sameAs\":[\"https:\/\/www.facebook.com\/choretime1952\",\"https:\/\/x.com\/choretime\",\"https:\/\/www.youtube.com\/choretime\",\"https:\/\/www.instagram.com\/choretime1952\/\",\"https:\/\/www.linkedin.com\/company\/choretime\/\"]}]}<\/script>\n<!-- \/ Yoast SEO Premium plugin. -->","yoast_head_json":{"title":"Toma el control con Chore-Tronics - Chore-Time","description":"Controla a distancia la velocidad de los ventiladores del gallinero, las zonas de riego, los niveles de agua potable y mucho m\u00e1s con la aplicaci\u00f3n m\u00f3vil Chore-Tronics\u00ae.","robots":{"index":"index","follow":"follow","max-snippet":"max-snippet:-1","max-image-preview":"max-image-preview:large","max-video-preview":"max-video-preview:-1"},"canonical":"https:\/\/www.choretime.com\/es\/toma-el-control-con-chore-tronics\/","og_locale":"es_ES","og_type":"article","og_title":"Toma el control con Chore-Tronics","og_description":"Controla a distancia la velocidad de los ventiladores del gallinero, las zonas de riego, los niveles de agua potable y mucho m\u00e1s con la aplicaci\u00f3n m\u00f3vil Chore-Tronics\u00ae.","og_url":"https:\/\/www.choretime.com\/es\/toma-el-control-con-chore-tronics\/","og_site_name":"Chore-Time","article_publisher":"https:\/\/www.facebook.com\/choretime1952","article_modified_time":"2024-10-27T14:52:02+00:00","og_image":[{"width":700,"height":467,"url":"https:\/\/www.choretime.com\/wp-content\/uploads\/2023\/04\/2Sp-Chore-Time_Chore-Tronics_Mobile-App.jpeg","type":"image\/jpeg"}],"twitter_card":"summary_large_image","twitter_site":"@choretime","twitter_misc":{"Tiempo de lectura":"1 minuto"},"schema":{"@context":"https:\/\/schema.org","@graph":[{"@type":"WebPage","@id":"https:\/\/www.choretime.com\/es\/toma-el-control-con-chore-tronics\/","url":"https:\/\/www.choretime.com\/es\/toma-el-control-con-chore-tronics\/","name":"Toma el control con Chore-Tronics - Chore-Time","isPartOf":{"@id":"https:\/\/www.choretime.com\/es\/#website"},"primaryImageOfPage":{"@id":"https:\/\/www.choretime.com\/es\/toma-el-control-con-chore-tronics\/#primaryimage"},"image":{"@id":"https:\/\/www.choretime.com\/es\/toma-el-control-con-chore-tronics\/#primaryimage"},"thumbnailUrl":"https:\/\/www.choretime.com\/wp-content\/uploads\/2023\/04\/2Sp-Chore-Time_Chore-Tronics_Mobile-App.jpeg","datePublished":"2023-04-26T17:06:27+00:00","dateModified":"2024-10-27T14:52:02+00:00","description":"Controla a distancia la velocidad de los ventiladores del gallinero, las zonas de riego, los niveles de agua potable y mucho m\u00e1s con la aplicaci\u00f3n m\u00f3vil Chore-Tronics\u00ae.","breadcrumb":{"@id":"https:\/\/www.choretime.com\/es\/toma-el-control-con-chore-tronics\/#breadcrumb"},"inLanguage":"es","potentialAction":[{"@type":"ReadAction","target":["https:\/\/www.choretime.com\/es\/toma-el-control-con-chore-tronics\/"]}]},{"@type":"ImageObject","inLanguage":"es","@id":"https:\/\/www.choretime.com\/es\/toma-el-control-con-chore-tronics\/#primaryimage","url":"https:\/\/www.choretime.com\/wp-content\/uploads\/2023\/04\/2Sp-Chore-Time_Chore-Tronics_Mobile-App.jpeg","contentUrl":"https:\/\/www.choretime.com\/wp-content\/uploads\/2023\/04\/2Sp-Chore-Time_Chore-Tronics_Mobile-App.jpeg","width":700,"height":467,"caption":"Aplicaci\u00f3n M\u00f3vil Chore-Tronics\u00ae 3"},{"@type":"BreadcrumbList","@id":"https:\/\/www.choretime.com\/es\/toma-el-control-con-chore-tronics\/#breadcrumb","itemListElement":[{"@type":"ListItem","position":1,"name":"Inicio","item":"https:\/\/www.choretime.com\/es\/"},{"@type":"ListItem","position":2,"name":"Toma el control con Chore-Tronics"}]},{"@type":"WebSite","@id":"https:\/\/www.choretime.com\/es\/#website","url":"https:\/\/www.choretime.com\/es\/","name":"Chore-Time","description":"Every. Day. PERFORMANCE.\u2122","publisher":{"@id":"https:\/\/www.choretime.com\/es\/#organization"},"potentialAction":[{"@type":"SearchAction","target":{"@type":"EntryPoint","urlTemplate":"https:\/\/www.choretime.com\/es\/?s={search_term_string}"},"query-input":{"@type":"PropertyValueSpecification","valueRequired":true,"valueName":"search_term_string"}}],"inLanguage":"es"},{"@type":"Organization","@id":"https:\/\/www.choretime.com\/es\/#organization","name":"Chore-Time","url":"https:\/\/www.choretime.com\/es\/","logo":{"@type":"ImageObject","inLanguage":"es","@id":"https:\/\/www.choretime.com\/es\/#\/schema\/logo\/image\/","url":"https:\/\/www.choretime.com\/wp-content\/uploads\/2023\/02\/Chore-TimeCMYKoutline.png","contentUrl":"https:\/\/www.choretime.com\/wp-content\/uploads\/2023\/02\/Chore-TimeCMYKoutline.png","width":1860,"height":703,"caption":"Chore-Time"},"image":{"@id":"https:\/\/www.choretime.com\/es\/#\/schema\/logo\/image\/"},"sameAs":["https:\/\/www.facebook.com\/choretime1952","https:\/\/x.com\/choretime","https:\/\/www.youtube.com\/choretime","https:\/\/www.instagram.com\/choretime1952\/","https:\/\/www.linkedin.com\/company\/choretime\/"]}]}},"_links":{"self":[{"href":"https:\/\/www.choretime.com\/es\/wp-json\/wp\/v2\/pages\/9429","targetHints":{"allow":["GET"]}}],"collection":[{"href":"https:\/\/www.choretime.com\/es\/wp-json\/wp\/v2\/pages"}],"about":[{"href":"https:\/\/www.choretime.com\/es\/wp-json\/wp\/v2\/types\/page"}],"author":[{"embeddable":true,"href":"https:\/\/www.choretime.com\/es\/wp-json\/wp\/v2\/users\/2"}],"replies":[{"embeddable":true,"href":"https:\/\/www.choretime.com\/es\/wp-json\/wp\/v2\/comments?post=9429"}],"version-history":[{"count":1,"href":"https:\/\/www.choretime.com\/es\/wp-json\/wp\/v2\/pages\/9429\/revisions"}],"predecessor-version":[{"id":9431,"href":"https:\/\/www.choretime.com\/es\/wp-json\/wp\/v2\/pages\/9429\/revisions\/9431"}],"wp:featuredmedia":[{"embeddable":true,"href":"https:\/\/www.choretime.com\/es\/wp-json\/wp\/v2\/media\/8881"}],"wp:attachment":[{"href":"https:\/\/www.choretime.com\/es\/wp-json\/wp\/v2\/media?parent=9429"}],"curies":[{"name":"wp","href":"https:\/\/api.w.org\/{rel}","templated":true}]}}