{"id":9432,"date":"2023-04-26T15:07:02","date_gmt":"2023-04-26T15:07:02","guid":{"rendered":"https:\/\/www.choretime.com\/konavi-permite-que-entren-los-picos-mantiene-las-patas-afuera\/"},"modified":"2024-10-27T14:52:00","modified_gmt":"2024-10-27T14:52:00","slug":"konavi-permite-que-entren-los-picos-mantiene-las-patas-afuera","status":"publish","type":"page","link":"https:\/\/www.choretime.com\/es\/konavi-permite-que-entren-los-picos-mantiene-las-patas-afuera\/","title":{"rendered":"Konavi\u00ae Permite que entren los picos. Mantiene las patas afuera."},"content":{"rendered":"\n<div class=\"wp-block-columns is-layout-flex wp-container-core-columns-is-layout-9d6595d7 wp-block-columns-is-layout-flex\">\n<div class=\"wp-block-column is-layout-flow wp-block-column-is-layout-flow\" style=\"flex-basis:20%\"><\/div>\n\n\n\n<div class=\"wp-block-column is-layout-flow wp-block-column-is-layout-flow\" style=\"flex-basis:60%\">\n<figure class=\"wp-block-image alignfull size-full\"><img loading=\"lazy\" decoding=\"async\" width=\"654\" height=\"163\" src=\"https:\/\/www.choretime.com\/wp-content\/uploads\/2023\/04\/Konavi-top-Sp.jpeg\" alt=\"KONAVI&#xAE;&#10;Permite que entren los picos. Mantiene las patas afuera. \" class=\"wp-image-4478\" srcset=\"https:\/\/www.choretime.com\/wp-content\/uploads\/2023\/04\/Konavi-top-Sp.jpeg 654w, https:\/\/www.choretime.com\/wp-content\/uploads\/2023\/04\/Konavi-top-Sp-300x75.jpeg 300w\" sizes=\"auto, (max-width: 654px) 100vw, 654px\" \/><\/figure>\n\n\n\n<h3 class=\"wp-block-heading has-text-align-center\" id=\"h-para-proporcionar-a-sus-aves-un-plato-limpio-no-hay-comparacion-con-el-comedero-konavi\"><strong>Para proporcionar a sus aves un plato limpio, no hay comparaci\u00f3n con el comedero Konavi\u00ae.<\/strong><\/h3>\n\n\n\n<div style=\"height:53px\" aria-hidden=\"true\" class=\"wp-block-spacer\"><\/div>\n\n\n\n<div class=\"wp-block-columns is-layout-flex wp-container-core-columns-is-layout-9d6595d7 wp-block-columns-is-layout-flex\">\n<div class=\"wp-block-column is-layout-flow wp-block-column-is-layout-flow\" style=\"flex-basis:100%\">\n<p class=\"has-text-align-center\"><em>Toque o haga clic y arrastre el mando deslizante hacia la izquierda y la derecha para comparar el comedero Konavi (izquierda) con el comedero con rejilla (derecha).<\/em><\/p>\n\n\n\n<div class=\"wp-block-columns is-layout-flex wp-container-core-columns-is-layout-9d6595d7 wp-block-columns-is-layout-flex\">\n<div class=\"wp-block-column is-layout-flow wp-block-column-is-layout-flow\" style=\"flex-basis:15%\"><\/div>\n\n\n\n<div class=\"wp-block-column is-layout-flow wp-block-column-is-layout-flow\" style=\"flex-basis:70%\">\n\t\t\t\n\t<style type=\"text\/css\">\n\t\t.slider-info-4726.bafg-slider-info .bafg-slider-title {\n\t\t\t\t\t\t\tfont-size:\n\t\t\t\t\t22px\t\t\t\t;\n\t\t\t\n\t\t\t\n\t\t\t\t\t}\n\n\t\t.slider-info-4726.bafg-slider-info .bafg-slider-description {\n\t\t\t\n\t\t\t\n\t\t\t\t\t}\n\t\t\n\t\t\n\t\t.slider-info-4726.bafg-slider-info .bafg_slider_readmore_button {\n\t\t\t\n\t\t\t\n\t\t\t\n\t\t\t\n\t\t\t\n\t\t\ttext-align: center;\n\n\t\t\t\n\t\t\t\n\t\t\t\n\t\t\t\n\t\t\t\t\t}\n\n\t\t.slider-info-4726.bafg-slider-info .bafg_slider_readmore_button:hover {\n\n\t\t\t\n\t\t\t\n\t\t\t\t\t}\n\t<\/style>\n\t\n\t\t\t<div class=\"bafg-twentytwenty-container slider-4726  \"\n\t\t\t\tbafg-orientation=\"horizontal\" bafg-default-offset=\"0.5\"\n\t\t\t\tbafg-before-label=\"comedero Konavi\"\n\t\t\t\tbafg-after-label=\"comedero con rejilla\" bafg-overlay=\"1\"\n\t\t\t\tbafg-move-slider-on-hover=\"\"\n\t\t\t\tbafg-click-to-move=\"\">\n\n\t\t\t\t\t\t\t\t<img class=\"skip-lazy\" data-skip-lazy\t\t\t\t\tsrc=\"https:\/\/www.choretime.com\/wp-content\/uploads\/2023\/04\/sliderimage1.jpg\" alt=\"\">\n\t\t\t\t<img class=\"skip-lazy\" data-skip-lazy\t\t\t\t\tsrc=\"https:\/\/www.choretime.com\/wp-content\/uploads\/2023\/04\/sliderimage2.jpg\" alt=\"\">\n\n\t\t\t<\/div>\n\n\t\t\t\t<div class=\"bafg-slider-info-wraper\">\n\t\t<div style=\"\" class=\"slider-info-4726 bafg-slider-info\">\n\t\t\t\t\t<\/div>\n\t<\/div>\n\t\n\t\t\t<style type=\"text\/css\">\n\t\t\t\t\t\t\t\t\t\t\t<\/style>\n\t\t\t\n<\/div>\n\n\n\n<div class=\"wp-block-column is-layout-flow wp-block-column-is-layout-flow\" style=\"flex-basis:15%\"><\/div>\n<\/div>\n\n\n\n<p>Fotos no retocadas de aves de 11 d\u00edas de edad. Las aves llegan desde fuera del comedero Konavi\u00ae de estilo abierto, en lugar de escalar dentro del comedero con rejilla. <\/p>\n<\/div>\n<\/div>\n<\/div>\n\n\n\n<div class=\"wp-block-column is-layout-flow wp-block-column-is-layout-flow\" style=\"flex-basis:20%\"><\/div>\n<\/div>\n\n<div class=\"wp-block-columns is-layout-flex wp-container-core-columns-is-layout-9d6595d7 wp-block-columns-is-layout-flex\">\n<div class=\"wp-block-column is-layout-flow wp-block-column-is-layout-flow\" style=\"flex-basis:20%\">\n<div style=\"height:40px\" aria-hidden=\"true\" class=\"wp-block-spacer\"><\/div>\n<\/div>\n\n\n\n<div class=\"wp-block-column is-layout-flow wp-block-column-is-layout-flow\" style=\"flex-basis:60%\">\n<figure class=\"wp-block-image alignfull size-large\"><img loading=\"lazy\" decoding=\"async\" width=\"1024\" height=\"564\" src=\"https:\/\/www.choretime.com\/wp-content\/uploads\/2023\/04\/Screen-Captures-1024x564.jpeg\" alt=\"\" class=\"wp-image-4410\" srcset=\"https:\/\/www.choretime.com\/wp-content\/uploads\/2023\/04\/Screen-Captures-1024x564.jpeg 1024w, https:\/\/www.choretime.com\/wp-content\/uploads\/2023\/04\/Screen-Captures-300x165.jpeg 300w, https:\/\/www.choretime.com\/wp-content\/uploads\/2023\/04\/Screen-Captures-768x423.jpeg 768w, https:\/\/www.choretime.com\/wp-content\/uploads\/2023\/04\/Screen-Captures-1536x846.jpeg 1536w, https:\/\/www.choretime.com\/wp-content\/uploads\/2023\/04\/Screen-Captures.jpeg 1907w\" sizes=\"auto, (max-width: 1024px) 100vw, 1024px\" \/><\/figure>\n\n\n\n<p>El cono exclusivo en \u00e1ngulo con aletas para evitar el rastrilleo ayuda a mantener a las aves fuera del comedero, impidi\u00e9ndoles introducir esti\u00e9rcol y cama sucia en el alimento. La baja altura del plato con el per\u00edmetro ergon\u00f3mico patentado proporciona a las aves un f\u00e1cil acceso al alimento. <\/p>\n\n\n\n<div style=\"height:41px\" aria-hidden=\"true\" class=\"wp-block-spacer\"><\/div>\n\n\n\n<figure class=\"wp-block-image size-full\"><img loading=\"lazy\" decoding=\"async\" width=\"700\" height=\"400\" src=\"https:\/\/www.choretime.com\/wp-content\/uploads\/2023\/04\/Konavi_Complete-Cleaning-Sp.jpeg\" alt=\"Limpieza completa\" class=\"wp-image-4480\" srcset=\"https:\/\/www.choretime.com\/wp-content\/uploads\/2023\/04\/Konavi_Complete-Cleaning-Sp.jpeg 700w, https:\/\/www.choretime.com\/wp-content\/uploads\/2023\/04\/Konavi_Complete-Cleaning-Sp-300x171.jpeg 300w\" sizes=\"auto, (max-width: 700px) 100vw, 700px\" \/><\/figure>\n\n\n\n<p>El dise\u00f1o estilizado permite una limpieza m\u00e1s completa entre las parvadas para una mejor salud de las aves.<\/p>\n<\/div>\n\n\n\n<div class=\"wp-block-column is-layout-flow wp-block-column-is-layout-flow\" style=\"flex-basis:20%\"><\/div>\n<\/div>\n\n<h2 class=\"wp-block-heading has-text-align-center\" id=\"h-despeje-el-camino-hacia-una-alimentacion-mas-saludable-y-productiva-con-el-sistema-de-alimentacion-konavi\"><strong>Despeja el camino hacia una alimentaci\u00f3n m\u00e1s saludable y productiva con el sistema de alimentaci\u00f3n Konavi\u00ae.<\/strong><\/h2>\n\n<div style=\"height:41px\" aria-hidden=\"true\" class=\"wp-block-spacer\"><\/div>\n\n<div class=\"wp-block-buttons is-vertical is-content-justification-center is-layout-flex wp-container-core-buttons-is-layout-9a7cdcfd wp-block-buttons-is-layout-flex\">\n<div class=\"wp-block-button has-custom-width wp-block-button__width-50 has-custom-font-size\" style=\"font-size:26px;letter-spacing:0px\"><a class=\"wp-block-button__link has-background wp-element-button\" href=\"https:\/\/www.choretime.com\/es\/localizador-de-distribuidores\/\" style=\"background-color:#db293a\" target=\"_blank\" rel=\"noreferrer noopener\">Encuentra a tu distribuidor<\/a><\/div>\n\n\n\n<div class=\"wp-block-button has-custom-width wp-block-button__width-50 has-custom-font-size\" style=\"font-size:26px;letter-spacing:0px\"><a class=\"wp-block-button__link has-background wp-element-button\" href=\"https:\/\/www.choretime.com\/product\/konavi-feeder-for-broilers\/\" style=\"background-color:#db293a\" target=\"_blank\" rel=\"noreferrer noopener\">Aprende m\u00e1s sobre el comedero Konavi\u00ae.<\/a><\/div>\n<\/div>\n\n<div style=\"height:36px\" aria-hidden=\"true\" class=\"wp-block-spacer\"><\/div>\n","protected":false},"excerpt":{"rendered":"<p>Para proporcionar a sus aves un plato limpio, no hay comparaci\u00f3n con el comedero Konavi\u00ae. Toque o haga clic y arrastre el mando deslizante hacia la izquierda y la derecha para comparar el comedero Konavi (izquierda) con el comedero con rejilla (derecha). Fotos no retocadas de aves de 11 d\u00edas de edad. Las aves llegan [&hellip;]<\/p>\n","protected":false},"author":2,"featured_media":8858,"parent":0,"menu_order":0,"comment_status":"closed","ping_status":"closed","template":"","meta":{"_acf_changed":false,"_monsterinsights_skip_tracking":false,"_monsterinsights_sitenote_active":false,"_monsterinsights_sitenote_note":"","_monsterinsights_sitenote_category":0,"footnotes":""},"class_list":["post-9432","page","type-page","status-publish","has-post-thumbnail","hentry"],"acf":[],"yoast_head":"<!-- This site is optimized with the Yoast SEO Premium plugin v27.3 (Yoast SEO v27.3) - https:\/\/yoast.com\/product\/yoast-seo-premium-wordpress\/ -->\n<title>Konavi\u00ae Permite que entren los picos. Mantiene las patas afuera. - Chore-Time<\/title>\n<meta name=\"description\" content=\"Para dar a tus p\u00e1jaros un plato limpio, no hay comparaci\u00f3n con el Comedero Konavi\u00ae.\" \/>\n<meta name=\"robots\" content=\"index, follow, max-snippet:-1, max-image-preview:large, max-video-preview:-1\" \/>\n<link rel=\"canonical\" href=\"https:\/\/www.choretime.com\/es\/konavi-permite-que-entren-los-picos-mantiene-las-patas-afuera\/\" \/>\n<meta property=\"og:locale\" content=\"es_ES\" \/>\n<meta property=\"og:type\" content=\"article\" \/>\n<meta property=\"og:title\" content=\"Konavi\u00ae Permite que entren los picos. Mantiene las patas afuera.\" \/>\n<meta property=\"og:description\" content=\"Para dar a tus p\u00e1jaros un plato limpio, no hay comparaci\u00f3n con el Comedero Konavi\u00ae.\" \/>\n<meta property=\"og:url\" content=\"https:\/\/www.choretime.com\/es\/konavi-permite-que-entren-los-picos-mantiene-las-patas-afuera\/\" \/>\n<meta property=\"og:site_name\" content=\"Chore-Time\" \/>\n<meta property=\"article:publisher\" content=\"https:\/\/www.facebook.com\/choretime1952\" \/>\n<meta property=\"article:modified_time\" content=\"2024-10-27T14:52:00+00:00\" \/>\n<meta property=\"og:image\" content=\"https:\/\/www.choretime.com\/wp-content\/uploads\/2023\/04\/Screen-Captures.jpeg\" \/>\n\t<meta property=\"og:image:width\" content=\"1907\" \/>\n\t<meta property=\"og:image:height\" content=\"1050\" \/>\n\t<meta property=\"og:image:type\" content=\"image\/jpeg\" \/>\n<meta name=\"twitter:card\" content=\"summary_large_image\" \/>\n<meta name=\"twitter:site\" content=\"@choretime\" \/>\n<meta name=\"twitter:label1\" content=\"Tiempo de lectura\" \/>\n\t<meta name=\"twitter:data1\" content=\"1 minuto\" \/>\n<script type=\"application\/ld+json\" class=\"yoast-schema-graph\">{\"@context\":\"https:\\\/\\\/schema.org\",\"@graph\":[{\"@type\":\"WebPage\",\"@id\":\"https:\\\/\\\/www.choretime.com\\\/es\\\/konavi-permite-que-entren-los-picos-mantiene-las-patas-afuera\\\/\",\"url\":\"https:\\\/\\\/www.choretime.com\\\/es\\\/konavi-permite-que-entren-los-picos-mantiene-las-patas-afuera\\\/\",\"name\":\"Konavi\u00ae Permite que entren los picos. Mantiene las patas afuera. - Chore-Time\",\"isPartOf\":{\"@id\":\"https:\\\/\\\/www.choretime.com\\\/es\\\/#website\"},\"primaryImageOfPage\":{\"@id\":\"https:\\\/\\\/www.choretime.com\\\/es\\\/konavi-permite-que-entren-los-picos-mantiene-las-patas-afuera\\\/#primaryimage\"},\"image\":{\"@id\":\"https:\\\/\\\/www.choretime.com\\\/es\\\/konavi-permite-que-entren-los-picos-mantiene-las-patas-afuera\\\/#primaryimage\"},\"thumbnailUrl\":\"https:\\\/\\\/www.choretime.com\\\/wp-content\\\/uploads\\\/2023\\\/04\\\/Screen-Captures.jpeg\",\"datePublished\":\"2023-04-26T15:07:02+00:00\",\"dateModified\":\"2024-10-27T14:52:00+00:00\",\"description\":\"Para dar a tus p\u00e1jaros un plato limpio, no hay comparaci\u00f3n con el Comedero Konavi\u00ae.\",\"breadcrumb\":{\"@id\":\"https:\\\/\\\/www.choretime.com\\\/es\\\/konavi-permite-que-entren-los-picos-mantiene-las-patas-afuera\\\/#breadcrumb\"},\"inLanguage\":\"es\",\"potentialAction\":[{\"@type\":\"ReadAction\",\"target\":[\"https:\\\/\\\/www.choretime.com\\\/es\\\/konavi-permite-que-entren-los-picos-mantiene-las-patas-afuera\\\/\"]}]},{\"@type\":\"ImageObject\",\"inLanguage\":\"es\",\"@id\":\"https:\\\/\\\/www.choretime.com\\\/es\\\/konavi-permite-que-entren-los-picos-mantiene-las-patas-afuera\\\/#primaryimage\",\"url\":\"https:\\\/\\\/www.choretime.com\\\/wp-content\\\/uploads\\\/2023\\\/04\\\/Screen-Captures.jpeg\",\"contentUrl\":\"https:\\\/\\\/www.choretime.com\\\/wp-content\\\/uploads\\\/2023\\\/04\\\/Screen-Captures.jpeg\",\"width\":1907,\"height\":1050,\"caption\":\"Unique angled cone with anti-rake fins helps keep birds out of the feeder, stopping them from introducing manure and soiled litter into the feed. Low pan height with patented scalloped edge gives birds easy access to feed.\"},{\"@type\":\"BreadcrumbList\",\"@id\":\"https:\\\/\\\/www.choretime.com\\\/es\\\/konavi-permite-que-entren-los-picos-mantiene-las-patas-afuera\\\/#breadcrumb\",\"itemListElement\":[{\"@type\":\"ListItem\",\"position\":1,\"name\":\"Inicio\",\"item\":\"https:\\\/\\\/www.choretime.com\\\/es\\\/\"},{\"@type\":\"ListItem\",\"position\":2,\"name\":\"Konavi\u00ae Permite que entren los picos. Mantiene las patas afuera.\"}]},{\"@type\":\"WebSite\",\"@id\":\"https:\\\/\\\/www.choretime.com\\\/es\\\/#website\",\"url\":\"https:\\\/\\\/www.choretime.com\\\/es\\\/\",\"name\":\"Chore-Time\",\"description\":\"Every. Day. PERFORMANCE.\u2122\",\"publisher\":{\"@id\":\"https:\\\/\\\/www.choretime.com\\\/es\\\/#organization\"},\"potentialAction\":[{\"@type\":\"SearchAction\",\"target\":{\"@type\":\"EntryPoint\",\"urlTemplate\":\"https:\\\/\\\/www.choretime.com\\\/es\\\/?s={search_term_string}\"},\"query-input\":{\"@type\":\"PropertyValueSpecification\",\"valueRequired\":true,\"valueName\":\"search_term_string\"}}],\"inLanguage\":\"es\"},{\"@type\":\"Organization\",\"@id\":\"https:\\\/\\\/www.choretime.com\\\/es\\\/#organization\",\"name\":\"Chore-Time\",\"url\":\"https:\\\/\\\/www.choretime.com\\\/es\\\/\",\"logo\":{\"@type\":\"ImageObject\",\"inLanguage\":\"es\",\"@id\":\"https:\\\/\\\/www.choretime.com\\\/es\\\/#\\\/schema\\\/logo\\\/image\\\/\",\"url\":\"https:\\\/\\\/www.choretime.com\\\/wp-content\\\/uploads\\\/2023\\\/02\\\/Chore-TimeCMYKoutline.png\",\"contentUrl\":\"https:\\\/\\\/www.choretime.com\\\/wp-content\\\/uploads\\\/2023\\\/02\\\/Chore-TimeCMYKoutline.png\",\"width\":1860,\"height\":703,\"caption\":\"Chore-Time\"},\"image\":{\"@id\":\"https:\\\/\\\/www.choretime.com\\\/es\\\/#\\\/schema\\\/logo\\\/image\\\/\"},\"sameAs\":[\"https:\\\/\\\/www.facebook.com\\\/choretime1952\",\"https:\\\/\\\/x.com\\\/choretime\",\"https:\\\/\\\/www.youtube.com\\\/choretime\",\"https:\\\/\\\/www.instagram.com\\\/choretime1952\\\/\",\"https:\\\/\\\/www.linkedin.com\\\/company\\\/choretime\\\/\"]}]}<\/script>\n<!-- \/ Yoast SEO Premium plugin. -->","yoast_head_json":{"title":"Konavi\u00ae Permite que entren los picos. Mantiene las patas afuera. - Chore-Time","description":"Para dar a tus p\u00e1jaros un plato limpio, no hay comparaci\u00f3n con el Comedero Konavi\u00ae.","robots":{"index":"index","follow":"follow","max-snippet":"max-snippet:-1","max-image-preview":"max-image-preview:large","max-video-preview":"max-video-preview:-1"},"canonical":"https:\/\/www.choretime.com\/es\/konavi-permite-que-entren-los-picos-mantiene-las-patas-afuera\/","og_locale":"es_ES","og_type":"article","og_title":"Konavi\u00ae Permite que entren los picos. Mantiene las patas afuera.","og_description":"Para dar a tus p\u00e1jaros un plato limpio, no hay comparaci\u00f3n con el Comedero Konavi\u00ae.","og_url":"https:\/\/www.choretime.com\/es\/konavi-permite-que-entren-los-picos-mantiene-las-patas-afuera\/","og_site_name":"Chore-Time","article_publisher":"https:\/\/www.facebook.com\/choretime1952","article_modified_time":"2024-10-27T14:52:00+00:00","og_image":[{"width":1907,"height":1050,"url":"https:\/\/www.choretime.com\/wp-content\/uploads\/2023\/04\/Screen-Captures.jpeg","type":"image\/jpeg"}],"twitter_card":"summary_large_image","twitter_site":"@choretime","twitter_misc":{"Tiempo de lectura":"1 minuto"},"schema":{"@context":"https:\/\/schema.org","@graph":[{"@type":"WebPage","@id":"https:\/\/www.choretime.com\/es\/konavi-permite-que-entren-los-picos-mantiene-las-patas-afuera\/","url":"https:\/\/www.choretime.com\/es\/konavi-permite-que-entren-los-picos-mantiene-las-patas-afuera\/","name":"Konavi\u00ae Permite que entren los picos. Mantiene las patas afuera. - Chore-Time","isPartOf":{"@id":"https:\/\/www.choretime.com\/es\/#website"},"primaryImageOfPage":{"@id":"https:\/\/www.choretime.com\/es\/konavi-permite-que-entren-los-picos-mantiene-las-patas-afuera\/#primaryimage"},"image":{"@id":"https:\/\/www.choretime.com\/es\/konavi-permite-que-entren-los-picos-mantiene-las-patas-afuera\/#primaryimage"},"thumbnailUrl":"https:\/\/www.choretime.com\/wp-content\/uploads\/2023\/04\/Screen-Captures.jpeg","datePublished":"2023-04-26T15:07:02+00:00","dateModified":"2024-10-27T14:52:00+00:00","description":"Para dar a tus p\u00e1jaros un plato limpio, no hay comparaci\u00f3n con el Comedero Konavi\u00ae.","breadcrumb":{"@id":"https:\/\/www.choretime.com\/es\/konavi-permite-que-entren-los-picos-mantiene-las-patas-afuera\/#breadcrumb"},"inLanguage":"es","potentialAction":[{"@type":"ReadAction","target":["https:\/\/www.choretime.com\/es\/konavi-permite-que-entren-los-picos-mantiene-las-patas-afuera\/"]}]},{"@type":"ImageObject","inLanguage":"es","@id":"https:\/\/www.choretime.com\/es\/konavi-permite-que-entren-los-picos-mantiene-las-patas-afuera\/#primaryimage","url":"https:\/\/www.choretime.com\/wp-content\/uploads\/2023\/04\/Screen-Captures.jpeg","contentUrl":"https:\/\/www.choretime.com\/wp-content\/uploads\/2023\/04\/Screen-Captures.jpeg","width":1907,"height":1050,"caption":"Unique angled cone with anti-rake fins helps keep birds out of the feeder, stopping them from introducing manure and soiled litter into the feed. Low pan height with patented scalloped edge gives birds easy access to feed."},{"@type":"BreadcrumbList","@id":"https:\/\/www.choretime.com\/es\/konavi-permite-que-entren-los-picos-mantiene-las-patas-afuera\/#breadcrumb","itemListElement":[{"@type":"ListItem","position":1,"name":"Inicio","item":"https:\/\/www.choretime.com\/es\/"},{"@type":"ListItem","position":2,"name":"Konavi\u00ae Permite que entren los picos. Mantiene las patas afuera."}]},{"@type":"WebSite","@id":"https:\/\/www.choretime.com\/es\/#website","url":"https:\/\/www.choretime.com\/es\/","name":"Chore-Time","description":"Every. Day. PERFORMANCE.\u2122","publisher":{"@id":"https:\/\/www.choretime.com\/es\/#organization"},"potentialAction":[{"@type":"SearchAction","target":{"@type":"EntryPoint","urlTemplate":"https:\/\/www.choretime.com\/es\/?s={search_term_string}"},"query-input":{"@type":"PropertyValueSpecification","valueRequired":true,"valueName":"search_term_string"}}],"inLanguage":"es"},{"@type":"Organization","@id":"https:\/\/www.choretime.com\/es\/#organization","name":"Chore-Time","url":"https:\/\/www.choretime.com\/es\/","logo":{"@type":"ImageObject","inLanguage":"es","@id":"https:\/\/www.choretime.com\/es\/#\/schema\/logo\/image\/","url":"https:\/\/www.choretime.com\/wp-content\/uploads\/2023\/02\/Chore-TimeCMYKoutline.png","contentUrl":"https:\/\/www.choretime.com\/wp-content\/uploads\/2023\/02\/Chore-TimeCMYKoutline.png","width":1860,"height":703,"caption":"Chore-Time"},"image":{"@id":"https:\/\/www.choretime.com\/es\/#\/schema\/logo\/image\/"},"sameAs":["https:\/\/www.facebook.com\/choretime1952","https:\/\/x.com\/choretime","https:\/\/www.youtube.com\/choretime","https:\/\/www.instagram.com\/choretime1952\/","https:\/\/www.linkedin.com\/company\/choretime\/"]}]}},"_links":{"self":[{"href":"https:\/\/www.choretime.com\/es\/wp-json\/wp\/v2\/pages\/9432","targetHints":{"allow":["GET"]}}],"collection":[{"href":"https:\/\/www.choretime.com\/es\/wp-json\/wp\/v2\/pages"}],"about":[{"href":"https:\/\/www.choretime.com\/es\/wp-json\/wp\/v2\/types\/page"}],"author":[{"embeddable":true,"href":"https:\/\/www.choretime.com\/es\/wp-json\/wp\/v2\/users\/2"}],"replies":[{"embeddable":true,"href":"https:\/\/www.choretime.com\/es\/wp-json\/wp\/v2\/comments?post=9432"}],"version-history":[{"count":1,"href":"https:\/\/www.choretime.com\/es\/wp-json\/wp\/v2\/pages\/9432\/revisions"}],"predecessor-version":[{"id":9435,"href":"https:\/\/www.choretime.com\/es\/wp-json\/wp\/v2\/pages\/9432\/revisions\/9435"}],"wp:featuredmedia":[{"embeddable":true,"href":"https:\/\/www.choretime.com\/es\/wp-json\/wp\/v2\/media\/8858"}],"wp:attachment":[{"href":"https:\/\/www.choretime.com\/es\/wp-json\/wp\/v2\/media?parent=9432"}],"curies":[{"name":"wp","href":"https:\/\/api.w.org\/{rel}","templated":true}]}}