{"id":9433,"date":"2023-04-26T16:14:17","date_gmt":"2023-04-26T16:14:17","guid":{"rendered":"https:\/\/www.choretime.com\/tome-control-con-chore-tronics-3\/"},"modified":"2024-10-27T14:52:00","modified_gmt":"2024-10-27T14:52:00","slug":"tome-control-con-chore-tronics-3","status":"publish","type":"page","link":"https:\/\/www.choretime.com\/es\/tome-control-con-chore-tronics-3\/","title":{"rendered":"Tome Control con Chore-Tronics\u00ae 3"},"content":{"rendered":"\n<h1 class=\"wp-block-heading\" id=\"h-tome-control-con-chore-tronics-3\">Tome Control con Chore-Tronics\u00ae 3<\/h1>\n\n<div class=\"wp-block-columns is-layout-flex wp-container-core-columns-is-layout-9d6595d7 wp-block-columns-is-layout-flex\">\n<div class=\"wp-block-column is-layout-flow wp-block-column-is-layout-flow\" style=\"flex-basis:15%\"><\/div>\n\n\n\n<div class=\"wp-block-column is-layout-flow wp-block-column-is-layout-flow\" style=\"flex-basis:70%\">\n<figure class=\"wp-block-embed is-type-video is-provider-youtube wp-block-embed-youtube wp-embed-aspect-16-9 wp-has-aspect-ratio\"><div class=\"wp-block-embed__wrapper\"> \n<iframe loading=\"lazy\" title=\"Control Chore-Tronics\u00ae 3 con aplicaci\u00f3n m\u00f3vil y sistema de alertas Broadcaster\u2122\" width=\"500\" height=\"281\" src=\"https:\/\/www.youtube.com\/embed\/L9uW4r_LPa0?feature=oembed\" frameborder=\"0\" allow=\"accelerometer; autoplay; clipboard-write; encrypted-media; gyroscope; picture-in-picture; web-share\" referrerpolicy=\"strict-origin-when-cross-origin\" allowfullscreen><\/iframe>\n <\/div><\/figure>\n<\/div>\n\n\n\n<div class=\"wp-block-column is-layout-flow wp-block-column-is-layout-flow\" style=\"flex-basis:15%\"><\/div>\n<\/div>\n\n<div style=\"height:62px\" aria-hidden=\"true\" class=\"wp-block-spacer\"><\/div>\n\n<div class=\"wp-block-columns product-heading is-layout-flex wp-container-core-columns-is-layout-9d6595d7 wp-block-columns-is-layout-flex\">\n<div class=\"wp-block-column is-layout-flow wp-block-column-is-layout-flow\" style=\"flex-basis:100%\">\n<div class=\"wp-block-group white-background\"><div class=\"wp-block-group__inner-container is-layout-constrained wp-block-group-is-layout-constrained\">\n<div class=\"wp-block-columns is-layout-flex wp-container-core-columns-is-layout-9d6595d7 wp-block-columns-is-layout-flex\">\n<div class=\"wp-block-column is-vertically-aligned-center is-layout-flow wp-block-column-is-layout-flow\" style=\"flex-basis:60%\">\n<h1 class=\"wp-block-heading\" id=\"h-el-nuevo-estandar-para-el-control-de-todo-el-galpon\"><strong>El nuevo est\u00e1ndar para el control de todo el galp\u00f3n.<\/strong><br\/><a href=\"https:\/\/www.choretime.com\/CHORE-TRONICS-Mobile-App-1\" target=\"_blank\" rel=\"noreferrer noopener\"><\/a><\/h1>\n\n\n\n<p>El recientemente actualizado Control Chore-Tronics\u00ae 3 es \u00e9l contra el que se miden todos los dem\u00e1s. S\u00f3lo Chore-Time re\u00fane tantos medios de mejorar la producci\u00f3n av\u00edcola en un solo controlador que adem\u00e1s es f\u00e1cil de usar. <\/p>\n\n\n\n<div style=\"height:66px\" aria-hidden=\"true\" class=\"wp-block-spacer\"><\/div>\n\n\n\n<div class=\"wp-block-buttons is-vertical is-content-justification-center is-layout-flex wp-container-core-buttons-is-layout-9a7cdcfd wp-block-buttons-is-layout-flex\">\n<div class=\"wp-block-button has-custom-width wp-block-button__width-100 has-custom-font-size\" style=\"font-size:26px;letter-spacing:0px\"><a class=\"wp-block-button__link has-background wp-element-button\" href=\"https:\/\/www.choretime.com\/product\/broilers\/controls-software-for-broilers\/communication-software-and-management-tools-for-broilers\/chore-tronics-mobile-app-for-broilers\/\" style=\"background-color:#db293a\" target=\"_blank\" rel=\"noreferrer noopener\">\u00a1Tome Control en Cualquier Lugar con la NUEVA Aplicaci\u00f3n M\u00f3vil!<\/a><\/div>\n<\/div>\n<\/div>\n\n\n\n<div class=\"wp-block-column is-vertically-aligned-center is-layout-flow wp-block-column-is-layout-flow\" style=\"flex-basis:40%\"><div class=\"wp-block-image\">\n<figure class=\"aligncenter size-full\"><img loading=\"lazy\" decoding=\"async\" width=\"322\" height=\"577\" src=\"https:\/\/www.choretime.com\/wp-content\/uploads\/2023\/04\/android-Spanish2.png\" alt=\"Aplicaci&#xF3;n M&#xF3;vil Chore-Tronics&#xAE; 3\" class=\"wp-image-4501\" srcset=\"https:\/\/www.choretime.com\/wp-content\/uploads\/2023\/04\/android-Spanish2.png 322w, https:\/\/www.choretime.com\/wp-content\/uploads\/2023\/04\/android-Spanish2-167x300.png 167w\" sizes=\"auto, (max-width: 322px) 100vw, 322px\" \/><\/figure>\n<\/div><\/div>\n<\/div>\n<\/div><\/div>\n<\/div>\n<\/div>\n\n<div style=\"height:41px\" aria-hidden=\"true\" class=\"wp-block-spacer\"><\/div>\n\n<h2 class=\"wp-block-heading\" id=\"h-las-nuevas-caracteristicas-incluyen\">Las nuevas caracter\u00edsticas incluyen:<\/h2>\n\n<ul class=\"wp-block-list\">\n<li>Ajusta la presi\u00f3n del agua desde el controlador utilizando la tecnolog\u00eda del Sistema Neum\u00e1tico de Bebederos (PDS\u2122 por sus siglas en ingl\u00e9s) &#8211; una tecnolog\u00eda exclusiva de Chore-Time.<\/li>\n\n\n\n<li>Controla autom\u00e1ticamente el nuevo sistema de aspersores de Chore-Time para el enfriamiento por zonas.<\/li>\n\n\n\n<li>Haz funcionar m\u00faltiples ventiladores de velocidad variable para un control del ambiente m\u00e1s eficiente y preciso.<\/li>\n\n\n\n<li>Controla tus galpones desde cualquier lugar con la NUEVA aplicaci\u00f3n m\u00f3vil para el Chore-Tronics\u00ae 3.<\/li>\n\n\n\n<li>Recibe alertas mediante notificaciones de llamada o de texto del Sistema de Alerta opcional Chore-Time Broadcaster\u2122.<\/li>\n<\/ul>\n\n<div style=\"height:41px\" aria-hidden=\"true\" class=\"wp-block-spacer\"><\/div>\n\n<p>\u00bfYa tiene un mando Chore-Tronics\u00ae 2 \u00f3 3? No te preocupes. El sistema Chore-Tronics 3 es modular y capaz de ser actualizado de forma que pueda a\u00f1adir nuevas caracter\u00edsticas y capacidades en cualquier momento.  <\/p>\n\n<div style=\"height:41px\" aria-hidden=\"true\" class=\"wp-block-spacer\"><\/div>\n\n<p class=\"has-text-align-center\"><strong>Contacta con tu distribuidor local para obtener m\u00e1s informaci\u00f3n.<br\/>Su distribuidor independiente de Chore-Time ofrece soluciones adaptadas para el crecimiento de pollos.<\/strong><\/p>\n\n<div class=\"wp-block-buttons is-vertical is-content-justification-center is-layout-flex wp-container-core-buttons-is-layout-9a7cdcfd wp-block-buttons-is-layout-flex\">\n<div class=\"wp-block-button has-custom-width wp-block-button__width-50 has-custom-font-size\" style=\"font-size:26px;letter-spacing:0px\"><a class=\"wp-block-button__link has-background wp-element-button\" href=\"https:\/\/www.choretime.com\/es\/localizador-de-distribuidores\/\" style=\"background-color:#db293a\" target=\"_blank\" rel=\"noreferrer noopener\">Encuentra a tu distribuidor<\/a><\/div>\n<\/div>\n\n<div style=\"height:100px\" aria-hidden=\"true\" class=\"wp-block-spacer\"><\/div>\n","protected":false},"excerpt":{"rendered":"<p>Tome Control con Chore-Tronics\u00ae 3 El nuevo est\u00e1ndar para el control de todo el galp\u00f3n. El recientemente actualizado Control Chore-Tronics\u00ae 3 es \u00e9l contra el que se miden todos los dem\u00e1s. S\u00f3lo Chore-Time re\u00fane tantos medios de mejorar la producci\u00f3n av\u00edcola en un solo controlador que adem\u00e1s es f\u00e1cil de usar. Las nuevas caracter\u00edsticas incluyen: [&hellip;]<\/p>\n","protected":false},"author":2,"featured_media":8877,"parent":0,"menu_order":0,"comment_status":"closed","ping_status":"closed","template":"","meta":{"_acf_changed":false,"_monsterinsights_skip_tracking":false,"_monsterinsights_sitenote_active":false,"_monsterinsights_sitenote_note":"","_monsterinsights_sitenote_category":0,"footnotes":""},"class_list":["post-9433","page","type-page","status-publish","has-post-thumbnail","hentry"],"acf":[],"yoast_head":"<!-- This site is optimized with the Yoast SEO Premium plugin v27.3 (Yoast SEO v27.3) - https:\/\/yoast.com\/product\/yoast-seo-premium-wordpress\/ -->\n<title>Tome Control con Chore-Tronics\u00ae 3 - Chore-Time<\/title>\n<meta name=\"description\" content=\"El Control Chore-Tronics\u00ae 3 de Chore-Time es el \u00fanico con el que se miden todos los dem\u00e1s. S\u00f3lo Chore-Time re\u00fane tantas formas de mejorar la producci\u00f3n av\u00edcola en un controlador f\u00e1cil de usar.\" \/>\n<meta name=\"robots\" content=\"index, follow, max-snippet:-1, max-image-preview:large, max-video-preview:-1\" \/>\n<link rel=\"canonical\" href=\"https:\/\/www.choretime.com\/es\/tome-control-con-chore-tronics-3\/\" \/>\n<meta property=\"og:locale\" content=\"es_ES\" \/>\n<meta property=\"og:type\" content=\"article\" \/>\n<meta property=\"og:title\" content=\"Tome Control con Chore-Tronics\u00ae 3\" \/>\n<meta property=\"og:description\" content=\"El Control Chore-Tronics\u00ae 3 de Chore-Time es el \u00fanico con el que se miden todos los dem\u00e1s. S\u00f3lo Chore-Time re\u00fane tantas formas de mejorar la producci\u00f3n av\u00edcola en un controlador f\u00e1cil de usar.\" \/>\n<meta property=\"og:url\" content=\"https:\/\/www.choretime.com\/es\/tome-control-con-chore-tronics-3\/\" \/>\n<meta property=\"og:site_name\" content=\"Chore-Time\" \/>\n<meta property=\"article:publisher\" content=\"https:\/\/www.facebook.com\/choretime1952\" \/>\n<meta property=\"article:modified_time\" content=\"2024-10-27T14:52:00+00:00\" \/>\n<meta property=\"og:image\" content=\"https:\/\/www.choretime.com\/wp-content\/uploads\/2023\/04\/android-Spanish2.png\" \/>\n\t<meta property=\"og:image:width\" content=\"322\" \/>\n\t<meta property=\"og:image:height\" content=\"577\" \/>\n\t<meta property=\"og:image:type\" content=\"image\/png\" \/>\n<meta name=\"twitter:card\" content=\"summary_large_image\" \/>\n<meta name=\"twitter:site\" content=\"@choretime\" \/>\n<meta name=\"twitter:label1\" content=\"Tiempo de lectura\" \/>\n\t<meta name=\"twitter:data1\" content=\"1 minuto\" \/>\n<script type=\"application\/ld+json\" class=\"yoast-schema-graph\">{\"@context\":\"https:\\\/\\\/schema.org\",\"@graph\":[{\"@type\":\"WebPage\",\"@id\":\"https:\\\/\\\/www.choretime.com\\\/es\\\/tome-control-con-chore-tronics-3\\\/\",\"url\":\"https:\\\/\\\/www.choretime.com\\\/es\\\/tome-control-con-chore-tronics-3\\\/\",\"name\":\"Tome Control con Chore-Tronics\u00ae 3 - Chore-Time\",\"isPartOf\":{\"@id\":\"https:\\\/\\\/www.choretime.com\\\/es\\\/#website\"},\"primaryImageOfPage\":{\"@id\":\"https:\\\/\\\/www.choretime.com\\\/es\\\/tome-control-con-chore-tronics-3\\\/#primaryimage\"},\"image\":{\"@id\":\"https:\\\/\\\/www.choretime.com\\\/es\\\/tome-control-con-chore-tronics-3\\\/#primaryimage\"},\"thumbnailUrl\":\"https:\\\/\\\/www.choretime.com\\\/wp-content\\\/uploads\\\/2023\\\/04\\\/android-Spanish2.png\",\"datePublished\":\"2023-04-26T16:14:17+00:00\",\"dateModified\":\"2024-10-27T14:52:00+00:00\",\"description\":\"El Control Chore-Tronics\u00ae 3 de Chore-Time es el \u00fanico con el que se miden todos los dem\u00e1s. S\u00f3lo Chore-Time re\u00fane tantas formas de mejorar la producci\u00f3n av\u00edcola en un controlador f\u00e1cil de usar.\",\"breadcrumb\":{\"@id\":\"https:\\\/\\\/www.choretime.com\\\/es\\\/tome-control-con-chore-tronics-3\\\/#breadcrumb\"},\"inLanguage\":\"es\",\"potentialAction\":[{\"@type\":\"ReadAction\",\"target\":[\"https:\\\/\\\/www.choretime.com\\\/es\\\/tome-control-con-chore-tronics-3\\\/\"]}]},{\"@type\":\"ImageObject\",\"inLanguage\":\"es\",\"@id\":\"https:\\\/\\\/www.choretime.com\\\/es\\\/tome-control-con-chore-tronics-3\\\/#primaryimage\",\"url\":\"https:\\\/\\\/www.choretime.com\\\/wp-content\\\/uploads\\\/2023\\\/04\\\/android-Spanish2.png\",\"contentUrl\":\"https:\\\/\\\/www.choretime.com\\\/wp-content\\\/uploads\\\/2023\\\/04\\\/android-Spanish2.png\",\"width\":322,\"height\":577,\"caption\":\"Aplicaci\u00f3n M\u00f3vil Chore-Tronics\u00ae 3\"},{\"@type\":\"BreadcrumbList\",\"@id\":\"https:\\\/\\\/www.choretime.com\\\/es\\\/tome-control-con-chore-tronics-3\\\/#breadcrumb\",\"itemListElement\":[{\"@type\":\"ListItem\",\"position\":1,\"name\":\"Inicio\",\"item\":\"https:\\\/\\\/www.choretime.com\\\/es\\\/\"},{\"@type\":\"ListItem\",\"position\":2,\"name\":\"Tome Control con Chore-Tronics\u00ae 3\"}]},{\"@type\":\"WebSite\",\"@id\":\"https:\\\/\\\/www.choretime.com\\\/es\\\/#website\",\"url\":\"https:\\\/\\\/www.choretime.com\\\/es\\\/\",\"name\":\"Chore-Time\",\"description\":\"Every. Day. PERFORMANCE.\u2122\",\"publisher\":{\"@id\":\"https:\\\/\\\/www.choretime.com\\\/es\\\/#organization\"},\"potentialAction\":[{\"@type\":\"SearchAction\",\"target\":{\"@type\":\"EntryPoint\",\"urlTemplate\":\"https:\\\/\\\/www.choretime.com\\\/es\\\/?s={search_term_string}\"},\"query-input\":{\"@type\":\"PropertyValueSpecification\",\"valueRequired\":true,\"valueName\":\"search_term_string\"}}],\"inLanguage\":\"es\"},{\"@type\":\"Organization\",\"@id\":\"https:\\\/\\\/www.choretime.com\\\/es\\\/#organization\",\"name\":\"Chore-Time\",\"url\":\"https:\\\/\\\/www.choretime.com\\\/es\\\/\",\"logo\":{\"@type\":\"ImageObject\",\"inLanguage\":\"es\",\"@id\":\"https:\\\/\\\/www.choretime.com\\\/es\\\/#\\\/schema\\\/logo\\\/image\\\/\",\"url\":\"https:\\\/\\\/www.choretime.com\\\/wp-content\\\/uploads\\\/2023\\\/02\\\/Chore-TimeCMYKoutline.png\",\"contentUrl\":\"https:\\\/\\\/www.choretime.com\\\/wp-content\\\/uploads\\\/2023\\\/02\\\/Chore-TimeCMYKoutline.png\",\"width\":1860,\"height\":703,\"caption\":\"Chore-Time\"},\"image\":{\"@id\":\"https:\\\/\\\/www.choretime.com\\\/es\\\/#\\\/schema\\\/logo\\\/image\\\/\"},\"sameAs\":[\"https:\\\/\\\/www.facebook.com\\\/choretime1952\",\"https:\\\/\\\/x.com\\\/choretime\",\"https:\\\/\\\/www.youtube.com\\\/choretime\",\"https:\\\/\\\/www.instagram.com\\\/choretime1952\\\/\",\"https:\\\/\\\/www.linkedin.com\\\/company\\\/choretime\\\/\"]}]}<\/script>\n<!-- \/ Yoast SEO Premium plugin. -->","yoast_head_json":{"title":"Tome Control con Chore-Tronics\u00ae 3 - Chore-Time","description":"El Control Chore-Tronics\u00ae 3 de Chore-Time es el \u00fanico con el que se miden todos los dem\u00e1s. S\u00f3lo Chore-Time re\u00fane tantas formas de mejorar la producci\u00f3n av\u00edcola en un controlador f\u00e1cil de usar.","robots":{"index":"index","follow":"follow","max-snippet":"max-snippet:-1","max-image-preview":"max-image-preview:large","max-video-preview":"max-video-preview:-1"},"canonical":"https:\/\/www.choretime.com\/es\/tome-control-con-chore-tronics-3\/","og_locale":"es_ES","og_type":"article","og_title":"Tome Control con Chore-Tronics\u00ae 3","og_description":"El Control Chore-Tronics\u00ae 3 de Chore-Time es el \u00fanico con el que se miden todos los dem\u00e1s. S\u00f3lo Chore-Time re\u00fane tantas formas de mejorar la producci\u00f3n av\u00edcola en un controlador f\u00e1cil de usar.","og_url":"https:\/\/www.choretime.com\/es\/tome-control-con-chore-tronics-3\/","og_site_name":"Chore-Time","article_publisher":"https:\/\/www.facebook.com\/choretime1952","article_modified_time":"2024-10-27T14:52:00+00:00","og_image":[{"width":322,"height":577,"url":"https:\/\/www.choretime.com\/wp-content\/uploads\/2023\/04\/android-Spanish2.png","type":"image\/png"}],"twitter_card":"summary_large_image","twitter_site":"@choretime","twitter_misc":{"Tiempo de lectura":"1 minuto"},"schema":{"@context":"https:\/\/schema.org","@graph":[{"@type":"WebPage","@id":"https:\/\/www.choretime.com\/es\/tome-control-con-chore-tronics-3\/","url":"https:\/\/www.choretime.com\/es\/tome-control-con-chore-tronics-3\/","name":"Tome Control con Chore-Tronics\u00ae 3 - Chore-Time","isPartOf":{"@id":"https:\/\/www.choretime.com\/es\/#website"},"primaryImageOfPage":{"@id":"https:\/\/www.choretime.com\/es\/tome-control-con-chore-tronics-3\/#primaryimage"},"image":{"@id":"https:\/\/www.choretime.com\/es\/tome-control-con-chore-tronics-3\/#primaryimage"},"thumbnailUrl":"https:\/\/www.choretime.com\/wp-content\/uploads\/2023\/04\/android-Spanish2.png","datePublished":"2023-04-26T16:14:17+00:00","dateModified":"2024-10-27T14:52:00+00:00","description":"El Control Chore-Tronics\u00ae 3 de Chore-Time es el \u00fanico con el que se miden todos los dem\u00e1s. S\u00f3lo Chore-Time re\u00fane tantas formas de mejorar la producci\u00f3n av\u00edcola en un controlador f\u00e1cil de usar.","breadcrumb":{"@id":"https:\/\/www.choretime.com\/es\/tome-control-con-chore-tronics-3\/#breadcrumb"},"inLanguage":"es","potentialAction":[{"@type":"ReadAction","target":["https:\/\/www.choretime.com\/es\/tome-control-con-chore-tronics-3\/"]}]},{"@type":"ImageObject","inLanguage":"es","@id":"https:\/\/www.choretime.com\/es\/tome-control-con-chore-tronics-3\/#primaryimage","url":"https:\/\/www.choretime.com\/wp-content\/uploads\/2023\/04\/android-Spanish2.png","contentUrl":"https:\/\/www.choretime.com\/wp-content\/uploads\/2023\/04\/android-Spanish2.png","width":322,"height":577,"caption":"Aplicaci\u00f3n M\u00f3vil Chore-Tronics\u00ae 3"},{"@type":"BreadcrumbList","@id":"https:\/\/www.choretime.com\/es\/tome-control-con-chore-tronics-3\/#breadcrumb","itemListElement":[{"@type":"ListItem","position":1,"name":"Inicio","item":"https:\/\/www.choretime.com\/es\/"},{"@type":"ListItem","position":2,"name":"Tome Control con Chore-Tronics\u00ae 3"}]},{"@type":"WebSite","@id":"https:\/\/www.choretime.com\/es\/#website","url":"https:\/\/www.choretime.com\/es\/","name":"Chore-Time","description":"Every. Day. PERFORMANCE.\u2122","publisher":{"@id":"https:\/\/www.choretime.com\/es\/#organization"},"potentialAction":[{"@type":"SearchAction","target":{"@type":"EntryPoint","urlTemplate":"https:\/\/www.choretime.com\/es\/?s={search_term_string}"},"query-input":{"@type":"PropertyValueSpecification","valueRequired":true,"valueName":"search_term_string"}}],"inLanguage":"es"},{"@type":"Organization","@id":"https:\/\/www.choretime.com\/es\/#organization","name":"Chore-Time","url":"https:\/\/www.choretime.com\/es\/","logo":{"@type":"ImageObject","inLanguage":"es","@id":"https:\/\/www.choretime.com\/es\/#\/schema\/logo\/image\/","url":"https:\/\/www.choretime.com\/wp-content\/uploads\/2023\/02\/Chore-TimeCMYKoutline.png","contentUrl":"https:\/\/www.choretime.com\/wp-content\/uploads\/2023\/02\/Chore-TimeCMYKoutline.png","width":1860,"height":703,"caption":"Chore-Time"},"image":{"@id":"https:\/\/www.choretime.com\/es\/#\/schema\/logo\/image\/"},"sameAs":["https:\/\/www.facebook.com\/choretime1952","https:\/\/x.com\/choretime","https:\/\/www.youtube.com\/choretime","https:\/\/www.instagram.com\/choretime1952\/","https:\/\/www.linkedin.com\/company\/choretime\/"]}]}},"_links":{"self":[{"href":"https:\/\/www.choretime.com\/es\/wp-json\/wp\/v2\/pages\/9433","targetHints":{"allow":["GET"]}}],"collection":[{"href":"https:\/\/www.choretime.com\/es\/wp-json\/wp\/v2\/pages"}],"about":[{"href":"https:\/\/www.choretime.com\/es\/wp-json\/wp\/v2\/types\/page"}],"author":[{"embeddable":true,"href":"https:\/\/www.choretime.com\/es\/wp-json\/wp\/v2\/users\/2"}],"replies":[{"embeddable":true,"href":"https:\/\/www.choretime.com\/es\/wp-json\/wp\/v2\/comments?post=9433"}],"version-history":[{"count":1,"href":"https:\/\/www.choretime.com\/es\/wp-json\/wp\/v2\/pages\/9433\/revisions"}],"predecessor-version":[{"id":9436,"href":"https:\/\/www.choretime.com\/es\/wp-json\/wp\/v2\/pages\/9433\/revisions\/9436"}],"wp:featuredmedia":[{"embeddable":true,"href":"https:\/\/www.choretime.com\/es\/wp-json\/wp\/v2\/media\/8877"}],"wp:attachment":[{"href":"https:\/\/www.choretime.com\/es\/wp-json\/wp\/v2\/media?parent=9433"}],"curies":[{"name":"wp","href":"https:\/\/api.w.org\/{rel}","templated":true}]}}