{"id":9434,"date":"2023-04-26T21:03:53","date_gmt":"2023-04-26T21:03:53","guid":{"rendered":"https:\/\/www.choretime.com\/samenwerking-chore-time-en-beek-agri\/"},"modified":"2026-03-16T20:10:44","modified_gmt":"2026-03-16T20:10:44","slug":"samenwerking-chore-time-en-beek-agri","status":"publish","type":"page","link":"https:\/\/www.choretime.com\/es\/samenwerking-chore-time-en-beek-agri\/","title":{"rendered":"Samenwerking Chore-Time en Beek-Agri"},"content":{"rendered":"\n<h1 class=\"wp-block-heading\" id=\"h-samenwerking-chore-time-en-beek-agri\">Samenwerking Chore-Time en Beek-Agri<\/h1>\n\n<div class=\"wp-block-columns is-layout-flex wp-container-core-columns-is-layout-9d6595d7 wp-block-columns-is-layout-flex\">\n<div class=\"wp-block-column is-layout-flow wp-block-column-is-layout-flow\" style=\"flex-basis:15%\"><\/div>\n\n\n\n<div class=\"wp-block-column is-layout-flow wp-block-column-is-layout-flow\" style=\"flex-basis:70%\"><div class=\"wp-block-image\">\n<figure class=\"aligncenter size-full\"><img loading=\"lazy\" decoding=\"async\" width=\"700\" height=\"380\" src=\"https:\/\/www.choretime.com\/wp-content\/uploads\/2023\/04\/Not-From-Scratch-Ad-Beek-Agri-202002-Dutch-HR.jpeg\" alt=\"Trabajo en equipo&#10; Hora de las tareas en Beek-Agri\" class=\"wp-image-4623\" srcset=\"https:\/\/www.choretime.com\/wp-content\/uploads\/2023\/04\/Not-From-Scratch-Ad-Beek-Agri-202002-Dutch-HR.jpeg 700w, https:\/\/www.choretime.com\/wp-content\/uploads\/2023\/04\/Not-From-Scratch-Ad-Beek-Agri-202002-Dutch-HR-300x163.jpeg 300w\" sizes=\"auto, (max-width: 700px) 100vw, 700px\" \/><\/figure>\n<\/div><\/div>\n\n\n\n<div class=\"wp-block-column is-layout-flow wp-block-column-is-layout-flow\" style=\"flex-basis:15%\"><\/div>\n<\/div>\n\n<div class=\"wp-block-columns is-layout-flex wp-container-core-columns-is-layout-9d6595d7 wp-block-columns-is-layout-flex\">\n<div class=\"wp-block-column is-layout-flow wp-block-column-is-layout-flow\"><\/div>\n\n\n\n<div class=\"wp-block-column is-layout-flow wp-block-column-is-layout-flow\"><div class=\"wp-block-image\">\n<figure class=\"aligncenter size-large is-resized\"><img loading=\"lazy\" decoding=\"async\" width=\"1024\" height=\"518\" src=\"https:\/\/www.choretime.com\/wp-content\/uploads\/2023\/04\/Chore-Time-Section-4-Konavi-Feeding-System-1024x518.jpeg\" alt=\"\" class=\"wp-image-4574\" style=\"width:233px;height:126px\" srcset=\"https:\/\/www.choretime.com\/wp-content\/uploads\/2023\/04\/Chore-Time-Section-4-Konavi-Feeding-System-1024x518.jpeg 1024w, https:\/\/www.choretime.com\/wp-content\/uploads\/2023\/04\/Chore-Time-Section-4-Konavi-Feeding-System-300x152.jpeg 300w, https:\/\/www.choretime.com\/wp-content\/uploads\/2023\/04\/Chore-Time-Section-4-Konavi-Feeding-System-768x389.jpeg 768w, https:\/\/www.choretime.com\/wp-content\/uploads\/2023\/04\/Chore-Time-Section-4-Konavi-Feeding-System-1536x778.jpeg 1536w, https:\/\/www.choretime.com\/wp-content\/uploads\/2023\/04\/Chore-Time-Section-4-Konavi-Feeding-System-2048x1037.jpeg 2048w\" sizes=\"auto, (max-width: 1024px) 100vw, 1024px\" \/><\/figure>\n<\/div>\n\n\n<p class=\"has-text-align-center\"><strong><a href=\"https:\/\/www.choretime.com\/es\/product\/comedero-konavi-para-pollos-de-engorde\/\" target=\"_blank\" rel=\"noreferrer noopener\">KONAVI<\/a><\/strong><br\/><strong>Para los m\u00e1s peque\u00f1os<\/strong><\/p>\n<\/div>\n\n\n\n<div class=\"wp-block-column is-layout-flow wp-block-column-is-layout-flow\"><div class=\"wp-block-image\">\n<figure class=\"aligncenter size-full is-resized\"><img loading=\"lazy\" decoding=\"async\" width=\"600\" height=\"480\" src=\"https:\/\/www.choretime.com\/wp-content\/uploads\/2022\/12\/RDE_49_web.jpg\" alt=\"\" class=\"wp-image-2048\" style=\"width:158px;height:126px\" srcset=\"https:\/\/www.choretime.com\/wp-content\/uploads\/2022\/12\/RDE_49_web.jpg 600w, https:\/\/www.choretime.com\/wp-content\/uploads\/2022\/12\/RDE_49_web-300x240.jpg 300w\" sizes=\"auto, (max-width: 600px) 100vw, 600px\" \/><\/figure>\n<\/div>\n\n\n<p class=\"has-text-align-center\"><strong><a href=\"https:\/\/www.choretime.com\/es\/product\/sistemas-de-nidos-para-huevos-valego\/\" target=\"_blank\" rel=\"noreferrer noopener\">VALEGO<\/a><\/strong><br\/><strong>Nestsystemen<\/strong><\/p>\n<\/div>\n\n\n\n<div class=\"wp-block-column is-layout-flow wp-block-column-is-layout-flow\"><div class=\"wp-block-image\">\n<figure class=\"aligncenter size-full is-resized\"><img loading=\"lazy\" decoding=\"async\" width=\"600\" height=\"480\" src=\"https:\/\/www.choretime.com\/wp-content\/uploads\/2022\/12\/Chore_Time_VOLITO_Vike_Aviary_System_2_2000_UF_003_26_10_AC1.jpg\" alt=\"\" class=\"wp-image-1982\" style=\"width:163px;height:126px\" srcset=\"https:\/\/www.choretime.com\/wp-content\/uploads\/2022\/12\/Chore_Time_VOLITO_Vike_Aviary_System_2_2000_UF_003_26_10_AC1.jpg 600w, https:\/\/www.choretime.com\/wp-content\/uploads\/2022\/12\/Chore_Time_VOLITO_Vike_Aviary_System_2_2000_UF_003_26_10_AC1-300x240.jpg 300w\" sizes=\"auto, (max-width: 600px) 100vw, 600px\" \/><\/figure>\n<\/div>\n\n\n<p class=\"has-text-align-center\"><strong><a href=\"https:\/\/www.choretime.com\/es\/product\/sistema-de-aviario-para-huevos-vike-adapt\/\" target=\"_blank\" rel=\"noreferrer noopener\">VIKE<\/a><br\/>Voli\u00e8res voor scharrelleghennen<\/strong><\/p>\n<\/div>\n\n\n\n<div class=\"wp-block-column is-layout-flow wp-block-column-is-layout-flow\"><\/div>\n<\/div>\n\n<h3 class=\"wp-block-heading\"><strong>Tiempo de tareas<\/strong><\/h3>\n\n<p>Chore-Time opera en todo el mundo a trav\u00e9s de una red exclusiva de distribuidores que suministran a las marcas sus conocimientos y redes locales espec\u00edficos para que puedan adaptarse de forma \u00f3ptima a las necesidades y necesidades de cada mercado. \u00abNa de overname in 2016 door Chore-Time Europe BV van Farmer Nederland en Volito BV is de verkoop van leg systemen in Nederland in een stroomversnelling geraakt. Gracias a esta ampliaci\u00f3n, la necesidad de servicio y mantenimiento tambi\u00e9n se ha hecho realidad.  <\/p>\n\n<h3 class=\"wp-block-heading\">A partir del 1 de mayo de 2020, Beek-Agri pondr\u00e1 en marcha el servicio y la venta del sistema Chore-Time &#8211; Volito en Holanda.<\/h3>\n\n<h3 class=\"wp-block-heading\"><strong>Beek-Agri<\/strong><\/h3>\n\n<p>Durante muchos a\u00f1os, la empresa Beek de Wekerom ha ofrecido al mercado agr\u00edcola productos de calidad. A partir de 2017, se llamar\u00e1 Beek-Agri. En colaboraci\u00f3n con 3 empresas, podemos desarrollar con rapidez y eficacia proyectos muy interesantes.  <br\/><br\/>Beek-Agri es sin\u00f3nimo de: Soluciones innovadoras para la industria agr\u00edcola. Los productos innovadores y de calidad de Beek-Agri en Wekerom son los m\u00e1s vendidos en el mercado agr\u00edcola. <\/p>\n\n<h4 class=\"wp-block-heading\"><strong><em>Puedes visitarnos en la Feria Av\u00edcola Holandesa de Hardenberg los d\u00edas 18 y 17 de mayo de 2020, stand 466.<\/em><\/strong><\/h4>\n\n<div style=\"height:59px\" aria-hidden=\"true\" class=\"wp-block-spacer\"><\/div>\n\n<div class=\"wp-block-columns is-layout-flex wp-container-core-columns-is-layout-9d6595d7 wp-block-columns-is-layout-flex\">\n<div class=\"wp-block-column is-layout-flow wp-block-column-is-layout-flow\" style=\"flex-basis:15%\"><\/div>\n\n\n\n<div class=\"wp-block-column is-layout-flow wp-block-column-is-layout-flow\" style=\"flex-basis:70%\">\n<div class=\"wp-block-columns is-layout-flex wp-container-core-columns-is-layout-9d6595d7 wp-block-columns-is-layout-flex\">\n<div class=\"wp-block-column is-layout-flow wp-block-column-is-layout-flow\"><div class=\"wp-block-image\">\n<figure class=\"aligncenter size-large is-resized\"><img loading=\"lazy\" decoding=\"async\" width=\"1024\" height=\"387\" src=\"https:\/\/www.choretime.com\/wp-content\/uploads\/2023\/02\/Chore-TimeCMYKoutline-1024x387.png\" alt=\"\" class=\"wp-image-3660\" style=\"width:202px;height:76px\" srcset=\"https:\/\/www.choretime.com\/wp-content\/uploads\/2023\/02\/Chore-TimeCMYKoutline-1024x387.png 1024w, https:\/\/www.choretime.com\/wp-content\/uploads\/2023\/02\/Chore-TimeCMYKoutline-300x113.png 300w, https:\/\/www.choretime.com\/wp-content\/uploads\/2023\/02\/Chore-TimeCMYKoutline-768x290.png 768w, https:\/\/www.choretime.com\/wp-content\/uploads\/2023\/02\/Chore-TimeCMYKoutline-1536x581.png 1536w, https:\/\/www.choretime.com\/wp-content\/uploads\/2023\/02\/Chore-TimeCMYKoutline.png 1860w\" sizes=\"auto, (max-width: 1024px) 100vw, 1024px\" \/><\/figure>\n<\/div>\n\n\n<p class=\"has-text-align-center has-small-font-size\"><strong>Cada d\u00eda.   <\/strong>RENDIMIENTO.\u2122<strong><br\/><\/strong><br\/><strong><a href=\"http:\/\/www.choretime.com\/\" target=\"_blank\" rel=\"noreferrer noopener\">www.choretime.com<\/a><\/strong><\/p>\n<\/div>\n\n\n\n<div class=\"wp-block-column is-layout-flow wp-block-column-is-layout-flow\"><div class=\"wp-block-image\">\n<figure class=\"aligncenter size-full\"><img loading=\"lazy\" decoding=\"async\" width=\"229\" height=\"76\" src=\"https:\/\/www.choretime.com\/wp-content\/uploads\/2023\/04\/beek-agri.png\" alt=\"Beek Agri\" class=\"wp-image-4628\"\/><\/figure>\n<\/div>\n\n\n<p class=\"has-text-align-center has-small-font-size\"><strong><a href=\"http:\/\/www.beekagri.nl\/\" target=\"_blank\" rel=\"noreferrer noopener\">www.beekagri.nl<\/a><br\/><\/strong><br\/><strong>info@beekagri.nl<\/strong><\/p>\n<\/div>\n<\/div>\n<\/div>\n\n\n\n<div class=\"wp-block-column is-layout-flow wp-block-column-is-layout-flow\" style=\"flex-basis:15%\"><\/div>\n<\/div>\n\n<div style=\"height:100px\" aria-hidden=\"true\" class=\"wp-block-spacer\"><\/div>\n","protected":false},"excerpt":{"rendered":"<p>Samenwerking Chore-Time en Beek-Agri KONAVIPara los m\u00e1s peque\u00f1os VALEGONestsystemen VIKEVoli\u00e8res voor scharrelleghennen Tiempo de tareas Chore-Time opera en todo el mundo a trav\u00e9s de una red exclusiva de distribuidores que suministran a las marcas sus conocimientos y redes locales espec\u00edficos para que puedan adaptarse de forma \u00f3ptima a las necesidades y necesidades de cada mercado. [&hellip;]<\/p>\n","protected":false},"author":2,"featured_media":8898,"parent":0,"menu_order":0,"comment_status":"closed","ping_status":"closed","template":"","meta":{"_acf_changed":false,"_monsterinsights_skip_tracking":false,"_monsterinsights_sitenote_active":false,"_monsterinsights_sitenote_note":"","_monsterinsights_sitenote_category":0,"footnotes":""},"class_list":["post-9434","page","type-page","status-publish","has-post-thumbnail","hentry"],"acf":[],"yoast_head":"<!-- This site is optimized with the Yoast SEO Premium plugin v27.3 (Yoast SEO v27.3) - https:\/\/yoast.com\/product\/yoast-seo-premium-wordpress\/ -->\n<title>Samenwerking Chore-Time en Beek-Agri - Chore-Time<\/title>\n<meta name=\"description\" content=\"Samenwerking Chore-Time en Beek-Agri\" \/>\n<meta name=\"robots\" content=\"index, follow, max-snippet:-1, max-image-preview:large, max-video-preview:-1\" \/>\n<link rel=\"canonical\" href=\"https:\/\/www.choretime.com\/es\/samenwerking-chore-time-en-beek-agri\/\" \/>\n<meta property=\"og:locale\" content=\"es_ES\" \/>\n<meta property=\"og:type\" content=\"article\" \/>\n<meta property=\"og:title\" content=\"Samenwerking Chore-Time en Beek-Agri - Chore-Time\" \/>\n<meta property=\"og:description\" content=\"Samenwerking Chore-Time en Beek-Agri\" \/>\n<meta property=\"og:url\" content=\"https:\/\/www.choretime.com\/es\/samenwerking-chore-time-en-beek-agri\/\" \/>\n<meta property=\"og:site_name\" content=\"Chore-Time\" \/>\n<meta property=\"article:publisher\" content=\"https:\/\/www.facebook.com\/choretime1952\" \/>\n<meta property=\"article:modified_time\" content=\"2026-03-16T20:10:44+00:00\" \/>\n<meta property=\"og:image\" content=\"https:\/\/www.choretime.com\/wp-content\/uploads\/2023\/04\/Not-From-Scratch-Ad-Beek-Agri-202002-Dutch-HR.jpeg\" \/>\n<meta name=\"twitter:card\" content=\"summary_large_image\" \/>\n<meta name=\"twitter:title\" content=\"Samenwerking Chore-Time en Beek-Agri - Chore-Time\" \/>\n<meta name=\"twitter:image\" content=\"https:\/\/www.choretime.com\/wp-content\/uploads\/2023\/04\/Not-From-Scratch-Ad-Beek-Agri-202002-Dutch-HR.jpeg\" \/>\n<meta name=\"twitter:site\" content=\"@choretime\" \/>\n<meta name=\"twitter:label1\" content=\"Tiempo de lectura\" \/>\n\t<meta name=\"twitter:data1\" content=\"1 minuto\" \/>\n<script type=\"application\/ld+json\" class=\"yoast-schema-graph\">{\"@context\":\"https:\\\/\\\/schema.org\",\"@graph\":[{\"@type\":\"WebPage\",\"@id\":\"https:\\\/\\\/www.choretime.com\\\/es\\\/samenwerking-chore-time-en-beek-agri\\\/\",\"url\":\"https:\\\/\\\/www.choretime.com\\\/es\\\/samenwerking-chore-time-en-beek-agri\\\/\",\"name\":\"Samenwerking Chore-Time en Beek-Agri - Chore-Time\",\"isPartOf\":{\"@id\":\"https:\\\/\\\/www.choretime.com\\\/es\\\/#website\"},\"primaryImageOfPage\":{\"@id\":\"https:\\\/\\\/www.choretime.com\\\/es\\\/samenwerking-chore-time-en-beek-agri\\\/#primaryimage\"},\"image\":{\"@id\":\"https:\\\/\\\/www.choretime.com\\\/es\\\/samenwerking-chore-time-en-beek-agri\\\/#primaryimage\"},\"thumbnailUrl\":\"https:\\\/\\\/www.choretime.com\\\/wp-content\\\/uploads\\\/2023\\\/04\\\/Not-From-Scratch-Ad-Beek-Agri-202002-Dutch-HR.jpeg\",\"datePublished\":\"2023-04-26T21:03:53+00:00\",\"dateModified\":\"2026-03-16T20:10:44+00:00\",\"description\":\"Samenwerking Chore-Time en Beek-Agri\",\"breadcrumb\":{\"@id\":\"https:\\\/\\\/www.choretime.com\\\/es\\\/samenwerking-chore-time-en-beek-agri\\\/#breadcrumb\"},\"inLanguage\":\"es\",\"potentialAction\":[{\"@type\":\"ReadAction\",\"target\":[\"https:\\\/\\\/www.choretime.com\\\/es\\\/samenwerking-chore-time-en-beek-agri\\\/\"]}]},{\"@type\":\"ImageObject\",\"inLanguage\":\"es\",\"@id\":\"https:\\\/\\\/www.choretime.com\\\/es\\\/samenwerking-chore-time-en-beek-agri\\\/#primaryimage\",\"url\":\"https:\\\/\\\/www.choretime.com\\\/wp-content\\\/uploads\\\/2023\\\/04\\\/Not-From-Scratch-Ad-Beek-Agri-202002-Dutch-HR.jpeg\",\"contentUrl\":\"https:\\\/\\\/www.choretime.com\\\/wp-content\\\/uploads\\\/2023\\\/04\\\/Not-From-Scratch-Ad-Beek-Agri-202002-Dutch-HR.jpeg\",\"width\":700,\"height\":380},{\"@type\":\"BreadcrumbList\",\"@id\":\"https:\\\/\\\/www.choretime.com\\\/es\\\/samenwerking-chore-time-en-beek-agri\\\/#breadcrumb\",\"itemListElement\":[{\"@type\":\"ListItem\",\"position\":1,\"name\":\"Inicio\",\"item\":\"https:\\\/\\\/www.choretime.com\\\/es\\\/\"},{\"@type\":\"ListItem\",\"position\":2,\"name\":\"Samenwerking Chore-Time en Beek-Agri\"}]},{\"@type\":\"WebSite\",\"@id\":\"https:\\\/\\\/www.choretime.com\\\/es\\\/#website\",\"url\":\"https:\\\/\\\/www.choretime.com\\\/es\\\/\",\"name\":\"Chore-Time\",\"description\":\"Every. Day. PERFORMANCE.\u2122\",\"publisher\":{\"@id\":\"https:\\\/\\\/www.choretime.com\\\/es\\\/#organization\"},\"potentialAction\":[{\"@type\":\"SearchAction\",\"target\":{\"@type\":\"EntryPoint\",\"urlTemplate\":\"https:\\\/\\\/www.choretime.com\\\/es\\\/?s={search_term_string}\"},\"query-input\":{\"@type\":\"PropertyValueSpecification\",\"valueRequired\":true,\"valueName\":\"search_term_string\"}}],\"inLanguage\":\"es\"},{\"@type\":\"Organization\",\"@id\":\"https:\\\/\\\/www.choretime.com\\\/es\\\/#organization\",\"name\":\"Chore-Time\",\"url\":\"https:\\\/\\\/www.choretime.com\\\/es\\\/\",\"logo\":{\"@type\":\"ImageObject\",\"inLanguage\":\"es\",\"@id\":\"https:\\\/\\\/www.choretime.com\\\/es\\\/#\\\/schema\\\/logo\\\/image\\\/\",\"url\":\"https:\\\/\\\/www.choretime.com\\\/wp-content\\\/uploads\\\/2023\\\/02\\\/Chore-TimeCMYKoutline.png\",\"contentUrl\":\"https:\\\/\\\/www.choretime.com\\\/wp-content\\\/uploads\\\/2023\\\/02\\\/Chore-TimeCMYKoutline.png\",\"width\":1860,\"height\":703,\"caption\":\"Chore-Time\"},\"image\":{\"@id\":\"https:\\\/\\\/www.choretime.com\\\/es\\\/#\\\/schema\\\/logo\\\/image\\\/\"},\"sameAs\":[\"https:\\\/\\\/www.facebook.com\\\/choretime1952\",\"https:\\\/\\\/x.com\\\/choretime\",\"https:\\\/\\\/www.youtube.com\\\/choretime\",\"https:\\\/\\\/www.instagram.com\\\/choretime1952\\\/\",\"https:\\\/\\\/www.linkedin.com\\\/company\\\/choretime\\\/\"]}]}<\/script>\n<!-- \/ Yoast SEO Premium plugin. -->","yoast_head_json":{"title":"Samenwerking Chore-Time en Beek-Agri - Chore-Time","description":"Samenwerking Chore-Time en Beek-Agri","robots":{"index":"index","follow":"follow","max-snippet":"max-snippet:-1","max-image-preview":"max-image-preview:large","max-video-preview":"max-video-preview:-1"},"canonical":"https:\/\/www.choretime.com\/es\/samenwerking-chore-time-en-beek-agri\/","og_locale":"es_ES","og_type":"article","og_title":"Samenwerking Chore-Time en Beek-Agri - Chore-Time","og_description":"Samenwerking Chore-Time en Beek-Agri","og_url":"https:\/\/www.choretime.com\/es\/samenwerking-chore-time-en-beek-agri\/","og_site_name":"Chore-Time","article_publisher":"https:\/\/www.facebook.com\/choretime1952","article_modified_time":"2026-03-16T20:10:44+00:00","og_image":[{"url":"https:\/\/www.choretime.com\/wp-content\/uploads\/2023\/04\/Not-From-Scratch-Ad-Beek-Agri-202002-Dutch-HR.jpeg","type":"","width":"","height":""}],"twitter_card":"summary_large_image","twitter_title":"Samenwerking Chore-Time en Beek-Agri - Chore-Time","twitter_image":"https:\/\/www.choretime.com\/wp-content\/uploads\/2023\/04\/Not-From-Scratch-Ad-Beek-Agri-202002-Dutch-HR.jpeg","twitter_site":"@choretime","twitter_misc":{"Tiempo de lectura":"1 minuto"},"schema":{"@context":"https:\/\/schema.org","@graph":[{"@type":"WebPage","@id":"https:\/\/www.choretime.com\/es\/samenwerking-chore-time-en-beek-agri\/","url":"https:\/\/www.choretime.com\/es\/samenwerking-chore-time-en-beek-agri\/","name":"Samenwerking Chore-Time en Beek-Agri - Chore-Time","isPartOf":{"@id":"https:\/\/www.choretime.com\/es\/#website"},"primaryImageOfPage":{"@id":"https:\/\/www.choretime.com\/es\/samenwerking-chore-time-en-beek-agri\/#primaryimage"},"image":{"@id":"https:\/\/www.choretime.com\/es\/samenwerking-chore-time-en-beek-agri\/#primaryimage"},"thumbnailUrl":"https:\/\/www.choretime.com\/wp-content\/uploads\/2023\/04\/Not-From-Scratch-Ad-Beek-Agri-202002-Dutch-HR.jpeg","datePublished":"2023-04-26T21:03:53+00:00","dateModified":"2026-03-16T20:10:44+00:00","description":"Samenwerking Chore-Time en Beek-Agri","breadcrumb":{"@id":"https:\/\/www.choretime.com\/es\/samenwerking-chore-time-en-beek-agri\/#breadcrumb"},"inLanguage":"es","potentialAction":[{"@type":"ReadAction","target":["https:\/\/www.choretime.com\/es\/samenwerking-chore-time-en-beek-agri\/"]}]},{"@type":"ImageObject","inLanguage":"es","@id":"https:\/\/www.choretime.com\/es\/samenwerking-chore-time-en-beek-agri\/#primaryimage","url":"https:\/\/www.choretime.com\/wp-content\/uploads\/2023\/04\/Not-From-Scratch-Ad-Beek-Agri-202002-Dutch-HR.jpeg","contentUrl":"https:\/\/www.choretime.com\/wp-content\/uploads\/2023\/04\/Not-From-Scratch-Ad-Beek-Agri-202002-Dutch-HR.jpeg","width":700,"height":380},{"@type":"BreadcrumbList","@id":"https:\/\/www.choretime.com\/es\/samenwerking-chore-time-en-beek-agri\/#breadcrumb","itemListElement":[{"@type":"ListItem","position":1,"name":"Inicio","item":"https:\/\/www.choretime.com\/es\/"},{"@type":"ListItem","position":2,"name":"Samenwerking Chore-Time en Beek-Agri"}]},{"@type":"WebSite","@id":"https:\/\/www.choretime.com\/es\/#website","url":"https:\/\/www.choretime.com\/es\/","name":"Chore-Time","description":"Every. Day. PERFORMANCE.\u2122","publisher":{"@id":"https:\/\/www.choretime.com\/es\/#organization"},"potentialAction":[{"@type":"SearchAction","target":{"@type":"EntryPoint","urlTemplate":"https:\/\/www.choretime.com\/es\/?s={search_term_string}"},"query-input":{"@type":"PropertyValueSpecification","valueRequired":true,"valueName":"search_term_string"}}],"inLanguage":"es"},{"@type":"Organization","@id":"https:\/\/www.choretime.com\/es\/#organization","name":"Chore-Time","url":"https:\/\/www.choretime.com\/es\/","logo":{"@type":"ImageObject","inLanguage":"es","@id":"https:\/\/www.choretime.com\/es\/#\/schema\/logo\/image\/","url":"https:\/\/www.choretime.com\/wp-content\/uploads\/2023\/02\/Chore-TimeCMYKoutline.png","contentUrl":"https:\/\/www.choretime.com\/wp-content\/uploads\/2023\/02\/Chore-TimeCMYKoutline.png","width":1860,"height":703,"caption":"Chore-Time"},"image":{"@id":"https:\/\/www.choretime.com\/es\/#\/schema\/logo\/image\/"},"sameAs":["https:\/\/www.facebook.com\/choretime1952","https:\/\/x.com\/choretime","https:\/\/www.youtube.com\/choretime","https:\/\/www.instagram.com\/choretime1952\/","https:\/\/www.linkedin.com\/company\/choretime\/"]}]}},"_links":{"self":[{"href":"https:\/\/www.choretime.com\/es\/wp-json\/wp\/v2\/pages\/9434","targetHints":{"allow":["GET"]}}],"collection":[{"href":"https:\/\/www.choretime.com\/es\/wp-json\/wp\/v2\/pages"}],"about":[{"href":"https:\/\/www.choretime.com\/es\/wp-json\/wp\/v2\/types\/page"}],"author":[{"embeddable":true,"href":"https:\/\/www.choretime.com\/es\/wp-json\/wp\/v2\/users\/2"}],"replies":[{"embeddable":true,"href":"https:\/\/www.choretime.com\/es\/wp-json\/wp\/v2\/comments?post=9434"}],"version-history":[{"count":5,"href":"https:\/\/www.choretime.com\/es\/wp-json\/wp\/v2\/pages\/9434\/revisions"}],"predecessor-version":[{"id":12463,"href":"https:\/\/www.choretime.com\/es\/wp-json\/wp\/v2\/pages\/9434\/revisions\/12463"}],"wp:featuredmedia":[{"embeddable":true,"href":"https:\/\/www.choretime.com\/es\/wp-json\/wp\/v2\/media\/8898"}],"wp:attachment":[{"href":"https:\/\/www.choretime.com\/es\/wp-json\/wp\/v2\/media?parent=9434"}],"curies":[{"name":"wp","href":"https:\/\/api.w.org\/{rel}","templated":true}]}}