{"id":9521,"date":"2024-08-13T17:35:43","date_gmt":"2024-08-13T17:35:43","guid":{"rendered":"https:\/\/www.choretime.com\/catalizador-control-es\/"},"modified":"2024-11-04T16:00:53","modified_gmt":"2024-11-04T16:00:53","slug":"catalizador-control-es","status":"publish","type":"page","link":"https:\/\/www.choretime.com\/es\/catalizador-control-es\/","title":{"rendered":"Catalizador Control-Es"},"content":{"rendered":"\n<div id=\"photoheader\">\n<div class=\"inner-col\">\n<div class=\"col-sm-6\">\n<h2>El alto rendimiento de los galpones av\u00edcolas est\u00e1 al alcance de tu mano.<\/h2>\n<\/div><!-- END COL 6-->\n<div class=\"col-sm-6\"><\/div><!-- END COL 6-->\n<\/div><!-- END INNERCOL-->\n<\/div><!-- END PHOTOHEADER-->\n\n<p>Tome el control total de los sistemas de climatizaci\u00f3n, comederos y bebederos de su galp\u00f3n av\u00edcola desde la comodidad de su computadora o dispositivo m\u00f3vil con el control completo del galp\u00f3n CATALYST\u00ae de Chore-Time combinado con la aplicaci\u00f3n m\u00f3vil CHORE-TRONICS\u00ae. CATALYST ofrece todas las caracter\u00edsticas de control que ya conoce del controlador CHORE-TRONICS\u00ae 3, junto con nuevas y potentes herramientas y un dise\u00f1o atractivo.<\/p>\n\n<h2 class=\"wp-block-heading\" id=\"h-nuevas-caracteristicas-del-producto-e-interfaz-de-usuario-mejorada\"><strong>Nuevas caracter\u00edsticas del producto e interfaz de usuario mejorada<\/strong><span style=\"font-size: medium; font-weight: 400; white-space-collapse: collapse;\"><\/span><\/h2>\n\n<div class=\"wp-block-columns is-layout-flex wp-container-core-columns-is-layout-9d6595d7 wp-block-columns-is-layout-flex\">\n<div class=\"wp-block-column is-layout-flow wp-block-column-is-layout-flow\" style=\"flex-basis:40%\">\n<p>El mando CATALYST de Chore-Time incluye una nueva pantalla t\u00e1ctil con mayor resoluci\u00f3n que ofrece una imagen n\u00edtida y clara. La pantalla de 10,1 pulgadas (257 mm) presenta una interfaz de usuario actualizada, gr\u00e1ficos animados, informes m\u00e1s precisos y nuevos iconos de visualizaci\u00f3n. <\/p>\n\n\n\n<ul class=\"wp-block-list\">\n<li>Modo de pantalla oscura m\u00e1s f\u00e1cil de leer<\/li>\n\n\n\n<li>Su dise\u00f1o est\u00e1 orientado a futuras actualizaciones de software, que aportar\u00e1n m\u00e1s caracter\u00edsticas y ventajas<\/li>\n\n\n\n<li>Muchas opciones de idiomas incorporadas<\/li>\n\n\n\n<li>Puerto USB para actualizaci\u00f3n y control del rat\u00f3n<\/li>\n\n\n\n<li>Exterior de Puerto Ethernet<\/li>\n<\/ul>\n<\/div>\n\n\n\n<div class=\"wp-block-column is-layout-flow wp-block-column-is-layout-flow\" style=\"flex-basis:60%\">\n<!--BEGIN CAROUSEL-->\n          <!-- Slick Carousel HTML -->\n          <div class=\"carousel carousel-one\" style=\"margin-top: 20px;\">\n            <div>\n              <img decoding=\"async\" src=\"https:\/\/www.choretime.com\/wp-content\/uploads\/2024\/08\/ui-01-es.jpg\" alt=\"Imagen 1\"\/>\n              <p class=\"caption\">Interfaz actualizada para un uso y opciones de visualizaci\u00f3n m\u00e1s f\u00e1ciles  <\/p>\n            <\/div>\n            <div>\n              <img decoding=\"async\" src=\"https:\/\/www.choretime.com\/wp-content\/uploads\/2024\/08\/ui-02-es.jpg\" alt=\"Imagen 2\"\/>\n              <p class=\"caption\">Modo oscuro opcional para mayor legibilidad<\/p>\n\n            <\/div>\n            <div>\n              <img decoding=\"async\" src=\"https:\/\/www.choretime.com\/wp-content\/uploads\/2024\/08\/ui-03-es.jpg\" alt=\"Imagen 3\"\/>\n              <p class=\"caption\">Control de acci\u00f3n multit\u00e1ctil preciso<\/p>\n\n            <\/div>\n            <div>\n              <img decoding=\"async\" src=\"https:\/\/www.choretime.com\/wp-content\/uploads\/2024\/08\/ui-04-es.jpg\" alt=\"Imagen 4\"\/>\n              <p class=\"caption\">Interfaz en espa\u00f1ol con opciones de idioma adicionales<\/p>\n\n            <\/div>\n            <!-- Add more images as needed -->\n          <\/div>\n\n          <!-- END CAROUSEL-->\n<\/div>\n<\/div>\n\n<h2 class=\"wp-block-heading\" id=\"h-aplicacion-movil-chore-tronics-y-conexion-al-servidor\"><strong>Aplicaci\u00f3n m\u00f3vil CHORE-TRONICS y conexi\u00f3n al servidor<\/strong><span style=\"font-size: medium; font-weight: 400; white-space-collapse: collapse;\"><\/span><\/h2>\n\n<div class=\"wp-block-columns is-layout-flex wp-container-core-columns-is-layout-9d6595d7 wp-block-columns-is-layout-flex\">\n<div class=\"wp-block-column is-layout-flow wp-block-column-is-layout-flow\">\n<!--BEGIN CAROUSEL-->\n          <!-- Slick Carousel HTML -->\n          <div class=\"carousel carousel-two\" style=\"margin-top: 20px;\">\n            <div>\n              <img decoding=\"async\" src=\"https:\/\/www.choretime.com\/wp-content\/uploads\/2024\/08\/mobile-01-es.jpg\" alt=\"Imagen 1\"\/>\n              <p class=\"caption\">Aplicaci\u00f3n m\u00f3vil CHORE-TRONICS  <\/p>\n            <\/div>\n            <div>\n              <img decoding=\"async\" src=\"https:\/\/www.choretime.com\/wp-content\/uploads\/2024\/08\/mobile-02-es.jpg\" alt=\"Imagen 2\"\/>\n              <p class=\"caption\">Vea las condiciones de la casa de un vistazo  <\/p>\n\n            <\/div>\n\n            <!-- Add more images as needed -->\n          <\/div>\n\n          <!-- END CAROUSEL-->\n<\/div>\n\n\n\n<div class=\"wp-block-column is-layout-flow wp-block-column-is-layout-flow\">\n<p>El control CATALYST te permite supervisar tu galp\u00f3n desde cualquier lugar con la aplicaci\u00f3n m\u00f3vil CHORE-TRONICS. Obt\u00e9n actualizaciones en tiempo real sobre la temperatura, los niveles de alimento, los sistemas de bebederos y mucho m\u00e1s, desde la comodidad de tu tel\u00e9fono u ordenador. Aprovecha las caracter\u00edsticas m\u00e1s recientes de CATALYST, como:  <\/p>\n\n\n\n<ul class=\"wp-block-list\">\n<li>Informes en tiempo real en la aplicaci\u00f3n m\u00f3vil y en l\u00ednea<\/li>\n\n\n\n<li>Actualizaciones automatizadas para el software y los servidores cuando se conectan a Internet<\/li>\n\n\n\n<li>Informes nuevos y detallados con im\u00e1genes y gr\u00e1ficos actualizados<\/li>\n\n\n\n<li>Herramientas de soporte al servidor para depuraci\u00f3n, resoluci\u00f3n de problemas y mucho m\u00e1s<\/li>\n<\/ul>\n<\/div>\n<\/div>\n\n<h2 class=\"wp-block-heading\" id=\"h-control-de-los-ventiladores-de-velocidad-variable-en-todo-el-galpon\"><strong>Control de los ventiladores de velocidad variable en todo el galp\u00f3n<\/strong><\/h2><p class=\"MsoListParagraph\" style=\"margin: 0in; font-size: 12pt; font-family: Cambria, serif; font-weight: 400; white-space-collapse: collapse;\"><b><span style=\"font-size: 11pt; font-family: Verdana, sans-serif; color: red;\"><\/span><\/b><\/p>\n\n<div class=\"wp-block-columns is-layout-flex wp-container-core-columns-is-layout-9d6595d7 wp-block-columns-is-layout-flex\">\n<div class=\"wp-block-column is-layout-flow wp-block-column-is-layout-flow\">\n<p>Controla el sistema de refrigeraci\u00f3n de tu galp\u00f3n desde un lugar conveniente. El mando CATALYST le ofrece un control preciso del sistema de ventilaci\u00f3n de su galp\u00f3n, proporcionando un ambiente estable y agradable para la parvada. <\/p>\n\n\n\n<ul class=\"wp-block-list\">\n<li>Selecciona los tipos y velocidades de los ventiladores del galp\u00f3n<\/li>\n\n\n\n<li>Haz un seguimiento de los ventiladores activos e inactivos en todo el galp\u00f3n<\/li>\n\n\n\n<li>Establece la temperatura m\u00ednima y m\u00e1xima del galp\u00f3n para activar los ventiladores de forma autom\u00e1tica<\/li>\n\n\n\n<li>Asigna un porcentaje m\u00ednimo de flujo de aire para la ventilaci\u00f3n autom\u00e1tica desde los ventiladores de t\u00fanel<\/li>\n<\/ul>\n<\/div>\n\n\n\n<div class=\"wp-block-column is-layout-flow wp-block-column-is-layout-flow\">\n<!--BEGIN CAROUSEL-->\n          <!-- Slick Carousel HTML -->\n          <div class=\"carousel carousel-three\" style=\"margin-top: 20px;\">\n            <div>\n              <img decoding=\"async\" src=\"https:\/\/www.choretime.com\/wp-content\/uploads\/2024\/10\/var-01v2.jpg\" alt=\"Imagen 1\"\/>\n              <p class=\"caption\">Condiciones actuales  <\/p>\n            <\/div>\n            <div>\n              <img decoding=\"async\" src=\"https:\/\/www.choretime.com\/wp-content\/uploads\/2024\/08\/var-02.jpg\" alt=\"Imagen 2\"\/>\n              <p class=\"caption\">Condiciones ambientales\/velocidad variable por ventilador<\/p>\n\n            <\/div>\n            <div>\n              <img decoding=\"async\" src=\"https:\/\/www.choretime.com\/wp-content\/uploads\/2024\/10\/var-03v2.jpg\" alt=\"Imagen 3\"\/>\n              <p class=\"caption\">Configuraciones de ventilador integradas para diferentes modelos<\/p>\n\n            <\/div>\n\n            <!-- Add more images as needed -->\n          <\/div>\n\n          <!-- END CAROUSEL-->\n<\/div>\n<\/div>\n\n<!-- Slick Carousel JavaScript and jQuery -->\n    <script src=\"https:\/\/code.jquery.com\/jquery-3.6.4.min.js\"><\/script>\n    <script src=\"https:\/\/cdn.jsdelivr.net\/npm\/slick-carousel@1.8.1\/slick\/slick.min.js\"><\/script>\n\n<script>\n        \/\/ Initialize Slick Carousel for the first carousel\n        $(document).ready(function(){\n            $('.carousel-one').slick({\n                dots: true,\n                infinite: true,\n                speed: 300,\n                slidesToShow: 1,\n                adaptiveHeight: true,\n                autoplay: true, \/\/ Enable autoplay\n                autoplaySpeed: 3000 \/\/ Set the autoplay speed in milliseconds\n            });\n\n            \/\/ Initialize Slick Carousel for the second carousel\n            $('.carousel-two').slick({\n                dots: true,\n                infinite: true,\n                speed: 300,\n                slidesToShow: 1,\n                adaptiveHeight: true,\n                autoplay: false, \/\/ Enable autoplay\n                autoplaySpeed: 2000 \/\/ Set the autoplay speed in milliseconds\n            });\n            \n             \/\/ Initialize Slick Carousel for the third carousel\n            $('.carousel-three').slick({\n                dots: true,\n                infinite: true,\n                speed: 300,\n                slidesToShow: 1,\n                adaptiveHeight: true,\n                autoplay: false, \/\/ Enable autoplay\n                autoplaySpeed: 2000 \/\/ Set the autoplay speed in milliseconds\n            });\n        });\n    <\/script>\n\n<div style=\"background-color: rgb(246, 246, 246)\">\n<div class=\"inner-col\" id=\"cynergy-container\">\n  <div id=\"cynergy-left-column\">\n    <h2 id=\"cynergy-heading\">CYNERGY READY\u2122 para la recopilaci\u00f3n de datos desde la granja hasta la mesa utilizando el servicio de inteligencia de datos CYNERGY\u2122 de CTB.<\/h2>\n  <\/div>\n  <div id=\"cynergy-right-column\">\n    <img decoding=\"async\" id=\"cynergy-image\" src=\"https:\/\/www.choretime.com\/wp-content\/uploads\/2024\/09\/cynergy-ready-k.png\" alt=\"Cynergy Ready\" style=\"width: 160px; height: 160px; object-fit: cover;\"\/>\n\n  <\/div>\n<\/div>\n<\/div>\n\n\n\n\n<div>\n<div class=\"inner-col\" id=\"cogform\">\n<h2 style=\"text-align: center;\">Mantenga el control de su galp\u00f3n al alcance de su mano  <\/h2>\n<p style=\"text-align: center;\">Hable con un representante de ventas de Chore-Time sobre el control CATALYST\u00ae.<\/p>\n\n<script src=\"https:\/\/www.cognitoforms.com\/f\/seamless.js\" data-key=\"l-2UwNeJ806NshHzt9gimA\" data-form=\"3\"><\/script>\n\n\n<\/div><!-- END INNERCOL-->\n<\/div><!-- END PHOTOHEADER-->\n\n<div style=\"height:50px\" aria-hidden=\"true\" class=\"wp-block-spacer\"><\/div>\n\n<div class=\"wp-block-columns is-layout-flex wp-container-core-columns-is-layout-9d6595d7 wp-block-columns-is-layout-flex\">\n<div class=\"wp-block-column is-layout-flow wp-block-column-is-layout-flow\">\n<h2 class=\"wp-block-heading\" id=\"h-catalyst-control-de-toda-la-casa-agregue-facilmente-funcionalidades-futuras\"><strong>CATALYST\u00ae Control de toda la casa<\/strong> <strong>A\u00f1ade f\u00e1cilmente funcionalidades futuras<\/strong><\/h2>\n\n\n\n<p>El mando para toda la casa CATALYST\u00ae de Chore-Time cuenta con una pantalla de mayor resoluci\u00f3n de 10,1 pulgadas (257 mm) dise\u00f1ada para agregar f\u00e1cilmente funciones futuras. El puerto USB permite la actualizaci\u00f3n y el control del rat\u00f3n. <\/p>\n<\/div>\n\n\n\n<div class=\"wp-block-column is-layout-flow wp-block-column-is-layout-flow\">\n<figure class=\"wp-block-embed is-type-video is-provider-youtube wp-block-embed-youtube wp-embed-aspect-16-9 wp-has-aspect-ratio\"><div class=\"wp-block-embed__wrapper\">\n<iframe loading=\"lazy\" title=\"Chore-Time&#039;s Chore-Tronics\u00ae CATALYST\u00ae Control\" width=\"500\" height=\"281\" src=\"https:\/\/www.youtube.com\/embed\/aPM2f1D9kYE?feature=oembed\" frameborder=\"0\" allow=\"accelerometer; autoplay; clipboard-write; encrypted-media; gyroscope; picture-in-picture; web-share\" referrerpolicy=\"strict-origin-when-cross-origin\" allowfullscreen><\/iframe>\n<\/div><\/figure>\n<\/div>\n<\/div>\n\n<div style=\"height:50px\" aria-hidden=\"true\" class=\"wp-block-spacer\"><\/div>\n","protected":false},"excerpt":{"rendered":"<p>El alto rendimiento de los galpones av\u00edcolas est\u00e1 al alcance de tu mano. Tome el control total de los sistemas de climatizaci\u00f3n, comederos y bebederos de su galp\u00f3n av\u00edcola desde la comodidad de su computadora o dispositivo m\u00f3vil con el control completo del galp\u00f3n CATALYST\u00ae de Chore-Time combinado con la aplicaci\u00f3n m\u00f3vil CHORE-TRONICS\u00ae. CATALYST ofrece [&hellip;]<\/p>\n","protected":false},"author":11,"featured_media":9297,"parent":0,"menu_order":0,"comment_status":"closed","ping_status":"closed","template":"","meta":{"_acf_changed":false,"_monsterinsights_skip_tracking":false,"_monsterinsights_sitenote_active":false,"_monsterinsights_sitenote_note":"","_monsterinsights_sitenote_category":0,"footnotes":""},"class_list":["post-9521","page","type-page","status-publish","has-post-thumbnail","hentry"],"acf":[],"yoast_head":"<!-- This site is optimized with the Yoast SEO Premium plugin v27.3 (Yoast SEO v27.3) - https:\/\/yoast.com\/product\/yoast-seo-premium-wordpress\/ -->\n<title>Catalizador Control-Es - Chore-Time<\/title>\n<meta name=\"description\" content=\"El nuevo controlador CATALYST\u2122 presenta una nueva interfaz con \u00edconos actualizados y gr\u00e1ficos animados que facilitan el acceso a informaci\u00f3n importante.\" \/>\n<meta name=\"robots\" content=\"index, follow, max-snippet:-1, max-image-preview:large, max-video-preview:-1\" \/>\n<link rel=\"canonical\" href=\"https:\/\/www.choretime.com\/es\/catalizador-control-es\/\" \/>\n<meta property=\"og:locale\" content=\"es_ES\" \/>\n<meta property=\"og:type\" content=\"article\" \/>\n<meta property=\"og:title\" content=\"Catalizador Control-Es - Chore-Time\" \/>\n<meta property=\"og:description\" content=\"El nuevo controlador CATALYST\u2122 presenta una nueva interfaz con \u00edconos actualizados y gr\u00e1ficos animados que facilitan el acceso a informaci\u00f3n importante.\" \/>\n<meta property=\"og:url\" content=\"https:\/\/www.choretime.com\/es\/catalizador-control-es\/\" \/>\n<meta property=\"og:site_name\" content=\"Chore-Time\" \/>\n<meta property=\"article:publisher\" content=\"https:\/\/www.facebook.com\/choretime1952\" \/>\n<meta property=\"article:modified_time\" content=\"2024-11-04T16:00:53+00:00\" \/>\n<meta property=\"og:image\" content=\"https:\/\/www.choretime.com\/wp-content\/uploads\/2023\/03\/Chore-Tronics-CATALYST-Easier-Access-to-Information-01.jpeg\" \/>\n<meta name=\"twitter:card\" content=\"summary_large_image\" \/>\n<meta name=\"twitter:title\" content=\"Catalizador Control-Es - Chore-Time\" \/>\n<meta name=\"twitter:image\" content=\"https:\/\/www.choretime.com\/wp-content\/uploads\/2023\/03\/Chore-Tronics-CATALYST-Easier-Access-to-Information-01.jpeg\" \/>\n<meta name=\"twitter:site\" content=\"@choretime\" \/>\n<meta name=\"twitter:label1\" content=\"Tiempo de lectura\" \/>\n\t<meta name=\"twitter:data1\" content=\"3 minutos\" \/>\n<script type=\"application\/ld+json\" class=\"yoast-schema-graph\">{\"@context\":\"https:\\\/\\\/schema.org\",\"@graph\":[{\"@type\":\"WebPage\",\"@id\":\"https:\\\/\\\/www.choretime.com\\\/es\\\/catalizador-control-es\\\/\",\"url\":\"https:\\\/\\\/www.choretime.com\\\/es\\\/catalizador-control-es\\\/\",\"name\":\"Catalizador Control-Es - Chore-Time\",\"isPartOf\":{\"@id\":\"https:\\\/\\\/www.choretime.com\\\/es\\\/#website\"},\"primaryImageOfPage\":{\"@id\":\"https:\\\/\\\/www.choretime.com\\\/es\\\/catalizador-control-es\\\/#primaryimage\"},\"image\":{\"@id\":\"https:\\\/\\\/www.choretime.com\\\/es\\\/catalizador-control-es\\\/#primaryimage\"},\"thumbnailUrl\":\"https:\\\/\\\/www.choretime.com\\\/wp-content\\\/uploads\\\/2024\\\/01\\\/Chore-Tronics-CATALYST-Easier-Access-to-Information-01-copy1.png\",\"datePublished\":\"2024-08-13T17:35:43+00:00\",\"dateModified\":\"2024-11-04T16:00:53+00:00\",\"description\":\"El nuevo controlador CATALYST\u2122 presenta una nueva interfaz con \u00edconos actualizados y gr\u00e1ficos animados que facilitan el acceso a informaci\u00f3n importante.\",\"breadcrumb\":{\"@id\":\"https:\\\/\\\/www.choretime.com\\\/es\\\/catalizador-control-es\\\/#breadcrumb\"},\"inLanguage\":\"es\",\"potentialAction\":[{\"@type\":\"ReadAction\",\"target\":[\"https:\\\/\\\/www.choretime.com\\\/es\\\/catalizador-control-es\\\/\"]}]},{\"@type\":\"ImageObject\",\"inLanguage\":\"es\",\"@id\":\"https:\\\/\\\/www.choretime.com\\\/es\\\/catalizador-control-es\\\/#primaryimage\",\"url\":\"https:\\\/\\\/www.choretime.com\\\/wp-content\\\/uploads\\\/2024\\\/01\\\/Chore-Tronics-CATALYST-Easier-Access-to-Information-01-copy1.png\",\"contentUrl\":\"https:\\\/\\\/www.choretime.com\\\/wp-content\\\/uploads\\\/2024\\\/01\\\/Chore-Tronics-CATALYST-Easier-Access-to-Information-01-copy1.png\",\"width\":700,\"height\":339,\"caption\":\"CATALYST\u00ae Whole House Control\"},{\"@type\":\"BreadcrumbList\",\"@id\":\"https:\\\/\\\/www.choretime.com\\\/es\\\/catalizador-control-es\\\/#breadcrumb\",\"itemListElement\":[{\"@type\":\"ListItem\",\"position\":1,\"name\":\"Inicio\",\"item\":\"https:\\\/\\\/www.choretime.com\\\/es\\\/\"},{\"@type\":\"ListItem\",\"position\":2,\"name\":\"Catalizador Control-Es\"}]},{\"@type\":\"WebSite\",\"@id\":\"https:\\\/\\\/www.choretime.com\\\/es\\\/#website\",\"url\":\"https:\\\/\\\/www.choretime.com\\\/es\\\/\",\"name\":\"Chore-Time\",\"description\":\"Every. Day. PERFORMANCE.\u2122\",\"publisher\":{\"@id\":\"https:\\\/\\\/www.choretime.com\\\/es\\\/#organization\"},\"potentialAction\":[{\"@type\":\"SearchAction\",\"target\":{\"@type\":\"EntryPoint\",\"urlTemplate\":\"https:\\\/\\\/www.choretime.com\\\/es\\\/?s={search_term_string}\"},\"query-input\":{\"@type\":\"PropertyValueSpecification\",\"valueRequired\":true,\"valueName\":\"search_term_string\"}}],\"inLanguage\":\"es\"},{\"@type\":\"Organization\",\"@id\":\"https:\\\/\\\/www.choretime.com\\\/es\\\/#organization\",\"name\":\"Chore-Time\",\"url\":\"https:\\\/\\\/www.choretime.com\\\/es\\\/\",\"logo\":{\"@type\":\"ImageObject\",\"inLanguage\":\"es\",\"@id\":\"https:\\\/\\\/www.choretime.com\\\/es\\\/#\\\/schema\\\/logo\\\/image\\\/\",\"url\":\"https:\\\/\\\/www.choretime.com\\\/wp-content\\\/uploads\\\/2023\\\/02\\\/Chore-TimeCMYKoutline.png\",\"contentUrl\":\"https:\\\/\\\/www.choretime.com\\\/wp-content\\\/uploads\\\/2023\\\/02\\\/Chore-TimeCMYKoutline.png\",\"width\":1860,\"height\":703,\"caption\":\"Chore-Time\"},\"image\":{\"@id\":\"https:\\\/\\\/www.choretime.com\\\/es\\\/#\\\/schema\\\/logo\\\/image\\\/\"},\"sameAs\":[\"https:\\\/\\\/www.facebook.com\\\/choretime1952\",\"https:\\\/\\\/x.com\\\/choretime\",\"https:\\\/\\\/www.youtube.com\\\/choretime\",\"https:\\\/\\\/www.instagram.com\\\/choretime1952\\\/\",\"https:\\\/\\\/www.linkedin.com\\\/company\\\/choretime\\\/\"]}]}<\/script>\n<!-- \/ Yoast SEO Premium plugin. -->","yoast_head_json":{"title":"Catalizador Control-Es - Chore-Time","description":"El nuevo controlador CATALYST\u2122 presenta una nueva interfaz con \u00edconos actualizados y gr\u00e1ficos animados que facilitan el acceso a informaci\u00f3n importante.","robots":{"index":"index","follow":"follow","max-snippet":"max-snippet:-1","max-image-preview":"max-image-preview:large","max-video-preview":"max-video-preview:-1"},"canonical":"https:\/\/www.choretime.com\/es\/catalizador-control-es\/","og_locale":"es_ES","og_type":"article","og_title":"Catalizador Control-Es - Chore-Time","og_description":"El nuevo controlador CATALYST\u2122 presenta una nueva interfaz con \u00edconos actualizados y gr\u00e1ficos animados que facilitan el acceso a informaci\u00f3n importante.","og_url":"https:\/\/www.choretime.com\/es\/catalizador-control-es\/","og_site_name":"Chore-Time","article_publisher":"https:\/\/www.facebook.com\/choretime1952","article_modified_time":"2024-11-04T16:00:53+00:00","og_image":[{"url":"https:\/\/www.choretime.com\/wp-content\/uploads\/2023\/03\/Chore-Tronics-CATALYST-Easier-Access-to-Information-01.jpeg","type":"","width":"","height":""}],"twitter_card":"summary_large_image","twitter_title":"Catalizador Control-Es - Chore-Time","twitter_image":"https:\/\/www.choretime.com\/wp-content\/uploads\/2023\/03\/Chore-Tronics-CATALYST-Easier-Access-to-Information-01.jpeg","twitter_site":"@choretime","twitter_misc":{"Tiempo de lectura":"3 minutos"},"schema":{"@context":"https:\/\/schema.org","@graph":[{"@type":"WebPage","@id":"https:\/\/www.choretime.com\/es\/catalizador-control-es\/","url":"https:\/\/www.choretime.com\/es\/catalizador-control-es\/","name":"Catalizador Control-Es - Chore-Time","isPartOf":{"@id":"https:\/\/www.choretime.com\/es\/#website"},"primaryImageOfPage":{"@id":"https:\/\/www.choretime.com\/es\/catalizador-control-es\/#primaryimage"},"image":{"@id":"https:\/\/www.choretime.com\/es\/catalizador-control-es\/#primaryimage"},"thumbnailUrl":"https:\/\/www.choretime.com\/wp-content\/uploads\/2024\/01\/Chore-Tronics-CATALYST-Easier-Access-to-Information-01-copy1.png","datePublished":"2024-08-13T17:35:43+00:00","dateModified":"2024-11-04T16:00:53+00:00","description":"El nuevo controlador CATALYST\u2122 presenta una nueva interfaz con \u00edconos actualizados y gr\u00e1ficos animados que facilitan el acceso a informaci\u00f3n importante.","breadcrumb":{"@id":"https:\/\/www.choretime.com\/es\/catalizador-control-es\/#breadcrumb"},"inLanguage":"es","potentialAction":[{"@type":"ReadAction","target":["https:\/\/www.choretime.com\/es\/catalizador-control-es\/"]}]},{"@type":"ImageObject","inLanguage":"es","@id":"https:\/\/www.choretime.com\/es\/catalizador-control-es\/#primaryimage","url":"https:\/\/www.choretime.com\/wp-content\/uploads\/2024\/01\/Chore-Tronics-CATALYST-Easier-Access-to-Information-01-copy1.png","contentUrl":"https:\/\/www.choretime.com\/wp-content\/uploads\/2024\/01\/Chore-Tronics-CATALYST-Easier-Access-to-Information-01-copy1.png","width":700,"height":339,"caption":"CATALYST\u00ae Whole House Control"},{"@type":"BreadcrumbList","@id":"https:\/\/www.choretime.com\/es\/catalizador-control-es\/#breadcrumb","itemListElement":[{"@type":"ListItem","position":1,"name":"Inicio","item":"https:\/\/www.choretime.com\/es\/"},{"@type":"ListItem","position":2,"name":"Catalizador Control-Es"}]},{"@type":"WebSite","@id":"https:\/\/www.choretime.com\/es\/#website","url":"https:\/\/www.choretime.com\/es\/","name":"Chore-Time","description":"Every. Day. PERFORMANCE.\u2122","publisher":{"@id":"https:\/\/www.choretime.com\/es\/#organization"},"potentialAction":[{"@type":"SearchAction","target":{"@type":"EntryPoint","urlTemplate":"https:\/\/www.choretime.com\/es\/?s={search_term_string}"},"query-input":{"@type":"PropertyValueSpecification","valueRequired":true,"valueName":"search_term_string"}}],"inLanguage":"es"},{"@type":"Organization","@id":"https:\/\/www.choretime.com\/es\/#organization","name":"Chore-Time","url":"https:\/\/www.choretime.com\/es\/","logo":{"@type":"ImageObject","inLanguage":"es","@id":"https:\/\/www.choretime.com\/es\/#\/schema\/logo\/image\/","url":"https:\/\/www.choretime.com\/wp-content\/uploads\/2023\/02\/Chore-TimeCMYKoutline.png","contentUrl":"https:\/\/www.choretime.com\/wp-content\/uploads\/2023\/02\/Chore-TimeCMYKoutline.png","width":1860,"height":703,"caption":"Chore-Time"},"image":{"@id":"https:\/\/www.choretime.com\/es\/#\/schema\/logo\/image\/"},"sameAs":["https:\/\/www.facebook.com\/choretime1952","https:\/\/x.com\/choretime","https:\/\/www.youtube.com\/choretime","https:\/\/www.instagram.com\/choretime1952\/","https:\/\/www.linkedin.com\/company\/choretime\/"]}]}},"_links":{"self":[{"href":"https:\/\/www.choretime.com\/es\/wp-json\/wp\/v2\/pages\/9521","targetHints":{"allow":["GET"]}}],"collection":[{"href":"https:\/\/www.choretime.com\/es\/wp-json\/wp\/v2\/pages"}],"about":[{"href":"https:\/\/www.choretime.com\/es\/wp-json\/wp\/v2\/types\/page"}],"author":[{"embeddable":true,"href":"https:\/\/www.choretime.com\/es\/wp-json\/wp\/v2\/users\/11"}],"replies":[{"embeddable":true,"href":"https:\/\/www.choretime.com\/es\/wp-json\/wp\/v2\/comments?post=9521"}],"version-history":[{"count":2,"href":"https:\/\/www.choretime.com\/es\/wp-json\/wp\/v2\/pages\/9521\/revisions"}],"predecessor-version":[{"id":10437,"href":"https:\/\/www.choretime.com\/es\/wp-json\/wp\/v2\/pages\/9521\/revisions\/10437"}],"wp:featuredmedia":[{"embeddable":true,"href":"https:\/\/www.choretime.com\/es\/wp-json\/wp\/v2\/media\/9297"}],"wp:attachment":[{"href":"https:\/\/www.choretime.com\/es\/wp-json\/wp\/v2\/media?parent=9521"}],"curies":[{"name":"wp","href":"https:\/\/api.w.org\/{rel}","templated":true}]}}