{"id":9524,"date":"2024-07-15T13:52:11","date_gmt":"2024-07-15T13:52:11","guid":{"rendered":"https:\/\/www.choretime.com\/control-de-catalizadores\/"},"modified":"2025-04-04T17:44:13","modified_gmt":"2025-04-04T17:44:13","slug":"control-de-catalizadores","status":"publish","type":"page","link":"https:\/\/www.choretime.com\/es\/control-de-catalizadores\/","title":{"rendered":"Control de catalizadores"},"content":{"rendered":"\n<div id=\"photoheader\">\n<div class=\"inner-col\">\n<div class=\"col-sm-6\">\n<h2>El potente rendimiento de las naves av\u00edcolas est\u00e1 al alcance de tu mano.<\/h2>\n<\/div><!-- END COL 6-->\n<div class=\"col-sm-6\"><\/div><!-- END COL 6-->\n<\/div><!-- END INNERCOL-->\n<\/div><!-- END PHOTOHEADER-->\n\n\n\n<div class=\"wp-block-columns is-layout-flex wp-container-core-columns-is-layout-9d6595d7 wp-block-columns-is-layout-flex\">\n<div class=\"wp-block-column is-layout-flow wp-block-column-is-layout-flow\" style=\"flex-basis:40%\">\n<div style=\"height:20px\" aria-hidden=\"true\" class=\"wp-block-spacer\"><\/div>\n\n\n\n<p><strong>Toma el control total de los sistemas de climatizaci\u00f3n, alimentaci\u00f3n y bebida de tu gallinero desde la comodidad de tu ordenador o dispositivo m\u00f3vil con el Control de del galp\u00f3n CATALYST\u00ae de Chore-Time combinado con la aplicaci\u00f3n m\u00f3vil CHORE-TRONICS\u00ae y el sistema de alerta BROADCASTER\u2122. CATALYST ofrece todas las funciones de control que ya conoces del Controlador CHORE-TRONICS\u00ae 3, junto con nuevas y potentes herramientas y un dise\u00f1o elegante. <\/strong><\/p>\n<\/div>\n\n\n\n<div class=\"wp-block-column is-layout-flow wp-block-column-is-layout-flow\" style=\"flex-basis:60%\">\n<figure class=\"wp-block-image size-full\"><img loading=\"lazy\" decoding=\"async\" width=\"1000\" height=\"528\" src=\"https:\/\/www.choretime.com\/wp-content\/uploads\/2024\/08\/choretronics-darkmode.jpg\" alt=\"\" class=\"wp-image-6707\" srcset=\"https:\/\/www.choretime.com\/wp-content\/uploads\/2024\/08\/choretronics-darkmode.jpg 1000w, https:\/\/www.choretime.com\/wp-content\/uploads\/2024\/08\/choretronics-darkmode-300x158.jpg 300w, https:\/\/www.choretime.com\/wp-content\/uploads\/2024\/08\/choretronics-darkmode-768x406.jpg 768w\" sizes=\"auto, (max-width: 1000px) 100vw, 1000px\" \/><\/figure>\n<\/div>\n<\/div>\n\n\n\n<h2 class=\"wp-block-heading\" id=\"h-nuevas-funciones-del-producto-e-interfaz-de-usuario-mejorada\"><strong>Nuevas funciones del producto e interfaz de usuario mejorada<\/strong><\/h2>\n\n\n\n<div class=\"wp-block-columns is-layout-flex wp-container-core-columns-is-layout-9d6595d7 wp-block-columns-is-layout-flex\">\n<div class=\"wp-block-column is-layout-flow wp-block-column-is-layout-flow\" style=\"flex-basis:40%\">\n<p>El Control CATALYST de Chore-Time incorpora una nueva pantalla t\u00e1ctil con mayor resoluci\u00f3n para una imagen n\u00edtida y clara. La pantalla de 10,1 pulgadas (257 mm) presenta una interfaz de usuario actualizada, gr\u00e1ficos animados, informes m\u00e1s claros y nuevos iconos de visualizaci\u00f3n. <\/p>\n\n\n\n<ul class=\"wp-block-list\">\n<li>Modo de pantalla oscura m\u00e1s f\u00e1cil de leer<\/li>\n\n\n\n<li>Dise\u00f1ado pensando en futuras actualizaciones de software, que aportar\u00e1n m\u00e1s funciones y ventajas<\/li>\n\n\n\n<li>M\u00faltiples opciones de idioma incorporadas<\/li>\n\n\n\n<li>Puerto USB para actualizaci\u00f3n y control del rat\u00f3n<\/li>\n\n\n\n<li>Puerto ethernet exterior<\/li>\n<\/ul>\n<\/div>\n\n\n\n<div class=\"wp-block-column is-layout-flow wp-block-column-is-layout-flow\" style=\"flex-basis:60%\">\n<!--BEGIN CAROUSEL-->\n          <!-- Slick Carousel HTML -->\n          <div class=\"carousel carousel-one\" style=\"margin-top: 20px;\">\n            <div>\n              <img decoding=\"async\" src=\"https:\/\/www.choretime.com\/wp-content\/uploads\/2024\/08\/ui-01.jpg\" alt=\"Imagen 1\"\/>\n              <p class=\"caption\">Interfaz actualizada para facilitar el uso y las opciones de visualizaci\u00f3n  <\/p>\n            <\/div>\n            <div>\n              <img decoding=\"async\" src=\"https:\/\/www.choretime.com\/wp-content\/uploads\/2024\/08\/ui-02.jpg\" alt=\"Imagen 2\"\/>\n              <p class=\"caption\">Modo oscuro opcional para aumentar la legibilidad<\/p>\n\n            <\/div>\n            <div>\n              <img decoding=\"async\" src=\"https:\/\/www.choretime.com\/wp-content\/uploads\/2024\/08\/ui-03.jpg\" alt=\"Imagen 3\"\/>\n              <p class=\"caption\">Control de acci\u00f3n multit\u00e1ctil preciso<\/p>\n\n            <\/div>\n            <div>\n              <img decoding=\"async\" src=\"https:\/\/www.choretime.com\/wp-content\/uploads\/2024\/08\/ui-04v2.jpg\" alt=\"Imagen 4\"\/>\n              <p class=\"caption\">Interfaz en espa\u00f1ol con opciones de idioma adicionales<\/p>\n\n            <\/div>\n            <!-- Add more images as needed -->\n          <\/div>\n\n          <!-- END CAROUSEL-->\n<\/div>\n<\/div>\n\n\n\n<h2 class=\"wp-block-heading\" id=\"h-aplicacion-movil-chore-tronics-y-conexion-al-servidor\"><strong>Aplicaci\u00f3n m\u00f3vil CHORE-TRONICS y conexi\u00f3n al servidor<\/strong><span style=\"font-size: medium; font-weight: 400; white-space-collapse: collapse;\"><\/span><\/h2>\n\n\n\n<div class=\"wp-block-columns is-layout-flex wp-container-core-columns-is-layout-9d6595d7 wp-block-columns-is-layout-flex\">\n<div class=\"wp-block-column is-layout-flow wp-block-column-is-layout-flow\" style=\"flex-basis:60%\">\n<!--BEGIN CAROUSEL-->\n          <!-- Slick Carousel HTML -->\n          <div class=\"carousel carousel-two\" style=\"margin-top: 20px;\">\n            <div>\n              <img decoding=\"async\" src=\"https:\/\/www.choretime.com\/wp-content\/uploads\/2024\/08\/mobile-01.jpg\" alt=\"Imagen 1\"\/>\n              <p class=\"caption\">Aplicaci\u00f3n m\u00f3vil CHORE-TRONICS  <\/p>\n            <\/div>\n            <div>\n              <img decoding=\"async\" src=\"https:\/\/www.choretime.com\/wp-content\/uploads\/2024\/08\/mobile-02.jpg\" alt=\"Imagen 2\"\/>\n              <p class=\"caption\">Ver las condiciones de la casa de un vistazo  <\/p>\n\n            <\/div>\n\n            <!-- Add more images as needed -->\n          <\/div>\n\n          <!-- END CAROUSEL-->\n<\/div>\n\n\n\n<div class=\"wp-block-column is-layout-flow wp-block-column-is-layout-flow\" style=\"flex-basis:40%\">\n<p>El Control CATALYST te permite controlar tu nave desde cualquier lugar con la aplicaci\u00f3n m\u00f3vil CHORE-TRONICS. Obt\u00e9n informaci\u00f3n actualizada en tiempo real sobre la temperatura, los niveles de alimento, los sistemas de bebederos y mucho m\u00e1s desde la comodidad de tu tel\u00e9fono u ordenador. Aprovecha las nuevas funciones del CATALYST como:  <\/p>\n\n\n\n<ul class=\"wp-block-list\">\n<li>Informes en tiempo real en la aplicaci\u00f3n m\u00f3vil y en l\u00ednea<\/li>\n\n\n\n<li>La actualizaci\u00f3n remota est\u00e1 disponible para el software y los servidores cuando est\u00e1n conectados a Internet<\/li>\n\n\n\n<li>Nuevos informes detallados con gr\u00e1ficos y gr\u00e1ficos actualizados<\/li>\n\n\n\n<li>Herramientas de apoyo al servidor para depurar, solucionar problemas y mucho m\u00e1s<\/li>\n<\/ul>\n<\/div>\n<\/div>\n\n\n\n<h2 class=\"wp-block-heading\" id=\"h-control-de-velocidad-variable-para-todo-el-galpon\"><strong>Control de velocidad variable para todo el galp\u00f3n<\/strong><\/h2>\n\n\n\n<div class=\"wp-block-columns is-layout-flex wp-container-core-columns-is-layout-9d6595d7 wp-block-columns-is-layout-flex\">\n<div class=\"wp-block-column is-layout-flow wp-block-column-is-layout-flow\" style=\"flex-basis:40%\">\n<p>Controla el sistema de ventilaci\u00f3n del galp\u00f3n desde un c\u00f3modo lugar. El Control CATALYST te proporciona un control preciso del sistema de ventilaci\u00f3n del galp\u00f3n, proporcionando un entorno estable y confortable para tu reba\u00f1o.<\/p>\n\n\n\n<ul class=\"wp-block-list\">\n<li>Selecciona los tipos y velocidades de los ventiladores dom\u00e9sticos<\/li>\n\n\n\n<li>Rastrea los ventiladores activos e inactivos de todo el galp\u00f3n<\/li>\n\n\n\n<li>Configura las temperaturas m\u00ednima y m\u00e1xima de el galp\u00f3n para activar los ventiladores autom\u00e1ticamente<\/li>\n\n\n\n<li>Asigna un porcentaje m\u00ednimo de caudal de aire para la ventilaci\u00f3n autom\u00e1tica de los ventiladores del t\u00fanel<\/li>\n<\/ul>\n<\/div>\n\n\n\n<div class=\"wp-block-column is-layout-flow wp-block-column-is-layout-flow\" style=\"flex-basis:60%\">\n<!--BEGIN CAROUSEL-->\n          <!-- Slick Carousel HTML -->\n          <div class=\"carousel carousel-three\" style=\"margin-top: 20px;\">\n            <div>\n              <img decoding=\"async\" src=\"https:\/\/www.choretime.com\/wp-content\/uploads\/2024\/10\/var-01v2.jpg\" alt=\"Imagen 1\"\/>\n              <p class=\"caption\">Condiciones actuales  <\/p>\n            <\/div>\n            <div>\n              <img decoding=\"async\" src=\"https:\/\/www.choretime.com\/wp-content\/uploads\/2024\/08\/var-02v2.jpg\" alt=\"Imagen 2\"\/>\n              <p class=\"caption\">Condiciones ambientales\/velocidad variable por ventilador  <\/p>\n\n            <\/div>\n            <div>\n              <img decoding=\"async\" src=\"https:\/\/www.choretime.com\/wp-content\/uploads\/2024\/10\/var-03v2.jpg\" alt=\"Imagen 3\"\/>\n              <p class=\"caption\">Ajustes del ventilador integrados para diferentes modelos<\/p>\n\n            <\/div>\n\n            <!-- Add more images as needed -->\n          <\/div>\n\n          <!-- END CAROUSEL-->\n<\/div>\n<\/div>\n\n\n\n<!-- Slick Carousel JavaScript and jQuery -->\n    <script src=\"https:\/\/code.jquery.com\/jquery-3.6.4.min.js\"><\/script>\n    <script src=\"https:\/\/cdn.jsdelivr.net\/npm\/slick-carousel@1.8.1\/slick\/slick.min.js\"><\/script>\n\n<script>\n        \/\/ Initialize Slick Carousel for the first carousel\n        $(document).ready(function(){\n            $('.carousel-one').slick({\n                dots: true,\n                infinite: true,\n                speed: 300,\n                slidesToShow: 1,\n                adaptiveHeight: true,\n                autoplay: true, \/\/ Enable autoplay\n                autoplaySpeed: 3000 \/\/ Set the autoplay speed in milliseconds\n            });\n\n            \/\/ Initialize Slick Carousel for the second carousel\n            $('.carousel-two').slick({\n                dots: true,\n                infinite: true,\n                speed: 300,\n                slidesToShow: 1,\n                adaptiveHeight: true,\n                autoplay: false, \/\/ Enable autoplay\n                autoplaySpeed: 2000 \/\/ Set the autoplay speed in milliseconds\n            });\n            \n             \/\/ Initialize Slick Carousel for the third carousel\n            $('.carousel-three').slick({\n                dots: true,\n                infinite: true,\n                speed: 300,\n                slidesToShow: 1,\n                adaptiveHeight: true,\n                autoplay: false, \/\/ Enable autoplay\n                autoplaySpeed: 2000 \/\/ Set the autoplay speed in milliseconds\n            });\n        });\n    <\/script>\n\n\n\n<div style=\"height:50px\" aria-hidden=\"true\" class=\"wp-block-spacer\"><\/div>\n\n\n\n<div style=\"background-color: rgb(246, 246, 246)\">\n<div class=\"inner-col\" id=\"cynergy-container\">\n  <div id=\"cynergy-left-column\">\n    <h2 id=\"cynergy-heading\">CYNERGY READY\u2122 para la recogida de datos de la granja a la mesa <br\/>mediante el Servicio de Inteligencia de Datos CYNERGY\u2122 de CTB.<\/h2>\n  <\/div>\n  <div id=\"cynergy-right-column\">\n    <img decoding=\"async\" id=\"cynergy-image\" src=\"https:\/\/www.choretime.com\/wp-content\/uploads\/2024\/09\/cynergy-ready-k.png\" alt=\"Cynergy Ready\" style=\"width: 160px; height: 160px; object-fit: cover;\"\/>\n\n  <\/div>\n<\/div>\n<\/div>\n\n\n\n<div>\n<div class=\"inner-col\" id=\"cogform\">\n<h2 style=\"text-align: center;\">Pon el control de tu casa al alcance de tu mano  <\/h2>\n<p style=\"text-align: center;\">Habla con un representante de ventas de Chore-Time sobre CATALYST\u00ae Control.<\/p>\n\n<script src=\"https:\/\/www.cognitoforms.com\/f\/seamless.js\" data-key=\"l-2UwNeJ806NshHzt9gimA\" data-form=\"3\"><\/script>\n\n\n<\/div><!-- END INNERCOL-->\n<\/div><!-- END PHOTOHEADER-->\n\n\n\n<div style=\"height:50px\" aria-hidden=\"true\" class=\"wp-block-spacer\"><\/div>\n\n\n\n<div class=\"wp-block-columns is-layout-flex wp-container-core-columns-is-layout-9d6595d7 wp-block-columns-is-layout-flex\">\n<div class=\"wp-block-column is-layout-flow wp-block-column-is-layout-flow\">\n<h2 class=\"wp-block-heading\" id=\"h-catalyst-control-de-toda-la-casa-anade-facilmente-funciones-futuras\"><strong>CATALYST\u00ae Control de toda la casa<\/strong><br><strong>A\u00f1ade f\u00e1cilmente funciones futuras<\/strong><\/h2>\n\n\n\n<p>El Control para Toda la Casa CATALYST\u00ae de Chore-Time incorpora una pantalla de 10,1 pulgadas (257 mm) de mayor resoluci\u00f3n, dise\u00f1ada para a\u00f1adir f\u00e1cilmente futuras funciones. El puerto USB permite la actualizaci\u00f3n y el control con rat\u00f3n. <\/p>\n<\/div>\n\n\n\n<div class=\"wp-block-column is-layout-flow wp-block-column-is-layout-flow\">\n<figure class=\"wp-block-embed is-type-video is-provider-youtube wp-block-embed-youtube wp-embed-aspect-16-9 wp-has-aspect-ratio\"><div class=\"wp-block-embed__wrapper\">\n<iframe loading=\"lazy\" title=\"Chore-Time&#039;s Chore-Tronics\u00ae CATALYST\u00ae Control\" width=\"500\" height=\"281\" src=\"https:\/\/www.youtube.com\/embed\/aPM2f1D9kYE?feature=oembed\" frameborder=\"0\" allow=\"accelerometer; autoplay; clipboard-write; encrypted-media; gyroscope; picture-in-picture; web-share\" referrerpolicy=\"strict-origin-when-cross-origin\" allowfullscreen><\/iframe>\n<\/div><\/figure>\n<\/div>\n<\/div>\n\n\n\n<div style=\"height:50px\" aria-hidden=\"true\" class=\"wp-block-spacer\"><\/div>\n","protected":false},"excerpt":{"rendered":"<p>El potente rendimiento de las naves av\u00edcolas est\u00e1 al alcance de tu mano. Toma el control total de los sistemas de climatizaci\u00f3n, alimentaci\u00f3n y bebida de tu gallinero desde la comodidad de tu ordenador o dispositivo m\u00f3vil con el Control de del galp\u00f3n CATALYST\u00ae de Chore-Time combinado con la aplicaci\u00f3n m\u00f3vil CHORE-TRONICS\u00ae y el sistema [&hellip;]<\/p>\n","protected":false},"author":11,"featured_media":0,"parent":0,"menu_order":0,"comment_status":"closed","ping_status":"closed","template":"no-intro.php","meta":{"_acf_changed":false,"_monsterinsights_skip_tracking":false,"_monsterinsights_sitenote_active":false,"_monsterinsights_sitenote_note":"","_monsterinsights_sitenote_category":0,"footnotes":""},"class_list":["post-9524","page","type-page","status-publish","hentry"],"acf":[],"yoast_head":"<!-- This site is optimized with the Yoast SEO Premium plugin v27.3 (Yoast SEO v27.3) - https:\/\/yoast.com\/product\/yoast-seo-premium-wordpress\/ -->\n<title>Control de catalizadores - Chore-Time<\/title>\n<meta name=\"robots\" content=\"index, follow, max-snippet:-1, max-image-preview:large, max-video-preview:-1\" \/>\n<link rel=\"canonical\" href=\"https:\/\/www.choretime.com\/es\/control-de-catalizadores\/\" \/>\n<meta property=\"og:locale\" content=\"es_ES\" \/>\n<meta property=\"og:type\" content=\"article\" \/>\n<meta property=\"og:title\" content=\"Control de catalizadores\" \/>\n<meta property=\"og:description\" content=\"El potente rendimiento de las naves av\u00edcolas est\u00e1 al alcance de tu mano. Toma el control total de los sistemas de climatizaci\u00f3n, alimentaci\u00f3n y bebida de tu gallinero desde la comodidad de tu ordenador o dispositivo m\u00f3vil con el Control de del galp\u00f3n CATALYST\u00ae de Chore-Time combinado con la aplicaci\u00f3n m\u00f3vil CHORE-TRONICS\u00ae y el sistema [&hellip;]\" \/>\n<meta property=\"og:url\" content=\"https:\/\/www.choretime.com\/es\/control-de-catalizadores\/\" \/>\n<meta property=\"og:site_name\" content=\"Chore-Time\" \/>\n<meta property=\"article:publisher\" content=\"https:\/\/www.facebook.com\/choretime1952\" \/>\n<meta property=\"article:modified_time\" content=\"2025-04-04T17:44:13+00:00\" \/>\n<meta property=\"og:image\" content=\"https:\/\/www.choretime.com\/wp-content\/uploads\/2024\/08\/choretronics-darkmode.jpg\" \/>\n\t<meta property=\"og:image:width\" content=\"1000\" \/>\n\t<meta property=\"og:image:height\" content=\"528\" \/>\n\t<meta property=\"og:image:type\" content=\"image\/jpeg\" \/>\n<meta name=\"twitter:card\" content=\"summary_large_image\" \/>\n<meta name=\"twitter:site\" content=\"@choretime\" \/>\n<meta name=\"twitter:label1\" content=\"Tiempo de lectura\" \/>\n\t<meta name=\"twitter:data1\" content=\"5 minutos\" \/>\n<script type=\"application\/ld+json\" class=\"yoast-schema-graph\">{\"@context\":\"https:\\\/\\\/schema.org\",\"@graph\":[{\"@type\":\"WebPage\",\"@id\":\"https:\\\/\\\/www.choretime.com\\\/es\\\/control-de-catalizadores\\\/\",\"url\":\"https:\\\/\\\/www.choretime.com\\\/es\\\/control-de-catalizadores\\\/\",\"name\":\"Control de catalizadores - Chore-Time\",\"isPartOf\":{\"@id\":\"https:\\\/\\\/www.choretime.com\\\/es\\\/#website\"},\"primaryImageOfPage\":{\"@id\":\"https:\\\/\\\/www.choretime.com\\\/es\\\/control-de-catalizadores\\\/#primaryimage\"},\"image\":{\"@id\":\"https:\\\/\\\/www.choretime.com\\\/es\\\/control-de-catalizadores\\\/#primaryimage\"},\"thumbnailUrl\":\"https:\\\/\\\/www.choretime.com\\\/wp-content\\\/uploads\\\/2024\\\/08\\\/choretronics-darkmode.jpg\",\"datePublished\":\"2024-07-15T13:52:11+00:00\",\"dateModified\":\"2025-04-04T17:44:13+00:00\",\"breadcrumb\":{\"@id\":\"https:\\\/\\\/www.choretime.com\\\/es\\\/control-de-catalizadores\\\/#breadcrumb\"},\"inLanguage\":\"es\",\"potentialAction\":[{\"@type\":\"ReadAction\",\"target\":[\"https:\\\/\\\/www.choretime.com\\\/es\\\/control-de-catalizadores\\\/\"]}]},{\"@type\":\"ImageObject\",\"inLanguage\":\"es\",\"@id\":\"https:\\\/\\\/www.choretime.com\\\/es\\\/control-de-catalizadores\\\/#primaryimage\",\"url\":\"https:\\\/\\\/www.choretime.com\\\/wp-content\\\/uploads\\\/2024\\\/08\\\/choretronics-darkmode.jpg\",\"contentUrl\":\"https:\\\/\\\/www.choretime.com\\\/wp-content\\\/uploads\\\/2024\\\/08\\\/choretronics-darkmode.jpg\"},{\"@type\":\"BreadcrumbList\",\"@id\":\"https:\\\/\\\/www.choretime.com\\\/es\\\/control-de-catalizadores\\\/#breadcrumb\",\"itemListElement\":[{\"@type\":\"ListItem\",\"position\":1,\"name\":\"Inicio\",\"item\":\"https:\\\/\\\/www.choretime.com\\\/es\\\/\"},{\"@type\":\"ListItem\",\"position\":2,\"name\":\"Control de catalizadores\"}]},{\"@type\":\"WebSite\",\"@id\":\"https:\\\/\\\/www.choretime.com\\\/es\\\/#website\",\"url\":\"https:\\\/\\\/www.choretime.com\\\/es\\\/\",\"name\":\"Chore-Time\",\"description\":\"Every. Day. PERFORMANCE.\u2122\",\"publisher\":{\"@id\":\"https:\\\/\\\/www.choretime.com\\\/es\\\/#organization\"},\"potentialAction\":[{\"@type\":\"SearchAction\",\"target\":{\"@type\":\"EntryPoint\",\"urlTemplate\":\"https:\\\/\\\/www.choretime.com\\\/es\\\/?s={search_term_string}\"},\"query-input\":{\"@type\":\"PropertyValueSpecification\",\"valueRequired\":true,\"valueName\":\"search_term_string\"}}],\"inLanguage\":\"es\"},{\"@type\":\"Organization\",\"@id\":\"https:\\\/\\\/www.choretime.com\\\/es\\\/#organization\",\"name\":\"Chore-Time\",\"url\":\"https:\\\/\\\/www.choretime.com\\\/es\\\/\",\"logo\":{\"@type\":\"ImageObject\",\"inLanguage\":\"es\",\"@id\":\"https:\\\/\\\/www.choretime.com\\\/es\\\/#\\\/schema\\\/logo\\\/image\\\/\",\"url\":\"https:\\\/\\\/www.choretime.com\\\/wp-content\\\/uploads\\\/2023\\\/02\\\/Chore-TimeCMYKoutline.png\",\"contentUrl\":\"https:\\\/\\\/www.choretime.com\\\/wp-content\\\/uploads\\\/2023\\\/02\\\/Chore-TimeCMYKoutline.png\",\"width\":1860,\"height\":703,\"caption\":\"Chore-Time\"},\"image\":{\"@id\":\"https:\\\/\\\/www.choretime.com\\\/es\\\/#\\\/schema\\\/logo\\\/image\\\/\"},\"sameAs\":[\"https:\\\/\\\/www.facebook.com\\\/choretime1952\",\"https:\\\/\\\/x.com\\\/choretime\",\"https:\\\/\\\/www.youtube.com\\\/choretime\",\"https:\\\/\\\/www.instagram.com\\\/choretime1952\\\/\",\"https:\\\/\\\/www.linkedin.com\\\/company\\\/choretime\\\/\"]}]}<\/script>\n<!-- \/ Yoast SEO Premium plugin. -->","yoast_head_json":{"title":"Control de catalizadores - Chore-Time","robots":{"index":"index","follow":"follow","max-snippet":"max-snippet:-1","max-image-preview":"max-image-preview:large","max-video-preview":"max-video-preview:-1"},"canonical":"https:\/\/www.choretime.com\/es\/control-de-catalizadores\/","og_locale":"es_ES","og_type":"article","og_title":"Control de catalizadores","og_description":"El potente rendimiento de las naves av\u00edcolas est\u00e1 al alcance de tu mano. Toma el control total de los sistemas de climatizaci\u00f3n, alimentaci\u00f3n y bebida de tu gallinero desde la comodidad de tu ordenador o dispositivo m\u00f3vil con el Control de del galp\u00f3n CATALYST\u00ae de Chore-Time combinado con la aplicaci\u00f3n m\u00f3vil CHORE-TRONICS\u00ae y el sistema [&hellip;]","og_url":"https:\/\/www.choretime.com\/es\/control-de-catalizadores\/","og_site_name":"Chore-Time","article_publisher":"https:\/\/www.facebook.com\/choretime1952","article_modified_time":"2025-04-04T17:44:13+00:00","og_image":[{"width":1000,"height":528,"url":"https:\/\/www.choretime.com\/wp-content\/uploads\/2024\/08\/choretronics-darkmode.jpg","type":"image\/jpeg"}],"twitter_card":"summary_large_image","twitter_site":"@choretime","twitter_misc":{"Tiempo de lectura":"5 minutos"},"schema":{"@context":"https:\/\/schema.org","@graph":[{"@type":"WebPage","@id":"https:\/\/www.choretime.com\/es\/control-de-catalizadores\/","url":"https:\/\/www.choretime.com\/es\/control-de-catalizadores\/","name":"Control de catalizadores - Chore-Time","isPartOf":{"@id":"https:\/\/www.choretime.com\/es\/#website"},"primaryImageOfPage":{"@id":"https:\/\/www.choretime.com\/es\/control-de-catalizadores\/#primaryimage"},"image":{"@id":"https:\/\/www.choretime.com\/es\/control-de-catalizadores\/#primaryimage"},"thumbnailUrl":"https:\/\/www.choretime.com\/wp-content\/uploads\/2024\/08\/choretronics-darkmode.jpg","datePublished":"2024-07-15T13:52:11+00:00","dateModified":"2025-04-04T17:44:13+00:00","breadcrumb":{"@id":"https:\/\/www.choretime.com\/es\/control-de-catalizadores\/#breadcrumb"},"inLanguage":"es","potentialAction":[{"@type":"ReadAction","target":["https:\/\/www.choretime.com\/es\/control-de-catalizadores\/"]}]},{"@type":"ImageObject","inLanguage":"es","@id":"https:\/\/www.choretime.com\/es\/control-de-catalizadores\/#primaryimage","url":"https:\/\/www.choretime.com\/wp-content\/uploads\/2024\/08\/choretronics-darkmode.jpg","contentUrl":"https:\/\/www.choretime.com\/wp-content\/uploads\/2024\/08\/choretronics-darkmode.jpg"},{"@type":"BreadcrumbList","@id":"https:\/\/www.choretime.com\/es\/control-de-catalizadores\/#breadcrumb","itemListElement":[{"@type":"ListItem","position":1,"name":"Inicio","item":"https:\/\/www.choretime.com\/es\/"},{"@type":"ListItem","position":2,"name":"Control de catalizadores"}]},{"@type":"WebSite","@id":"https:\/\/www.choretime.com\/es\/#website","url":"https:\/\/www.choretime.com\/es\/","name":"Chore-Time","description":"Every. Day. PERFORMANCE.\u2122","publisher":{"@id":"https:\/\/www.choretime.com\/es\/#organization"},"potentialAction":[{"@type":"SearchAction","target":{"@type":"EntryPoint","urlTemplate":"https:\/\/www.choretime.com\/es\/?s={search_term_string}"},"query-input":{"@type":"PropertyValueSpecification","valueRequired":true,"valueName":"search_term_string"}}],"inLanguage":"es"},{"@type":"Organization","@id":"https:\/\/www.choretime.com\/es\/#organization","name":"Chore-Time","url":"https:\/\/www.choretime.com\/es\/","logo":{"@type":"ImageObject","inLanguage":"es","@id":"https:\/\/www.choretime.com\/es\/#\/schema\/logo\/image\/","url":"https:\/\/www.choretime.com\/wp-content\/uploads\/2023\/02\/Chore-TimeCMYKoutline.png","contentUrl":"https:\/\/www.choretime.com\/wp-content\/uploads\/2023\/02\/Chore-TimeCMYKoutline.png","width":1860,"height":703,"caption":"Chore-Time"},"image":{"@id":"https:\/\/www.choretime.com\/es\/#\/schema\/logo\/image\/"},"sameAs":["https:\/\/www.facebook.com\/choretime1952","https:\/\/x.com\/choretime","https:\/\/www.youtube.com\/choretime","https:\/\/www.instagram.com\/choretime1952\/","https:\/\/www.linkedin.com\/company\/choretime\/"]}]}},"_links":{"self":[{"href":"https:\/\/www.choretime.com\/es\/wp-json\/wp\/v2\/pages\/9524","targetHints":{"allow":["GET"]}}],"collection":[{"href":"https:\/\/www.choretime.com\/es\/wp-json\/wp\/v2\/pages"}],"about":[{"href":"https:\/\/www.choretime.com\/es\/wp-json\/wp\/v2\/types\/page"}],"author":[{"embeddable":true,"href":"https:\/\/www.choretime.com\/es\/wp-json\/wp\/v2\/users\/11"}],"replies":[{"embeddable":true,"href":"https:\/\/www.choretime.com\/es\/wp-json\/wp\/v2\/comments?post=9524"}],"version-history":[{"count":4,"href":"https:\/\/www.choretime.com\/es\/wp-json\/wp\/v2\/pages\/9524\/revisions"}],"predecessor-version":[{"id":11275,"href":"https:\/\/www.choretime.com\/es\/wp-json\/wp\/v2\/pages\/9524\/revisions\/11275"}],"wp:attachment":[{"href":"https:\/\/www.choretime.com\/es\/wp-json\/wp\/v2\/media?parent=9524"}],"curies":[{"name":"wp","href":"https:\/\/api.w.org\/{rel}","templated":true}]}}