{"id":9531,"date":"2023-08-12T13:26:00","date_gmt":"2023-08-12T13:26:00","guid":{"rendered":"https:\/\/www.choretime.com\/pierde-el-cinturon\/"},"modified":"2024-10-27T14:53:57","modified_gmt":"2024-10-27T14:53:57","slug":"pierde-el-cinturon","status":"publish","type":"page","link":"https:\/\/www.choretime.com\/es\/pierde-el-cinturon\/","title":{"rendered":"Pierde el cintur\u00f3n"},"content":{"rendered":"\n<div class=\"wp-block-columns is-layout-flex wp-container-core-columns-is-layout-9d6595d7 wp-block-columns-is-layout-flex\">\n<div class=\"wp-block-column is-layout-flow wp-block-column-is-layout-flow\" style=\"flex-basis:40%\"><\/div>\n\n\n\n<div class=\"wp-block-column is-vertically-aligned-bottom is-layout-flow wp-block-column-is-layout-flow\" style=\"flex-basis:20%\">\n<figure class=\"wp-block-image size-full\"><img loading=\"lazy\" decoding=\"async\" width=\"585\" height=\"1000\" src=\"https:\/\/www.choretime.com\/wp-content\/uploads\/2023\/08\/Chicken-belt-headline-1000x585-1.png\" alt=\"Pierde el Cintur&#xF3;n.\" class=\"wp-image-5511\" srcset=\"https:\/\/www.choretime.com\/wp-content\/uploads\/2023\/08\/Chicken-belt-headline-1000x585-1.png 585w, https:\/\/www.choretime.com\/wp-content\/uploads\/2023\/08\/Chicken-belt-headline-1000x585-1-176x300.png 176w\" sizes=\"auto, (max-width: 585px) 100vw, 585px\" \/><\/figure>\n<\/div>\n\n\n\n<div class=\"wp-block-column is-layout-flow wp-block-column-is-layout-flow\" style=\"flex-basis:40%\"><\/div>\n<\/div>\n\n<div class=\"wp-block-columns is-layout-flex wp-container-core-columns-is-layout-9d6595d7 wp-block-columns-is-layout-flex\">\n<div class=\"wp-block-column is-layout-flow wp-block-column-is-layout-flow\" style=\"flex-basis:25%\"><\/div>\n\n\n\n<div class=\"wp-block-column is-layout-flow wp-block-column-is-layout-flow\" style=\"flex-basis:50%\">\n<h2 class=\"wp-block-heading\" id=\"h-switch-to-the-enduramax-direct-drive-fan-to-save-up-to-40-on-energy-costs\">Cambia al ventilador de accionamiento directo EnduraMax\u2122 para ahorrar hasta un 40%* de energ\u00eda<\/h2>\n<\/div>\n\n\n\n<div class=\"wp-block-column is-layout-flow wp-block-column-is-layout-flow\" style=\"flex-basis:25%\"><\/div>\n<\/div>\n\n<div class=\"wp-block-columns is-layout-flex wp-container-core-columns-is-layout-9d6595d7 wp-block-columns-is-layout-flex\">\n<div class=\"wp-block-column is-vertically-aligned-top is-layout-flow wp-block-column-is-layout-flow\" style=\"flex-basis:25%\">\n<h2 class=\"wp-block-heading\"><br\/><\/h2>\n<\/div>\n\n\n\n<div class=\"wp-block-column is-layout-flow wp-block-column-is-layout-flow\" style=\"flex-basis:25%\">\n<p>El Ventilador de Accionamiento Directo EnduraMax\u2122 de Chore-Time proporciona un ahorro energ\u00e9tico del 30-40% respecto a los ventiladores tradicionales accionados por correa, lo que se traduce en un importante ahorro de costes y una mayor rentabilidad. Totalmente compatibles con el controlador CHORE-TRONICS\u00ae 3, los ventiladores EnduraMax\u2122 permiten controlar al m\u00e1ximo el sistema de ventilaci\u00f3n automatizada de tu casa. El ventilador utiliza tus sensores existentes con su motor de velocidad variable para garantizar temperaturas estables y mejorar las condiciones ambientales de cultivo. Su di\u00e1metro de 145 cm (57 pulgadas) facilita la sustituci\u00f3n de los ventiladores accionados por correa en las remodelaciones de naves av\u00edcolas o su integraci\u00f3n en los planes de construcci\u00f3n de naves nuevas.   <\/p>\n\n\n\n<figure class=\"wp-block-image size-full\"><img loading=\"lazy\" decoding=\"async\" width=\"800\" height=\"640\" src=\"https:\/\/www.choretime.com\/wp-content\/uploads\/2022\/12\/Chore_Time_57_Inch_Direct_Drive_Fan_DSC3766_R1.jpg\" alt=\"Sin correas, poleas ni cojinetes, el motor de transmisi&#xF3;n directa elimina muchas necesidades de mantenimiento habituales.\" class=\"wp-image-573\" srcset=\"https:\/\/www.choretime.com\/wp-content\/uploads\/2022\/12\/Chore_Time_57_Inch_Direct_Drive_Fan_DSC3766_R1.jpg 800w, https:\/\/www.choretime.com\/wp-content\/uploads\/2022\/12\/Chore_Time_57_Inch_Direct_Drive_Fan_DSC3766_R1-300x240.jpg 300w, https:\/\/www.choretime.com\/wp-content\/uploads\/2022\/12\/Chore_Time_57_Inch_Direct_Drive_Fan_DSC3766_R1-768x614.jpg 768w\" sizes=\"auto, (max-width: 800px) 100vw, 800px\" \/><figcaption class=\"wp-element-caption\">Sin correas, poleas ni cojinetes, el motor de transmisi\u00f3n directa elimina muchas necesidades de mantenimiento habituales.<\/figcaption><\/figure>\n<\/div>\n\n\n\n<div class=\"wp-block-column is-layout-flow wp-block-column-is-layout-flow\" style=\"flex-basis:25%\">\n<figure class=\"wp-block-image size-full\"><img loading=\"lazy\" decoding=\"async\" width=\"1000\" height=\"668\" src=\"https:\/\/www.choretime.com\/wp-content\/uploads\/2022\/12\/chore-time-direct-drive-endura-fans_142253-A2.jpg\" alt=\"El ventilador de accionamiento directo EnduraMax&#x2122; de 57 pulgadas con persianas HYFLO&#xAE; de Chore-Time incorpora un motor de velocidad variable para ayudar a maximizar la eficiencia energ&#xE9;tica.\" class=\"wp-image-5324\" srcset=\"https:\/\/www.choretime.com\/wp-content\/uploads\/2022\/12\/chore-time-direct-drive-endura-fans_142253-A2.jpg 1000w, https:\/\/www.choretime.com\/wp-content\/uploads\/2022\/12\/chore-time-direct-drive-endura-fans_142253-A2-300x200.jpg 300w, https:\/\/www.choretime.com\/wp-content\/uploads\/2022\/12\/chore-time-direct-drive-endura-fans_142253-A2-768x513.jpg 768w\" sizes=\"auto, (max-width: 1000px) 100vw, 1000px\" \/><figcaption class=\"wp-element-caption\">El ventilador de accionamiento directo EnduraMax\u2122 de 57 pulgadas con persianas HYFLO\u00ae de Chore-Time incorpora un motor de velocidad variable para ayudar a maximizar la eficiencia energ\u00e9tica.<\/figcaption><\/figure>\n\n\n\n<figure class=\"wp-block-image size-full\"><img loading=\"lazy\" decoding=\"async\" width=\"800\" height=\"640\" src=\"https:\/\/www.choretime.com\/wp-content\/uploads\/2022\/12\/Chore_Time_Variable_Frequency_Drive_DSC3705_R.jpg\" alt=\"Variador de frecuencia\" class=\"wp-image-575\" srcset=\"https:\/\/www.choretime.com\/wp-content\/uploads\/2022\/12\/Chore_Time_Variable_Frequency_Drive_DSC3705_R.jpg 800w, https:\/\/www.choretime.com\/wp-content\/uploads\/2022\/12\/Chore_Time_Variable_Frequency_Drive_DSC3705_R-300x240.jpg 300w, https:\/\/www.choretime.com\/wp-content\/uploads\/2022\/12\/Chore_Time_Variable_Frequency_Drive_DSC3705_R-768x614.jpg 768w\" sizes=\"auto, (max-width: 800px) 100vw, 800px\" \/><figcaption class=\"wp-element-caption\">Variador de frecuencia<\/figcaption><\/figure>\n\n\n\n<p><\/p>\n<\/div>\n\n\n\n<div class=\"wp-block-column is-layout-flow wp-block-column-is-layout-flow\" style=\"flex-basis:25%\"><\/div>\n<\/div>\n\n<div class=\"wp-block-columns is-layout-flex wp-container-core-columns-is-layout-9d6595d7 wp-block-columns-is-layout-flex\">\n<div class=\"wp-block-column is-layout-flow wp-block-column-is-layout-flow\" style=\"flex-basis:25%\"><\/div>\n\n\n\n<div class=\"wp-block-column is-layout-flow wp-block-column-is-layout-flow\" style=\"flex-basis:50%\">\n<p>*<small>El ahorro de energ\u00eda se basa en una prueba comparativa de 14 d\u00edas (enero de 2023), en la que se control\u00f3 la potencia utilizada por los ventiladores de las naves de prueba con ventiladores de transmisi\u00f3n directa EnduraMax\u2122 frente a los ventiladores de transmisi\u00f3n por correa l\u00edderes del sector<\/small>.<\/p>\n<\/div>\n\n\n\n<div class=\"wp-block-column is-layout-flow wp-block-column-is-layout-flow\" style=\"flex-basis:25%\"><\/div>\n<\/div>\n\n<h2 class=\"wp-block-heading has-text-align-center\" id=\"h-\"><\/h2>\n\n<div class=\"wp-block-columns is-layout-flex wp-container-core-columns-is-layout-9d6595d7 wp-block-columns-is-layout-flex\">\n<div class=\"wp-block-column is-layout-flow wp-block-column-is-layout-flow\" style=\"flex-basis:25%\"><\/div>\n\n\n\n<div class=\"wp-block-column is-layout-flow wp-block-column-is-layout-flow\" style=\"flex-basis:50%\">\n<h2 class=\"wp-block-heading\" id=\"h-gain-control-switch-to-enduramax-direct-drive-fan-to-improve-the-performance-of-your-poultry-house\">Control de ganancia. Cambia al Ventilador de Accionamiento Directo EnduraMax\u2122 para mejorar el rendimiento de tu gallinero. <\/h2>\n<\/div>\n\n\n\n<div class=\"wp-block-column is-layout-flow wp-block-column-is-layout-flow\" style=\"flex-basis:25%\"><\/div>\n<\/div>\n\n<div class=\"wp-block-columns is-layout-flex wp-container-core-columns-is-layout-9d6595d7 wp-block-columns-is-layout-flex\">\n<div class=\"wp-block-column is-layout-flow wp-block-column-is-layout-flow\" style=\"flex-basis:25%\"><\/div>\n\n\n\n<div class=\"wp-block-column is-layout-flow wp-block-column-is-layout-flow\" style=\"flex-basis:50%\">\n<p><strong>Eficiencia energ\u00e9tica<\/strong><br\/>&#8211; El dise\u00f1o de transmisi\u00f3n directa ofrece un nivel superior de eficiencia para los cultivadores preocupados por la energ\u00eda.<br\/>&#8211; Se puede conseguir un ahorro a\u00fan mayor gracias a la funcionalidad de velocidad variable.<\/p>\n\n\n\n<p><strong>Velocidad variable<\/strong><br\/>&#8211; El accionamiento de frecuencia variable permite que el ventilador funcione a velocidades precisas para conseguir temperaturas estables en la casa.<br\/>&#8211; La velocidad del ventilador se controla autom\u00e1ticamente mediante el controlador CHORE-TRONICS\u00ae 3 en combinaci\u00f3n con un accionamiento de frecuencia variable.<br\/>&#8211; Se puede conseguir un ahorro exponencial de energ\u00eda reduciendo la velocidad del ventilador siempre que lo permitan las necesidades de caudal de aire.<\/p>\n\n\n\n<p><strong>Rendimiento del ventilador<\/strong><br\/>&#8211; Produce eficazmente uno de los caudales de aire m\u00e1s altos del sector.<br\/>&#8211; Proporciona un caudal de aire constante aunque var\u00ede la velocidad del viento.<br\/>&#8211; Todos los componentes del ventilador ENDURA\u00ae han sido dise\u00f1ados por Chore-Time para maximizar la eficiencia general del ventilador.<\/p>\n\n\n\n<p><strong>Bajo mantenimiento<\/strong><br\/>&#8211; Los ventiladores EnduraMax\u2122 con el nuevo motor de transmisi\u00f3n directa eliminan muchas necesidades habituales de mantenimiento.<br\/> o No hay correas ni poleas que sustituir.<br\/> o No hay cojinetes que engrasar.<br\/>&#8211; El dise\u00f1o duradero del propio ventilador EnduraMax\u2122 ofrece un bajo mantenimiento y un rendimiento duradero.<\/p>\n<\/div>\n\n\n\n<div class=\"wp-block-column is-layout-flow wp-block-column-is-layout-flow\" style=\"flex-basis:25%\"><\/div>\n<\/div>\n\n<div class=\"wp-block-columns is-layout-flex wp-container-core-columns-is-layout-9d6595d7 wp-block-columns-is-layout-flex\">\n<div class=\"wp-block-column has-background is-layout-flow wp-block-column-is-layout-flow\" style=\"background-color:#eee\">\n<h2 class=\"wp-block-heading has-text-align-center\"><br\/>SABER M\u00c1S<\/h2>\n\n\n\n<div class=\"wp-block-buttons is-content-justification-center is-layout-flex wp-container-core-buttons-is-layout-16018d1d wp-block-buttons-is-layout-flex\">\n<div class=\"wp-block-button has-custom-width wp-block-button__width-25 wp-block-button__width-50\"><a class=\"wp-block-button__link has-background wp-element-button\" href=\"https:\/\/www.choretime.com\/product\/broilers\/climate-control-for-broilers\/fans-shutters-for-broilers\/enduramax-direct-drive-fan-for-broilers\/\" style=\"background-color:#db293a\" target=\"_blank\" rel=\"noreferrer noopener\"><strong>ASADORES  <\/strong><\/a><\/div>\n<\/div>\n\n\n\n<div style=\"height:20px\" aria-hidden=\"true\" class=\"wp-block-spacer\"><\/div>\n\n\n\n<div class=\"wp-block-buttons is-content-justification-center is-layout-flex wp-container-core-buttons-is-layout-16018d1d wp-block-buttons-is-layout-flex\">\n<div class=\"wp-block-button has-custom-width wp-block-button__width-25 wp-block-button__width-50\"><a class=\"wp-block-button__link has-background wp-element-button\" href=\"https:\/\/www.choretime.com\/product\/breeders\/climate-control-for-breeders\/fans-shutters-for-breeders\/enduramax-direct-drive-fan-for-breeders\/\" style=\"background-color:#db293a\" target=\"_blank\" rel=\"noreferrer noopener\"><strong>CRIADORES<\/strong><\/a><\/div>\n<\/div>\n\n\n\n<div style=\"height:20px\" aria-hidden=\"true\" class=\"wp-block-spacer\"><\/div>\n\n\n\n<div class=\"wp-block-buttons is-content-justification-center is-layout-flex wp-container-core-buttons-is-layout-16018d1d wp-block-buttons-is-layout-flex\">\n<div class=\"wp-block-button has-custom-width wp-block-button__width-25 wp-block-button__width-50\"><a class=\"wp-block-button__link has-background wp-element-button\" href=\"https:\/\/www.choretime.com\/product\/turkeys\/climate-control-for-turkeys\/fans-shutters-for-turkeys\/enduramax-direct-drive-fan-for-turkeys\/\" style=\"background-color:#db293a\" target=\"_blank\" rel=\"noreferrer noopener\"><strong>TURQU\u00cdAS<\/strong><\/a><\/div>\n<\/div>\n\n\n\n<div style=\"height:20px\" aria-hidden=\"true\" class=\"wp-block-spacer\"><\/div>\n\n\n\n<div class=\"wp-block-buttons is-content-justification-center is-layout-flex wp-container-core-buttons-is-layout-16018d1d wp-block-buttons-is-layout-flex\">\n<div class=\"wp-block-button has-custom-width wp-block-button__width-50\"><a class=\"wp-block-button__link has-background wp-element-button\" href=\"https:\/\/www.choretime.com\/product\/eggs\/climate-control-for-eggs\/fans-shutters-for-eggs\/enduramax-direct-drive-fan-for-eggs\/\" style=\"background-color:#db293a\" target=\"_blank\" rel=\"noreferrer noopener\"><strong>HUEVOS<\/strong><\/a><\/div>\n<\/div>\n\n\n\n<div style=\"height:40px\" aria-hidden=\"true\" class=\"wp-block-spacer\"><\/div>\n<\/div>\n<\/div>\n\n<h1 class=\"wp-block-heading has-text-align-center\" id=\"h-contact-chore-time\">Contactar con Chore-Time<\/h1>\n\n<div class=\"wp-block-columns is-layout-flex wp-container-core-columns-is-layout-9d6595d7 wp-block-columns-is-layout-flex\">\n<div class=\"wp-block-column is-layout-flow wp-block-column-is-layout-flow\" style=\"flex-basis:20%\"><\/div>\n\n\n\n<div class=\"wp-block-column is-layout-flow wp-block-column-is-layout-flow\" style=\"flex-basis:60%\"><script src=\"https:\/\/www.cognitoforms.com\/f\/seamless.js\" data-key=\"AJ1bZ49XFkSFlCecZr1pRw\" data-form=\"47\"><\/script><\/div>\n\n\n\n<div class=\"wp-block-column is-layout-flow wp-block-column-is-layout-flow\" style=\"flex-basis:20%\"><\/div>\n<\/div>\n\n<div class=\"wp-block-buttons is-content-justification-center is-layout-flex wp-container-core-buttons-is-layout-16018d1d wp-block-buttons-is-layout-flex\">\n<div class=\"wp-block-button has-custom-width wp-block-button__width-75\"><a class=\"wp-block-button__link has-background wp-element-button\" href=\"https:\/\/www.choretime.com\/es\/localizador-de-distribuidores\/\" style=\"background-color:#db293a\" target=\"_blank\" rel=\"noreferrer noopener\">Encuentra tu distribuidor<\/a><\/div>\n<\/div>\n\n<div style=\"height:40px\" aria-hidden=\"true\" class=\"wp-block-spacer\"><\/div>\n","protected":false},"excerpt":{"rendered":"<p>Cambia al ventilador de accionamiento directo EnduraMax\u2122 para ahorrar hasta un 40%* de energ\u00eda El Ventilador de Accionamiento Directo EnduraMax\u2122 de Chore-Time proporciona un ahorro energ\u00e9tico del 30-40% respecto a los ventiladores tradicionales accionados por correa, lo que se traduce en un importante ahorro de costes y una mayor rentabilidad. Totalmente compatibles con el controlador [&hellip;]<\/p>\n","protected":false},"author":6,"featured_media":8893,"parent":0,"menu_order":0,"comment_status":"closed","ping_status":"closed","template":"","meta":{"_acf_changed":false,"_monsterinsights_skip_tracking":false,"_monsterinsights_sitenote_active":false,"_monsterinsights_sitenote_note":"","_monsterinsights_sitenote_category":0,"footnotes":""},"class_list":["post-9531","page","type-page","status-publish","has-post-thumbnail","hentry"],"acf":[],"yoast_head":"<!-- This site is optimized with the Yoast SEO Premium plugin v27.3 (Yoast SEO v27.3) - https:\/\/yoast.com\/product\/yoast-seo-premium-wordpress\/ -->\n<title>Pierde el cintur\u00f3n - Chore-Time<\/title>\n<meta name=\"description\" content=\"Vea los aspectos m\u00e1s destacados de Chore-Time en IPPE 2023.\" \/>\n<meta name=\"robots\" content=\"index, follow, max-snippet:-1, max-image-preview:large, max-video-preview:-1\" \/>\n<link rel=\"canonical\" href=\"https:\/\/www.choretime.com\/es\/pierde-el-cinturon\/\" \/>\n<meta property=\"og:locale\" content=\"es_ES\" \/>\n<meta property=\"og:type\" content=\"article\" \/>\n<meta property=\"og:title\" content=\"Pierde el cintur\u00f3n - Chore-Time\" \/>\n<meta property=\"og:description\" content=\"Vea los aspectos m\u00e1s destacados de Chore-Time en IPPE 2023.\" \/>\n<meta property=\"og:url\" content=\"https:\/\/www.choretime.com\/es\/pierde-el-cinturon\/\" \/>\n<meta property=\"og:site_name\" content=\"Chore-Time\" \/>\n<meta property=\"article:publisher\" content=\"https:\/\/www.facebook.com\/choretime1952\" \/>\n<meta property=\"article:modified_time\" content=\"2024-10-27T14:53:57+00:00\" \/>\n<meta property=\"og:image\" content=\"https:\/\/www.choretime.com\/wp-content\/uploads\/2023\/04\/CT-IPPE-Winner-M.-Alzaben-1024x656.png\" \/>\n<meta name=\"twitter:card\" content=\"summary_large_image\" \/>\n<meta name=\"twitter:title\" content=\"Pierde el cintur\u00f3n - Chore-Time\" \/>\n<meta name=\"twitter:image\" content=\"https:\/\/www.choretime.com\/wp-content\/uploads\/2023\/04\/CT-IPPE-Winner-M.-Alzaben-1024x656.png\" \/>\n<meta name=\"twitter:site\" content=\"@choretime\" \/>\n<meta name=\"twitter:label1\" content=\"Tiempo de lectura\" \/>\n\t<meta name=\"twitter:data1\" content=\"2 minutos\" \/>\n<script type=\"application\/ld+json\" class=\"yoast-schema-graph\">{\"@context\":\"https:\\\/\\\/schema.org\",\"@graph\":[{\"@type\":\"WebPage\",\"@id\":\"https:\\\/\\\/www.choretime.com\\\/es\\\/pierde-el-cinturon\\\/\",\"url\":\"https:\\\/\\\/www.choretime.com\\\/es\\\/pierde-el-cinturon\\\/\",\"name\":\"Pierde el cintur\u00f3n - Chore-Time\",\"isPartOf\":{\"@id\":\"https:\\\/\\\/www.choretime.com\\\/es\\\/#website\"},\"primaryImageOfPage\":{\"@id\":\"https:\\\/\\\/www.choretime.com\\\/es\\\/pierde-el-cinturon\\\/#primaryimage\"},\"image\":{\"@id\":\"https:\\\/\\\/www.choretime.com\\\/es\\\/pierde-el-cinturon\\\/#primaryimage\"},\"thumbnailUrl\":\"https:\\\/\\\/www.choretime.com\\\/wp-content\\\/uploads\\\/2023\\\/04\\\/CT-IPPE-Winner-M.-Alzaben.png\",\"datePublished\":\"2023-08-12T13:26:00+00:00\",\"dateModified\":\"2024-10-27T14:53:57+00:00\",\"description\":\"Vea los aspectos m\u00e1s destacados de Chore-Time en IPPE 2023.\",\"breadcrumb\":{\"@id\":\"https:\\\/\\\/www.choretime.com\\\/es\\\/pierde-el-cinturon\\\/#breadcrumb\"},\"inLanguage\":\"es\",\"potentialAction\":[{\"@type\":\"ReadAction\",\"target\":[\"https:\\\/\\\/www.choretime.com\\\/es\\\/pierde-el-cinturon\\\/\"]}]},{\"@type\":\"ImageObject\",\"inLanguage\":\"es\",\"@id\":\"https:\\\/\\\/www.choretime.com\\\/es\\\/pierde-el-cinturon\\\/#primaryimage\",\"url\":\"https:\\\/\\\/www.choretime.com\\\/wp-content\\\/uploads\\\/2023\\\/04\\\/CT-IPPE-Winner-M.-Alzaben.png\",\"contentUrl\":\"https:\\\/\\\/www.choretime.com\\\/wp-content\\\/uploads\\\/2023\\\/04\\\/CT-IPPE-Winner-M.-Alzaben.png\",\"width\":1964,\"height\":1259,\"caption\":\"Mohammad Alzaben Alqabas Agriculture Amman, Jordan\"},{\"@type\":\"BreadcrumbList\",\"@id\":\"https:\\\/\\\/www.choretime.com\\\/es\\\/pierde-el-cinturon\\\/#breadcrumb\",\"itemListElement\":[{\"@type\":\"ListItem\",\"position\":1,\"name\":\"Inicio\",\"item\":\"https:\\\/\\\/www.choretime.com\\\/es\\\/\"},{\"@type\":\"ListItem\",\"position\":2,\"name\":\"Pierde el cintur\u00f3n\"}]},{\"@type\":\"WebSite\",\"@id\":\"https:\\\/\\\/www.choretime.com\\\/es\\\/#website\",\"url\":\"https:\\\/\\\/www.choretime.com\\\/es\\\/\",\"name\":\"Chore-Time\",\"description\":\"Every. Day. PERFORMANCE.\u2122\",\"publisher\":{\"@id\":\"https:\\\/\\\/www.choretime.com\\\/es\\\/#organization\"},\"potentialAction\":[{\"@type\":\"SearchAction\",\"target\":{\"@type\":\"EntryPoint\",\"urlTemplate\":\"https:\\\/\\\/www.choretime.com\\\/es\\\/?s={search_term_string}\"},\"query-input\":{\"@type\":\"PropertyValueSpecification\",\"valueRequired\":true,\"valueName\":\"search_term_string\"}}],\"inLanguage\":\"es\"},{\"@type\":\"Organization\",\"@id\":\"https:\\\/\\\/www.choretime.com\\\/es\\\/#organization\",\"name\":\"Chore-Time\",\"url\":\"https:\\\/\\\/www.choretime.com\\\/es\\\/\",\"logo\":{\"@type\":\"ImageObject\",\"inLanguage\":\"es\",\"@id\":\"https:\\\/\\\/www.choretime.com\\\/es\\\/#\\\/schema\\\/logo\\\/image\\\/\",\"url\":\"https:\\\/\\\/www.choretime.com\\\/wp-content\\\/uploads\\\/2023\\\/02\\\/Chore-TimeCMYKoutline.png\",\"contentUrl\":\"https:\\\/\\\/www.choretime.com\\\/wp-content\\\/uploads\\\/2023\\\/02\\\/Chore-TimeCMYKoutline.png\",\"width\":1860,\"height\":703,\"caption\":\"Chore-Time\"},\"image\":{\"@id\":\"https:\\\/\\\/www.choretime.com\\\/es\\\/#\\\/schema\\\/logo\\\/image\\\/\"},\"sameAs\":[\"https:\\\/\\\/www.facebook.com\\\/choretime1952\",\"https:\\\/\\\/x.com\\\/choretime\",\"https:\\\/\\\/www.youtube.com\\\/choretime\",\"https:\\\/\\\/www.instagram.com\\\/choretime1952\\\/\",\"https:\\\/\\\/www.linkedin.com\\\/company\\\/choretime\\\/\"]}]}<\/script>\n<!-- \/ Yoast SEO Premium plugin. -->","yoast_head_json":{"title":"Pierde el cintur\u00f3n - Chore-Time","description":"Vea los aspectos m\u00e1s destacados de Chore-Time en IPPE 2023.","robots":{"index":"index","follow":"follow","max-snippet":"max-snippet:-1","max-image-preview":"max-image-preview:large","max-video-preview":"max-video-preview:-1"},"canonical":"https:\/\/www.choretime.com\/es\/pierde-el-cinturon\/","og_locale":"es_ES","og_type":"article","og_title":"Pierde el cintur\u00f3n - Chore-Time","og_description":"Vea los aspectos m\u00e1s destacados de Chore-Time en IPPE 2023.","og_url":"https:\/\/www.choretime.com\/es\/pierde-el-cinturon\/","og_site_name":"Chore-Time","article_publisher":"https:\/\/www.facebook.com\/choretime1952","article_modified_time":"2024-10-27T14:53:57+00:00","og_image":[{"url":"https:\/\/www.choretime.com\/wp-content\/uploads\/2023\/04\/CT-IPPE-Winner-M.-Alzaben-1024x656.png","type":"","width":"","height":""}],"twitter_card":"summary_large_image","twitter_title":"Pierde el cintur\u00f3n - Chore-Time","twitter_image":"https:\/\/www.choretime.com\/wp-content\/uploads\/2023\/04\/CT-IPPE-Winner-M.-Alzaben-1024x656.png","twitter_site":"@choretime","twitter_misc":{"Tiempo de lectura":"2 minutos"},"schema":{"@context":"https:\/\/schema.org","@graph":[{"@type":"WebPage","@id":"https:\/\/www.choretime.com\/es\/pierde-el-cinturon\/","url":"https:\/\/www.choretime.com\/es\/pierde-el-cinturon\/","name":"Pierde el cintur\u00f3n - Chore-Time","isPartOf":{"@id":"https:\/\/www.choretime.com\/es\/#website"},"primaryImageOfPage":{"@id":"https:\/\/www.choretime.com\/es\/pierde-el-cinturon\/#primaryimage"},"image":{"@id":"https:\/\/www.choretime.com\/es\/pierde-el-cinturon\/#primaryimage"},"thumbnailUrl":"https:\/\/www.choretime.com\/wp-content\/uploads\/2023\/04\/CT-IPPE-Winner-M.-Alzaben.png","datePublished":"2023-08-12T13:26:00+00:00","dateModified":"2024-10-27T14:53:57+00:00","description":"Vea los aspectos m\u00e1s destacados de Chore-Time en IPPE 2023.","breadcrumb":{"@id":"https:\/\/www.choretime.com\/es\/pierde-el-cinturon\/#breadcrumb"},"inLanguage":"es","potentialAction":[{"@type":"ReadAction","target":["https:\/\/www.choretime.com\/es\/pierde-el-cinturon\/"]}]},{"@type":"ImageObject","inLanguage":"es","@id":"https:\/\/www.choretime.com\/es\/pierde-el-cinturon\/#primaryimage","url":"https:\/\/www.choretime.com\/wp-content\/uploads\/2023\/04\/CT-IPPE-Winner-M.-Alzaben.png","contentUrl":"https:\/\/www.choretime.com\/wp-content\/uploads\/2023\/04\/CT-IPPE-Winner-M.-Alzaben.png","width":1964,"height":1259,"caption":"Mohammad Alzaben Alqabas Agriculture Amman, Jordan"},{"@type":"BreadcrumbList","@id":"https:\/\/www.choretime.com\/es\/pierde-el-cinturon\/#breadcrumb","itemListElement":[{"@type":"ListItem","position":1,"name":"Inicio","item":"https:\/\/www.choretime.com\/es\/"},{"@type":"ListItem","position":2,"name":"Pierde el cintur\u00f3n"}]},{"@type":"WebSite","@id":"https:\/\/www.choretime.com\/es\/#website","url":"https:\/\/www.choretime.com\/es\/","name":"Chore-Time","description":"Every. Day. PERFORMANCE.\u2122","publisher":{"@id":"https:\/\/www.choretime.com\/es\/#organization"},"potentialAction":[{"@type":"SearchAction","target":{"@type":"EntryPoint","urlTemplate":"https:\/\/www.choretime.com\/es\/?s={search_term_string}"},"query-input":{"@type":"PropertyValueSpecification","valueRequired":true,"valueName":"search_term_string"}}],"inLanguage":"es"},{"@type":"Organization","@id":"https:\/\/www.choretime.com\/es\/#organization","name":"Chore-Time","url":"https:\/\/www.choretime.com\/es\/","logo":{"@type":"ImageObject","inLanguage":"es","@id":"https:\/\/www.choretime.com\/es\/#\/schema\/logo\/image\/","url":"https:\/\/www.choretime.com\/wp-content\/uploads\/2023\/02\/Chore-TimeCMYKoutline.png","contentUrl":"https:\/\/www.choretime.com\/wp-content\/uploads\/2023\/02\/Chore-TimeCMYKoutline.png","width":1860,"height":703,"caption":"Chore-Time"},"image":{"@id":"https:\/\/www.choretime.com\/es\/#\/schema\/logo\/image\/"},"sameAs":["https:\/\/www.facebook.com\/choretime1952","https:\/\/x.com\/choretime","https:\/\/www.youtube.com\/choretime","https:\/\/www.instagram.com\/choretime1952\/","https:\/\/www.linkedin.com\/company\/choretime\/"]}]}},"_links":{"self":[{"href":"https:\/\/www.choretime.com\/es\/wp-json\/wp\/v2\/pages\/9531","targetHints":{"allow":["GET"]}}],"collection":[{"href":"https:\/\/www.choretime.com\/es\/wp-json\/wp\/v2\/pages"}],"about":[{"href":"https:\/\/www.choretime.com\/es\/wp-json\/wp\/v2\/types\/page"}],"author":[{"embeddable":true,"href":"https:\/\/www.choretime.com\/es\/wp-json\/wp\/v2\/users\/6"}],"replies":[{"embeddable":true,"href":"https:\/\/www.choretime.com\/es\/wp-json\/wp\/v2\/comments?post=9531"}],"version-history":[{"count":1,"href":"https:\/\/www.choretime.com\/es\/wp-json\/wp\/v2\/pages\/9531\/revisions"}],"predecessor-version":[{"id":9532,"href":"https:\/\/www.choretime.com\/es\/wp-json\/wp\/v2\/pages\/9531\/revisions\/9532"}],"wp:featuredmedia":[{"embeddable":true,"href":"https:\/\/www.choretime.com\/es\/wp-json\/wp\/v2\/media\/8893"}],"wp:attachment":[{"href":"https:\/\/www.choretime.com\/es\/wp-json\/wp\/v2\/media?parent=9531"}],"curies":[{"name":"wp","href":"https:\/\/api.w.org\/{rel}","templated":true}]}}