{"id":9533,"date":"2023-07-10T16:52:14","date_gmt":"2023-07-10T16:52:14","guid":{"rendered":"https:\/\/www.choretime.com\/libro-blanco-nuevas-soluciones-para-la-rehabilitacion-de-viviendas-antiguas\/"},"modified":"2024-10-27T14:54:10","modified_gmt":"2024-10-27T14:54:10","slug":"libro-blanco-nuevas-soluciones-para-la-rehabilitacion-de-viviendas-antiguas","status":"publish","type":"page","link":"https:\/\/www.choretime.com\/es\/libro-blanco-nuevas-soluciones-para-la-rehabilitacion-de-viviendas-antiguas\/","title":{"rendered":"Libro Blanco: Nuevas soluciones para la rehabilitaci\u00f3n de viviendas antiguas"},"content":{"rendered":"\n<h5 class=\"wp-block-heading has-text-align-center\"><strong>Libro Blanco:<\/strong><\/h5>\n\n<h1 class=\"wp-block-heading has-text-align-center\" id=\"h-new-solutions-for-retrofitting-old-houses\"><strong>Nuevas soluciones para rehabilitar casas antiguas<\/strong><\/h1>\n\n<p class=\"has-text-align-center\"><\/p>\n\n<p>Muchos de los obst\u00e1culos que impiden a los criadores pasar de la producci\u00f3n de huevos en jaulas a la producci\u00f3n de huevos sin jaulas son simplemente percepciones err\u00f3neas. Por ejemplo, muchos temen que el coste sea demasiado elevado, pero, en realidad, un aviario de alto rendimiento suele proporcionar un s\u00f3lido retorno de la inversi\u00f3n gracias a una rentabilidad fiable. A medida que la industria sigue gravitando hacia los huevos sin jaula, la decisi\u00f3n de seguir con las jaulas puede resultar mucho m\u00e1s costosa al final.  <\/p>\n\n<p>Otro obst\u00e1culo, sin embargo, es literalmente un obst\u00e1culo. Muchas naves av\u00edcolas antiguas de gran altura tienen poco espacio libre, sobre todo a lo largo de las paredes laterales, lo que ha limitado la instalaci\u00f3n de algunos sistemas de aviarios de varios pisos&#8230; hasta ahora. <\/p>\n\n<div style=\"height:60px\" aria-hidden=\"true\" class=\"wp-block-spacer\"><\/div>\n\n<h2 class=\"wp-block-heading has-text-align-center\"><strong>El problema<\/strong><\/h2>\n\n<p>Al convertir un gallinero existente a la producci\u00f3n de huevos sin jaulas, algunos criadores no han podido encajar aviarios de varios pisos bajo sus tejados inclinados. Y, si caben, es posible que no haya suficiente espacio entre el aviario y el tejado para proporcionar la ventilaci\u00f3n necesaria para mantener un entorno saludable. <\/p>\n\n<p>Como resultado de estos retos, los cultivadores pueden haber tenido que sacrificar la eficiencia al no maximizar su espacio disponible. O bien, se han conformado con instalar un sistema de menor rendimiento, como una configuraci\u00f3n de capa de suelo. <\/p>\n\n<blockquote class=\"wp-block-quote is-layout-flow wp-block-quote-is-layout-flow\">\n<blockquote class=\"wp-block-quote is-layout-flow wp-block-quote-is-layout-flow\">\n<h4 class=\"wp-block-heading has-text-align-center\"><strong><em>Los cultivadores que convierten los establos a un sistema de ponedoras de suelo debido a las limitaciones de altura sacrifican el rendimiento de la inversi\u00f3n. Los sistemas de suelo tienen una densidad de aves mucho menor y requieren m\u00e1s mano de obra. <\/em><\/strong><\/h4>\n<\/blockquote>\n<\/blockquote>\n\n<div style=\"height:43px\" aria-hidden=\"true\" class=\"wp-block-spacer\"><\/div>\n\n<div class=\"wp-block-columns product-heading is-layout-flex wp-container-core-columns-is-layout-9d6595d7 wp-block-columns-is-layout-flex\">\n<div class=\"wp-block-column is-layout-flow wp-block-column-is-layout-flow\">\n<div class=\"wp-block-group white-background\"><div class=\"wp-block-group__inner-container is-layout-constrained wp-block-group-is-layout-constrained\">\n<h2 class=\"wp-block-heading\" id=\"h-advantages-of-the-multi-tier-design\"><strong>Ventajas del dise\u00f1o multinivel<\/strong><\/h2>\n\n\n\n<p>Los criadores que deseen reequipar las naves existentes con pajareras de varios pisos, o de estilo europeo, est\u00e1n bien aconsejados. Esto se debe a que se ha demostrado que este dise\u00f1o tiene un mayor rendimiento de las aves y requiere menos mano de obra que otros sistemas sin jaulas. De hecho, muchos expertos creen que los aviarios de varios pisos son el futuro de la producci\u00f3n de huevos sin jaulas.  <\/p>\n\n\n\n<p>Las aves rinden bien en las pajareras de varios niveles porque fomentan el comportamiento natural. Un ejemplo de ello es el <a href=\"\" target=\"\" rel=\"noopener\">sistema de pajarera de tres niveles VIKE\u2122<\/a> de Chore-Time. <\/p>\n\n\n<div class=\"wp-block-image\">\n<figure class=\"aligncenter size-full\"><img loading=\"lazy\" decoding=\"async\" width=\"800\" height=\"534\" src=\"https:\/\/www.choretime.com\/wp-content\/uploads\/2022\/12\/Chore_Time_VIKE_Adapt_Aviary_System.jpg\" alt=\"\" class=\"wp-image-1984\" srcset=\"https:\/\/www.choretime.com\/wp-content\/uploads\/2022\/12\/Chore_Time_VIKE_Adapt_Aviary_System.jpg 800w, https:\/\/www.choretime.com\/wp-content\/uploads\/2022\/12\/Chore_Time_VIKE_Adapt_Aviary_System-300x200.jpg 300w, https:\/\/www.choretime.com\/wp-content\/uploads\/2022\/12\/Chore_Time_VIKE_Adapt_Aviary_System-768x513.jpg 768w\" sizes=\"auto, (max-width: 800px) 100vw, 800px\" \/><\/figure>\n<\/div>\n\n\n<p>El nivel inferior tiene alimentaci\u00f3n y se cuenta como superficie adicional. Las aves tienen acceso por debajo del sistema para moverse, ba\u00f1arse en el polvo y rascarse. El nivel intermedio tiene agua delante de los nidos, lo que se ha asociado a la producci\u00f3n de un mayor porcentaje de huevos de grado A. El nivel superior tiene comederos y perchas, donde a las aves les gusta extenderse naturalmente para dormir por la noche.   <\/p>\n\n\n\n<p>Desde su creaci\u00f3n en Holanda, las pajareras de varios pisos han demostrado su eficacia durante d\u00e9cadas de uso. A lo largo de los a\u00f1os, se han desarrollado m\u00faltiples configuraciones, incluidos dise\u00f1os de perfil bajo. Sin embargo, muchas naves av\u00edcolas existentes siguen sin poder alojar aviarios de tres pisos en los puntos m\u00e1s bajos.  <\/p>\n<\/div><\/div>\n<\/div>\n<\/div>\n\n<div style=\"height:49px\" aria-hidden=\"true\" class=\"wp-block-spacer\"><\/div>\n\n<h2 class=\"wp-block-heading has-text-align-center\"><strong>La soluci\u00f3n<\/strong><\/h2>\n\n<p>A medida que m\u00e1s criadores norteamericanos pasan de los huevos enjaulados a los huevos sin jaula, los ingenieros han tomado nota del problema de la altura y han empezado a desarrollar soluciones para modificar los sistemas de varios niveles y adaptarlos mejor a las naves de poca altura. Una nueva soluci\u00f3n puntera consiste en fusionar los niveles inferior e intermedio, creando un aviario de dos niveles. <\/p>\n\n<p>Un ejemplo de ello es el Sistema ADAPT de Chore-Time. Con menos de 84 pulgadas de altura, se adapta bien a muchas situaciones de edificios de poca altura. <\/p>\n<div class=\"wp-block-image\">\n<figure class=\"aligncenter size-large is-resized\"><img loading=\"lazy\" decoding=\"async\" src=\"https:\/\/www.choretime.com\/wp-content\/uploads\/2023\/07\/VIKE-ADAPT-COMPLETE-FrontView-1024x872.jpg\" alt=\"\" class=\"wp-image-5341\" width=\"660\" height=\"562\" srcset=\"https:\/\/www.choretime.com\/wp-content\/uploads\/2023\/07\/VIKE-ADAPT-COMPLETE-FrontView-1024x872.jpg 1024w, https:\/\/www.choretime.com\/wp-content\/uploads\/2023\/07\/VIKE-ADAPT-COMPLETE-FrontView-300x255.jpg 300w, https:\/\/www.choretime.com\/wp-content\/uploads\/2023\/07\/VIKE-ADAPT-COMPLETE-FrontView-768x654.jpg 768w, https:\/\/www.choretime.com\/wp-content\/uploads\/2023\/07\/VIKE-ADAPT-COMPLETE-FrontView-1536x1308.jpg 1536w, https:\/\/www.choretime.com\/wp-content\/uploads\/2023\/07\/VIKE-ADAPT-COMPLETE-FrontView-2048x1743.jpg 2048w\" sizes=\"auto, (max-width: 660px) 100vw, 660px\" \/><\/figure>\n<\/div>\n<p>A pesar de su menor tama\u00f1o, la pajarera de dos pisos mantiene muchas de las ventajas del dise\u00f1o original de tres pisos. Adem\u00e1s, cumple los requisitos de no enjaular en todo el mundo. <\/p>\n\n<p><strong>Hay dos claves para el alto rendimiento del modelo de dos niveles:<\/strong><\/p>\n\n<ul class=\"wp-block-list\">\n<li>Las perchas se mantienen en el nivel superior.<\/li>\n\n\n\n<li>Sigue habiendo agua delante de los nidos.<\/li>\n<\/ul>\n\n<p>El nivel superior, con perchas y sistemas de alimentaci\u00f3n, proporciona un entorno ideal para dormir. Esto ayuda a proporcionar una buena ventilaci\u00f3n y a eliminar los puntos calientes de la casa. Por la ma\u00f1ana, los p\u00e1jaros se despiertan, se alimentan en el nivel superior y tienen sed. Entonces, se desplazan al nivel inferior en busca de agua. Despu\u00e9s de beber, los p\u00e1jaros encuentran naturalmente el camino a los nidos para poner huevos. En lugar de un nivel inferior con alimentaci\u00f3n, estas pajareras de dos niveles tienen una cinta de esti\u00e9rcol bajo el nivel de los nidos, con una amplia plataforma delante de los nidos. Este dise\u00f1o no s\u00f3lo proporciona un amplio espacio para las actividades naturales de las aves, sino que tambi\u00e9n mantiene un entorno limpio con niveles de amon\u00edaco minimizados, gracias a la cinta de esti\u00e9rcol.      <\/p>\n\n<blockquote class=\"wp-block-quote has-text-align-center is-layout-flow wp-block-quote-is-layout-flow\">\n<h4 class=\"wp-block-heading\">Para adaptarse a la anchura y a las distintas alturas de un edificio, se pueden utilizar varias configuraciones de aviario en un mismo gallinero.<\/h4>\n<\/blockquote>\n\n<p>Por ejemplo, el sistema Adapt puede utilizarse a lo largo de las paredes, donde el espacio libre es menor. Luego, se puede utilizar un sistema VIKE Aviario de tres pisos en el centro de la nave, donde el pico del tejado proporciona m\u00e1s espacio. <\/p>\n\n<p>Las aves adecuadamente adiestradas disfrutan movi\u00e9ndose por los pasillos de un nivel a otro, lo que se traduce en un bienestar excelente y un alto rendimiento. Los criadores que implantan este sistema comprueban que las aves lo utilizan bien instintivamente, minimizando los puntos calientes y los problemas de huevos en el suelo, habituales en otros tipos de aviarios. <\/p>\n\n<p>A medida que aumenta la presi\u00f3n para convertir las naves av\u00edcolas existentes a la producci\u00f3n de huevos sin jaulas, los fabricantes siguen afrontando estos retos con nuevas soluciones de equipamiento flexible. Hoy en d\u00eda, los aviarios de varios pisos pueden adaptarse pr\u00e1cticamente a cualquier anchura de nave av\u00edcola y espacio libre en el tejado. <\/p>\n\n<blockquote class=\"wp-block-quote is-layout-flow wp-block-quote-is-layout-flow\">\n<h4 class=\"wp-block-heading\">Como resultado, los cultivadores ya no tienen que hacer sacrificios debido al dise\u00f1o de sus edificios actuales. Se puede decir que ya no est\u00e1n \u00abenjaulados\u00bb para tomar decisiones comprometidas. <\/h4>\n<\/blockquote>\n\n<div style=\"height:49px\" aria-hidden=\"true\" class=\"wp-block-spacer\"><\/div>\n\n<div style=\"height:67px\" aria-hidden=\"true\" class=\"wp-block-spacer\"><\/div>\n<div class='choretime-literature' id='choretime-literature-0'><div class='choretime-literature-tabs'><div>Literatura<\/div><div>Manuales<\/div><div>Presupuesto<\/div><div>Libros blancos<\/div><\/div><div class='choretime-literature-panels'><div class='choretime-literature-panel choretime-literature-literature'><div><div><img src='https:\/\/www.choretime.com\/wp-content\/uploads\/2023\/07\/new-solutions-for-retrofitting-old-houses-ct-2671-202307-em-pdf-232x300.jpg' alt='thumbnail'><\/div><div><div>New Solutions for Retrofitting Old Houses<\/div><div>July 2023<\/div><div><a href='https:\/\/www.choretime.com\/wp-content\/uploads\/2023\/07\/new-solutions-for-retrofitting-old-houses-ct-2671-202307-em.pdf' target='_blank'>Web \/ Correo electr\u00f3nico: 592.73 kB<\/strong><\/a><\/div><div><\/div><\/div><\/div><\/div><div class='choretime-literature-panel choretime-literature-manuals'><\/div><div class='choretime-literature-panel choretime-literature-specifications'><\/div><div class='choretime-literature-panel choretime-literature-whitepapers'><\/div><\/div><script>window.addEventListener('DOMContentLoaded', () => { setupLiterature('choretime-literature-0'); });<\/script><\/div>\n<div style=\"height:55px\" aria-hidden=\"true\" class=\"wp-block-spacer\"><\/div>\n\n<div class=\"wp-block-buttons is-content-justification-center is-layout-flex wp-container-core-buttons-is-layout-16018d1d wp-block-buttons-is-layout-flex\">\n<div class=\"wp-block-button has-custom-width wp-block-button__width-50 has-custom-font-size\" style=\"font-size:26px;letter-spacing:0px\"><a class=\"wp-block-button__link has-background wp-element-button\" href=\"https:\/\/www.choretime.com\/es\/literatura-y-videos\/\" style=\"background-color:#db293a\">Ver nuestra biblioteca de libros blancos<\/a><\/div>\n<\/div>\n\n<div style=\"height:100px\" aria-hidden=\"true\" class=\"wp-block-spacer\"><\/div>\n","protected":false},"excerpt":{"rendered":"<p>Libro Blanco: Nuevas soluciones para rehabilitar casas antiguas Muchos de los obst\u00e1culos que impiden a los criadores pasar de la producci\u00f3n de huevos en jaulas a la producci\u00f3n de huevos sin jaulas son simplemente percepciones err\u00f3neas. Por ejemplo, muchos temen que el coste sea demasiado elevado, pero, en realidad, un aviario de alto rendimiento suele [&hellip;]<\/p>\n","protected":false},"author":2,"featured_media":7532,"parent":0,"menu_order":0,"comment_status":"closed","ping_status":"closed","template":"","meta":{"_acf_changed":false,"_monsterinsights_skip_tracking":false,"_monsterinsights_sitenote_active":false,"_monsterinsights_sitenote_note":"","_monsterinsights_sitenote_category":0,"footnotes":""},"class_list":["post-9533","page","type-page","status-publish","has-post-thumbnail","hentry"],"acf":[],"yoast_head":"<!-- This site is optimized with the Yoast SEO Premium plugin v27.3 (Yoast SEO v27.3) - https:\/\/yoast.com\/product\/yoast-seo-premium-wordpress\/ -->\n<title>Libro Blanco: Nuevas soluciones para la rehabilitaci\u00f3n de viviendas antiguas - Chore-Time<\/title>\n<meta name=\"description\" content=\"Los aviarios de varios niveles, tambi\u00e9n conocidos como aviarios abiertos o de estilo europeo, se est\u00e1n convirtiendo en una soluci\u00f3n cada vez m\u00e1s popular para los problemas laborales.\" \/>\n<meta name=\"robots\" content=\"index, follow, max-snippet:-1, max-image-preview:large, max-video-preview:-1\" \/>\n<link rel=\"canonical\" href=\"https:\/\/www.choretime.com\/es\/libro-blanco-nuevas-soluciones-para-la-rehabilitacion-de-viviendas-antiguas\/\" \/>\n<meta property=\"og:locale\" content=\"es_ES\" \/>\n<meta property=\"og:type\" content=\"article\" \/>\n<meta property=\"og:title\" content=\"Libro Blanco: Nuevas soluciones para la rehabilitaci\u00f3n de viviendas antiguas - Chore-Time\" \/>\n<meta property=\"og:description\" content=\"Los aviarios de varios niveles, tambi\u00e9n conocidos como aviarios abiertos o de estilo europeo, se est\u00e1n convirtiendo en una soluci\u00f3n cada vez m\u00e1s popular para los problemas laborales.\" \/>\n<meta property=\"og:url\" content=\"https:\/\/www.choretime.com\/es\/libro-blanco-nuevas-soluciones-para-la-rehabilitacion-de-viviendas-antiguas\/\" \/>\n<meta property=\"og:site_name\" content=\"Chore-Time\" \/>\n<meta property=\"article:publisher\" content=\"https:\/\/www.facebook.com\/choretime1952\" \/>\n<meta property=\"article:modified_time\" content=\"2024-10-27T14:54:10+00:00\" \/>\n<meta property=\"og:image\" content=\"https:\/\/www.choretime.com\/wp-content\/uploads\/2022\/12\/Chore_Time_VIKE_Adapt_Aviary_System.jpg\" \/>\n<meta name=\"twitter:card\" content=\"summary_large_image\" \/>\n<meta name=\"twitter:title\" content=\"Libro Blanco: Nuevas soluciones para la rehabilitaci\u00f3n de viviendas antiguas - Chore-Time\" \/>\n<meta name=\"twitter:image\" content=\"https:\/\/www.choretime.com\/wp-content\/uploads\/2022\/12\/Chore_Time_VIKE_Adapt_Aviary_System.jpg\" \/>\n<meta name=\"twitter:site\" content=\"@choretime\" \/>\n<meta name=\"twitter:label1\" content=\"Tiempo de lectura\" \/>\n\t<meta name=\"twitter:data1\" content=\"5 minutos\" \/>\n<script type=\"application\/ld+json\" class=\"yoast-schema-graph\">{\"@context\":\"https:\\\/\\\/schema.org\",\"@graph\":[{\"@type\":\"WebPage\",\"@id\":\"https:\\\/\\\/www.choretime.com\\\/es\\\/libro-blanco-nuevas-soluciones-para-la-rehabilitacion-de-viviendas-antiguas\\\/\",\"url\":\"https:\\\/\\\/www.choretime.com\\\/es\\\/libro-blanco-nuevas-soluciones-para-la-rehabilitacion-de-viviendas-antiguas\\\/\",\"name\":\"Libro Blanco: Nuevas soluciones para la rehabilitaci\u00f3n de viviendas antiguas - Chore-Time\",\"isPartOf\":{\"@id\":\"https:\\\/\\\/www.choretime.com\\\/es\\\/#website\"},\"primaryImageOfPage\":{\"@id\":\"https:\\\/\\\/www.choretime.com\\\/es\\\/libro-blanco-nuevas-soluciones-para-la-rehabilitacion-de-viviendas-antiguas\\\/#primaryimage\"},\"image\":{\"@id\":\"https:\\\/\\\/www.choretime.com\\\/es\\\/libro-blanco-nuevas-soluciones-para-la-rehabilitacion-de-viviendas-antiguas\\\/#primaryimage\"},\"thumbnailUrl\":\"https:\\\/\\\/www.choretime.com\\\/wp-content\\\/uploads\\\/2022\\\/12\\\/Chore_Time_VIKE_Adapt_Aviary_System.jpg\",\"datePublished\":\"2023-07-10T16:52:14+00:00\",\"dateModified\":\"2024-10-27T14:54:10+00:00\",\"description\":\"Los aviarios de varios niveles, tambi\u00e9n conocidos como aviarios abiertos o de estilo europeo, se est\u00e1n convirtiendo en una soluci\u00f3n cada vez m\u00e1s popular para los problemas laborales.\",\"breadcrumb\":{\"@id\":\"https:\\\/\\\/www.choretime.com\\\/es\\\/libro-blanco-nuevas-soluciones-para-la-rehabilitacion-de-viviendas-antiguas\\\/#breadcrumb\"},\"inLanguage\":\"es\",\"potentialAction\":[{\"@type\":\"ReadAction\",\"target\":[\"https:\\\/\\\/www.choretime.com\\\/es\\\/libro-blanco-nuevas-soluciones-para-la-rehabilitacion-de-viviendas-antiguas\\\/\"]}]},{\"@type\":\"ImageObject\",\"inLanguage\":\"es\",\"@id\":\"https:\\\/\\\/www.choretime.com\\\/es\\\/libro-blanco-nuevas-soluciones-para-la-rehabilitacion-de-viviendas-antiguas\\\/#primaryimage\",\"url\":\"https:\\\/\\\/www.choretime.com\\\/wp-content\\\/uploads\\\/2022\\\/12\\\/Chore_Time_VIKE_Adapt_Aviary_System.jpg\",\"contentUrl\":\"https:\\\/\\\/www.choretime.com\\\/wp-content\\\/uploads\\\/2022\\\/12\\\/Chore_Time_VIKE_Adapt_Aviary_System.jpg\",\"width\":800,\"height\":534,\"caption\":\"VIKE\u2122 Adapt Aviary System\"},{\"@type\":\"BreadcrumbList\",\"@id\":\"https:\\\/\\\/www.choretime.com\\\/es\\\/libro-blanco-nuevas-soluciones-para-la-rehabilitacion-de-viviendas-antiguas\\\/#breadcrumb\",\"itemListElement\":[{\"@type\":\"ListItem\",\"position\":1,\"name\":\"Inicio\",\"item\":\"https:\\\/\\\/www.choretime.com\\\/es\\\/\"},{\"@type\":\"ListItem\",\"position\":2,\"name\":\"Libro Blanco: Nuevas soluciones para la rehabilitaci\u00f3n de viviendas antiguas\"}]},{\"@type\":\"WebSite\",\"@id\":\"https:\\\/\\\/www.choretime.com\\\/es\\\/#website\",\"url\":\"https:\\\/\\\/www.choretime.com\\\/es\\\/\",\"name\":\"Chore-Time\",\"description\":\"Every. Day. PERFORMANCE.\u2122\",\"publisher\":{\"@id\":\"https:\\\/\\\/www.choretime.com\\\/es\\\/#organization\"},\"potentialAction\":[{\"@type\":\"SearchAction\",\"target\":{\"@type\":\"EntryPoint\",\"urlTemplate\":\"https:\\\/\\\/www.choretime.com\\\/es\\\/?s={search_term_string}\"},\"query-input\":{\"@type\":\"PropertyValueSpecification\",\"valueRequired\":true,\"valueName\":\"search_term_string\"}}],\"inLanguage\":\"es\"},{\"@type\":\"Organization\",\"@id\":\"https:\\\/\\\/www.choretime.com\\\/es\\\/#organization\",\"name\":\"Chore-Time\",\"url\":\"https:\\\/\\\/www.choretime.com\\\/es\\\/\",\"logo\":{\"@type\":\"ImageObject\",\"inLanguage\":\"es\",\"@id\":\"https:\\\/\\\/www.choretime.com\\\/es\\\/#\\\/schema\\\/logo\\\/image\\\/\",\"url\":\"https:\\\/\\\/www.choretime.com\\\/wp-content\\\/uploads\\\/2023\\\/02\\\/Chore-TimeCMYKoutline.png\",\"contentUrl\":\"https:\\\/\\\/www.choretime.com\\\/wp-content\\\/uploads\\\/2023\\\/02\\\/Chore-TimeCMYKoutline.png\",\"width\":1860,\"height\":703,\"caption\":\"Chore-Time\"},\"image\":{\"@id\":\"https:\\\/\\\/www.choretime.com\\\/es\\\/#\\\/schema\\\/logo\\\/image\\\/\"},\"sameAs\":[\"https:\\\/\\\/www.facebook.com\\\/choretime1952\",\"https:\\\/\\\/x.com\\\/choretime\",\"https:\\\/\\\/www.youtube.com\\\/choretime\",\"https:\\\/\\\/www.instagram.com\\\/choretime1952\\\/\",\"https:\\\/\\\/www.linkedin.com\\\/company\\\/choretime\\\/\"]}]}<\/script>\n<!-- \/ Yoast SEO Premium plugin. -->","yoast_head_json":{"title":"Libro Blanco: Nuevas soluciones para la rehabilitaci\u00f3n de viviendas antiguas - Chore-Time","description":"Los aviarios de varios niveles, tambi\u00e9n conocidos como aviarios abiertos o de estilo europeo, se est\u00e1n convirtiendo en una soluci\u00f3n cada vez m\u00e1s popular para los problemas laborales.","robots":{"index":"index","follow":"follow","max-snippet":"max-snippet:-1","max-image-preview":"max-image-preview:large","max-video-preview":"max-video-preview:-1"},"canonical":"https:\/\/www.choretime.com\/es\/libro-blanco-nuevas-soluciones-para-la-rehabilitacion-de-viviendas-antiguas\/","og_locale":"es_ES","og_type":"article","og_title":"Libro Blanco: Nuevas soluciones para la rehabilitaci\u00f3n de viviendas antiguas - Chore-Time","og_description":"Los aviarios de varios niveles, tambi\u00e9n conocidos como aviarios abiertos o de estilo europeo, se est\u00e1n convirtiendo en una soluci\u00f3n cada vez m\u00e1s popular para los problemas laborales.","og_url":"https:\/\/www.choretime.com\/es\/libro-blanco-nuevas-soluciones-para-la-rehabilitacion-de-viviendas-antiguas\/","og_site_name":"Chore-Time","article_publisher":"https:\/\/www.facebook.com\/choretime1952","article_modified_time":"2024-10-27T14:54:10+00:00","og_image":[{"url":"https:\/\/www.choretime.com\/wp-content\/uploads\/2022\/12\/Chore_Time_VIKE_Adapt_Aviary_System.jpg","type":"","width":"","height":""}],"twitter_card":"summary_large_image","twitter_title":"Libro Blanco: Nuevas soluciones para la rehabilitaci\u00f3n de viviendas antiguas - Chore-Time","twitter_image":"https:\/\/www.choretime.com\/wp-content\/uploads\/2022\/12\/Chore_Time_VIKE_Adapt_Aviary_System.jpg","twitter_site":"@choretime","twitter_misc":{"Tiempo de lectura":"5 minutos"},"schema":{"@context":"https:\/\/schema.org","@graph":[{"@type":"WebPage","@id":"https:\/\/www.choretime.com\/es\/libro-blanco-nuevas-soluciones-para-la-rehabilitacion-de-viviendas-antiguas\/","url":"https:\/\/www.choretime.com\/es\/libro-blanco-nuevas-soluciones-para-la-rehabilitacion-de-viviendas-antiguas\/","name":"Libro Blanco: Nuevas soluciones para la rehabilitaci\u00f3n de viviendas antiguas - Chore-Time","isPartOf":{"@id":"https:\/\/www.choretime.com\/es\/#website"},"primaryImageOfPage":{"@id":"https:\/\/www.choretime.com\/es\/libro-blanco-nuevas-soluciones-para-la-rehabilitacion-de-viviendas-antiguas\/#primaryimage"},"image":{"@id":"https:\/\/www.choretime.com\/es\/libro-blanco-nuevas-soluciones-para-la-rehabilitacion-de-viviendas-antiguas\/#primaryimage"},"thumbnailUrl":"https:\/\/www.choretime.com\/wp-content\/uploads\/2022\/12\/Chore_Time_VIKE_Adapt_Aviary_System.jpg","datePublished":"2023-07-10T16:52:14+00:00","dateModified":"2024-10-27T14:54:10+00:00","description":"Los aviarios de varios niveles, tambi\u00e9n conocidos como aviarios abiertos o de estilo europeo, se est\u00e1n convirtiendo en una soluci\u00f3n cada vez m\u00e1s popular para los problemas laborales.","breadcrumb":{"@id":"https:\/\/www.choretime.com\/es\/libro-blanco-nuevas-soluciones-para-la-rehabilitacion-de-viviendas-antiguas\/#breadcrumb"},"inLanguage":"es","potentialAction":[{"@type":"ReadAction","target":["https:\/\/www.choretime.com\/es\/libro-blanco-nuevas-soluciones-para-la-rehabilitacion-de-viviendas-antiguas\/"]}]},{"@type":"ImageObject","inLanguage":"es","@id":"https:\/\/www.choretime.com\/es\/libro-blanco-nuevas-soluciones-para-la-rehabilitacion-de-viviendas-antiguas\/#primaryimage","url":"https:\/\/www.choretime.com\/wp-content\/uploads\/2022\/12\/Chore_Time_VIKE_Adapt_Aviary_System.jpg","contentUrl":"https:\/\/www.choretime.com\/wp-content\/uploads\/2022\/12\/Chore_Time_VIKE_Adapt_Aviary_System.jpg","width":800,"height":534,"caption":"VIKE\u2122 Adapt Aviary System"},{"@type":"BreadcrumbList","@id":"https:\/\/www.choretime.com\/es\/libro-blanco-nuevas-soluciones-para-la-rehabilitacion-de-viviendas-antiguas\/#breadcrumb","itemListElement":[{"@type":"ListItem","position":1,"name":"Inicio","item":"https:\/\/www.choretime.com\/es\/"},{"@type":"ListItem","position":2,"name":"Libro Blanco: Nuevas soluciones para la rehabilitaci\u00f3n de viviendas antiguas"}]},{"@type":"WebSite","@id":"https:\/\/www.choretime.com\/es\/#website","url":"https:\/\/www.choretime.com\/es\/","name":"Chore-Time","description":"Every. Day. PERFORMANCE.\u2122","publisher":{"@id":"https:\/\/www.choretime.com\/es\/#organization"},"potentialAction":[{"@type":"SearchAction","target":{"@type":"EntryPoint","urlTemplate":"https:\/\/www.choretime.com\/es\/?s={search_term_string}"},"query-input":{"@type":"PropertyValueSpecification","valueRequired":true,"valueName":"search_term_string"}}],"inLanguage":"es"},{"@type":"Organization","@id":"https:\/\/www.choretime.com\/es\/#organization","name":"Chore-Time","url":"https:\/\/www.choretime.com\/es\/","logo":{"@type":"ImageObject","inLanguage":"es","@id":"https:\/\/www.choretime.com\/es\/#\/schema\/logo\/image\/","url":"https:\/\/www.choretime.com\/wp-content\/uploads\/2023\/02\/Chore-TimeCMYKoutline.png","contentUrl":"https:\/\/www.choretime.com\/wp-content\/uploads\/2023\/02\/Chore-TimeCMYKoutline.png","width":1860,"height":703,"caption":"Chore-Time"},"image":{"@id":"https:\/\/www.choretime.com\/es\/#\/schema\/logo\/image\/"},"sameAs":["https:\/\/www.facebook.com\/choretime1952","https:\/\/x.com\/choretime","https:\/\/www.youtube.com\/choretime","https:\/\/www.instagram.com\/choretime1952\/","https:\/\/www.linkedin.com\/company\/choretime\/"]}]}},"_links":{"self":[{"href":"https:\/\/www.choretime.com\/es\/wp-json\/wp\/v2\/pages\/9533","targetHints":{"allow":["GET"]}}],"collection":[{"href":"https:\/\/www.choretime.com\/es\/wp-json\/wp\/v2\/pages"}],"about":[{"href":"https:\/\/www.choretime.com\/es\/wp-json\/wp\/v2\/types\/page"}],"author":[{"embeddable":true,"href":"https:\/\/www.choretime.com\/es\/wp-json\/wp\/v2\/users\/2"}],"replies":[{"embeddable":true,"href":"https:\/\/www.choretime.com\/es\/wp-json\/wp\/v2\/comments?post=9533"}],"version-history":[{"count":2,"href":"https:\/\/www.choretime.com\/es\/wp-json\/wp\/v2\/pages\/9533\/revisions"}],"predecessor-version":[{"id":10398,"href":"https:\/\/www.choretime.com\/es\/wp-json\/wp\/v2\/pages\/9533\/revisions\/10398"}],"wp:featuredmedia":[{"embeddable":true,"href":"https:\/\/www.choretime.com\/es\/wp-json\/wp\/v2\/media\/7532"}],"wp:attachment":[{"href":"https:\/\/www.choretime.com\/es\/wp-json\/wp\/v2\/media?parent=9533"}],"curies":[{"name":"wp","href":"https:\/\/api.w.org\/{rel}","templated":true}]}}