{"id":9535,"date":"2023-04-27T12:29:35","date_gmt":"2023-04-27T12:29:35","guid":{"rendered":"https:\/\/www.choretime.com\/no-empezamos-de-cero\/"},"modified":"2024-10-27T14:51:50","modified_gmt":"2024-10-27T14:51:50","slug":"no-empezamos-de-cero","status":"publish","type":"page","link":"https:\/\/www.choretime.com\/es\/no-empezamos-de-cero\/","title":{"rendered":"No empezamos de cero"},"content":{"rendered":"\n<div class=\"wp-block-columns is-layout-flex wp-container-core-columns-is-layout-9d6595d7 wp-block-columns-is-layout-flex\">\n<div class=\"wp-block-column is-layout-flow wp-block-column-is-layout-flow\" style=\"flex-basis:20%\"><\/div>\n\n\n\n<div class=\"wp-block-column is-layout-flow wp-block-column-is-layout-flow\" style=\"flex-basis:60%\">\n<figure class=\"wp-block-image alignfull size-full\"><img loading=\"lazy\" decoding=\"async\" width=\"700\" height=\"332\" src=\"https:\/\/www.choretime.com\/wp-content\/uploads\/2023\/04\/not-from-scratch-2.jpeg\" alt=\"No empezamos de cero\" class=\"wp-image-4450\" srcset=\"https:\/\/www.choretime.com\/wp-content\/uploads\/2023\/04\/not-from-scratch-2.jpeg 700w, https:\/\/www.choretime.com\/wp-content\/uploads\/2023\/04\/not-from-scratch-2-300x142.jpeg 300w\" sizes=\"auto, (max-width: 700px) 100vw, 700px\" \/><\/figure>\n\n\n\n<h1 class=\"wp-block-heading\" id=\"h-chore-time-aviaries-and-nests\">Pajareras y nidos CHORE-TIME<\/h1>\n\n\n\n<h3 class=\"wp-block-heading\" id=\"h-cage-free-products-from-chore-time\">Productos sin jaulas de Chore-Time<\/h3>\n\n\n\n<ul class=\"wp-block-list\">\n<li>Pajareras de cr\u00eda y puesta<\/li>\n\n\n\n<li>Nidos de puesta con expulsi\u00f3n por cremallera<\/li>\n\n\n\n<li>Soluciones probadas sin jaulas y experiencia en gesti\u00f3n de aves desde 1989<\/li>\n<\/ul>\n\n\n\n<h3 class=\"wp-block-heading\" id=\"h-see-product-links-below\">Consulta los enlaces de los productos a continuaci\u00f3n.<\/h3>\n\n\n\n<div style=\"height:31px\" aria-hidden=\"true\" class=\"wp-block-spacer\"><\/div>\n\n\n\n<figure class=\"wp-block-embed aligncenter is-type-video is-provider-youtube wp-block-embed-youtube wp-embed-aspect-16-9 wp-has-aspect-ratio\"><div class=\"wp-block-embed__wrapper\"> \n<iframe loading=\"lazy\" title=\"Chore-Time Cage Free Solutions Overview\" width=\"500\" height=\"281\" src=\"https:\/\/www.youtube.com\/embed\/jSo7H4abh4g?feature=oembed\" frameborder=\"0\" allow=\"accelerometer; autoplay; clipboard-write; encrypted-media; gyroscope; picture-in-picture; web-share\" referrerpolicy=\"strict-origin-when-cross-origin\" allowfullscreen><\/iframe>\n <\/div><\/figure>\n\n\n\n<div style=\"height:32px\" aria-hidden=\"true\" class=\"wp-block-spacer\"><\/div>\n\n\n\n<p>La empresa matriz de Chore-Time, CTB, adquiri\u00f3 Volito en 2016 con el fin de llevar los productos sin jaulas y su experiencia al mercado sin jaulas estadounidense, que est\u00e1 emergiendo r\u00e1pidamente, a trav\u00e9s de la red de distribuci\u00f3n de Chore-Time.  <br\/><br\/>Fundada en 1989, Volito cuenta con m\u00e1s de 30 a\u00f1os de experiencia en el sector de los productos sin jaulas para la producci\u00f3n de huevos. La empresa holandesa empez\u00f3 con pajareras en 1989 y pronto a\u00f1adi\u00f3 a su oferta de sistemas sin jaulas una l\u00ednea de productos de nidificaci\u00f3n para la producci\u00f3n en suelo. <\/p>\n\n\n\n<p>La empresa creci\u00f3 met\u00f3dicamente a lo largo de los a\u00f1os, a\u00f1adiendo primero capacidades de fabricaci\u00f3n de metal para fabricar los sistemas de aviarios y, m\u00e1s tarde, fabricaci\u00f3n de madera para los componentes de madera de los nidos.<\/p>\n\n\n\n<p>Como parte de la asociaci\u00f3n con Chore-Time, se introdujo un nuevo dise\u00f1o de nido de solador espec\u00edficamente para satisfacer las demandas del mercado estadounidense de soladores.<\/p>\n\n\n\n<p>Junto con el nido, Chore-Time se enorgullece de ofrecer sistemas de aviarios para pollitas y ponedoras de gran \u00e9xito en el mercado estadounidense de gallinas sin jaula. Esta l\u00ednea de productos de aviarios para pollitas y ponedoras se ha ido perfeccionando a lo largo de los a\u00f1os. La l\u00ednea de productos actual incluye dise\u00f1os patentados para un cuidado y un rendimiento extraordinarios de las aves.  <\/p>\n\n\n\n<p>Los productores de huevos pueden elegir Chore-Time con confianza gracias a a\u00f1os de experiencia demostrada en productos y gesti\u00f3n de aves sin jaulas, formaci\u00f3n y apoyo para la conversi\u00f3n a la producci\u00f3n sin jaulas, liderazgo en tecnolog\u00eda de alimentaci\u00f3n y ventilaci\u00f3n y el equipo de distribuidores independientes de Chore-Time.<\/p>\n\n\n\n<p><strong>Sigue los enlaces siguientes para saber m\u00e1s:<\/strong><\/p>\n\n\n\n<div class=\"wp-block-columns is-layout-flex wp-container-core-columns-is-layout-9d6595d7 wp-block-columns-is-layout-flex\">\n<div class=\"wp-block-column is-layout-flow wp-block-column-is-layout-flow\">\n<h3 class=\"wp-block-heading\"><strong>Soluciones aviares para capas:<\/strong><\/h3>\n\n\n\n<p><strong><a href=\"https:\/\/www.choretime.com\/es\/product\/sistema-de-aviario-para-huevos-vike\/\" target=\"_blank\" rel=\"noreferrer noopener\">Sistema de aviario VIKE\u2122 para ponedoras<\/a><\/strong><\/p>\n\n\n\n<p><strong><a href=\"https:\/\/www.choretime.com\/es\/product\/sistema-de-cria-de-huevos-volution\/\" target=\"_blank\" rel=\"noreferrer noopener\">Sistema de crianza VOLUTION<\/a><\/strong><\/p>\n<\/div>\n\n\n\n<div class=\"wp-block-column is-layout-flow wp-block-column-is-layout-flow\">\n<h3 class=\"wp-block-heading\"><strong>Soluciones nido para capas:<\/strong><\/h3>\n\n\n\n<p><strong><a href=\"https:\/\/www.choretime.com\/es\/product\/sistemas-de-nidos-para-huevos-valego\/\" target=\"_blank\" rel=\"noreferrer noopener\">Sistemas de nidos VALEGO\u2122 para ponedoras<\/a><\/strong><\/p>\n<\/div>\n\n\n\n<div class=\"wp-block-column is-layout-flow wp-block-column-is-layout-flow\">\n<h3 class=\"wp-block-heading\"><strong>Soluciones de nido para criadores:<\/strong><\/h3>\n\n\n\n<p><strong><a href=\"https:\/\/www.choretime.com\/es\/product\/sistema-de-nidos-valego-para-criadores\/\" target=\"_blank\" rel=\"noreferrer noopener\">Sistemas de nidos VALEGO\u2122 para criadores<\/a><\/strong><\/p>\n<\/div>\n<\/div>\n\n\n\n<div style=\"height:42px\" aria-hidden=\"true\" class=\"wp-block-spacer\"><\/div>\n\n\n\n<div class=\"wp-block-buttons is-content-justification-center is-layout-flex wp-container-core-buttons-is-layout-16018d1d wp-block-buttons-is-layout-flex\">\n<div class=\"wp-block-button has-custom-width wp-block-button__width-50 has-custom-font-size\" style=\"font-size:26px;letter-spacing:0px\"><a class=\"wp-block-button__link has-background wp-element-button\" href=\"https:\/\/www.choretime.com\/es\/localizador-de-distribuidores\/\" style=\"background-color:#db293a\">Encuentra tu distribuidor<\/a><\/div>\n<\/div>\n<\/div>\n\n\n\n<div class=\"wp-block-column is-layout-flow wp-block-column-is-layout-flow\" style=\"flex-basis:20%\"><\/div>\n<\/div>\n","protected":false},"excerpt":{"rendered":"<p>Pajareras y nidos CHORE-TIME Productos sin jaulas de Chore-Time Consulta los enlaces de los productos a continuaci\u00f3n. La empresa matriz de Chore-Time, CTB, adquiri\u00f3 Volito en 2016 con el fin de llevar los productos sin jaulas y su experiencia al mercado sin jaulas estadounidense, que est\u00e1 emergiendo r\u00e1pidamente, a trav\u00e9s de la red de distribuci\u00f3n [&hellip;]<\/p>\n","protected":false},"author":1,"featured_media":8864,"parent":0,"menu_order":0,"comment_status":"closed","ping_status":"closed","template":"","meta":{"_acf_changed":false,"_monsterinsights_skip_tracking":false,"_monsterinsights_sitenote_active":false,"_monsterinsights_sitenote_note":"","_monsterinsights_sitenote_category":0,"footnotes":""},"class_list":["post-9535","page","type-page","status-publish","has-post-thumbnail","hentry"],"acf":[],"yoast_head":"<!-- This site is optimized with the Yoast SEO Premium plugin v27.3 (Yoast SEO v27.3) - https:\/\/yoast.com\/product\/yoast-seo-premium-wordpress\/ -->\n<title>No empezamos de cero - Chore-Time<\/title>\n<meta name=\"description\" content=\"La empresa matriz de Chore-Time, CTB, adquiri\u00f3 Volito en 2016 con el fin de llevar productos y experiencia en sistemas de producci\u00f3n sin jaulas al mercado estadounidense de sistemas de producci\u00f3n sin jaulas, que est\u00e1 surgiendo r\u00e1pidamente.\" \/>\n<meta name=\"robots\" content=\"index, follow, max-snippet:-1, max-image-preview:large, max-video-preview:-1\" \/>\n<link rel=\"canonical\" href=\"https:\/\/www.choretime.com\/es\/no-empezamos-de-cero\/\" \/>\n<meta property=\"og:locale\" content=\"es_ES\" \/>\n<meta property=\"og:type\" content=\"article\" \/>\n<meta property=\"og:title\" content=\"No empezamos de cero\" \/>\n<meta property=\"og:description\" content=\"La empresa matriz de Chore-Time, CTB, adquiri\u00f3 Volito en 2016 con el fin de llevar productos y experiencia en sistemas de producci\u00f3n sin jaulas al mercado estadounidense de sistemas de producci\u00f3n sin jaulas, que est\u00e1 surgiendo r\u00e1pidamente.\" \/>\n<meta property=\"og:url\" content=\"https:\/\/www.choretime.com\/es\/no-empezamos-de-cero\/\" \/>\n<meta property=\"og:site_name\" content=\"Chore-Time\" \/>\n<meta property=\"article:publisher\" content=\"https:\/\/www.facebook.com\/choretime1952\" \/>\n<meta property=\"article:modified_time\" content=\"2024-10-27T14:51:50+00:00\" \/>\n<meta property=\"og:image\" content=\"https:\/\/www.choretime.com\/wp-content\/uploads\/2023\/04\/not-from-scratch-2.jpeg\" \/>\n\t<meta property=\"og:image:width\" content=\"700\" \/>\n\t<meta property=\"og:image:height\" content=\"332\" \/>\n\t<meta property=\"og:image:type\" content=\"image\/jpeg\" \/>\n<meta name=\"twitter:card\" content=\"summary_large_image\" \/>\n<meta name=\"twitter:site\" content=\"@choretime\" \/>\n<meta name=\"twitter:label1\" content=\"Tiempo de lectura\" \/>\n\t<meta name=\"twitter:data1\" content=\"2 minutos\" \/>\n<script type=\"application\/ld+json\" class=\"yoast-schema-graph\">{\"@context\":\"https:\\\/\\\/schema.org\",\"@graph\":[{\"@type\":\"WebPage\",\"@id\":\"https:\\\/\\\/www.choretime.com\\\/es\\\/no-empezamos-de-cero\\\/\",\"url\":\"https:\\\/\\\/www.choretime.com\\\/es\\\/no-empezamos-de-cero\\\/\",\"name\":\"No empezamos de cero - Chore-Time\",\"isPartOf\":{\"@id\":\"https:\\\/\\\/www.choretime.com\\\/es\\\/#website\"},\"primaryImageOfPage\":{\"@id\":\"https:\\\/\\\/www.choretime.com\\\/es\\\/no-empezamos-de-cero\\\/#primaryimage\"},\"image\":{\"@id\":\"https:\\\/\\\/www.choretime.com\\\/es\\\/no-empezamos-de-cero\\\/#primaryimage\"},\"thumbnailUrl\":\"https:\\\/\\\/www.choretime.com\\\/wp-content\\\/uploads\\\/2023\\\/04\\\/not-from-scratch-2.jpeg\",\"datePublished\":\"2023-04-27T12:29:35+00:00\",\"dateModified\":\"2024-10-27T14:51:50+00:00\",\"description\":\"La empresa matriz de Chore-Time, CTB, adquiri\u00f3 Volito en 2016 con el fin de llevar productos y experiencia en sistemas de producci\u00f3n sin jaulas al mercado estadounidense de sistemas de producci\u00f3n sin jaulas, que est\u00e1 surgiendo r\u00e1pidamente.\",\"breadcrumb\":{\"@id\":\"https:\\\/\\\/www.choretime.com\\\/es\\\/no-empezamos-de-cero\\\/#breadcrumb\"},\"inLanguage\":\"es\",\"potentialAction\":[{\"@type\":\"ReadAction\",\"target\":[\"https:\\\/\\\/www.choretime.com\\\/es\\\/no-empezamos-de-cero\\\/\"]}]},{\"@type\":\"ImageObject\",\"inLanguage\":\"es\",\"@id\":\"https:\\\/\\\/www.choretime.com\\\/es\\\/no-empezamos-de-cero\\\/#primaryimage\",\"url\":\"https:\\\/\\\/www.choretime.com\\\/wp-content\\\/uploads\\\/2023\\\/04\\\/not-from-scratch-2.jpeg\",\"contentUrl\":\"https:\\\/\\\/www.choretime.com\\\/wp-content\\\/uploads\\\/2023\\\/04\\\/not-from-scratch-2.jpeg\",\"width\":700,\"height\":332,\"caption\":\"We Didn't Start From Scratch\"},{\"@type\":\"BreadcrumbList\",\"@id\":\"https:\\\/\\\/www.choretime.com\\\/es\\\/no-empezamos-de-cero\\\/#breadcrumb\",\"itemListElement\":[{\"@type\":\"ListItem\",\"position\":1,\"name\":\"Inicio\",\"item\":\"https:\\\/\\\/www.choretime.com\\\/es\\\/\"},{\"@type\":\"ListItem\",\"position\":2,\"name\":\"No empezamos de cero\"}]},{\"@type\":\"WebSite\",\"@id\":\"https:\\\/\\\/www.choretime.com\\\/es\\\/#website\",\"url\":\"https:\\\/\\\/www.choretime.com\\\/es\\\/\",\"name\":\"Chore-Time\",\"description\":\"Every. Day. PERFORMANCE.\u2122\",\"publisher\":{\"@id\":\"https:\\\/\\\/www.choretime.com\\\/es\\\/#organization\"},\"potentialAction\":[{\"@type\":\"SearchAction\",\"target\":{\"@type\":\"EntryPoint\",\"urlTemplate\":\"https:\\\/\\\/www.choretime.com\\\/es\\\/?s={search_term_string}\"},\"query-input\":{\"@type\":\"PropertyValueSpecification\",\"valueRequired\":true,\"valueName\":\"search_term_string\"}}],\"inLanguage\":\"es\"},{\"@type\":\"Organization\",\"@id\":\"https:\\\/\\\/www.choretime.com\\\/es\\\/#organization\",\"name\":\"Chore-Time\",\"url\":\"https:\\\/\\\/www.choretime.com\\\/es\\\/\",\"logo\":{\"@type\":\"ImageObject\",\"inLanguage\":\"es\",\"@id\":\"https:\\\/\\\/www.choretime.com\\\/es\\\/#\\\/schema\\\/logo\\\/image\\\/\",\"url\":\"https:\\\/\\\/www.choretime.com\\\/wp-content\\\/uploads\\\/2023\\\/02\\\/Chore-TimeCMYKoutline.png\",\"contentUrl\":\"https:\\\/\\\/www.choretime.com\\\/wp-content\\\/uploads\\\/2023\\\/02\\\/Chore-TimeCMYKoutline.png\",\"width\":1860,\"height\":703,\"caption\":\"Chore-Time\"},\"image\":{\"@id\":\"https:\\\/\\\/www.choretime.com\\\/es\\\/#\\\/schema\\\/logo\\\/image\\\/\"},\"sameAs\":[\"https:\\\/\\\/www.facebook.com\\\/choretime1952\",\"https:\\\/\\\/x.com\\\/choretime\",\"https:\\\/\\\/www.youtube.com\\\/choretime\",\"https:\\\/\\\/www.instagram.com\\\/choretime1952\\\/\",\"https:\\\/\\\/www.linkedin.com\\\/company\\\/choretime\\\/\"]}]}<\/script>\n<!-- \/ Yoast SEO Premium plugin. -->","yoast_head_json":{"title":"No empezamos de cero - Chore-Time","description":"La empresa matriz de Chore-Time, CTB, adquiri\u00f3 Volito en 2016 con el fin de llevar productos y experiencia en sistemas de producci\u00f3n sin jaulas al mercado estadounidense de sistemas de producci\u00f3n sin jaulas, que est\u00e1 surgiendo r\u00e1pidamente.","robots":{"index":"index","follow":"follow","max-snippet":"max-snippet:-1","max-image-preview":"max-image-preview:large","max-video-preview":"max-video-preview:-1"},"canonical":"https:\/\/www.choretime.com\/es\/no-empezamos-de-cero\/","og_locale":"es_ES","og_type":"article","og_title":"No empezamos de cero","og_description":"La empresa matriz de Chore-Time, CTB, adquiri\u00f3 Volito en 2016 con el fin de llevar productos y experiencia en sistemas de producci\u00f3n sin jaulas al mercado estadounidense de sistemas de producci\u00f3n sin jaulas, que est\u00e1 surgiendo r\u00e1pidamente.","og_url":"https:\/\/www.choretime.com\/es\/no-empezamos-de-cero\/","og_site_name":"Chore-Time","article_publisher":"https:\/\/www.facebook.com\/choretime1952","article_modified_time":"2024-10-27T14:51:50+00:00","og_image":[{"width":700,"height":332,"url":"https:\/\/www.choretime.com\/wp-content\/uploads\/2023\/04\/not-from-scratch-2.jpeg","type":"image\/jpeg"}],"twitter_card":"summary_large_image","twitter_site":"@choretime","twitter_misc":{"Tiempo de lectura":"2 minutos"},"schema":{"@context":"https:\/\/schema.org","@graph":[{"@type":"WebPage","@id":"https:\/\/www.choretime.com\/es\/no-empezamos-de-cero\/","url":"https:\/\/www.choretime.com\/es\/no-empezamos-de-cero\/","name":"No empezamos de cero - Chore-Time","isPartOf":{"@id":"https:\/\/www.choretime.com\/es\/#website"},"primaryImageOfPage":{"@id":"https:\/\/www.choretime.com\/es\/no-empezamos-de-cero\/#primaryimage"},"image":{"@id":"https:\/\/www.choretime.com\/es\/no-empezamos-de-cero\/#primaryimage"},"thumbnailUrl":"https:\/\/www.choretime.com\/wp-content\/uploads\/2023\/04\/not-from-scratch-2.jpeg","datePublished":"2023-04-27T12:29:35+00:00","dateModified":"2024-10-27T14:51:50+00:00","description":"La empresa matriz de Chore-Time, CTB, adquiri\u00f3 Volito en 2016 con el fin de llevar productos y experiencia en sistemas de producci\u00f3n sin jaulas al mercado estadounidense de sistemas de producci\u00f3n sin jaulas, que est\u00e1 surgiendo r\u00e1pidamente.","breadcrumb":{"@id":"https:\/\/www.choretime.com\/es\/no-empezamos-de-cero\/#breadcrumb"},"inLanguage":"es","potentialAction":[{"@type":"ReadAction","target":["https:\/\/www.choretime.com\/es\/no-empezamos-de-cero\/"]}]},{"@type":"ImageObject","inLanguage":"es","@id":"https:\/\/www.choretime.com\/es\/no-empezamos-de-cero\/#primaryimage","url":"https:\/\/www.choretime.com\/wp-content\/uploads\/2023\/04\/not-from-scratch-2.jpeg","contentUrl":"https:\/\/www.choretime.com\/wp-content\/uploads\/2023\/04\/not-from-scratch-2.jpeg","width":700,"height":332,"caption":"We Didn't Start From Scratch"},{"@type":"BreadcrumbList","@id":"https:\/\/www.choretime.com\/es\/no-empezamos-de-cero\/#breadcrumb","itemListElement":[{"@type":"ListItem","position":1,"name":"Inicio","item":"https:\/\/www.choretime.com\/es\/"},{"@type":"ListItem","position":2,"name":"No empezamos de cero"}]},{"@type":"WebSite","@id":"https:\/\/www.choretime.com\/es\/#website","url":"https:\/\/www.choretime.com\/es\/","name":"Chore-Time","description":"Every. Day. PERFORMANCE.\u2122","publisher":{"@id":"https:\/\/www.choretime.com\/es\/#organization"},"potentialAction":[{"@type":"SearchAction","target":{"@type":"EntryPoint","urlTemplate":"https:\/\/www.choretime.com\/es\/?s={search_term_string}"},"query-input":{"@type":"PropertyValueSpecification","valueRequired":true,"valueName":"search_term_string"}}],"inLanguage":"es"},{"@type":"Organization","@id":"https:\/\/www.choretime.com\/es\/#organization","name":"Chore-Time","url":"https:\/\/www.choretime.com\/es\/","logo":{"@type":"ImageObject","inLanguage":"es","@id":"https:\/\/www.choretime.com\/es\/#\/schema\/logo\/image\/","url":"https:\/\/www.choretime.com\/wp-content\/uploads\/2023\/02\/Chore-TimeCMYKoutline.png","contentUrl":"https:\/\/www.choretime.com\/wp-content\/uploads\/2023\/02\/Chore-TimeCMYKoutline.png","width":1860,"height":703,"caption":"Chore-Time"},"image":{"@id":"https:\/\/www.choretime.com\/es\/#\/schema\/logo\/image\/"},"sameAs":["https:\/\/www.facebook.com\/choretime1952","https:\/\/x.com\/choretime","https:\/\/www.youtube.com\/choretime","https:\/\/www.instagram.com\/choretime1952\/","https:\/\/www.linkedin.com\/company\/choretime\/"]}]}},"_links":{"self":[{"href":"https:\/\/www.choretime.com\/es\/wp-json\/wp\/v2\/pages\/9535","targetHints":{"allow":["GET"]}}],"collection":[{"href":"https:\/\/www.choretime.com\/es\/wp-json\/wp\/v2\/pages"}],"about":[{"href":"https:\/\/www.choretime.com\/es\/wp-json\/wp\/v2\/types\/page"}],"author":[{"embeddable":true,"href":"https:\/\/www.choretime.com\/es\/wp-json\/wp\/v2\/users\/1"}],"replies":[{"embeddable":true,"href":"https:\/\/www.choretime.com\/es\/wp-json\/wp\/v2\/comments?post=9535"}],"version-history":[{"count":3,"href":"https:\/\/www.choretime.com\/es\/wp-json\/wp\/v2\/pages\/9535\/revisions"}],"predecessor-version":[{"id":10392,"href":"https:\/\/www.choretime.com\/es\/wp-json\/wp\/v2\/pages\/9535\/revisions\/10392"}],"wp:featuredmedia":[{"embeddable":true,"href":"https:\/\/www.choretime.com\/es\/wp-json\/wp\/v2\/media\/8864"}],"wp:attachment":[{"href":"https:\/\/www.choretime.com\/es\/wp-json\/wp\/v2\/media?parent=9535"}],"curies":[{"name":"wp","href":"https:\/\/api.w.org\/{rel}","templated":true}]}}